{"id":1279,"date":"2023-12-12T11:07:03","date_gmt":"2023-12-12T11:07:03","guid":{"rendered":"https:\/\/bqeye.com\/?post_type=product&#038;p=1279"},"modified":"2024-04-18T02:20:14","modified_gmt":"2024-04-18T02:20:14","slug":"pixie-brown-contact-lenses","status":"publish","type":"product","link":"https:\/\/bqeye.com\/pt\/pixie-brown-contact-lenses\/","title":{"rendered":"Lentes de Contacto Pixie Brown"},"content":{"rendered":"<p>D\u00ea destaque \u00e0 sua Pixie interior com lentes de contacto castanhas<\/p>\n<p>D\u00ea um toque de magia ao seu olhar com as lentes de contacto Pixie Brown da BQEYE. As manchas iridescentes que estas lentes apresentam fazem brilhar os olhos mais do que quaisquer outras lentes de contacto castanhas no mercado.<\/p>\n<p>Coloque Pixies e veja como a sua \u00edris brilha com um tom avel\u00e3 radiante salpicado de manchas de brilho dourado. Esque\u00e7a as lentes de contacto castanhas sem brilho - Pixies real\u00e7a os olhos com um toque encantador.<\/p>\n<p>A base castanha chocolate atrai a aten\u00e7\u00e3o, enquanto as manchas cintilantes fazem sobressair o verde e o dourado escondidos \u00e0 volta da pupila. Browns irradia um calor de outro mundo que n\u00e3o se v\u00ea em nenhuma outra lente de contacto castanha.<\/p>\n<p>Fabricadas em material Hydraclear ultra-confort\u00e1vel, vai esquecer-se que est\u00e1 a usar lentes de contacto! Hydraclear move-se sem problemas para manter as lentes de contacto hidratadas durante todo o dia sem irrita\u00e7\u00e3o, para que o brilho seja hipnotizante at\u00e9 ao anoitecer.<\/p>\n<p>Quer necessite de magia para noites de fantasia ou festivais renascentistas, as lentes de contacto Pixie Brown s\u00e3o mais adequadas do que outras op\u00e7\u00f5es castanhas. O subtil realce faz com que as cores deslumbrem tamb\u00e9m nas fotografias.<\/p>\n<p>Como l\u00edder em lentes de contacto inovadoras, a BQEYE garante que as Pixies cumprem os mais elevados padr\u00f5es de seguran\u00e7a da FDA. A sua f\u00f3rmula avan\u00e7ada acrescenta um brilho de cor pixie que real\u00e7a os olhos sem comprometer o conforto.<\/p>\n<p>Coloque Pixies e brilhe mais do que uma clareira de outono. Encomende hoje mesmo as suas lentes de contacto castanhas iluminadoras para um teste sem riscos. Veja como elas transformam os olhos em port\u00f5es cintilantes para uma terra de magia terrena - vai ficar encantada!<\/p>\n<p>Encontre a sua tonalidade favorita na gama de lentes de contacto m\u00edsticas da BQEYE. Pixie Brown e outras revelam novas formas de real\u00e7ar o seu olhar castanho. Encomende hoje mesmo para libertar a sua fada da floresta interior!<\/p>","protected":false},"excerpt":{"rendered":"<p>Bring Out Your Inner Pixie with Brown Contact Lenses Add an earthy touch of magic to your look with BQEYE&#8217;s Pixie Brown contact lenses. Iridescent flecks swirl within these lenses, making eyes sparkle more than any other brown contact lenses on the market. Slip Pixies on and watch as your iris glows with a radiant [&#8230;]\n","protected":false},"featured_media":1281,"comment_status":"open","ping_status":"closed","template":"","meta":[],"product_brand":[],"product_cat":[205,91,80,96,95,98],"product_tag":[354],"class_list":{"0":"post-1279","1":"product","2":"type-product","3":"status-publish","4":"has-post-thumbnail","6":"product_cat-pixie","7":"product_cat-14-2-mm","8":"product_cat-brown-contact-lenses","9":"product_cat-non-prescription","10":"product_cat-prescription","11":"product_cat-yearly-disposable","12":"product_tag-brown-contact-lenses","14":"first","15":"instock","16":"sale","17":"shipping-taxable","18":"purchasable","19":"product-type-variable","20":"has-default-attributes"},"_links":{"self":[{"href":"https:\/\/bqeye.com\/pt\/wp-json\/wp\/v2\/product\/1279","targetHints":{"allow":["GET"]}}],"collection":[{"href":"https:\/\/bqeye.com\/pt\/wp-json\/wp\/v2\/product"}],"about":[{"href":"https:\/\/bqeye.com\/pt\/wp-json\/wp\/v2\/types\/product"}],"replies":[{"embeddable":true,"href":"https:\/\/bqeye.com\/pt\/wp-json\/wp\/v2\/comments?post=1279"}],"wp:featuredmedia":[{"embeddable":true,"href":"https:\/\/bqeye.com\/pt\/wp-json\/wp\/v2\/media\/1281"}],"wp:attachment":[{"href":"https:\/\/bqeye.com\/pt\/wp-json\/wp\/v2\/media?parent=1279"}],"wp:term":[{"taxonomy":"product_brand","embeddable":true,"href":"https:\/\/bqeye.com\/pt\/wp-json\/wp\/v2\/product_brand?post=1279"},{"taxonomy":"product_cat","embeddable":true,"href":"https:\/\/bqeye.com\/pt\/wp-json\/wp\/v2\/product_cat?post=1279"},{"taxonomy":"product_tag","embeddable":true,"href":"https:\/\/bqeye.com\/pt\/wp-json\/wp\/v2\/product_tag?post=1279"}],"curies":[{"name":"wp","href":"https:\/\/api.w.org\/{rel}","templated":true}]}}