{"id":1287,"date":"2023-12-12T11:20:32","date_gmt":"2023-12-12T11:20:32","guid":{"rendered":"https:\/\/bqeye.com\/?post_type=product&#038;p=1287"},"modified":"2024-04-18T02:20:10","modified_gmt":"2024-04-18T02:20:10","slug":"pixie-grey-contact-lenses","status":"publish","type":"product","link":"https:\/\/bqeye.com\/pt\/pixie-grey-contact-lenses\/","title":{"rendered":"Lentes de Contacto Pixie Grey"},"content":{"rendered":"<p>Intriga com as Lentes de Contacto Pixie Grey<\/p>\n<p>D\u00ea um ar de mist\u00e9rio ao seu visual com as lentes de contacto Pixie Grey da BQEYE. Estas lentes de contacto s\u00e3o caracterizadas por um efeito de brilho que faz os olhos brilharem mais do que qualquer outra lente de contacto cinzenta.<\/p>\n<p>Coloque Pixies e veja como a sua \u00edris adquire uma tonalidade esfumada salpicada de manchas de brilho prateado. Esque\u00e7a as lentes de contacto cinzentas e sem brilho - Pixies real\u00e7a os olhos com um brilho encantador.<\/p>\n<p>A base met\u00e1lica atrai a aten\u00e7\u00e3o, enquanto as manchas cintilantes fazem sobressair os verdes e os verdes escondidos \u00e0 volta da pupila. Os cinzentos brilham com uma luminosidade sedutora que n\u00e3o se v\u00ea em nenhuma outra lente de contacto cinzenta.<\/p>\n<p>Fabricadas em material Hydraclear ultra-confort\u00e1vel, vai esquecer-se que est\u00e1 a usar lentes de contacto! Hydraclear move-se sem problemas para manter as lentes de contacto hidratadas durante todo o dia sem irrita\u00e7\u00e3o, para que o brilho seja hipnotizante at\u00e9 ao anoitecer.<\/p>\n<p>Quer precise de mist\u00e9rio para as noites de fantasia ou para as sess\u00f5es fotogr\u00e1ficas, as lentes de contacto Pixie Grey s\u00e3o mais adequadas do que outras op\u00e7\u00f5es cinzentas. O realce subtil faz com que as cores tamb\u00e9m deslumbrem nas fotografias.<\/p>\n<p>Como l\u00edder em lentes de contacto inovadoras, a BQEYE garante que as Pixies cumprem os mais elevados padr\u00f5es de seguran\u00e7a da FDA. A sua f\u00f3rmula avan\u00e7ada acrescenta um brilho de cor pixie que real\u00e7a os olhos sem comprometer o conforto.<\/p>\n<p>Ponha Pixies e intrigue do outro lado da sala. Encomende hoje mesmo as suas lentes de contacto cinzentas e cativantes para uma experi\u00eancia sem riscos. Veja como elas transformam os olhos em portas hipnotizantes para um mundo de magia - vai ficar encantada!<\/p>\n<p>Encontre a sua tonalidade favorita na gama de lentes de contacto encantadoras da BQEYE. Pixie Grey e outras ajudam-na a criar o seu feiti\u00e7o. Encomende hoje para lan\u00e7ar a sua magia.<\/p>","protected":false},"excerpt":{"rendered":"<p>Add Intrigue with Pixie Grey Contact Lenses Add an air of mystery to your look with BQEYE&#8217;s Pixie Grey contact lenses. Glittering flecks swirl within these lenses, making eyes alluringly sparkle more than any other grey contact lenses. Slip Pixies on and watch as your iris takes on a smoky hue dotted with specks of [&#8230;]\n","protected":false},"featured_media":1293,"comment_status":"open","ping_status":"closed","template":"","meta":[],"product_brand":[],"product_cat":[205,91,81,96,95,98],"product_tag":[354],"class_list":{"0":"post-1287","1":"product","2":"type-product","3":"status-publish","4":"has-post-thumbnail","6":"product_cat-pixie","7":"product_cat-14-2-mm","8":"product_cat-grey-contact-lenses","9":"product_cat-non-prescription","10":"product_cat-prescription","11":"product_cat-yearly-disposable","12":"product_tag-brown-contact-lenses","14":"first","15":"instock","16":"sale","17":"shipping-taxable","18":"purchasable","19":"product-type-variable","20":"has-default-attributes"},"_links":{"self":[{"href":"https:\/\/bqeye.com\/pt\/wp-json\/wp\/v2\/product\/1287","targetHints":{"allow":["GET"]}}],"collection":[{"href":"https:\/\/bqeye.com\/pt\/wp-json\/wp\/v2\/product"}],"about":[{"href":"https:\/\/bqeye.com\/pt\/wp-json\/wp\/v2\/types\/product"}],"replies":[{"embeddable":true,"href":"https:\/\/bqeye.com\/pt\/wp-json\/wp\/v2\/comments?post=1287"}],"wp:featuredmedia":[{"embeddable":true,"href":"https:\/\/bqeye.com\/pt\/wp-json\/wp\/v2\/media\/1293"}],"wp:attachment":[{"href":"https:\/\/bqeye.com\/pt\/wp-json\/wp\/v2\/media?parent=1287"}],"wp:term":[{"taxonomy":"product_brand","embeddable":true,"href":"https:\/\/bqeye.com\/pt\/wp-json\/wp\/v2\/product_brand?post=1287"},{"taxonomy":"product_cat","embeddable":true,"href":"https:\/\/bqeye.com\/pt\/wp-json\/wp\/v2\/product_cat?post=1287"},{"taxonomy":"product_tag","embeddable":true,"href":"https:\/\/bqeye.com\/pt\/wp-json\/wp\/v2\/product_tag?post=1287"}],"curies":[{"name":"wp","href":"https:\/\/api.w.org\/{rel}","templated":true}]}}