{"id":1297,"date":"2023-12-22T02:02:07","date_gmt":"2023-12-22T02:02:07","guid":{"rendered":"https:\/\/bqeye.com\/?post_type=product&#038;p=1297"},"modified":"2024-04-18T02:20:06","modified_gmt":"2024-04-18T02:20:06","slug":"maria-green-contact-lenses","status":"publish","type":"product","link":"https:\/\/bqeye.com\/pt\/maria-green-contact-lenses\/","title":{"rendered":"Lentes de Contacto Maria Green"},"content":{"rendered":"<p>Encontrar o seu brilho interior com as lentes de contacto Maria Green<\/p>\n<p>As lentes de contacto Maria Green est\u00e3o a revolucionar o mundo das lentes de contacto coloridas, trazendo um sentido de realce natural e de beleza interior para o primeiro plano. Enquanto muitas lentes de contacto coloridas no passado se baseavam em tons dram\u00e1ticos e n\u00e3o naturais, a Maria Green concentra-se em real\u00e7ar as caracter\u00edsticas naturais de uma pessoa com um subtil e elegante toque de esmeralda.<\/p>\n<p>As lentes Maria Green foram concebidas para fazer brilhar positivamente os olhos verdes ou cor de avel\u00e3, com um aspeto completamente natural. O seu material de hidrogel ultra-fino move-se com os olhos para um efeito confort\u00e1vel e invis\u00edvel. Encapsuladas com agentes hidratantes, s\u00e3o respir\u00e1veis e a cor dura todo o dia sem desvanecer ou irritar.<\/p>\n<p>Em vez de cores marcantes, as lentes de contacto Maria Green real\u00e7am a luz e o calor interiores de uma pessoa com um tom verde atraente mas discreto. Acentuam o pigmento natural enquanto aumentam a claridade e a vibra\u00e7\u00e3o. Os olhos s\u00e3o o centro das aten\u00e7\u00f5es de uma forma confiante mas modesta.<\/p>\n<p>As lentes Maria Green tornaram-se especialmente populares entre os profissionais que procuram um look elegante. A sua subtileza permite que os utilizadores se sintam bem dispostos sem a preocupa\u00e7\u00e3o de que as lentes de cor possam parecer pouco profissionais ou pouco cred\u00edveis. As pessoas sentem-se capazes de mostrar mais personalidade no trabalho, sem deixar de impor respeito. Os olhos envolvem-se durante apresenta\u00e7\u00f5es ou reuni\u00f5es sem intimidar os outros.<\/p>\n<p>Para os tipos criativos, as lentes Maria Green encontraram um p\u00fablico fiel. Artistas, artistas e influenciadores confiam nelas para irradiar paix\u00e3o e inspira\u00e7\u00e3o a partir do seu interior. Elas d\u00e3o maior foco a personalidades ardentes sem exigir muita aten\u00e7\u00e3o. Os olhos, que s\u00e3o as janelas da alma, podem expressar sonhos e vis\u00f5es ousadas atrav\u00e9s de um tom de esmeralda descontra\u00eddo.<\/p>\n<p>As lentes Maria Green s\u00e3o mais adequadas para quem procura um realce natural em vez de uma altera\u00e7\u00e3o dram\u00e1tica. Tanto estudantes como executivos apreciam a sua capacidade de real\u00e7ar a confian\u00e7a a partir de um lugar de autenticidade e equil\u00edbrio. Em vez de cores ousadas, espalham um calor e um brilho que elevam o seu car\u00e1cter em qualquer ambiente.<\/p>\n<p>Para a mulher que quer sentir-se confort\u00e1vel na sua pr\u00f3pria pele e acentuar a sua beleza, as lentes Maria Green s\u00e3o ideais. Celebram a feminilidade a partir de um lugar de serenidade interior e n\u00e3o de valida\u00e7\u00e3o externa. O seu verde envolvente real\u00e7a os olhos como uma carater\u00edstica central sem objetivar a sua portadora ou desviar a aten\u00e7\u00e3o de outros dons naturais.<\/p>\n<p>Se procura lentes de contacto que potenciem os seus melhores atributos atrav\u00e9s de um brilho subtil e n\u00e3o de uma transforma\u00e7\u00e3o superficial, Maria Green \u00e9 para si. Descubra como os olhos verdes podem significar crescimento, renova\u00e7\u00e3o e a luz interior que brilha ao olhar de dentro para fora. Deixe que as lentes Maria Green fa\u00e7am brilhar o seu eu mais verdadeiro e vibrante.<\/p>","protected":false},"excerpt":{"rendered":"<p>Finding Your Inner Glow with Maria Green Contact Lenses Maria Green contact lenses are revolutionizing the world of colored contacts by bringing a sense of natural enhancement and inner beauty to the forefront. Where many colored lenses in the past relied on dramatic, unnatural hues, Maria Green focuses on highlighting one&#8217;s natural features with a [&#8230;]\n","protected":false},"featured_media":1303,"comment_status":"open","ping_status":"closed","template":"","meta":[],"product_brand":[],"product_cat":[105,91,77,96,95,98],"product_tag":[354],"class_list":{"0":"post-1297","1":"product","2":"type-product","3":"status-publish","4":"has-post-thumbnail","6":"product_cat-maria","7":"product_cat-14-2-mm","8":"product_cat-green-contact-lenses","9":"product_cat-non-prescription","10":"product_cat-prescription","11":"product_cat-yearly-disposable","12":"product_tag-brown-contact-lenses","14":"first","15":"instock","16":"sale","17":"shipping-taxable","18":"purchasable","19":"product-type-variable","20":"has-default-attributes"},"_links":{"self":[{"href":"https:\/\/bqeye.com\/pt\/wp-json\/wp\/v2\/product\/1297","targetHints":{"allow":["GET"]}}],"collection":[{"href":"https:\/\/bqeye.com\/pt\/wp-json\/wp\/v2\/product"}],"about":[{"href":"https:\/\/bqeye.com\/pt\/wp-json\/wp\/v2\/types\/product"}],"replies":[{"embeddable":true,"href":"https:\/\/bqeye.com\/pt\/wp-json\/wp\/v2\/comments?post=1297"}],"wp:featuredmedia":[{"embeddable":true,"href":"https:\/\/bqeye.com\/pt\/wp-json\/wp\/v2\/media\/1303"}],"wp:attachment":[{"href":"https:\/\/bqeye.com\/pt\/wp-json\/wp\/v2\/media?parent=1297"}],"wp:term":[{"taxonomy":"product_brand","embeddable":true,"href":"https:\/\/bqeye.com\/pt\/wp-json\/wp\/v2\/product_brand?post=1297"},{"taxonomy":"product_cat","embeddable":true,"href":"https:\/\/bqeye.com\/pt\/wp-json\/wp\/v2\/product_cat?post=1297"},{"taxonomy":"product_tag","embeddable":true,"href":"https:\/\/bqeye.com\/pt\/wp-json\/wp\/v2\/product_tag?post=1297"}],"curies":[{"name":"wp","href":"https:\/\/api.w.org\/{rel}","templated":true}]}}