{"id":1304,"date":"2023-12-22T02:23:09","date_gmt":"2023-12-22T02:23:09","guid":{"rendered":"https:\/\/bqeye.com\/?post_type=product&#038;p=1304"},"modified":"2024-04-18T02:19:59","modified_gmt":"2024-04-18T02:19:59","slug":"maria-purple-contact-lenses","status":"publish","type":"product","link":"https:\/\/bqeye.com\/pt\/maria-purple-contact-lenses\/","title":{"rendered":"Maria Purple Lentes de Contacto"},"content":{"rendered":"<p>Encontrar a sua gra\u00e7a interior com as lentes BQEYE Maria Purple<\/p>\n<p>As lentes de contacto Maria Purple da BQEYE tornaram-se uma refer\u00eancia para quem procura um toque de sofistica\u00e7\u00e3o subtil. Enquanto muitas lentes de contacto coloridas se baseiam num impacto dram\u00e1tico, a Maria Purple real\u00e7a a beleza atrav\u00e9s de uma eleg\u00e2ncia discreta.<\/p>\n<p>Fabricadas com a f\u00f3rmula inovadora e respir\u00e1vel da BQEYE, as lentes Maria Purple foram concebidas para um conforto supremo e uma fixa\u00e7\u00e3o da cor durante todo o dia. O seu fino material de silicone hidrogel move-se perfeitamente com os olhos para parecer invis\u00edvel, mas intensamente apelativo. Infundidas com hidratantes, n\u00e3o secam nem causam desconforto.<\/p>\n<p>Em vez de roxos brilhantes, Maria Purple reflecte um tom delicado de cinzento-lavanda, apenas suficientemente percet\u00edvel para ser notado. Real\u00e7a os olhos como uma carater\u00edstica cativante sem se sobrepor a outros atributos naturais. Quem a usa sente-se polida, mas mant\u00e9m um encanto acess\u00edvel que emana do seu interior.<\/p>\n<p>As lentes BQEYE encontraram f\u00e3s dedicados tanto em jovens criativos como em profissionais. Para artistas e influenciadores, o brilho subtil da Maria Purple transmite mensagens eloquentes atrav\u00e9s de um olhar firme. Os olhos envolvem o p\u00fablico de forma significativa durante palestras ou actua\u00e7\u00f5es sem exigirem eles pr\u00f3prios concentra\u00e7\u00e3o.<\/p>\n<p>No local de trabalho, as pessoas sentem-se com poder para mostrar a sua personalidade atrav\u00e9s de olhos cheios de encanto real. A sua tonalidade favorece o olhar, seja em apresenta\u00e7\u00f5es na sala de reuni\u00f5es ou em reuni\u00f5es com clientes, sem distorcer a perce\u00e7\u00e3o de compet\u00eancia. Com Maria Purple, os utilizadores exalam autoridade enraizada na autenticidade e na gra\u00e7a.<\/p>\n<p>Se procura um realce que abrace as suas qualidades mais refinadas, Maria Purple da BQEYE foi feita para si. A sua f\u00f3rmula nutritiva e o p\u00farpura real activam um brilho interior, real\u00e7ando as caracter\u00edsticas naturais a partir de um lugar de equil\u00edbrio interior. Experimente como a lavanda real\u00e7a as suas qualidades magn\u00e9ticas sem distra\u00e7\u00e3o ou altera\u00e7\u00e3o.<\/p>\n<p>Deixe que as lentes de contacto Maria Purple revelem o seu eu mais elegante e multidimensional. A BQEYE acredita que a verdadeira beleza emana da aceita\u00e7\u00e3o e da acentua\u00e7\u00e3o de quem se \u00e9 - e as suas lentes de contacto d\u00e3o for\u00e7a ao amor-pr\u00f3prio atrav\u00e9s de um brilho matizado. Descubra como um subtil toque de lavanda pode acender a sua luz interior e refletir uma confian\u00e7a radiante de dentro para fora.<\/p>","protected":false},"excerpt":{"rendered":"<p>Finding Your Inner Grace with BQEYE Maria Purple Lenses BQEYE&#8217;s Maria Purple contact lenses have become a go-to for those seeking a touch of subtle sophistication. Where many colored lenses rely on dramatic impact, Maria Purple enhances beauty through understated elegance. Made from BQEYE&#8217;s innovative breathable formula, Maria Purple lenses are designed for supreme comfort [&#8230;]\n","protected":false},"featured_media":1310,"comment_status":"open","ping_status":"closed","template":"","meta":[],"product_brand":[],"product_cat":[105,91,96,95,82,98],"product_tag":[354],"class_list":{"0":"post-1304","1":"product","2":"type-product","3":"status-publish","4":"has-post-thumbnail","6":"product_cat-maria","7":"product_cat-14-2-mm","8":"product_cat-non-prescription","9":"product_cat-prescription","10":"product_cat-purple-contact-lenses","11":"product_cat-yearly-disposable","12":"product_tag-brown-contact-lenses","14":"first","15":"instock","16":"sale","17":"shipping-taxable","18":"purchasable","19":"product-type-variable","20":"has-default-attributes"},"_links":{"self":[{"href":"https:\/\/bqeye.com\/pt\/wp-json\/wp\/v2\/product\/1304","targetHints":{"allow":["GET"]}}],"collection":[{"href":"https:\/\/bqeye.com\/pt\/wp-json\/wp\/v2\/product"}],"about":[{"href":"https:\/\/bqeye.com\/pt\/wp-json\/wp\/v2\/types\/product"}],"replies":[{"embeddable":true,"href":"https:\/\/bqeye.com\/pt\/wp-json\/wp\/v2\/comments?post=1304"}],"wp:featuredmedia":[{"embeddable":true,"href":"https:\/\/bqeye.com\/pt\/wp-json\/wp\/v2\/media\/1310"}],"wp:attachment":[{"href":"https:\/\/bqeye.com\/pt\/wp-json\/wp\/v2\/media?parent=1304"}],"wp:term":[{"taxonomy":"product_brand","embeddable":true,"href":"https:\/\/bqeye.com\/pt\/wp-json\/wp\/v2\/product_brand?post=1304"},{"taxonomy":"product_cat","embeddable":true,"href":"https:\/\/bqeye.com\/pt\/wp-json\/wp\/v2\/product_cat?post=1304"},{"taxonomy":"product_tag","embeddable":true,"href":"https:\/\/bqeye.com\/pt\/wp-json\/wp\/v2\/product_tag?post=1304"}],"curies":[{"name":"wp","href":"https:\/\/api.w.org\/{rel}","templated":true}]}}