{"id":1327,"date":"2023-12-22T03:11:33","date_gmt":"2023-12-22T03:11:33","guid":{"rendered":"https:\/\/bqeye.com\/?post_type=product&#038;p=1327"},"modified":"2024-04-18T02:19:49","modified_gmt":"2024-04-18T02:19:49","slug":"frosty-wonderland-blue-contact-lenses","status":"publish","type":"product","link":"https:\/\/bqeye.com\/pt\/frosty-wonderland-blue-contact-lenses\/","title":{"rendered":"Lentes de Contacto Frosty Wonderland Blue"},"content":{"rendered":"<h3>Acenda o seu esp\u00edrito de inverno com BQEYE Frosty Wonderland Blues<\/h3>\n<p>\u00c0 medida que as esta\u00e7\u00f5es se transformam em meses mais frios, a BQEYE convida-a a iluminar os seus olhos com as suas divertidas lentes de contacto Frosty Wonderland Blue. Fazendo parte da linha BZeauty, destinada a quem gosta de looks coloridos rotativos, estas lentes vivas mas caprichosas despertam a maravilha do inverno dentro de si.<\/p>\n<p>Criados a partir da f\u00f3rmula inovadora de silicone hidrogel da BQEYE, os Frosty Wonderland Blues oferecem um conforto supremo, quer sejam usados diariamente ou apenas em festividades sazonais. O seu material respir\u00e1vel move-se sem esfor\u00e7o com os olhos para parecer invis\u00edvel, mas surpreendentemente hipnotizante de se ver. Infundidos com agentes hidratantes, n\u00e3o secam mesmo com o tempo mais frio.<\/p>\n<p>Ao contr\u00e1rio dos azuis brilhantes vulgares, as lentes Frosty Wonderland s\u00e3o encantadas com manchas de prata cintilante que d\u00e3o aos olhos um brilho cristalino gelado. O resultado \u00e9 um azul animado que lembra os flocos de neve cintilantes, as \u00e1guas glaciares e as manh\u00e3s geladas. Os utilizadores sentem-se transportados para o meio da magia natural do inverno, onde quer que as suas aventuras os levem.<\/p>\n<p>Com Frosty Wonderland Blues, o estilo da \u00e9poca festiva nunca foi t\u00e3o festivo. O seu efeito de brilho animado faz com que os olhos se transformem em janelas para a frivolidade e o encantamento. Os solteiros que procuram causar impress\u00f5es duradouras encontrar\u00e3o nestas lentes um acess\u00f3rio animado para encontros noturnos, estabelecendo liga\u00e7\u00f5es atrav\u00e9s de olhares alegres e espirituosos.<\/p>\n<p>Para as fam\u00edlias, as lentes Frosty Wonderland permitem partilhar com os mais pequenos a nostalgia e a alegria da \u00e9poca. O seu brilho azul animado inspira a imagina\u00e7\u00e3o atrav\u00e9s de hist\u00f3rias de anjos de neve, flocos de neve e travessuras no dia de neve. As festas de fim de ano d\u00e3o as boas-vindas aos utilizadores que irradiam charme festivo e bom humor atrav\u00e9s de olhos que brilham com esp\u00edrito invernal.<\/p>\n<p>Se procura despertar a sua alegria infantil interior durante os meses mais frios, os Frosty Wonderland Blues da BQEYE foram feitos \u00e0 medida para a sua cole\u00e7\u00e3o. O seu tom ciano cintilante estimula vis\u00f5es de pa\u00edses maravilhosos ao seu alcance atrav\u00e9s de uma mudan\u00e7a de lente discreta. Experimente como o azul brilhante acende facetas expressivas durante as celebra\u00e7\u00f5es com os seus entes queridos.<\/p>\n<p>Nesta \u00e9poca de inverno, deixe que as lentes de contacto Frosty Wonderland d\u00eaem um toque de magia aos seus dias e noites. A BQEYE convida a descobrir as del\u00edcias da esta\u00e7\u00e3o atrav\u00e9s de olhos encantadores - janelas para aventuras divertidas \u00e0 espera de se revelarem, uma lente divertida de cada vez.<\/p>","protected":false},"excerpt":{"rendered":"<p>Ignite Your Winter Spirit with BQEYE Frosty Wonderland Blues As the seasons turn to chillier months, BQEYE invites you to light up your eyes with their playful Frosty Wonderland Blue contact lenses. Part of their BZeauty line catering to those who love rotating colorful looks, these vivid yet whimsical lenses awaken winter wonder within. Crafted [&#8230;]\n","protected":false},"featured_media":1333,"comment_status":"open","ping_status":"closed","template":"","meta":[],"product_brand":[],"product_cat":[103,91,75,96,95,98],"product_tag":[354],"class_list":{"0":"post-1327","1":"product","2":"type-product","3":"status-publish","4":"has-post-thumbnail","6":"product_cat-love-story","7":"product_cat-14-2-mm","8":"product_cat-blue-contact-lenses","9":"product_cat-non-prescription","10":"product_cat-prescription","11":"product_cat-yearly-disposable","12":"product_tag-brown-contact-lenses","14":"first","15":"instock","16":"sale","17":"shipping-taxable","18":"purchasable","19":"product-type-variable","20":"has-default-attributes"},"_links":{"self":[{"href":"https:\/\/bqeye.com\/pt\/wp-json\/wp\/v2\/product\/1327","targetHints":{"allow":["GET"]}}],"collection":[{"href":"https:\/\/bqeye.com\/pt\/wp-json\/wp\/v2\/product"}],"about":[{"href":"https:\/\/bqeye.com\/pt\/wp-json\/wp\/v2\/types\/product"}],"replies":[{"embeddable":true,"href":"https:\/\/bqeye.com\/pt\/wp-json\/wp\/v2\/comments?post=1327"}],"wp:featuredmedia":[{"embeddable":true,"href":"https:\/\/bqeye.com\/pt\/wp-json\/wp\/v2\/media\/1333"}],"wp:attachment":[{"href":"https:\/\/bqeye.com\/pt\/wp-json\/wp\/v2\/media?parent=1327"}],"wp:term":[{"taxonomy":"product_brand","embeddable":true,"href":"https:\/\/bqeye.com\/pt\/wp-json\/wp\/v2\/product_brand?post=1327"},{"taxonomy":"product_cat","embeddable":true,"href":"https:\/\/bqeye.com\/pt\/wp-json\/wp\/v2\/product_cat?post=1327"},{"taxonomy":"product_tag","embeddable":true,"href":"https:\/\/bqeye.com\/pt\/wp-json\/wp\/v2\/product_tag?post=1327"}],"curies":[{"name":"wp","href":"https:\/\/api.w.org\/{rel}","templated":true}]}}