{"id":1335,"date":"2023-12-22T03:47:10","date_gmt":"2023-12-22T03:47:10","guid":{"rendered":"https:\/\/bqeye.com\/?post_type=product&#038;p=1335"},"modified":"2024-05-03T05:05:01","modified_gmt":"2024-05-03T05:05:01","slug":"frosty-wonderland-brown-contact-lenses","status":"publish","type":"product","link":"https:\/\/bqeye.com\/pt\/frosty-wonderland-brown-contact-lenses\/","title":{"rendered":"Lentes de Contacto Castanhas Frosty Wonderland"},"content":{"rendered":"<h3>Apresentamos as Lentes de Contacto Castanhas Frosty Wonderland: Cor de olhos encantadora para um olhar m\u00e1gico<\/h3>\n<div><\/div>\n<div>Experimente o fasc\u00ednio cativante do charme gelado do inverno com as nossas Lentes de Contacto Castanhas Frosty Wonderland. Estas lentes de contacto deslumbrantes foram concebidas para transformar os seus olhos num tom de castanho hipnotizante, que faz lembrar os tons quentes e convidativos de uma cabana de inverno acolhedora. Perfeitas para ocasi\u00f5es especiais, cosplay ou uso di\u00e1rio, estas lentes dar\u00e3o um toque de magia \u00e0 sua apar\u00eancia.<\/div>\n<div><\/div>\n<div>Fabricadas com materiais de alta qualidade e tecnologia avan\u00e7ada, as nossas Lentes de Contacto Castanhas Frosty Wonderland d\u00e3o prioridade ao conforto e \u00e0 atra\u00e7\u00e3o visual. As lentes s\u00e3o feitas de um material macio e respir\u00e1vel que permite a passagem do oxig\u00e9nio, garantindo que os seus olhos permane\u00e7am saud\u00e1veis e confort\u00e1veis durante todo o dia. O design ultrafino proporciona um ajuste natural, tornando-as f\u00e1ceis de colocar e retirar, mesmo para os principiantes em lentes de contacto.<\/div>\n<div><\/div>\n<div>A encantadora cor castanha destas lentes \u00e9 o resultado de uma conce\u00e7\u00e3o meticulosa e de uma aten\u00e7\u00e3o ao pormenor. Os tons ricos e quentes s\u00e3o misturados de forma intrincada para criar uma apar\u00eancia natural que real\u00e7a a beleza dos seus olhos. As manchas subtis de dourado e \u00e2mbar no tom castanho captam a luz, acrescentando profundidade e dimens\u00e3o ao seu olhar, tal como o brilho da neve acabada de cair ao sol de inverno.<\/div>\n<div><\/div>\n<div>Quer pretenda criar um look cativante inspirado no inverno para um evento tem\u00e1tico, quer pretenda simplesmente real\u00e7ar a cor natural dos seus olhos, as nossas Lentes de Contacto Castanhas Frosty Wonderland s\u00e3o a escolha perfeita. Estas lentes s\u00e3o adequadas para uma grande variedade de ocasi\u00f5es, desde festas de m\u00e1scaras e espect\u00e1culos teatrais at\u00e9 ao uso di\u00e1rio, permitindo-lhe abra\u00e7ar a magia do inverno sempre que desejar.<\/div>\n<div><\/div>\n<div>Mas n\u00e3o acredite apenas na nossa palavra; veja o que os nossos clientes satisfeitos t\u00eam a dizer sobre a sua experi\u00eancia com estas lentes de contacto. Sophia, de Nova Iorque, diz com entusiasmo: \"Adoro as minhas lentes de contacto castanhas Frosty Wonderland! A cor \u00e9 t\u00e3o rica e quente, e s\u00e3o incrivelmente confort\u00e1veis de usar\". Oliver, de Londres, acrescenta: \"Estas lentes tornaram-se a minha escolha para criar looks encantadores inspirados no inverno. A tonalidade castanha \u00e9 deslumbrante, e as lentes parecem t\u00e3o naturais nos meus olhos.\"<\/div>\n<div><\/div>\n<div>Eleve a cor dos seus olhos e abrace o fasc\u00ednio cativante do inverno com as nossas Lentes de Contacto Castanhas Frosty Wonderland. Estas lentes deslumbrantes combinam conforto, qualidade e cor hipnotizante, tornando-as o acess\u00f3rio perfeito para quem procura dar um toque de magia \u00e0 sua apar\u00eancia. Ent\u00e3o, porqu\u00ea esperar? Mergulhe no mundo encantador dos tons castanhos gelados e descubra hoje mesmo o poder transformador das nossas Lentes de Contacto Castanhas Frosty Wonderland.<\/div>\n<div><\/div>\n<div>Experimente a mistura perfeita de conforto e estilo m\u00e1gico com as Lentes de Contacto Castanhas Frosty Wonderland - a melhor escolha para quem quer cativar e encantar com os seus olhos. Os seus olhos (e o seu sentido de maravilha) v\u00e3o agradecer-lhe!<\/div>","protected":false},"excerpt":{"rendered":"<p>Introducing Frosty Wonderland Brown Contact Lenses: Enchanting Eye Color for a Magical Look Experience the captivating allure of winter&#8217;s frosty charm with our Frosty Wonderland Brown Contact Lenses. These stunning contact lenses are designed to transform your eyes into a mesmerizing shade of brown, reminiscent of the warm, inviting hues found in a cozy winter [&#8230;]\n","protected":false},"featured_media":1573,"comment_status":"open","ping_status":"closed","template":"","meta":[],"product_brand":[],"product_cat":[103,91,80,96,95,98],"product_tag":[354],"class_list":{"0":"post-1335","1":"product","2":"type-product","3":"status-publish","4":"has-post-thumbnail","6":"product_cat-love-story","7":"product_cat-14-2-mm","8":"product_cat-brown-contact-lenses","9":"product_cat-non-prescription","10":"product_cat-prescription","11":"product_cat-yearly-disposable","12":"product_tag-brown-contact-lenses","14":"first","15":"instock","16":"sale","17":"shipping-taxable","18":"purchasable","19":"product-type-variable","20":"has-default-attributes"},"_links":{"self":[{"href":"https:\/\/bqeye.com\/pt\/wp-json\/wp\/v2\/product\/1335","targetHints":{"allow":["GET"]}}],"collection":[{"href":"https:\/\/bqeye.com\/pt\/wp-json\/wp\/v2\/product"}],"about":[{"href":"https:\/\/bqeye.com\/pt\/wp-json\/wp\/v2\/types\/product"}],"replies":[{"embeddable":true,"href":"https:\/\/bqeye.com\/pt\/wp-json\/wp\/v2\/comments?post=1335"}],"wp:featuredmedia":[{"embeddable":true,"href":"https:\/\/bqeye.com\/pt\/wp-json\/wp\/v2\/media\/1573"}],"wp:attachment":[{"href":"https:\/\/bqeye.com\/pt\/wp-json\/wp\/v2\/media?parent=1335"}],"wp:term":[{"taxonomy":"product_brand","embeddable":true,"href":"https:\/\/bqeye.com\/pt\/wp-json\/wp\/v2\/product_brand?post=1335"},{"taxonomy":"product_cat","embeddable":true,"href":"https:\/\/bqeye.com\/pt\/wp-json\/wp\/v2\/product_cat?post=1335"},{"taxonomy":"product_tag","embeddable":true,"href":"https:\/\/bqeye.com\/pt\/wp-json\/wp\/v2\/product_tag?post=1335"}],"curies":[{"name":"wp","href":"https:\/\/api.w.org\/{rel}","templated":true}]}}