{"id":1578,"date":"2024-04-18T02:30:42","date_gmt":"2024-04-18T02:30:42","guid":{"rendered":"https:\/\/bqeye.com\/?post_type=product&#038;p=1578"},"modified":"2024-04-18T03:42:48","modified_gmt":"2024-04-18T03:42:48","slug":"circle-block-black-contact-lenses","status":"publish","type":"product","link":"https:\/\/bqeye.com\/pt\/circle-block-black-contact-lenses\/","title":{"rendered":"Circle Block Black Lentes de Contacto"},"content":{"rendered":"<h3>Redefina os seus olhos, revele um encanto extraordin\u00e1rio - BQEYE Circle Block Black Contact Lenses<\/h3>\n<div><\/div>\n<div>Cada olhar, cada contacto visual, \u00e9 uma conversa entre almas. E os seus olhos s\u00e3o os protagonistas desse di\u00e1logo. Agora, deixe que as lentes de contacto BQEYE Circle Block Black desencadeiem uma transforma\u00e7\u00e3o revolucion\u00e1ria para os seus olhos, interpretando a selvageria e o esp\u00edrito livre que h\u00e1 em si atrav\u00e9s do preto supremo.<\/div>\n<div><\/div>\n<div>Estas lentes de contacto pretas apresentam um design inovador Circle Block, criando um anel preto profundo e impactante \u00e0 volta da sua \u00edris com o padr\u00e3o de riscas pretas. O seu olhar torna-se mais envolvente, mais poderoso, emanando um charme irresist\u00edvel que \u00e9 dif\u00edcil de ignorar. Quer seja na vida quotidiana, em actua\u00e7\u00f5es em palco ou em ocasi\u00f5es especiais, as lentes de contacto BQEYE Circle Block Black garantem que se torna o centro das aten\u00e7\u00f5es.<\/div>\n<div><\/div>\n<div>Entendemos que a beleza nunca deve ser feita \u00e0 custa do conforto. \u00c9 por isso que as lentes de contacto pretas BQEYE Circle Block s\u00e3o fabricadas com materiais de elevada permeabilidade ao oxig\u00e9nio, assegurando que os seus olhos permanecem confort\u00e1veis mesmo ap\u00f3s uma utiliza\u00e7\u00e3o prolongada. Al\u00e9m disso, o nosso modelo DTC (Direct to Consumer) elimina os intermedi\u00e1rios, permitindo-nos oferecer-lhe estas lentes de contacto pretas de primeira qualidade a um pre\u00e7o incrivelmente acess\u00edvel.<\/div>\n<div><\/div>\n<div>Abrace a confian\u00e7a que adv\u00e9m das Lentes de Contacto BQEYE Circle Block Black. Deixe que a cor preta profunda e cativante acentue a sua beleza natural, fazendo com que os seus olhos pare\u00e7am mais cheios, mais brilhantes e mais expressivos. Estas lentes n\u00e3o s\u00e3o apenas um acess\u00f3rio; s\u00e3o uma extens\u00e3o da sua personalidade \u00fanica, uma declara\u00e7\u00e3o da sua atitude ousada e destemida.<\/div>\n<div><\/div>\n<div>Na BQEYE, dedicamo-nos a fornecer-lhe lentes de contacto pretas da mais alta qualidade sem comprometer o estilo ou o conforto. Cada lente \u00e9 submetida a testes rigorosos e a um controlo de qualidade para garantir uma adapta\u00e7\u00e3o perfeita e uma apar\u00eancia impec\u00e1vel. Com os devidos cuidados e manuten\u00e7\u00e3o, pode desfrutar dos efeitos deslumbrantes das lentes de contacto pretas BQEYE Circle Block durante um longo per\u00edodo de tempo.<\/div>\n<div><\/div>\n<div>Entre num mundo onde os seus olhos falam mais alto do que as palavras. Deixe que as Lentes de Contacto BQEYE Circle Block Black sejam a sua arma secreta para cativar, encantar e deixar uma impress\u00e3o inesquec\u00edvel. Abrace o poder do preto e deixe que os seus olhos contem a sua hist\u00f3ria.<\/div>\n<div><\/div>\n<div>Experimente a diferen\u00e7a BQEYE hoje mesmo. Encomende j\u00e1 as suas lentes de contacto Circle Block Black e liberte o fasc\u00ednio extraordin\u00e1rio que existe em si. Os seus olhos merecem nada menos do que o melhor, e a BQEYE est\u00e1 aqui para o proporcionar.<\/div>\n<div><\/div>\n<div>#BlackContactLenses #CircleBlockDesign #EyeFashion #BoldAndFearless #UnleashYourAllure<\/div>","protected":false},"excerpt":{"rendered":"<p>Redefine Your Eyes, Unveil Extraordinary Allure &#8211; BQEYE Circle Block Black Contact Lenses Every glance, every eye contact, is a conversation between souls. And your eyes are the protagonists of this dialogue. Now, let BQEYE Circle Block Black Contact Lenses unleash a revolutionary transformation for your eyes, interpreting the wildness and free spirit within you [&#8230;]\n","protected":false},"featured_media":1585,"comment_status":"open","ping_status":"closed","template":"","meta":[],"product_brand":[],"product_cat":[223,91,73,96,95,98],"product_tag":[354],"class_list":{"0":"post-1578","1":"product","2":"type-product","3":"status-publish","4":"has-post-thumbnail","6":"product_cat-circle-block","7":"product_cat-14-2-mm","8":"product_cat-black-contact-lenses","9":"product_cat-non-prescription","10":"product_cat-prescription","11":"product_cat-yearly-disposable","12":"product_tag-brown-contact-lenses","14":"first","15":"instock","16":"sale","17":"shipping-taxable","18":"purchasable","19":"product-type-variable","20":"has-default-attributes"},"_links":{"self":[{"href":"https:\/\/bqeye.com\/pt\/wp-json\/wp\/v2\/product\/1578","targetHints":{"allow":["GET"]}}],"collection":[{"href":"https:\/\/bqeye.com\/pt\/wp-json\/wp\/v2\/product"}],"about":[{"href":"https:\/\/bqeye.com\/pt\/wp-json\/wp\/v2\/types\/product"}],"replies":[{"embeddable":true,"href":"https:\/\/bqeye.com\/pt\/wp-json\/wp\/v2\/comments?post=1578"}],"wp:featuredmedia":[{"embeddable":true,"href":"https:\/\/bqeye.com\/pt\/wp-json\/wp\/v2\/media\/1585"}],"wp:attachment":[{"href":"https:\/\/bqeye.com\/pt\/wp-json\/wp\/v2\/media?parent=1578"}],"wp:term":[{"taxonomy":"product_brand","embeddable":true,"href":"https:\/\/bqeye.com\/pt\/wp-json\/wp\/v2\/product_brand?post=1578"},{"taxonomy":"product_cat","embeddable":true,"href":"https:\/\/bqeye.com\/pt\/wp-json\/wp\/v2\/product_cat?post=1578"},{"taxonomy":"product_tag","embeddable":true,"href":"https:\/\/bqeye.com\/pt\/wp-json\/wp\/v2\/product_tag?post=1578"}],"curies":[{"name":"wp","href":"https:\/\/api.w.org\/{rel}","templated":true}]}}