{"id":1614,"date":"2024-04-19T01:58:05","date_gmt":"2024-04-19T01:58:05","guid":{"rendered":"https:\/\/bqeye.com\/?post_type=product&#038;p=1614"},"modified":"2024-04-19T02:19:18","modified_gmt":"2024-04-19T02:19:18","slug":"wildness-green-colored-contact-lenses","status":"publish","type":"product","link":"https:\/\/bqeye.com\/pt\/wildness-green-colored-contact-lenses\/","title":{"rendered":"Wildness Green Colored Contact Lenses"},"content":{"rendered":"<h3>Abrace o fasc\u00ednio encantador das lentes de contacto coloridas BQEYE Wildness Green<\/h3>\n<div><\/div>\n<div>Entre num reino de tons verdes cativantes com as Lentes de Contacto Coloridas BQEYE Wildness Green. Estas lentes foram concebidas para transformar os seus olhos num deslumbrante tom de verde, que faz lembrar a beleza luxuriante e indom\u00e1vel da natureza. Quer pretenda fazer uma declara\u00e7\u00e3o de moda ousada ou simplesmente queira real\u00e7ar a cor natural dos seus olhos, estas lentes s\u00e3o a escolha perfeita.<\/div>\n<div><\/div>\n<div>As lentes de contacto Wildness Green Colored apresentam uma mistura \u00fanica de tons verdes, criando um efeito multidimensional que imita a profundidade e a vibra\u00e7\u00e3o de uma floresta encantada. O padr\u00e3o intrincado e a pigmenta\u00e7\u00e3o destas lentes garantem uma apar\u00eancia incrivelmente realista, fazendo com que pare\u00e7a que nasceu com esta cor de olhos hipnotizante.<\/div>\n<div><\/div>\n<div>Na BQEYE, compreendemos que o conforto \u00e9 t\u00e3o importante como o estilo. \u00c9 por isso que as nossas lentes de contacto Wildness Green Colored s\u00e3o fabricadas com materiais de alta qualidade que d\u00e3o prioridade \u00e0 permeabilidade ao oxig\u00e9nio, permitindo que os seus olhos respirem e se mantenham confort\u00e1veis ao longo do dia. Com o nosso modelo DTC (Direct to Consumer), eliminamos os intermedi\u00e1rios e levamos estas lentes de qualidade superior diretamente at\u00e9 si a um pre\u00e7o acess\u00edvel.<\/div>\n<div><\/div>\n<div>Quando usa as Lentes de Contacto Coloridas BQEYE Wildness Green, n\u00e3o est\u00e1 apenas a mudar a cor dos seus olhos; est\u00e1 a abra\u00e7ar uma nova faceta da sua personalidade. As tonalidades verdes evocam uma sensa\u00e7\u00e3o de mist\u00e9rio, confian\u00e7a e fasc\u00ednio indom\u00e1vel, permitindo-lhe expressar-se de uma forma que reflecte verdadeiramente o seu lado selvagem interior. Quer v\u00e1 a um evento tem\u00e1tico, participe numa sess\u00e3o fotogr\u00e1fica ou queira simplesmente fazer uma declara\u00e7\u00e3o na sua vida quotidiana, estas lentes s\u00e3o os acess\u00f3rios perfeitos.<\/div>\n<div><\/div>\n<div>A BQEYE est\u00e1 empenhada em fornecer-lhe as lentes de contacto de cor da mais alta qualidade do mercado. Cada par de lentes de contacto Wildness Green Colored \u00e9 submetido a testes rigorosos e a um controlo de qualidade para garantir uma apar\u00eancia perfeita e uma adapta\u00e7\u00e3o confort\u00e1vel. Com os cuidados e a manuten\u00e7\u00e3o adequados, pode desfrutar dos efeitos deslumbrantes destas lentes durante um per\u00edodo prolongado, o que faz delas um investimento que vale a pena no seu arsenal de moda ocular.<\/div>\n<div><\/div>\n<div>Abrace o encanto dos seus pr\u00f3prios olhos com as Lentes de Contacto Coloridas BQEYE Wildness Green. Deixe que os seus olhos se tornem o ponto central do seu look, cativando quem a rodeia com a sua beleza intensa e misteriosa. Quer tenha olhos claros ou escuros, estas lentes criar\u00e3o um contraste impressionante que exige aten\u00e7\u00e3o.<\/div>\n<div><\/div>\n<div>N\u00e3o se contente com o normal quando pode libertar o extraordin\u00e1rio com as Lentes de Contacto Coloridas BQEYE Wildness Green. Encomende as suas hoje e entre num mundo onde os seus olhos se tornam a personifica\u00e7\u00e3o da beleza indom\u00e1vel e da confian\u00e7a. Deixe o seu interior selvagem vaguear livremente e deixe a BQEYE ser a sua parceira na redefini\u00e7\u00e3o do seu visual.<\/div>\n<div><\/div>\n<div>#Lentes de contacto verdes #Design de beleza #EnchantingAllure #EyeFashion #UntamedBeauty<\/div>\n<div><\/div>","protected":false},"excerpt":{"rendered":"<p>Embrace the Enchanting Allure of BQEYE Wildness Green Colored Contact Lenses Step into a realm of captivating green hues with BQEYE Wildness Green Colored Contact Lenses. These lenses are designed to transform your eyes into a stunning shade of green, reminiscent of the lush, untamed beauty of nature. Whether you&#8217;re looking to make a bold [&#8230;]\n","protected":false},"featured_media":1620,"comment_status":"open","ping_status":"closed","template":"","meta":[],"product_brand":[],"product_cat":[358,91,77,96,95,98],"product_tag":[361],"class_list":{"0":"post-1614","1":"product","2":"type-product","3":"status-publish","4":"has-post-thumbnail","6":"product_cat-wildness","7":"product_cat-14-2-mm","8":"product_cat-green-contact-lenses","9":"product_cat-non-prescription","10":"product_cat-prescription","11":"product_cat-yearly-disposable","12":"product_tag-green-colored-contact-lenses","14":"first","15":"instock","16":"sale","17":"shipping-taxable","18":"purchasable","19":"product-type-variable","20":"has-default-attributes"},"_links":{"self":[{"href":"https:\/\/bqeye.com\/pt\/wp-json\/wp\/v2\/product\/1614","targetHints":{"allow":["GET"]}}],"collection":[{"href":"https:\/\/bqeye.com\/pt\/wp-json\/wp\/v2\/product"}],"about":[{"href":"https:\/\/bqeye.com\/pt\/wp-json\/wp\/v2\/types\/product"}],"replies":[{"embeddable":true,"href":"https:\/\/bqeye.com\/pt\/wp-json\/wp\/v2\/comments?post=1614"}],"wp:featuredmedia":[{"embeddable":true,"href":"https:\/\/bqeye.com\/pt\/wp-json\/wp\/v2\/media\/1620"}],"wp:attachment":[{"href":"https:\/\/bqeye.com\/pt\/wp-json\/wp\/v2\/media?parent=1614"}],"wp:term":[{"taxonomy":"product_brand","embeddable":true,"href":"https:\/\/bqeye.com\/pt\/wp-json\/wp\/v2\/product_brand?post=1614"},{"taxonomy":"product_cat","embeddable":true,"href":"https:\/\/bqeye.com\/pt\/wp-json\/wp\/v2\/product_cat?post=1614"},{"taxonomy":"product_tag","embeddable":true,"href":"https:\/\/bqeye.com\/pt\/wp-json\/wp\/v2\/product_tag?post=1614"}],"curies":[{"name":"wp","href":"https:\/\/api.w.org\/{rel}","templated":true}]}}