{"id":1642,"date":"2024-04-19T07:31:18","date_gmt":"2024-04-19T07:31:18","guid":{"rendered":"https:\/\/bqeye.com\/?post_type=product&#038;p=1642"},"modified":"2024-05-03T05:03:12","modified_gmt":"2024-05-03T05:03:12","slug":"lucent-blue-colored-contacts","status":"publish","type":"product","link":"https:\/\/bqeye.com\/pt\/lucent-blue-colored-contacts\/","title":{"rendered":"Lentes de contacto coloridas Lucent Blue"},"content":{"rendered":"<h3>Mergulhe em profundidades hipnotizantes com as lentes de contacto coloridas BQEYE Lucent Blue<\/h3>\n<div><\/div>\n<div>Mergulhe num mundo de tons azuis cativantes com as lentes de contacto coloridas BQEYE Lucent Blue. Estas lentes foram concebidas para transformar os seus olhos num deslumbrante tom de azul, que faz lembrar as \u00e1guas profundas e luminosas de um oceano puro. Quer pretenda fazer uma declara\u00e7\u00e3o de moda ou simplesmente real\u00e7ar a cor natural dos seus olhos, estas lentes s\u00e3o a escolha perfeita.<\/div>\n<div><\/div>\n<div>As Lucent Blue Colored Contacts apresentam uma mistura \u00fanica de tons azuis, criando um efeito multidimensional que imita a profundidade e a luminosidade de um mar cintilante. O padr\u00e3o intrincado e a pigmenta\u00e7\u00e3o destas lentes garantem uma apar\u00eancia incrivelmente realista, fazendo com que pare\u00e7a que nasceu com esta cor de olhos hipnotizante.<\/div>\n<div><\/div>\n<div>Na BQEYE, compreendemos que o conforto \u00e9 t\u00e3o importante como o estilo. \u00c9 por isso que as nossas Lucent Blue Colored Contacts s\u00e3o fabricadas com materiais de alta qualidade que d\u00e3o prioridade \u00e0 permeabilidade ao oxig\u00e9nio, permitindo que os seus olhos respirem e permane\u00e7am confort\u00e1veis durante todo o dia. Com o nosso modelo DTC (Direct to Consumer), eliminamos os intermedi\u00e1rios e levamos estas lentes de qualidade superior diretamente at\u00e9 si a um pre\u00e7o acess\u00edvel.<\/div>\n<div><\/div>\n<div>Quando usa as lentes de contacto coloridas BQEYE Lucent Blue, n\u00e3o est\u00e1 apenas a mudar a cor dos seus olhos; est\u00e1 a abra\u00e7ar uma nova faceta da sua personalidade. Os tons azuis evocam uma sensa\u00e7\u00e3o de tranquilidade, confian\u00e7a e fasc\u00ednio luminoso, permitindo-lhe expressar-se de uma forma que reflecte verdadeiramente o seu brilho interior. Quer v\u00e1 a um evento especial, participe numa sess\u00e3o fotogr\u00e1fica ou queira simplesmente fazer uma declara\u00e7\u00e3o no seu dia a dia, estas lentes s\u00e3o os acess\u00f3rios perfeitos.<\/div>\n<div><\/div>\n<div>A BQEYE est\u00e1 empenhada em fornecer-lhe as lentes de contacto coloridas da mais alta qualidade do mercado. Cada par de Lucent Blue Colored Contacts \u00e9 submetido a testes rigorosos e a um controlo de qualidade para garantir uma apar\u00eancia impec\u00e1vel e uma adapta\u00e7\u00e3o confort\u00e1vel. Com os cuidados e a manuten\u00e7\u00e3o adequados, pode desfrutar dos efeitos deslumbrantes destas lentes durante um per\u00edodo prolongado, o que faz delas um investimento que vale a pena no seu arsenal de moda ocular.<\/div>\n<div><\/div>\n<div>Mergulhe nas profundezas hipnotizantes dos seus pr\u00f3prios olhos com as lentes de contacto coloridas BQEYE Lucent Blue. Deixe que os seus olhos se tornem o ponto fulcral do seu visual, cativando quem a rodeia com o seu fasc\u00ednio intenso e luminoso. Quer tenha olhos claros ou escuros, estas lentes criar\u00e3o um contraste impressionante que exige aten\u00e7\u00e3o.<\/div>\n<div><\/div>\n<div>N\u00e3o se contente com o normal quando pode abra\u00e7ar o extraordin\u00e1rio com as lentes de contacto coloridas BQEYE Lucent Blue. Encomende as suas hoje e entre num mundo onde os seus olhos se tornam a personifica\u00e7\u00e3o da beleza luminosa e da confian\u00e7a. Deixe transparecer o seu brilho interior e deixe que a BQEYE seja a sua parceira na redefini\u00e7\u00e3o do seu visual.<\/div>\n<div><\/div>\n<div>#Contactos AzuisColoridos #DesignLucente #MProfundidadesDesmistificantes #EyeFashion #LuminousAllure<\/div>\n<div><\/div>","protected":false},"excerpt":{"rendered":"<p>Dive into Mesmerizing Depths with BQEYE Lucent Blue Colored Contacts Immerse yourself in a world of captivating blue hues with BQEYE Lucent Blue Colored Contacts. These lenses are designed to transform your eyes into a stunning shade of blue, reminiscent of the deep, luminous waters of a pristine ocean. Whether you&#8217;re looking to make a [&#8230;]\n","protected":false},"featured_media":1649,"comment_status":"open","ping_status":"closed","template":"","meta":[],"product_brand":[],"product_cat":[363,91,75,96,95,98],"product_tag":[365],"class_list":{"0":"post-1642","1":"product","2":"type-product","3":"status-publish","4":"has-post-thumbnail","6":"product_cat-lucent-series-colored-contact-lenses","7":"product_cat-14-2-mm","8":"product_cat-blue-contact-lenses","9":"product_cat-non-prescription","10":"product_cat-prescription","11":"product_cat-yearly-disposable","12":"product_tag-blue-colored-contacts","14":"first","15":"instock","16":"sale","17":"shipping-taxable","18":"purchasable","19":"product-type-variable","20":"has-default-attributes"},"_links":{"self":[{"href":"https:\/\/bqeye.com\/pt\/wp-json\/wp\/v2\/product\/1642","targetHints":{"allow":["GET"]}}],"collection":[{"href":"https:\/\/bqeye.com\/pt\/wp-json\/wp\/v2\/product"}],"about":[{"href":"https:\/\/bqeye.com\/pt\/wp-json\/wp\/v2\/types\/product"}],"replies":[{"embeddable":true,"href":"https:\/\/bqeye.com\/pt\/wp-json\/wp\/v2\/comments?post=1642"}],"wp:featuredmedia":[{"embeddable":true,"href":"https:\/\/bqeye.com\/pt\/wp-json\/wp\/v2\/media\/1649"}],"wp:attachment":[{"href":"https:\/\/bqeye.com\/pt\/wp-json\/wp\/v2\/media?parent=1642"}],"wp:term":[{"taxonomy":"product_brand","embeddable":true,"href":"https:\/\/bqeye.com\/pt\/wp-json\/wp\/v2\/product_brand?post=1642"},{"taxonomy":"product_cat","embeddable":true,"href":"https:\/\/bqeye.com\/pt\/wp-json\/wp\/v2\/product_cat?post=1642"},{"taxonomy":"product_tag","embeddable":true,"href":"https:\/\/bqeye.com\/pt\/wp-json\/wp\/v2\/product_tag?post=1642"}],"curies":[{"name":"wp","href":"https:\/\/api.w.org\/{rel}","templated":true}]}}