{"id":1663,"date":"2024-04-19T08:07:54","date_gmt":"2024-04-19T08:07:54","guid":{"rendered":"https:\/\/bqeye.com\/?post_type=product&#038;p=1663"},"modified":"2024-04-21T09:23:43","modified_gmt":"2024-04-21T09:23:43","slug":"lucent-sky-blue-colored-contacts","status":"publish","type":"product","link":"https:\/\/bqeye.com\/pt\/lucent-sky-blue-colored-contacts\/","title":{"rendered":"Lentes de contacto coloridas Lucent Sky Blue"},"content":{"rendered":"<h3>Abrace o encanto et\u00e9reo das lentes de contacto coloridas BQEYE Lucent Sky Blue<\/h3>\n<div><\/div>\n<div>Eleve o seu olhar a novas alturas com BQEYE Lucent Sky Blue Colored Contacts. Estas lentes de contacto foram concebidas para transformar os seus olhos num tom hipnotizante de azul celeste, que faz lembrar a beleza clara e luminosa de um dia sem nuvens. Quer pretenda fazer uma declara\u00e7\u00e3o de moda ou simplesmente real\u00e7ar a cor natural dos seus olhos, estas lentes s\u00e3o a escolha perfeita.<\/div>\n<div><\/div>\n<div>As Lucent Sky Blue Colored Contacts apresentam uma mistura \u00fanica de tons azuis, criando um efeito multidimensional que imita a profundidade e a vibra\u00e7\u00e3o de um c\u00e9u sereno e sem fim. O padr\u00e3o intrincado e a pigmenta\u00e7\u00e3o destas lentes garantem uma apar\u00eancia incrivelmente realista, fazendo com que pare\u00e7a que nasceu com esta cor de olhos et\u00e9rea.<\/div>\n<div><\/div>\n<div>Na BQEYE, damos prioridade ao estilo e ao conforto. As nossas Lucent Sky Blue Colored Contacts s\u00e3o fabricadas com materiais de alta qualidade que permitem uma \u00f3ptima permeabilidade ao oxig\u00e9nio, assegurando que os seus olhos permanecem confort\u00e1veis e saud\u00e1veis ao longo do dia. Com o nosso modelo DTC (Direct to Consumer), eliminamos os intermedi\u00e1rios e levamos estas lentes de qualidade superior diretamente at\u00e9 si a um pre\u00e7o acess\u00edvel.<\/div>\n<div><\/div>\n<div>Quando usa as lentes de contacto coloridas BQEYE Lucent Sky Blue, n\u00e3o est\u00e1 apenas a mudar a cor dos seus olhos; est\u00e1 a abra\u00e7ar uma nova faceta da sua personalidade. Os tons de azul celeste evocam uma sensa\u00e7\u00e3o de tranquilidade, liberdade e charme luminoso, permitindo-lhe expressar-se de uma forma que reflecte verdadeiramente o seu brilho interior. Quer v\u00e1 a um evento especial, participe numa sess\u00e3o fotogr\u00e1fica ou queira simplesmente fazer uma declara\u00e7\u00e3o na sua vida quotidiana, estas lentes s\u00e3o os acess\u00f3rios perfeitos.<\/div>\n<div><\/div>\n<div>A BQEYE est\u00e1 empenhada em fornecer-lhe as lentes de contacto de cor da mais alta qualidade do mercado. Cada par de Lucent Sky Blue Colored Contacts \u00e9 submetido a rigorosos testes e controlos de qualidade para garantir uma apar\u00eancia impec\u00e1vel e uma adapta\u00e7\u00e3o confort\u00e1vel. Com os cuidados e a manuten\u00e7\u00e3o adequados, pode desfrutar dos efeitos deslumbrantes destas lentes durante um per\u00edodo prolongado, o que faz delas um investimento que vale a pena no seu arsenal de moda ocular.<\/div>\n<div><\/div>\n<div>Abrace o encanto et\u00e9reo dos seus pr\u00f3prios olhos com as lentes de contacto coloridas BQEYE Lucent Sky Blue. Deixe que os seus olhos se tornem o ponto fulcral do seu visual, cativando todos os que a rodeiam com o seu fasc\u00ednio luminoso e cativante. Quer tenha olhos claros ou escuros, estas lentes de contacto criar\u00e3o um contraste impressionante que elevar\u00e1 a sua beleza natural.<\/div>\n<div><\/div>\n<div>N\u00e3o se contente com o normal quando pode abra\u00e7ar o extraordin\u00e1rio com as lentes de contacto coloridas BQEYE Lucent Sky Blue. Encomende as suas hoje e entre num mundo onde os seus olhos se tornam a personifica\u00e7\u00e3o da beleza luminosa e do encanto et\u00e9reo. Deixe transparecer o seu brilho interior e deixe que a BQEYE seja a sua parceira na redefini\u00e7\u00e3o do seu visual.<\/div>\n<div><\/div>\n<div>#SkyBlueColoredContacts #LucentDesign #EtherealCharm #EyeFashion #LuminousBeauty<\/div>\n<div><\/div>","protected":false},"excerpt":{"rendered":"<p>Embrace the Ethereal Charm of BQEYE Lucent Sky Blue Colored Contacts Elevate your gaze to new heights with BQEYE Lucent Sky Blue Colored Contacts. These lenses are designed to transform your eyes into a mesmerizing shade of sky blue, reminiscent of the clear, luminous beauty of a cloudless day. Whether you&#8217;re looking to make a [&#8230;]\n","protected":false},"featured_media":1680,"comment_status":"open","ping_status":"closed","template":"","meta":[],"product_brand":[],"product_cat":[363,91,75,96,95,98],"product_tag":[366],"class_list":{"0":"post-1663","1":"product","2":"type-product","3":"status-publish","4":"has-post-thumbnail","6":"product_cat-lucent-series-colored-contact-lenses","7":"product_cat-14-2-mm","8":"product_cat-blue-contact-lenses","9":"product_cat-non-prescription","10":"product_cat-prescription","11":"product_cat-yearly-disposable","12":"product_tag-green-colored-contacts","14":"first","15":"instock","16":"sale","17":"shipping-taxable","18":"purchasable","19":"product-type-variable","20":"has-default-attributes"},"_links":{"self":[{"href":"https:\/\/bqeye.com\/pt\/wp-json\/wp\/v2\/product\/1663","targetHints":{"allow":["GET"]}}],"collection":[{"href":"https:\/\/bqeye.com\/pt\/wp-json\/wp\/v2\/product"}],"about":[{"href":"https:\/\/bqeye.com\/pt\/wp-json\/wp\/v2\/types\/product"}],"replies":[{"embeddable":true,"href":"https:\/\/bqeye.com\/pt\/wp-json\/wp\/v2\/comments?post=1663"}],"wp:featuredmedia":[{"embeddable":true,"href":"https:\/\/bqeye.com\/pt\/wp-json\/wp\/v2\/media\/1680"}],"wp:attachment":[{"href":"https:\/\/bqeye.com\/pt\/wp-json\/wp\/v2\/media?parent=1663"}],"wp:term":[{"taxonomy":"product_brand","embeddable":true,"href":"https:\/\/bqeye.com\/pt\/wp-json\/wp\/v2\/product_brand?post=1663"},{"taxonomy":"product_cat","embeddable":true,"href":"https:\/\/bqeye.com\/pt\/wp-json\/wp\/v2\/product_cat?post=1663"},{"taxonomy":"product_tag","embeddable":true,"href":"https:\/\/bqeye.com\/pt\/wp-json\/wp\/v2\/product_tag?post=1663"}],"curies":[{"name":"wp","href":"https:\/\/api.w.org\/{rel}","templated":true}]}}