{"id":1900,"date":"2025-01-04T16:02:41","date_gmt":"2025-01-04T08:02:41","guid":{"rendered":"https:\/\/bqeye.com\/?post_type=product&#038;p=1900"},"modified":"2025-01-04T16:03:44","modified_gmt":"2025-01-04T08:03:44","slug":"dreamy-unicorn-purple-contact-lenses","status":"publish","type":"product","link":"https:\/\/bqeye.com\/pt\/dreamy-unicorn-purple-contact-lenses\/","title":{"rendered":"Lentes de Contacto Dreamy Unicorn Purple"},"content":{"rendered":"<h1 class=\"md-end-block md-heading\"><span class=\"md-plain md-expand\">Lentes de Contacto P\u00farpura Unic\u00f3rnio Sonhador - Magia Encantada \u2728<\/span><\/h1>\n<p class=\"md-end-block md-p\"><span class=\"md-pair-s\"><em><span class=\"md-plain\">Transforme o seu olhar em pura magia de unic\u00f3rnio com lentes roxas de sonho - onde a fantasia se torna realidade<\/span><\/em><\/span><\/p>\n<h2 class=\"md-end-block md-heading\"><span class=\"md-plain\">\ud83c\udf1f Cr\u00edticas M\u00e1gicas<\/span><\/h2>\n<h3 class=\"md-end-block md-heading\"><span class=\"md-plain\">Insights encantados<\/span><\/h3>\n<blockquote>\n<p class=\"md-end-block md-p\"><span class=\"md-plain\">\"Estas lentes criam o olhar de unic\u00f3rnio mais m\u00e1gico que se possa imaginar.\"<\/span> <span class=\"md-pair-s\"><em><span class=\"md-plain\">- Stella R., Maquilhadora de fantasia<\/span><\/em><\/span><\/p>\n<\/blockquote>\n<blockquote>\n<p class=\"md-end-block md-p\"><span class=\"md-plain\">\"O brilho p\u00farpura capta a pura magia do unic\u00f3rnio em cada olhar.\"<\/span> <span class=\"md-pair-s\"><em><span class=\"md-plain\">- James T., Fot\u00f3grafo de fantasia<\/span><\/em><\/span><\/p>\n<\/blockquote>\n<blockquote>\n<p class=\"md-end-block md-p\"><span class=\"md-plain\">\"Os meus clientes ficam encantados com o efeito de unic\u00f3rnio encantado.\"<\/span> <span class=\"md-pair-s\"><em><span class=\"md-plain\">- Aurora M., Estilista M\u00e1gica<\/span><\/em><\/span><\/p>\n<\/blockquote>\n<h2 class=\"md-end-block md-heading\"><span class=\"md-plain\">\ud83e\udd84 Momentos M\u00e1gicos<\/span><\/h2>\n<h3 class=\"md-end-block md-heading\"><span class=\"md-plain\">Perfeito para<\/span><\/h3>\n<ul class=\"ul-list\" data-mark=\"-\">\n<li class=\"md-list-item\">\n<p class=\"md-end-block md-p\"><span class=\"md-plain\">Festas de unic\u00f3rnios<\/span><\/p>\n<\/li>\n<li class=\"md-list-item\">\n<p class=\"md-end-block md-p\"><span class=\"md-plain\">Sess\u00e3o fotogr\u00e1fica de fantasia<\/span><\/p>\n<\/li>\n<li class=\"md-list-item\">\n<p class=\"md-end-block md-p\"><span class=\"md-plain\">Festivais m\u00e1gicos<\/span><\/p>\n<\/li>\n<li class=\"md-list-item\">\n<p class=\"md-end-block md-p\"><span class=\"md-plain\">Eventos encantados<\/span><\/p>\n<\/li>\n<li class=\"md-list-item\">\n<p class=\"md-end-block md-p\"><span class=\"md-plain\">Encontros de fadas<\/span><\/p>\n<\/li>\n<li class=\"md-list-item\">\n<p class=\"md-end-block md-p\"><span class=\"md-plain\">Ocasi\u00f5es de sonho<\/span><\/p>\n<\/li>\n<\/ul>\n<h3 class=\"md-end-block md-heading\"><span class=\"md-plain\">Cen\u00e1rios m\u00e1gicos<\/span><\/h3>\n<ul class=\"ul-list\" data-mark=\"-\">\n<li class=\"md-list-item\">\n<p class=\"md-end-block md-p\"><span class=\"md-plain\">Jardins encantados<\/span><\/p>\n<\/li>\n<li class=\"md-list-item\">\n<p class=\"md-end-block md-p\"><span class=\"md-plain\">Florestas m\u00edsticas<\/span><\/p>\n<\/li>\n<li class=\"md-list-item\">\n<p class=\"md-end-block md-p\"><span class=\"md-plain\">Locais brilhantes<\/span><\/p>\n<\/li>\n<li class=\"md-list-item\">\n<p class=\"md-end-block md-p\"><span class=\"md-plain\">Est\u00fadios de fantasia<\/span><\/p>\n<\/li>\n<li class=\"md-list-item\">\n<p class=\"md-end-block md-p\"><span class=\"md-plain\">Eventos m\u00e1gicos<\/span><\/p>\n<\/li>\n<li class=\"md-list-item\">\n<p class=\"md-end-block md-p\"><span class=\"md-plain\">Festivais de unic\u00f3rnios<\/span><\/p>\n<\/li>\n<\/ul>\n<h2 class=\"md-end-block md-heading\"><span class=\"md-plain\">\ud83d\udc9c Guia de magia<\/span><\/h2>\n<h3 class=\"md-end-block md-heading\"><span class=\"md-plain\">Look Dia do Unic\u00f3rnio<\/span><\/h3>\n<p class=\"md-end-block md-p\"><span class=\"md-plain\">Criar com:<\/span><\/p>\n<ul class=\"ul-list\" data-mark=\"-\">\n<li class=\"md-list-item\">\n<p class=\"md-end-block md-p\"><span class=\"md-plain\">Lentes p\u00farpura p\u00e9rola<\/span><\/p>\n<\/li>\n<li class=\"md-list-item\">\n<p class=\"md-end-block md-p\"><span class=\"md-plain\">Sombra cintilante<\/span><\/p>\n<\/li>\n<li class=\"md-list-item\">\n<p class=\"md-end-block md-p\"><span class=\"md-plain\">R\u00edmel cintilante<\/span><\/p>\n<\/li>\n<li class=\"md-list-item\">\n<p class=\"md-end-block md-p\"><span class=\"md-plain\">Destaque do arco-\u00edris<\/span> <span class=\"md-plain\">Resultado: Magia suave<\/span><\/p>\n<\/li>\n<\/ul>\n<h3 class=\"md-end-block md-heading\"><span class=\"md-plain\">Look noturno de unic\u00f3rnio<\/span><\/h3>\n<p class=\"md-end-block md-p\"><span class=\"md-plain\">Melhorar com:<\/span><\/p>\n<ul class=\"ul-list\" data-mark=\"-\">\n<li class=\"md-list-item\">\n<p class=\"md-end-block md-p\"><span class=\"md-plain\">P\u00farpura m\u00e1gico profundo<\/span><\/p>\n<\/li>\n<li class=\"md-list-item\">\n<p class=\"md-end-block md-p\"><span class=\"md-plain\">Acentos brilhantes<\/span><\/p>\n<\/li>\n<li class=\"md-list-item\">\n<p class=\"md-end-block md-p\"><span class=\"md-plain\">Brilho de fantasia<\/span><\/p>\n<\/li>\n<li class=\"md-list-item\">\n<p class=\"md-end-block md-p\"><span class=\"md-plain\">Brilho encantado<\/span> <span class=\"md-plain\">Resultado: Encantamento completo<\/span><\/p>\n<\/li>\n<\/ul>\n<h2 class=\"md-end-block md-heading\"><span class=\"md-plain\">Carater\u00edsticas m\u00e1gicas<\/span><\/h2>\n<ol class=\"ol-list\" start=\"\">\n<li class=\"md-list-item\">\n<p class=\"md-end-block md-p\"><span class=\"md-plain\">Tecnologia arco-\u00edris<\/span><\/p>\n<\/li>\n<li class=\"md-list-item\">\n<p class=\"md-end-block md-p\"><span class=\"md-plain\">Reflexos do unic\u00f3rnio<\/span><\/p>\n<\/li>\n<li class=\"md-list-item\">\n<p class=\"md-end-block md-p\"><span class=\"md-plain\">Efeito de fantasia<\/span><\/p>\n<\/li>\n<li class=\"md-list-item\">\n<p class=\"md-end-block md-p\"><span class=\"md-plain\">Vis\u00e3o de cristal<\/span><\/p>\n<\/li>\n<li class=\"md-list-item\">\n<p class=\"md-end-block md-p\"><span class=\"md-plain\">Conforto encantado<\/span><\/p>\n<\/li>\n<li class=\"md-list-item\">\n<p class=\"md-end-block md-p\"><span class=\"md-plain\">Profundidade m\u00e1gica<\/span><\/p>\n<\/li>\n<li class=\"md-list-item\">\n<p class=\"md-end-block md-p\"><span class=\"md-plain\">Transi\u00e7\u00e3o sonhadora<\/span><\/p>\n<\/li>\n<li class=\"md-list-item\">\n<p class=\"md-end-block md-p\"><span class=\"md-plain\">Prote\u00e7\u00e3o m\u00e1gica<\/span><\/p>\n<\/li>\n<li class=\"md-list-item\">\n<p class=\"md-end-block md-p\"><span class=\"md-plain\">Material estelar<\/span><\/p>\n<\/li>\n<li class=\"md-list-item\">\n<p class=\"md-end-block md-p\"><span class=\"md-plain\">Desenho de fantasia<\/span><\/p>\n<\/li>\n<\/ol>\n<h2 class=\"md-end-block md-heading\"><span class=\"md-plain\">\ud83d\udc97 Hist\u00f3rias Encantadas<\/span><\/h2>\n<blockquote>\n<p class=\"md-end-block md-p\"><span class=\"md-plain\">\"Estas lentes transformam os meus olhos em pura magia de unic\u00f3rnio.\"<\/span> <span class=\"md-pair-s\"><em><span class=\"md-plain\">- Luna B., Artista de fantasia<\/span><\/em><\/span><\/p>\n<\/blockquote>\n<blockquote>\n<p class=\"md-end-block md-p\"><span class=\"md-plain\">\"O efeito m\u00e1gico p\u00farpura \u00e9 absolutamente de sonho.\"<\/span> <span class=\"md-pair-s\"><em><span class=\"md-plain\">- Crystal M., influenciadora de fantasia<\/span><\/em><\/span><\/p>\n<\/blockquote>\n<h2 class=\"md-end-block md-heading\"><span class=\"md-plain\">\ud83c\udfa8 Cores m\u00e1gicas<\/span><\/h2>\n<h3 class=\"md-end-block md-heading\"><span class=\"md-plain\">Padr\u00e3o de fantasia<\/span><\/h3>\n<ul class=\"ul-list\" data-mark=\"-\">\n<li class=\"md-list-item\">\n<p class=\"md-end-block md-p\"><span class=\"md-plain\">Base: Unic\u00f3rnio p\u00farpura<\/span><\/p>\n<\/li>\n<li class=\"md-list-item\">\n<p class=\"md-end-block md-p\"><span class=\"md-plain\">Meio: Estrela roxa<\/span><\/p>\n<\/li>\n<li class=\"md-list-item\">\n<p class=\"md-end-block md-p\"><span class=\"md-plain\">Exterior: Violeta p\u00e9rola<\/span><\/p>\n<\/li>\n<li class=\"md-list-item\">\n<p class=\"md-end-block md-p\"><span class=\"md-plain\">Anel: P\u00farpura m\u00e1gico<\/span><\/p>\n<\/li>\n<li class=\"md-list-item\">\n<p class=\"md-end-block md-p\"><span class=\"md-plain\">Centro: Fada violeta<\/span><\/p>\n<\/li>\n<\/ul>\n<h3 class=\"md-end-block md-heading\"><span class=\"md-plain\">Adapta\u00e7\u00e3o m\u00e1gica<\/span><\/h3>\n<ul class=\"ul-list\" data-mark=\"-\">\n<li class=\"md-list-item\">\n<p class=\"md-end-block md-p\"><span class=\"md-plain\">Amanhecer: P\u00farpura p\u00e9rola<\/span><\/p>\n<\/li>\n<li class=\"md-list-item\">\n<p class=\"md-end-block md-p\"><span class=\"md-plain\">Meio-dia: Brilho p\u00farpura<\/span><\/p>\n<\/li>\n<li class=\"md-list-item\">\n<p class=\"md-end-block md-p\"><span class=\"md-plain\">Anoitecer: Violeta m\u00e1gico<\/span><\/p>\n<\/li>\n<li class=\"md-list-item\">\n<p class=\"md-end-block md-p\"><span class=\"md-plain\">Noite: Estrela roxa<\/span><\/p>\n<\/li>\n<\/ul>\n<h2 class=\"md-end-block md-heading\"><span class=\"md-plain\">\ud83d\udccb Guia m\u00e1gico<\/span><\/h2>\n<h3 class=\"md-end-block md-heading\"><span class=\"md-plain\">Cuidados com a fantasia<\/span><\/h3>\n<p class=\"md-end-block md-p\"><span class=\"md-plain\">Bom dia:<\/span><\/p>\n<ul class=\"ul-list\" data-mark=\"-\">\n<li class=\"md-list-item\">\n<p class=\"md-end-block md-p\"><span class=\"md-plain\">Ritual m\u00e1gico<\/span><\/p>\n<\/li>\n<li class=\"md-list-item\">\n<p class=\"md-end-block md-p\"><span class=\"md-plain\">Verifica\u00e7\u00e3o de fantasia<\/span><\/p>\n<\/li>\n<li class=\"md-list-item\">\n<p class=\"md-end-block md-p\"><span class=\"md-plain\">Feiti\u00e7o de conforto<\/span><\/p>\n<\/li>\n<\/ul>\n<p class=\"md-end-block md-p\"><span class=\"md-plain\">\u00c0 noite:<\/span><\/p>\n<ul class=\"ul-list\" data-mark=\"-\">\n<li class=\"md-list-item\">\n<p class=\"md-end-block md-p\"><span class=\"md-plain\">Remo\u00e7\u00e3o suave<\/span><\/p>\n<\/li>\n<li class=\"md-list-item\">\n<p class=\"md-end-block md-p\"><span class=\"md-plain\">Limpeza m\u00e1gica<\/span><\/p>\n<\/li>\n<li class=\"md-list-item\">\n<p class=\"md-end-block md-p\"><span class=\"md-plain\">Armazenamento de fantasia<\/span><\/p>\n<\/li>\n<\/ul>\n<h2 class=\"md-end-block md-heading\"><span class=\"md-plain\">\ud83c\udf1f Estilos m\u00e1gicos<\/span><\/h2>\n<h3 class=\"md-end-block md-heading\"><span class=\"md-plain\">Fantasia suave<\/span><\/h3>\n<ul class=\"ul-list\" data-mark=\"-\">\n<li class=\"md-list-item\">\n<p class=\"md-end-block md-p\"><span class=\"md-plain\">P\u00farpura pastel<\/span><\/p>\n<\/li>\n<li class=\"md-list-item\">\n<p class=\"md-end-block md-p\"><span class=\"md-plain\">Brilho de p\u00e9rola<\/span><\/p>\n<\/li>\n<li class=\"md-list-item\">\n<p class=\"md-end-block md-p\"><span class=\"md-plain\">Brilho m\u00e1gico<\/span> <span class=\"md-plain\">Resultado: Encantamento suave<\/span><\/p>\n<\/li>\n<\/ul>\n<h3 class=\"md-end-block md-heading\"><span class=\"md-plain\">Unic\u00f3rnio completo<\/span><\/h3>\n<ul class=\"ul-list\" data-mark=\"-\">\n<li class=\"md-list-item\">\n<p class=\"md-end-block md-p\"><span class=\"md-plain\">Roxo profundo<\/span><\/p>\n<\/li>\n<li class=\"md-list-item\">\n<p class=\"md-end-block md-p\"><span class=\"md-plain\">Brilho m\u00e1gico<\/span><\/p>\n<\/li>\n<li class=\"md-list-item\">\n<p class=\"md-end-block md-p\"><span class=\"md-plain\">Brilho m\u00e1ximo<\/span> <span class=\"md-plain\">Resultado: Pura magia<\/span><\/p>\n<\/li>\n<\/ul>\n<h3 class=\"md-end-block md-heading\"><span class=\"md-plain\">Olhar encantado<\/span><\/h3>\n<ul class=\"ul-list\" data-mark=\"-\">\n<li class=\"md-list-item\">\n<p class=\"md-end-block md-p\"><span class=\"md-plain\">P\u00farpura rico<\/span><\/p>\n<\/li>\n<li class=\"md-list-item\">\n<p class=\"md-end-block md-p\"><span class=\"md-plain\">Reflex\u00f5es sobre a fantasia<\/span><\/p>\n<\/li>\n<li class=\"md-list-item\">\n<p class=\"md-end-block md-p\"><span class=\"md-plain\">Pontos de brilho<\/span> <span class=\"md-plain\">Resultado: Encanto m\u00e1gico<\/span><\/p>\n<\/li>\n<\/ul>\n<h2 class=\"md-end-block md-heading\"><span class=\"md-plain\">Efeitos m\u00e1gicos<\/span><\/h2>\n<h3 class=\"md-end-block md-heading\"><span class=\"md-plain\">Magia da luz<\/span><\/h3>\n<ul class=\"ul-list\" data-mark=\"-\">\n<li class=\"md-list-item\">\n<p class=\"md-end-block md-p\"><span class=\"md-plain\">Reflexos do arco-\u00edris<\/span><\/p>\n<\/li>\n<li class=\"md-list-item\">\n<p class=\"md-end-block md-p\"><span class=\"md-plain\">Brilho de fantasia<\/span><\/p>\n<\/li>\n<li class=\"md-list-item\">\n<p class=\"md-end-block md-p\"><span class=\"md-plain\">Transi\u00e7\u00f5es m\u00e1gicas<\/span><\/p>\n<\/li>\n<li class=\"md-list-item\">\n<p class=\"md-end-block md-p\"><span class=\"md-plain\">Movimento encantado<\/span><\/p>\n<\/li>\n<li class=\"md-list-item\">\n<p class=\"md-end-block md-p\"><span class=\"md-plain\">Profundidade m\u00edstica<\/span><\/p>\n<\/li>\n<\/ul>\n<h3 class=\"md-end-block md-heading\"><span class=\"md-plain\">Dimens\u00f5es da fantasia<\/span><\/h3>\n<ul class=\"ul-list\" data-mark=\"-\">\n<li class=\"md-list-item\">\n<p class=\"md-end-block md-p\"><span class=\"md-plain\">Base m\u00e1gica<\/span><\/p>\n<\/li>\n<li class=\"md-list-item\">\n<p class=\"md-end-block md-p\"><span class=\"md-plain\">Pontos de estrela<\/span><\/p>\n<\/li>\n<li class=\"md-list-item\">\n<p class=\"md-end-block md-p\"><span class=\"md-plain\">Padr\u00f5es de fantasia<\/span><\/p>\n<\/li>\n<li class=\"md-list-item\">\n<p class=\"md-end-block md-p\"><span class=\"md-plain\">Reflexos do unic\u00f3rnio<\/span><\/p>\n<\/li>\n<li class=\"md-list-item\">\n<p class=\"md-end-block md-p\"><span class=\"md-plain\">Adapta\u00e7\u00e3o m\u00e1gica<\/span><\/p>\n<\/li>\n<\/ul>\n<h3 class=\"md-end-block md-heading\"><span class=\"md-plain\">Conforto m\u00e1gico<\/span><\/h3>\n<ul class=\"ul-list\" data-mark=\"-\">\n<li class=\"md-list-item\">\n<p class=\"md-end-block md-p\"><span class=\"md-plain\">Material macio<\/span><\/p>\n<\/li>\n<li class=\"md-list-item\">\n<p class=\"md-end-block md-p\"><span class=\"md-plain\">Roupa de fantasia<\/span><\/p>\n<\/li>\n<li class=\"md-list-item\">\n<p class=\"md-end-block md-p\"><span class=\"md-plain\">Hidrata\u00e7\u00e3o m\u00e1gica<\/span><\/p>\n<\/li>\n<li class=\"md-list-item\">\n<p class=\"md-end-block md-p\"><span class=\"md-plain\">Bordos de fantasia<\/span><\/p>\n<\/li>\n<li class=\"md-list-item\">\n<p class=\"md-end-block md-p\"><span class=\"md-plain\">Toque natural<\/span><\/p>\n<\/li>\n<\/ul>\n<h2 class=\"md-end-block md-heading\"><span class=\"md-plain\">Magia Nocturna<\/span><\/h2>\n<h3 class=\"md-end-block md-heading\"><span class=\"md-plain\">Encantamento noturno<\/span><\/h3>\n<ul class=\"ul-list\" data-mark=\"-\">\n<li class=\"md-list-item\">\n<p class=\"md-end-block md-p\"><span class=\"md-plain\">Roxo melhorado<\/span><\/p>\n<\/li>\n<li class=\"md-list-item\">\n<p class=\"md-end-block md-p\"><span class=\"md-plain\">Reflexos m\u00e1gicos<\/span><\/p>\n<\/li>\n<li class=\"md-list-item\">\n<p class=\"md-end-block md-p\"><span class=\"md-plain\">Brilho de fantasia<\/span> <span class=\"md-plain\">Resultado: Encanto noturno<\/span><\/p>\n<\/li>\n<\/ul>\n<h3 class=\"md-end-block md-heading\"><span class=\"md-plain\">Sonho de unic\u00f3rnio<\/span><\/h3>\n<ul class=\"ul-list\" data-mark=\"-\">\n<li class=\"md-list-item\">\n<p class=\"md-end-block md-p\"><span class=\"md-plain\">Tons profundos<\/span><\/p>\n<\/li>\n<li class=\"md-list-item\">\n<p class=\"md-end-block md-p\"><span class=\"md-plain\">Brilho encantado<\/span><\/p>\n<\/li>\n<li class=\"md-list-item\">\n<p class=\"md-end-block md-p\"><span class=\"md-plain\">Aura m\u00e1gica<\/span> <span class=\"md-plain\">Resultado: Beleza de fantasia<\/span><\/p>\n<\/li>\n<\/ul>\n<p class=\"md-end-block md-p md-focus\"><span class=\"md-pair-s md-expand\"><em><span class=\"md-plain\">Transforme o seu olhar em sonhos m\u00e1gicos de unic\u00f3rnio com as Lentes de Contacto Dreamy Unicorn Purple - onde cada olhar conta uma hist\u00f3ria encantada. \u2728<\/span><\/em><\/span><\/p>","protected":false},"excerpt":{"rendered":"<p>Dreamy Unicorn Purple Contact Lenses &#8211; Enchanted Magic \u2728 Transform your gaze into pure unicorn magic with dreamy purple lenses &#8211; where fantasy becomes reality \ud83c\udf1f Magical Reviews Enchanted Insights &#8220;These lenses create the most magical unicorn gaze imaginable.&#8221; &#8211; Stella R., Fantasy Makeup Artist &#8220;The purple shimmer captures pure unicorn magic in every glance.&#8221; [&#8230;]\n","protected":false},"featured_media":1902,"comment_status":"open","ping_status":"closed","template":"","meta":[],"product_brand":[],"product_cat":[82,92,188,98],"product_tag":[380],"class_list":{"0":"post-1900","1":"product","2":"type-product","3":"status-publish","4":"has-post-thumbnail","6":"product_cat-purple-contact-lenses","7":"product_cat-14-5-mm","8":"product_cat-dream-contacts","9":"product_cat-yearly-disposable","10":"product_tag-purple-contact-lenses","12":"first","13":"instock","14":"sale","15":"shipping-taxable","16":"purchasable","17":"product-type-variable","18":"has-default-attributes"},"_links":{"self":[{"href":"https:\/\/bqeye.com\/pt\/wp-json\/wp\/v2\/product\/1900","targetHints":{"allow":["GET"]}}],"collection":[{"href":"https:\/\/bqeye.com\/pt\/wp-json\/wp\/v2\/product"}],"about":[{"href":"https:\/\/bqeye.com\/pt\/wp-json\/wp\/v2\/types\/product"}],"replies":[{"embeddable":true,"href":"https:\/\/bqeye.com\/pt\/wp-json\/wp\/v2\/comments?post=1900"}],"wp:featuredmedia":[{"embeddable":true,"href":"https:\/\/bqeye.com\/pt\/wp-json\/wp\/v2\/media\/1902"}],"wp:attachment":[{"href":"https:\/\/bqeye.com\/pt\/wp-json\/wp\/v2\/media?parent=1900"}],"wp:term":[{"taxonomy":"product_brand","embeddable":true,"href":"https:\/\/bqeye.com\/pt\/wp-json\/wp\/v2\/product_brand?post=1900"},{"taxonomy":"product_cat","embeddable":true,"href":"https:\/\/bqeye.com\/pt\/wp-json\/wp\/v2\/product_cat?post=1900"},{"taxonomy":"product_tag","embeddable":true,"href":"https:\/\/bqeye.com\/pt\/wp-json\/wp\/v2\/product_tag?post=1900"}],"curies":[{"name":"wp","href":"https:\/\/api.w.org\/{rel}","templated":true}]}}