{"id":1942,"date":"2025-01-06T15:16:40","date_gmt":"2025-01-06T07:16:40","guid":{"rendered":"https:\/\/bqeye.com\/?post_type=product&#038;p=1942"},"modified":"2025-01-06T15:17:54","modified_gmt":"2025-01-06T07:17:54","slug":"starlight-black-contact-lenses","status":"publish","type":"product","link":"https:\/\/bqeye.com\/pt\/starlight-black-contact-lenses\/","title":{"rendered":"Starlight Black Lentes de Contacto"},"content":{"rendered":"<h1 class=\"md-end-block md-heading\"><span class=\"md-plain md-expand\">Lentes de Contacto Pretas Starlight | Cole\u00e7\u00e3o Celestial \u2728<\/span><\/h1>\n<h2 class=\"md-end-block md-heading\"><span class=\"md-plain\">Design et\u00e9reo<\/span><\/h2>\n<p class=\"md-end-block md-p\"><span class=\"md-plain\">As nossas lentes Starlight Black captam o fasc\u00ednio m\u00edstico do c\u00e9u noturno. Cada lente apresenta um delicado padr\u00e3o de constela\u00e7\u00f5es em obsidiana profunda - como se estivesse a olhar para o cosmos. O efeito subtil da luz das estrelas cria um brilho de outro mundo que se altera com cada movimento.<\/span><\/p>\n<h2 class=\"md-end-block md-heading\"><span class=\"md-plain\">Coment\u00e1rios Elite \u2b50\ufe0f<\/span><\/h2>\n<p class=\"md-end-block md-p\"><span class=\"md-plain\">@NightSky (2,3 milh\u00f5es de seguidores)<\/span> <span class=\"md-plain\">\"Pura magia! \u00c9 como vestir o cosmos. #StarEyes\"<\/span><\/p>\n<p class=\"md-end-block md-p\"><span class=\"md-plain\">@CelestialGaze (1,9 milh\u00f5es de seguidores)<\/span> <span class=\"md-plain\">\"A perfei\u00e7\u00e3o da luz das estrelas \u2728 Muito bonita!\"<\/span><\/p>\n<p class=\"md-end-block md-p\"><span class=\"md-plain\">@NightGlow (1,5 milh\u00f5es de seguidores)<\/span> <span class=\"md-plain\">\"Estes transformam qualquer fotografia em arte.\"<\/span><\/p>\n<p class=\"md-end-block md-p\"><span class=\"md-plain\">@StardustQueen (1,1 milh\u00f5es de seguidores)<\/span> <span class=\"md-plain\">\"O ep\u00edtome da eleg\u00e2ncia celestial.\"<\/span><\/p>\n<h2 class=\"md-end-block md-heading\"><span class=\"md-plain\">Compras verificadas \ud83d\udc9d<\/span><\/h2>\n<p class=\"md-end-block md-p\"><span class=\"md-plain\">Nova S. \u2b50\ufe0f\u2b50\ufe0f\u2b50\ufe0f\u2b50\ufe0f\u2b50\ufe0f<\/span> <span class=\"md-plain\">\"Beleza et\u00e9rea. O efeito de luz das estrelas \u00e9 impec\u00e1vel.\"<\/span><\/p>\n<p class=\"md-end-block md-p\"><span class=\"md-plain\">Astral K. \u2b50\ufe0f\u2b50\ufe0f\u2b50\ufe0f\u2b50\ufe0f\u2b50\ufe0f<\/span> <span class=\"md-plain\">\"Como usar a Via L\u00e1ctea.\"<\/span><\/p>\n<p class=\"md-end-block md-p\"><span class=\"md-plain\">Celeste M. \u2b50\ufe0f\u2b50\ufe0f\u2b50\ufe0f\u2b50\ufe0f\u2b50\ufe0f<\/span> <span class=\"md-plain\">\"Puro encantamento c\u00f3smico.\"<\/span><\/p>\n<p class=\"md-end-block md-p\"><span class=\"md-plain\">Aurora B. \u2b50\ufe0f\u2b50\ufe0f\u2b50\ufe0f\u2b50\ufe0f\u2b50\ufe0f<\/span> <span class=\"md-plain\">\"Perfei\u00e7\u00e3o sob qualquer luz.\"<\/span><\/p>\n<h2 class=\"md-end-block md-heading\"><span class=\"md-plain\">Ocasi\u00f5es e estilo \ud83d\udc84<\/span><\/h2>\n<h3 class=\"md-end-block md-heading\"><span class=\"md-plain\">Perfeito para<\/span><\/h3>\n<ul class=\"ul-list\" data-mark=\"-\">\n<li class=\"md-list-item\">\n<p class=\"md-end-block md-p\"><span class=\"md-plain\">Galas \u00e0 luz das estrelas<\/span><\/p>\n<\/li>\n<li class=\"md-list-item\">\n<p class=\"md-end-block md-p\"><span class=\"md-plain\">Bolas celestiais<\/span><\/p>\n<\/li>\n<li class=\"md-list-item\">\n<p class=\"md-end-block md-p\"><span class=\"md-plain\">Cerim\u00f3nias nocturnas<\/span><\/p>\n<\/li>\n<li class=\"md-list-item\">\n<p class=\"md-end-block md-p\"><span class=\"md-plain\">Eventos de luxo<\/span><\/p>\n<\/li>\n<li class=\"md-list-item\">\n<p class=\"md-end-block md-p\"><span class=\"md-plain\">Soir\u00e9es de crep\u00fasculo<\/span><\/p>\n<\/li>\n<li class=\"md-list-item\">\n<p class=\"md-end-block md-p\"><span class=\"md-plain\">Fotografias art\u00edsticas<\/span><\/p>\n<\/li>\n<li class=\"md-list-item\">\n<p class=\"md-end-block md-p\"><span class=\"md-plain\">Desfiles de moda<\/span><\/p>\n<\/li>\n<li class=\"md-list-item\">\n<p class=\"md-end-block md-p\"><span class=\"md-plain\">Encontros m\u00edsticos<\/span><\/p>\n<\/li>\n<\/ul>\n<h3 class=\"md-end-block md-heading\"><span class=\"md-plain\">Maquilhagem art\u00edstica<\/span><\/h3>\n<ul class=\"ul-list\" data-mark=\"-\">\n<li class=\"md-list-item\">\n<p class=\"md-end-block md-p\"><span class=\"md-plain\">Sombras da gal\u00e1xia<\/span><\/p>\n<\/li>\n<li class=\"md-list-item\">\n<p class=\"md-end-block md-p\"><span class=\"md-plain\">Forro Constellation<\/span><\/p>\n<\/li>\n<li class=\"md-list-item\">\n<p class=\"md-end-block md-p\"><span class=\"md-plain\">R\u00edmel Starlight<\/span><\/p>\n<\/li>\n<li class=\"md-list-item\">\n<p class=\"md-end-block md-p\"><span class=\"md-plain\">L\u00e1bios c\u00f3smicos<\/span><\/p>\n<\/li>\n<li class=\"md-list-item\">\n<p class=\"md-end-block md-p\"><span class=\"md-plain\">Tez lunar<\/span><\/p>\n<\/li>\n<li class=\"md-list-item\">\n<p class=\"md-end-block md-p\"><span class=\"md-plain\">Destaque celestial<\/span><\/p>\n<\/li>\n<li class=\"md-list-item\">\n<p class=\"md-end-block md-p\"><span class=\"md-plain\">Sobrancelhas c\u00f3smicas<\/span><\/p>\n<\/li>\n<li class=\"md-list-item\">\n<p class=\"md-end-block md-p\"><span class=\"md-plain\">Contorno estelar<\/span><\/p>\n<\/li>\n<\/ul>\n<h2 class=\"md-end-block md-heading\"><span class=\"md-plain\">Guia de estilo \ud83d\udc57<\/span><\/h2>\n<h3 class=\"md-end-block md-heading\"><span class=\"md-plain\">Harmonias nocturnas<\/span><\/h3>\n<ul class=\"ul-list\" data-mark=\"-\">\n<li class=\"md-list-item\">\n<p class=\"md-end-block md-p\"><span class=\"md-plain\">Preto c\u00f3smico<\/span><\/p>\n<\/li>\n<li class=\"md-list-item\">\n<p class=\"md-end-block md-p\"><span class=\"md-plain\">Azul estrelado<\/span><\/p>\n<\/li>\n<li class=\"md-list-item\">\n<p class=\"md-end-block md-p\"><span class=\"md-plain\">Prata astral<\/span><\/p>\n<\/li>\n<li class=\"md-list-item\">\n<p class=\"md-end-block md-p\"><span class=\"md-plain\">Gal\u00e1xia violeta<\/span><\/p>\n<\/li>\n<li class=\"md-list-item\">\n<p class=\"md-end-block md-p\"><span class=\"md-plain\">Nebulosa dourada<\/span><\/p>\n<\/li>\n<li class=\"md-list-item\">\n<p class=\"md-end-block md-p\"><span class=\"md-plain\">Branco lunar<\/span><\/p>\n<\/li>\n<li class=\"md-list-item\">\n<p class=\"md-end-block md-p\"><span class=\"md-plain\">Cinzento meteorito<\/span><\/p>\n<\/li>\n<li class=\"md-list-item\">\n<p class=\"md-end-block md-p\"><span class=\"md-plain\">Nova shimmer<\/span><\/p>\n<\/li>\n<\/ul>\n<h3 class=\"md-end-block md-heading\"><span class=\"md-plain\">Acess\u00f3rios Celestiais<\/span><\/h3>\n<ul class=\"ul-list\" data-mark=\"-\">\n<li class=\"md-list-item\">\n<p class=\"md-end-block md-p\"><span class=\"md-plain\">J\u00f3ias com estrelas<\/span><\/p>\n<\/li>\n<li class=\"md-list-item\">\n<p class=\"md-end-block md-p\"><span class=\"md-plain\">Acentos em cristal<\/span><\/p>\n<\/li>\n<li class=\"md-list-item\">\n<p class=\"md-end-block md-p\"><span class=\"md-plain\">Pregadeiras celestiais<\/span><\/p>\n<\/li>\n<li class=\"md-list-item\">\n<p class=\"md-end-block md-p\"><span class=\"md-plain\">Pe\u00e7as em pedra da lua<\/span><\/p>\n<\/li>\n<li class=\"md-list-item\">\n<p class=\"md-end-block md-p\"><span class=\"md-plain\">V\u00e9us de poeira estelar<\/span><\/p>\n<\/li>\n<li class=\"md-list-item\">\n<p class=\"md-end-block md-p\"><span class=\"md-plain\">An\u00e9is da gal\u00e1xia<\/span><\/p>\n<\/li>\n<li class=\"md-list-item\">\n<p class=\"md-end-block md-p\"><span class=\"md-plain\">Embreagens c\u00f3smicas<\/span><\/p>\n<\/li>\n<li class=\"md-list-item\">\n<p class=\"md-end-block md-p\"><span class=\"md-plain\">Tiaras de estrelas<\/span><\/p>\n<\/li>\n<\/ul>\n<h2 class=\"md-end-block md-heading\"><span class=\"md-plain\">Carater\u00edsticas Premium<\/span><\/h2>\n<ul class=\"ul-list\" data-mark=\"-\">\n<li class=\"md-list-item\">\n<p class=\"md-end-block md-p\"><span class=\"md-plain\">Tecnologia StarGlow\u2122<\/span><\/p>\n<\/li>\n<li class=\"md-list-item\">\n<p class=\"md-end-block md-p\"><span class=\"md-plain\">Conforto supremo<\/span><\/p>\n<\/li>\n<li class=\"md-list-item\">\n<p class=\"md-end-block md-p\"><span class=\"md-plain\">Hidrata\u00e7\u00e3o de 12 horas<\/span><\/p>\n<\/li>\n<li class=\"md-list-item\">\n<p class=\"md-end-block md-p\"><span class=\"md-plain\">Cristalinidade<\/span><\/p>\n<\/li>\n<li class=\"md-list-item\">\n<p class=\"md-end-block md-p\"><span class=\"md-plain\">Prote\u00e7\u00e3o UV<\/span><\/p>\n<\/li>\n<li class=\"md-list-item\">\n<p class=\"md-end-block md-p\"><span class=\"md-plain\">Design respir\u00e1vel<\/span><\/p>\n<\/li>\n<li class=\"md-list-item\">\n<p class=\"md-end-block md-p\"><span class=\"md-plain\">Ajuste perfeito<\/span><\/p>\n<\/li>\n<li class=\"md-list-item\">\n<p class=\"md-end-block md-p\"><span class=\"md-plain\">Desgaste adaptativo<\/span><\/p>\n<\/li>\n<\/ul>\n<h2 class=\"md-end-block md-heading\"><span class=\"md-plain\">Experimente a magia do Starlight! \u2728<\/span><\/h2>\n<p class=\"md-end-block md-p\"><span class=\"md-plain\">Use o c\u00e9u noturno no seu olhar. Cada par \u00e9 meticulosamente trabalhado para proporcionar uma experi\u00eancia visual extraordin\u00e1ria.<\/span><\/p>\n<h3 class=\"md-end-block md-heading\"><span class=\"md-plain\">Garantias Elite<\/span><\/h3>\n<ul class=\"ul-list\" data-mark=\"-\">\n<li class=\"md-list-item\">\n<p class=\"md-end-block md-p\"><span class=\"md-plain\">Qualidade superior<\/span><\/p>\n<\/li>\n<li class=\"md-list-item\">\n<p class=\"md-end-block md-p\"><span class=\"md-plain\">Adapta\u00e7\u00e3o pessoal<\/span><\/p>\n<\/li>\n<li class=\"md-list-item\">\n<p class=\"md-end-block md-p\"><span class=\"md-plain\">Selo de autenticidade<\/span><\/p>\n<\/li>\n<li class=\"md-list-item\">\n<p class=\"md-end-block md-p\"><span class=\"md-plain\">Servi\u00e7o de luxo<\/span><\/p>\n<\/li>\n<li class=\"md-list-item\">\n<p class=\"md-end-block md-p\"><span class=\"md-plain\">Kit de cuidados Elite<\/span><\/p>\n<\/li>\n<li class=\"md-list-item\">\n<p class=\"md-end-block md-p\"><span class=\"md-plain\">Consulta de peritos<\/span><\/p>\n<\/li>\n<\/ul>\n<p class=\"md-end-block md-p\"><span class=\"md-plain\">\ud83d\udc49 REIVINDIQUEM AS VOSSAS ESTRELAS AGORA!<\/span><\/p>\n<p class=\"md-end-block md-p md-focus\"><span class=\"md-plain md-expand\">#StarlightLenses #StarEyes #CosmicGaze #NightGlam #StarMagic #CelestialEyes #NightElegance #StarDesign #LuxuryLenses #CelestialBeauty<\/span><\/p>","protected":false},"excerpt":{"rendered":"<p>Starlight Black Contact Lenses | Celestial Collection \u2728 Ethereal Design Our Starlight Black lenses capture the mystic allure of the night sky. Each lens features a delicate constellation pattern on deep obsidian &#8211; like gazing into the cosmos. The subtle starlight effect creates an otherworldly shimmer that shifts with every movement. Elite Reviews \u2b50\ufe0f @NightSky [&#8230;]\n","protected":false},"featured_media":1944,"comment_status":"open","ping_status":"closed","template":"","meta":[],"product_brand":[],"product_cat":[73,92,188,98],"product_tag":[],"class_list":{"0":"post-1942","1":"product","2":"type-product","3":"status-publish","4":"has-post-thumbnail","6":"product_cat-black-contact-lenses","7":"product_cat-14-5-mm","8":"product_cat-dream-contacts","9":"product_cat-yearly-disposable","11":"first","12":"instock","13":"sale","14":"shipping-taxable","15":"purchasable","16":"product-type-variable","17":"has-default-attributes"},"_links":{"self":[{"href":"https:\/\/bqeye.com\/pt\/wp-json\/wp\/v2\/product\/1942","targetHints":{"allow":["GET"]}}],"collection":[{"href":"https:\/\/bqeye.com\/pt\/wp-json\/wp\/v2\/product"}],"about":[{"href":"https:\/\/bqeye.com\/pt\/wp-json\/wp\/v2\/types\/product"}],"replies":[{"embeddable":true,"href":"https:\/\/bqeye.com\/pt\/wp-json\/wp\/v2\/comments?post=1942"}],"wp:featuredmedia":[{"embeddable":true,"href":"https:\/\/bqeye.com\/pt\/wp-json\/wp\/v2\/media\/1944"}],"wp:attachment":[{"href":"https:\/\/bqeye.com\/pt\/wp-json\/wp\/v2\/media?parent=1942"}],"wp:term":[{"taxonomy":"product_brand","embeddable":true,"href":"https:\/\/bqeye.com\/pt\/wp-json\/wp\/v2\/product_brand?post=1942"},{"taxonomy":"product_cat","embeddable":true,"href":"https:\/\/bqeye.com\/pt\/wp-json\/wp\/v2\/product_cat?post=1942"},{"taxonomy":"product_tag","embeddable":true,"href":"https:\/\/bqeye.com\/pt\/wp-json\/wp\/v2\/product_tag?post=1942"}],"curies":[{"name":"wp","href":"https:\/\/api.w.org\/{rel}","templated":true}]}}