{"id":1985,"date":"2025-01-08T10:08:36","date_gmt":"2025-01-08T02:08:36","guid":{"rendered":"https:\/\/bqeye.com\/?post_type=product&#038;p=1985"},"modified":"2025-01-08T10:10:29","modified_gmt":"2025-01-08T02:10:29","slug":"starry-night-galaxy-blue-contact-lenses","status":"publish","type":"product","link":"https:\/\/bqeye.com\/pt\/starry-night-galaxy-blue-contact-lenses\/","title":{"rendered":"Starry Night Galaxy Blue Lentes de Contacto"},"content":{"rendered":"<h1 class=\"md-end-block md-heading\"><span class=\"md-plain md-expand\">Lentes de contacto azuis Galaxy Starry Night: Encantamento C\u00f3smico<\/span><\/h1>\n<h2 class=\"md-end-block md-heading\"><span class=\"md-plain\">\ud83d\udcab Inspira\u00e7\u00e3o de design<\/span><\/h2>\n<p class=\"md-end-block md-p\"><span class=\"md-plain\">Estas lentes Galaxy Blue captam o mist\u00e9rio encantador das noites estreladas. O design \u00fanico reflecte a beleza et\u00e9rea da Via L\u00e1ctea, combinando azuis celestiais profundos com cintila\u00e7\u00f5es prateadas dispersas que evocam estrelas cintilantes. Os padr\u00f5es cristalinos criam efeitos de profundidade hipnotizantes, como nebulosas distantes, enquanto os destaques iridescentes dan\u00e7am como a aurora boreal num c\u00e9u \u00e0 meia-noite. O design intrincado faz uma transi\u00e7\u00e3o perfeita do azul espacial profundo para o prateado c\u00f3smico, criando um olhar de outro mundo que muda com cada \u00e2ngulo de luz.<\/span><\/p>\n<h2 class=\"md-end-block md-heading\"><span class=\"md-plain\">\ud83c\udf1f Avalia\u00e7\u00f5es de influenciadores<\/span><\/h2>\n<p class=\"md-end-block md-p\"><span class=\"md-plain\">@StarGazer (2,8 milh\u00f5es de seguidores):<\/span> <span class=\"md-plain\">\"Estas lentes transformam os seus olhos em verdadeiras gal\u00e1xias - pura magia! \u2728\"<\/span><\/p>\n<p class=\"md-end-block md-p\"><span class=\"md-plain\">@CosmicBeauty (2,6 milh\u00f5es de seguidores):<\/span> <span class=\"md-plain\">\"\u00c9 como ter o universo nos olhos! Perfeito para noites m\u00edsticas! \ud83c\udf0c\"<\/span><\/p>\n<p class=\"md-end-block md-p\"><span class=\"md-plain\">@NightSkyGlow (2,4 milh\u00f5es de seguidores):<\/span> <span class=\"md-plain\">\"As lentes mais encantadoras que j\u00e1 usei - pura beleza celestial! \ud83d\udcab\"<\/span><\/p>\n<h2 class=\"md-end-block md-heading\"><span class=\"md-plain\">\ud83d\udc40 Experi\u00eancias do utilizador<\/span><\/h2>\n<p class=\"md-end-block md-p\"><span class=\"md-plain\">Sophia R. \u2b50\ufe0f\u2b50\ufe0f\u2b50\ufe0f\u2b50\ufe0f\u2b50\ufe0f<\/span> <span class=\"md-plain\">\"O efeito de gal\u00e1xia \u00e9 de cortar a respira\u00e7\u00e3o e muda lindamente com diferentes luzes!\"<\/span><\/p>\n<p class=\"md-end-block md-p\"><span class=\"md-plain\">Luna M. \u2b50\ufe0f\u2b50\ufe0f\u2b50\ufe0f\u2b50\ufe0f\u2b50\ufe0f<\/span> <span class=\"md-plain\">\"Estas lentes s\u00e3o m\u00e1gicas para eventos noturnos! \ud83c\udf1f\"<\/span><\/p>\n<p class=\"md-end-block md-p\"><span class=\"md-plain\">Aurora K. \u2b50\ufe0f\u2b50\ufe0f\u2b50\ufe0f\u2b50\ufe0f\u2b50\ufe0f<\/span> <span class=\"md-plain\">\"Incrivelmente confort\u00e1vel com um toque c\u00f3smico \u00fanico! \ud83c\udf20\"<\/span><\/p>\n<h2 class=\"md-end-block md-heading\"><span class=\"md-plain\">\ud83c\udfad Ocasi\u00f5es perfeitas<\/span><\/h2>\n<h3 class=\"md-end-block md-heading\"><span class=\"md-plain\">Di\u00e1rio M\u00edstico<\/span><\/h3>\n<ul class=\"ul-list\" data-mark=\"-\">\n<li class=\"md-list-item\">\n<p class=\"md-end-block md-p\"><span class=\"md-plain\">Eventos noturnos<\/span><\/p>\n<\/li>\n<li class=\"md-list-item\">\n<p class=\"md-end-block md-p\"><span class=\"md-plain\">Jantares rom\u00e2nticos<\/span><\/p>\n<\/li>\n<li class=\"md-list-item\">\n<p class=\"md-end-block md-p\"><span class=\"md-plain\">Festivais noturnos<\/span><\/p>\n<\/li>\n<li class=\"md-list-item\">\n<p class=\"md-end-block md-p\"><span class=\"md-plain\">Passeios culturais<\/span><\/p>\n<\/li>\n<\/ul>\n<h3 class=\"md-end-block md-heading\"><span class=\"md-plain\">Momentos especiais<\/span><\/h3>\n<ul class=\"ul-list\" data-mark=\"-\">\n<li class=\"md-list-item\">\n<p class=\"md-end-block md-p\"><span class=\"md-plain\">Festas tem\u00e1ticas<\/span><\/p>\n<\/li>\n<li class=\"md-list-item\">\n<p class=\"md-end-block md-p\"><span class=\"md-plain\">Eventos de observa\u00e7\u00e3o de estrelas<\/span><\/p>\n<\/li>\n<li class=\"md-list-item\">\n<p class=\"md-end-block md-p\"><span class=\"md-plain\">Sess\u00f5es fotogr\u00e1ficas<\/span><\/p>\n<\/li>\n<li class=\"md-list-item\">\n<p class=\"md-end-block md-p\"><span class=\"md-plain\">Celebra\u00e7\u00f5es m\u00edsticas<\/span><\/p>\n<\/li>\n<\/ul>\n<h3 class=\"md-end-block md-heading\"><span class=\"md-plain\">Combina\u00e7\u00f5es de beleza<\/span><\/h3>\n<ul class=\"ul-list\" data-mark=\"-\">\n<li class=\"md-list-item\">\n<p class=\"md-end-block md-p\"><span class=\"md-plain\">Olho esfumado iluminado por estrelas<\/span><\/p>\n<\/li>\n<li class=\"md-list-item\">\n<p class=\"md-end-block md-p\"><span class=\"md-plain\">Marcador gal\u00e1ctico<\/span><\/p>\n<\/li>\n<li class=\"md-list-item\">\n<p class=\"md-end-block md-p\"><span class=\"md-plain\">Tez ao luar<\/span><\/p>\n<\/li>\n<li class=\"md-list-item\">\n<p class=\"md-end-block md-p\"><span class=\"md-plain\">Brilho celestial<\/span><\/p>\n<\/li>\n<\/ul>\n<h2 class=\"md-end-block md-heading\"><span class=\"md-plain\">\ud83d\udc57 Guia de estilo<\/span><\/h2>\n<h3 class=\"md-end-block md-heading\"><span class=\"md-plain\">\"O Olhar da Gal\u00e1xia\"<\/span><\/h3>\n<ul class=\"ul-list\" data-mark=\"-\">\n<li class=\"md-list-item\">\n<p class=\"md-end-block md-p\"><span class=\"md-plain\">Azul noite profundo<\/span><\/p>\n<\/li>\n<li class=\"md-list-item\">\n<p class=\"md-end-block md-p\"><span class=\"md-plain\">Brilhos estelares<\/span><\/p>\n<\/li>\n<li class=\"md-list-item\">\n<p class=\"md-end-block md-p\"><span class=\"md-plain\">Reflexos c\u00f3smicos<\/span><\/p>\n<\/li>\n<li class=\"md-list-item\">\n<p class=\"md-end-block md-p\"><span class=\"md-plain\">Tons celestiais<\/span><\/p>\n<\/li>\n<\/ul>\n<h3 class=\"md-end-block md-heading\"><span class=\"md-plain\">Combina\u00e7\u00f5es perfeitas<\/span><\/h3>\n<ul class=\"ul-list\" data-mark=\"-\">\n<li class=\"md-list-item\">\n<p class=\"md-end-block md-p\"><span class=\"md-plain\">J\u00f3ias de constela\u00e7\u00e3o<\/span><\/p>\n<\/li>\n<li class=\"md-list-item\">\n<p class=\"md-end-block md-p\"><span class=\"md-plain\">Cristais m\u00edsticos<\/span><\/p>\n<\/li>\n<li class=\"md-list-item\">\n<p class=\"md-end-block md-p\"><span class=\"md-plain\">Seda de noite estrelada<\/span><\/p>\n<\/li>\n<li class=\"md-list-item\">\n<p class=\"md-end-block md-p\"><span class=\"md-plain\">Acentos hologr\u00e1ficos<\/span><\/p>\n<\/li>\n<\/ul>\n<h3 class=\"md-end-block md-heading\"><span class=\"md-plain\">Magia sazonal<\/span><\/h3>\n<ul class=\"ul-list\" data-mark=\"-\">\n<li class=\"md-list-item\">\n<p class=\"md-end-block md-p\"><span class=\"md-plain\">ver\u00e3o: Brisa nocturna<\/span><\/p>\n<\/li>\n<li class=\"md-list-item\">\n<p class=\"md-end-block md-p\"><span class=\"md-plain\">outono: Crep\u00fasculo m\u00edstico<\/span><\/p>\n<\/li>\n<li class=\"md-list-item\">\n<p class=\"md-end-block md-p\"><span class=\"md-plain\">primavera: Brilho de aurora<\/span><\/p>\n<\/li>\n<li class=\"md-list-item\">\n<p class=\"md-end-block md-p\"><span class=\"md-plain\">O inverno: Gal\u00e1xia congelada<\/span><\/p>\n<\/li>\n<\/ul>\n<h2 class=\"md-end-block md-heading\"><span class=\"md-plain\">Seguran\u00e7a e conforto<\/span><\/h2>\n<p class=\"md-end-block md-p\"><span class=\"md-plain\">Certifica\u00e7\u00e3o CE e FDA para experi\u00eancias c\u00f3smicas confort\u00e1veis.<\/span><\/p>\n<h2 class=\"md-end-block md-heading\"><span class=\"md-plain\">\ud83d\udcab Experimenta Magia Estelar!<\/span><\/h2>\n<p class=\"md-end-block md-p\"><span class=\"md-plain\">Transforme o seu olhar num portal para as estrelas!<\/span><\/p>\n<p class=\"md-end-block md-p md-focus\"><span class=\"md-plain md-expand\">#StarryNight #GalaxyLenses #CosmicBeauty #StarGaze #NightStyle<\/span><\/p>","protected":false},"excerpt":{"rendered":"<p>\u2728 Starry Night Galaxy Blue Contact Lenses: Cosmic Enchantment \ud83d\udcab Design Inspiration These Galaxy Blue lenses capture the enchanting mystery of starlit nights. The unique design mirrors the Milky Way&#8217;s ethereal beauty, combining deep celestial blues with scattered silver sparkles that evoke twinkling stars. Crystalline patterns create mesmerizing depth effects like distant nebulae, while iridescent [&#8230;]\n","protected":false},"featured_media":1988,"comment_status":"open","ping_status":"closed","template":"","meta":[],"product_brand":[],"product_cat":[75,92,188,98],"product_tag":[],"class_list":{"0":"post-1985","1":"product","2":"type-product","3":"status-publish","4":"has-post-thumbnail","6":"product_cat-blue-contact-lenses","7":"product_cat-14-5-mm","8":"product_cat-dream-contacts","9":"product_cat-yearly-disposable","11":"first","12":"instock","13":"sale","14":"shipping-taxable","15":"purchasable","16":"product-type-variable","17":"has-default-attributes"},"_links":{"self":[{"href":"https:\/\/bqeye.com\/pt\/wp-json\/wp\/v2\/product\/1985","targetHints":{"allow":["GET"]}}],"collection":[{"href":"https:\/\/bqeye.com\/pt\/wp-json\/wp\/v2\/product"}],"about":[{"href":"https:\/\/bqeye.com\/pt\/wp-json\/wp\/v2\/types\/product"}],"replies":[{"embeddable":true,"href":"https:\/\/bqeye.com\/pt\/wp-json\/wp\/v2\/comments?post=1985"}],"wp:featuredmedia":[{"embeddable":true,"href":"https:\/\/bqeye.com\/pt\/wp-json\/wp\/v2\/media\/1988"}],"wp:attachment":[{"href":"https:\/\/bqeye.com\/pt\/wp-json\/wp\/v2\/media?parent=1985"}],"wp:term":[{"taxonomy":"product_brand","embeddable":true,"href":"https:\/\/bqeye.com\/pt\/wp-json\/wp\/v2\/product_brand?post=1985"},{"taxonomy":"product_cat","embeddable":true,"href":"https:\/\/bqeye.com\/pt\/wp-json\/wp\/v2\/product_cat?post=1985"},{"taxonomy":"product_tag","embeddable":true,"href":"https:\/\/bqeye.com\/pt\/wp-json\/wp\/v2\/product_tag?post=1985"}],"curies":[{"name":"wp","href":"https:\/\/api.w.org\/{rel}","templated":true}]}}