{"id":2026,"date":"2025-01-08T20:28:47","date_gmt":"2025-01-08T12:28:47","guid":{"rendered":"https:\/\/bqeye.com\/?post_type=product&#038;p=2026"},"modified":"2025-01-08T20:29:43","modified_gmt":"2025-01-08T12:29:43","slug":"camden-jade-contact-lenses","status":"publish","type":"product","link":"https:\/\/bqeye.com\/pt\/camden-jade-contact-lenses\/","title":{"rendered":"Lentes de Contacto Camden Jade"},"content":{"rendered":"<h1 class=\"md-end-block md-heading\"><span class=\"md-plain md-expand\">Lentes de Contacto Camden Jade: O chique urbano encontra a beleza natural \ud83c\udf3f<\/span><\/h1>\n<h2 class=\"md-end-block md-heading\"><span class=\"md-plain\">Inspira\u00e7\u00e3o de design e hist\u00f3ria de cores<\/span><\/h2>\n<p class=\"md-end-block md-p\"><span class=\"md-plain\">Estes <\/span><span class=\"md-pair-s\"><strong><span class=\"md-plain\">Lentes de Contacto Camden Jade<\/span><\/strong><\/span><span class=\"md-plain\"> misturam a sofistica\u00e7\u00e3o urbana de Londres com o fasc\u00ednio intemporal da pedra jade. Com um padr\u00e3o \u00fanico inspirado no esp\u00edrito ecl\u00e9tico do Mercado de Camden, cada lente combina tons profundos de jade com subtis tons de esmeralda. O design cria um equil\u00edbrio perfeito entre o marcante e o sofisticado, ideal para os criadores de tend\u00eancias modernos.<\/span><\/p>\n<h2 class=\"md-end-block md-heading\"><span class=\"md-plain\">Avalia\u00e7\u00f5es de influenciadores<\/span><\/h2>\n<p class=\"md-end-block md-p\"><span class=\"md-plain\">@LondonStyle (1,9 milh\u00f5es de seguidores): \"Estes <\/span><span class=\"md-pair-s\"><strong><span class=\"md-plain\">As lentes de contacto Camden Jade s\u00e3o perfeitas para sess\u00f5es fotogr\u00e1ficas de street style<\/span><\/strong><\/span><span class=\"md-plain\"> - captam aquele toque ic\u00f3nico de Londres! \ud83d\udc9a\"<\/span><\/p>\n<p class=\"md-end-block md-p\"><span class=\"md-plain\">@UrbanGlow (1,3 milh\u00f5es de seguidores): \"O <\/span><span class=\"md-pair-s\"><strong><span class=\"md-plain\">As lentes de contacto Camden Jade d\u00e3o um toque de personalidade aos meus looks editoriais<\/span><\/strong><\/span><span class=\"md-plain\"> - absolutamente deslumbrante! \u2728\"<\/span><\/p>\n<p class=\"md-end-block md-p\"><span class=\"md-plain\">@CityChic (880K seguidores): \"Durante a semana da moda, estes <\/span><span class=\"md-pair-s\"><strong><span class=\"md-plain\">As lentes Camden Jade chamam a aten\u00e7\u00e3o<\/span><\/strong><\/span><span class=\"md-plain\"> - pura atitude londrina! \ud83c\udf1f\"<\/span><\/p>\n<h2 class=\"md-end-block md-heading\"><span class=\"md-plain\">Experi\u00eancias reais de clientes<\/span><\/h2>\n<p class=\"md-end-block md-p\"><span class=\"md-plain\">\"Estes <\/span><span class=\"md-pair-s\"><strong><span class=\"md-plain\">As lentes de contacto Camden Jade s\u00e3o fant\u00e1sticas durante as reuni\u00f5es criativas<\/span><\/strong><\/span><span class=\"md-plain\">, perfeito para os eventos da minha galeria de arte! \ud83c\udfa8\"<\/span><\/p>\n<p class=\"md-end-block md-p\"><span class=\"md-plain\">O <\/span><span class=\"md-pair-s\"><strong><span class=\"md-plain\">As lentes de contacto Camden Jade d\u00e3o um toque especial \u00e0 minha fotografia de rua<\/span><\/strong><\/span><span class=\"md-plain\"> - totalmente transformador! \ud83d\udcf8\"<\/span><\/p>\n<p class=\"md-end-block md-p\"><span class=\"md-plain\">\"Adoro a forma como estes <\/span><span class=\"md-pair-s\"><strong><span class=\"md-plain\">As lentes Camden Jade marcam a diferen\u00e7a nos locais de m\u00fasica<\/span><\/strong><\/span><span class=\"md-plain\"> - t\u00e3o singularmente londrina! \ud83c\udfb8\"<\/span><\/p>\n<h2 class=\"md-end-block md-heading\"><span class=\"md-plain\">Ocasi\u00f5es perfeitas<\/span><\/h2>\n<h3 class=\"md-end-block md-heading\"><span class=\"md-plain\">Aventuras urbanas<\/span><\/h3>\n<ul class=\"ul-list\" data-mark=\"-\">\n<li class=\"md-list-item\">\n<p class=\"md-end-block md-p\"><span class=\"md-plain\">Inaugura\u00e7\u00f5es de galerias<\/span><\/p>\n<\/li>\n<li class=\"md-list-item\">\n<p class=\"md-end-block md-p\"><span class=\"md-plain\">Festivais de m\u00fasica<\/span><\/p>\n<\/li>\n<li class=\"md-list-item\">\n<p class=\"md-end-block md-p\"><span class=\"md-plain\">Mercados de rua<\/span><\/p>\n<\/li>\n<\/ul>\n<h3 class=\"md-end-block md-heading\"><span class=\"md-plain\">Defini\u00e7\u00f5es profissionais<\/span><\/h3>\n<ul class=\"ul-list\" data-mark=\"-\">\n<li class=\"md-list-item\">\n<p class=\"md-end-block md-p\"><span class=\"md-plain\">Reuni\u00f5es criativas<\/span><\/p>\n<\/li>\n<li class=\"md-list-item\">\n<p class=\"md-end-block md-p\"><span class=\"md-plain\">Eventos de moda<\/span><\/p>\n<\/li>\n<li class=\"md-list-item\">\n<p class=\"md-end-block md-p\"><span class=\"md-plain\">Presen\u00e7a nos meios de comunica\u00e7\u00e3o social<\/span><\/p>\n<\/li>\n<\/ul>\n<h2 class=\"md-end-block md-heading\"><span class=\"md-plain\">Guia de combina\u00e7\u00e3o de maquilhagem<\/span><\/h2>\n<h3 class=\"md-end-block md-heading\"><span class=\"md-plain\">Look urbano de dia<\/span><\/h3>\n<ul class=\"ul-list\" data-mark=\"-\">\n<li class=\"md-list-item\">\n<p class=\"md-end-block md-p\"><span class=\"md-plain\">Pele fresca<\/span><\/p>\n<\/li>\n<li class=\"md-list-item\">\n<p class=\"md-end-block md-p\"><span class=\"md-plain\">Acentos met\u00e1licos<\/span><\/p>\n<\/li>\n<li class=\"md-list-item\">\n<p class=\"md-end-block md-p\"><span class=\"md-plain\">Sobrancelhas arrojadas<\/span><\/p>\n<\/li>\n<\/ul>\n<h3 class=\"md-end-block md-heading\"><span class=\"md-plain\">Cena nocturna<\/span><\/h3>\n<ul class=\"ul-list\" data-mark=\"-\">\n<li class=\"md-list-item\">\n<p class=\"md-end-block md-p\"><span class=\"md-plain\">Revestimento gr\u00e1fico<\/span><\/p>\n<\/li>\n<li class=\"md-list-item\">\n<p class=\"md-end-block md-p\"><span class=\"md-plain\">Destaques brilhantes<\/span><\/p>\n<\/li>\n<li class=\"md-list-item\">\n<p class=\"md-end-block md-p\"><span class=\"md-plain\">L\u00e1bios arrojados<\/span><\/p>\n<\/li>\n<\/ul>\n<h2 class=\"md-end-block md-heading\"><span class=\"md-plain\">Coordena\u00e7\u00e3o de estilo<\/span><\/h2>\n<h3 class=\"md-end-block md-heading\"><span class=\"md-plain\">Cores de roupa<\/span><\/h3>\n<ul class=\"ul-list\" data-mark=\"-\">\n<li class=\"md-list-item\">\n<p class=\"md-end-block md-p\"><span class=\"md-plain\">Preto vintage<\/span><\/p>\n<\/li>\n<li class=\"md-list-item\">\n<p class=\"md-end-block md-p\"><span class=\"md-plain\">Cinzento industrial<\/span><\/p>\n<\/li>\n<li class=\"md-list-item\">\n<p class=\"md-end-block md-p\"><span class=\"md-plain\">Jade profundo<\/span><\/p>\n<\/li>\n<li class=\"md-list-item\">\n<p class=\"md-end-block md-p\"><span class=\"md-plain\">Prata metalizada<\/span><\/p>\n<\/li>\n<\/ul>\n<h3 class=\"md-end-block md-heading\"><span class=\"md-plain\">Acess\u00f3rios<\/span><\/h3>\n<ul class=\"ul-list\" data-mark=\"-\">\n<li class=\"md-list-item\">\n<p class=\"md-end-block md-p\"><span class=\"md-plain\">Mistura de metais<\/span><\/p>\n<\/li>\n<li class=\"md-list-item\">\n<p class=\"md-end-block md-p\"><span class=\"md-plain\">Cristais em bruto<\/span><\/p>\n<\/li>\n<li class=\"md-list-item\">\n<p class=\"md-end-block md-p\"><span class=\"md-plain\">Detalhes em pele<\/span><\/p>\n<\/li>\n<\/ul>\n<h3 class=\"md-end-block md-heading\"><span class=\"md-plain\">Dicas de estilo sazonal<\/span><\/h3>\n<ul class=\"ul-list\" data-mark=\"-\">\n<li class=\"md-list-item\">\n<p class=\"md-end-block md-p\"><span class=\"md-plain\">primavera\/ver\u00e3o: Combinar com streetwear arrojado<\/span><\/p>\n<\/li>\n<li class=\"md-list-item\">\n<p class=\"md-end-block md-p\"><span class=\"md-plain\">outono\/inverno: Camadas com pe\u00e7as vintage<\/span><\/p>\n<\/li>\n<\/ul>\n<h2 class=\"md-end-block md-heading\"><span class=\"md-plain\">Conforto e seguran\u00e7a<\/span><\/h2>\n<p class=\"md-end-block md-p\"><span class=\"md-plain\">O <\/span><span class=\"md-pair-s\"><strong><span class=\"md-plain\">Lentes de Contacto Camden Jade<\/span><\/strong><\/span><span class=\"md-plain\"> apresentam materiais com certifica\u00e7\u00e3o CE e FDA, concebidos para proporcionar conforto durante as longas aventuras na cidade. A tecnologia avan\u00e7ada de humidade garante uma frescura duradoura durante as suas explora\u00e7\u00f5es urbanas.<\/span><\/p>\n<p class=\"md-end-block md-p md-focus\"><span class=\"md-plain\">Expresse o seu estilo \u00fanico com <\/span><span class=\"md-pair-s\"><strong><span class=\"md-plain\">Lentes de Contacto Camden Jade<\/span><\/strong><\/span><span class=\"md-plain md-expand\"> - Onde a vanguarda londrina se encontra com o encanto natural!<\/span><\/p>","protected":false},"excerpt":{"rendered":"<p>Camden Jade Contact Lenses: Urban Chic Meets Natural Beauty \ud83c\udf3f Design Inspiration &amp; Color Story These Camden Jade Contact Lenses blend London&#8217;s urban sophistication with the timeless allure of jade stone. Featuring a unique pattern inspired by the eclectic spirit of Camden Market, each lens combines deep jade tones with subtle emerald undertones. The design [&#8230;]\n","protected":false},"featured_media":2028,"comment_status":"open","ping_status":"closed","template":"","meta":[],"product_brand":[],"product_cat":[77,91,188,98],"product_tag":[],"class_list":{"0":"post-2026","1":"product","2":"type-product","3":"status-publish","4":"has-post-thumbnail","6":"product_cat-green-contact-lenses","7":"product_cat-14-2-mm","8":"product_cat-dream-contacts","9":"product_cat-yearly-disposable","11":"first","12":"instock","13":"sale","14":"shipping-taxable","15":"purchasable","16":"product-type-variable","17":"has-default-attributes"},"_links":{"self":[{"href":"https:\/\/bqeye.com\/pt\/wp-json\/wp\/v2\/product\/2026","targetHints":{"allow":["GET"]}}],"collection":[{"href":"https:\/\/bqeye.com\/pt\/wp-json\/wp\/v2\/product"}],"about":[{"href":"https:\/\/bqeye.com\/pt\/wp-json\/wp\/v2\/types\/product"}],"replies":[{"embeddable":true,"href":"https:\/\/bqeye.com\/pt\/wp-json\/wp\/v2\/comments?post=2026"}],"wp:featuredmedia":[{"embeddable":true,"href":"https:\/\/bqeye.com\/pt\/wp-json\/wp\/v2\/media\/2028"}],"wp:attachment":[{"href":"https:\/\/bqeye.com\/pt\/wp-json\/wp\/v2\/media?parent=2026"}],"wp:term":[{"taxonomy":"product_brand","embeddable":true,"href":"https:\/\/bqeye.com\/pt\/wp-json\/wp\/v2\/product_brand?post=2026"},{"taxonomy":"product_cat","embeddable":true,"href":"https:\/\/bqeye.com\/pt\/wp-json\/wp\/v2\/product_cat?post=2026"},{"taxonomy":"product_tag","embeddable":true,"href":"https:\/\/bqeye.com\/pt\/wp-json\/wp\/v2\/product_tag?post=2026"}],"curies":[{"name":"wp","href":"https:\/\/api.w.org\/{rel}","templated":true}]}}