{"id":2029,"date":"2025-01-08T20:39:23","date_gmt":"2025-01-08T12:39:23","guid":{"rendered":"https:\/\/bqeye.com\/?post_type=product&#038;p=2029"},"modified":"2025-01-08T20:40:21","modified_gmt":"2025-01-08T12:40:21","slug":"camden-rose-grey-contact-lenses","status":"publish","type":"product","link":"https:\/\/bqeye.com\/pt\/camden-rose-grey-contact-lenses\/","title":{"rendered":"Lentes de Contacto Camden Rose-Grey"},"content":{"rendered":"<h1 class=\"md-end-block md-heading\"><span class=\"md-plain md-expand\">Lentes de contacto Camden Rose-Grey: O limite alternativo encontra o romance brit\u00e2nico \ud83c\udf39<\/span><\/h1>\n<h2 class=\"md-end-block md-heading\"><span class=\"md-plain\">Inspira\u00e7\u00e3o de design e hist\u00f3ria de cores<\/span><\/h2>\n<p class=\"md-end-block md-p\"><span class=\"md-plain\">Estes <\/span><span class=\"md-pair-s\"><strong><span class=\"md-plain\">Lentes de Contacto Camden Rose-Grey<\/span><\/strong><\/span><span class=\"md-plain\"> captam a ess\u00eancia do bairro mais ecl\u00e9tico de Londres. Cada lente apresenta uma mistura \u00fanica de tons de rosa poeirento e cinzento industrial, inspirada nas ic\u00f3nicas bancas de mercado e na heran\u00e7a punk de Camden. O design cria uma fus\u00e3o perfeita de cultura alternativa e charme vintage, reflectindo o esp\u00edrito criativo da zona.<\/span><\/p>\n<h2 class=\"md-end-block md-heading\"><span class=\"md-plain\">Avalia\u00e7\u00f5es de influenciadores<\/span><\/h2>\n<p class=\"md-end-block md-p\"><span class=\"md-plain\">@LondonEdge (1,3 milh\u00f5es de seguidores): \"Estes <\/span><span class=\"md-pair-s\"><strong><span class=\"md-plain\">Lentes de Contacto Camden Rose-Grey<\/span><\/strong><\/span><span class=\"md-plain\"> s\u00e3o essenciais para as minhas sess\u00f5es fotogr\u00e1ficas no mercado vintage - absolutamente deslumbrantes com os meus looks de inspira\u00e7\u00e3o punk! \ud83c\udfb8\"<\/span><\/p>\n<p class=\"md-end-block md-p\"><span class=\"md-plain\">@AlternativeFashion (920K seguidores): \"O <\/span><span class=\"md-pair-s\"><strong><span class=\"md-plain\">Lentes de contacto Camden Rose-Grey<\/span><\/strong><\/span><span class=\"md-plain\"> d\u00e1-me o equil\u00edbrio perfeito entre o extremo e o rom\u00e2ntico nos concertos underground! \u2728\"<\/span><\/p>\n<p class=\"md-end-block md-p\"><span class=\"md-plain\">@VintageLondon (850 mil seguidores): \"Para os meus looks de festival de m\u00fasica, estes <\/span><span class=\"md-pair-s\"><strong><span class=\"md-plain\">Lentes cinzentas-rosadas<\/span><\/strong><\/span><span class=\"md-plain\"> s\u00e3o pura magia Camden - transformaram totalmente o meu estilo! \ud83c\udfaa\"<\/span><\/p>\n<h2 class=\"md-end-block md-heading\"><span class=\"md-plain\">Experi\u00eancias reais de clientes<\/span><\/h2>\n<p class=\"md-end-block md-p\"><span class=\"md-plain\">\"Estes <\/span><span class=\"md-pair-s\"><strong><span class=\"md-plain\">Lentes de Contacto Camden Rose-Grey<\/span><\/strong><\/span><span class=\"md-plain\"> sentir-me fant\u00e1stico durante os meus sets de DJ em clubes alternativos! \ud83c\udfa7\"<\/span><\/p>\n<p class=\"md-end-block md-p\"><span class=\"md-plain\">O <\/span><span class=\"md-pair-s\"><strong><span class=\"md-plain\">Lentes de contacto rosa-cinzentas<\/span><\/strong><\/span><span class=\"md-plain\"> complementa na perfei\u00e7\u00e3o os meus achados vintage dos mercados Lock! \ud83d\udecd\ufe0f\"<\/span><\/p>\n<p class=\"md-end-block md-p\"><span class=\"md-plain\">\"Adoro a forma como estes <\/span><span class=\"md-pair-s\"><strong><span class=\"md-plain\">Lentes cinzentas-rosadas<\/span><\/strong><\/span><span class=\"md-plain\"> melhorar o meu olhar sobre os concertos de bandas indie - pura vibra\u00e7\u00e3o de Camden! \ud83c\udfb8\"<\/span><\/p>\n<h2 class=\"md-end-block md-heading\"><span class=\"md-plain\">Ocasi\u00f5es perfeitas<\/span><\/h2>\n<h3 class=\"md-end-block md-heading\"><span class=\"md-plain\">Eventos alternativos<\/span><\/h3>\n<ul class=\"ul-list\" data-mark=\"-\">\n<li class=\"md-list-item\">\n<p class=\"md-end-block md-p\"><span class=\"md-plain\">Festivais de m\u00fasica<\/span><\/p>\n<\/li>\n<li class=\"md-list-item\">\n<p class=\"md-end-block md-p\"><span class=\"md-plain\">Espect\u00e1culos subterr\u00e2neos<\/span><\/p>\n<\/li>\n<li class=\"md-list-item\">\n<p class=\"md-end-block md-p\"><span class=\"md-plain\">Mercados vintage<\/span><\/p>\n<\/li>\n<\/ul>\n<h3 class=\"md-end-block md-heading\"><span class=\"md-plain\">Aventuras urbanas<\/span><\/h3>\n<ul class=\"ul-list\" data-mark=\"-\">\n<li class=\"md-list-item\">\n<p class=\"md-end-block md-p\"><span class=\"md-plain\">Espect\u00e1culos de rua<\/span><\/p>\n<\/li>\n<li class=\"md-list-item\">\n<p class=\"md-end-block md-p\"><span class=\"md-plain\">Exposi\u00e7\u00f5es de arte<\/span><\/p>\n<\/li>\n<li class=\"md-list-item\">\n<p class=\"md-end-block md-p\"><span class=\"md-plain\">Navega\u00e7\u00e3o no mercado<\/span><\/p>\n<\/li>\n<\/ul>\n<h2 class=\"md-end-block md-heading\"><span class=\"md-plain\">Guia de combina\u00e7\u00e3o de maquilhagem<\/span><\/h2>\n<h3 class=\"md-end-block md-heading\"><span class=\"md-plain\">Look de dia alternativo<\/span><\/h3>\n<ul class=\"ul-list\" data-mark=\"-\">\n<li class=\"md-list-item\">\n<p class=\"md-end-block md-p\"><span class=\"md-plain\">Pele fresca<\/span><\/p>\n<\/li>\n<li class=\"md-list-item\">\n<p class=\"md-end-block md-p\"><span class=\"md-plain\">Tons esfumados<\/span><\/p>\n<\/li>\n<li class=\"md-list-item\">\n<p class=\"md-end-block md-p\"><span class=\"md-plain\">Sobrancelhas arrojadas<\/span><\/p>\n<\/li>\n<\/ul>\n<h3 class=\"md-end-block md-heading\"><span class=\"md-plain\">Borda da noite<\/span><\/h3>\n<ul class=\"ul-list\" data-mark=\"-\">\n<li class=\"md-list-item\">\n<p class=\"md-end-block md-p\"><span class=\"md-plain\">Acabamento em porcelana<\/span><\/p>\n<\/li>\n<li class=\"md-list-item\">\n<p class=\"md-end-block md-p\"><span class=\"md-plain\">Olhos inspirados nas rochas<\/span><\/p>\n<\/li>\n<li class=\"md-list-item\">\n<p class=\"md-end-block md-p\"><span class=\"md-plain\">L\u00e1bios rosa profundo<\/span><\/p>\n<\/li>\n<\/ul>\n<h2 class=\"md-end-block md-heading\"><span class=\"md-plain\">Coordena\u00e7\u00e3o de estilo<\/span><\/h2>\n<h3 class=\"md-end-block md-heading\"><span class=\"md-plain\">Cores de roupa<\/span><\/h3>\n<ul class=\"ul-list\" data-mark=\"-\">\n<li class=\"md-list-item\">\n<p class=\"md-end-block md-p\"><span class=\"md-plain\">Preto vintage<\/span><\/p>\n<\/li>\n<li class=\"md-list-item\">\n<p class=\"md-end-block md-p\"><span class=\"md-plain\">Rosa empoeirado<\/span><\/p>\n<\/li>\n<li class=\"md-list-item\">\n<p class=\"md-end-block md-p\"><span class=\"md-plain\">Cinzento industrial<\/span><\/p>\n<\/li>\n<li class=\"md-list-item\">\n<p class=\"md-end-block md-p\"><span class=\"md-plain\">Vermelho punk<\/span><\/p>\n<\/li>\n<\/ul>\n<h3 class=\"md-end-block md-heading\"><span class=\"md-plain\">Acess\u00f3rios<\/span><\/h3>\n<ul class=\"ul-list\" data-mark=\"-\">\n<li class=\"md-list-item\">\n<p class=\"md-end-block md-p\"><span class=\"md-plain\">J\u00f3ias alternativas<\/span><\/p>\n<\/li>\n<li class=\"md-list-item\">\n<p class=\"md-end-block md-p\"><span class=\"md-plain\">Len\u00e7os de pesco\u00e7o vintage<\/span><\/p>\n<\/li>\n<li class=\"md-list-item\">\n<p class=\"md-end-block md-p\"><span class=\"md-plain\">Detalhes em pele<\/span><\/p>\n<\/li>\n<\/ul>\n<h3 class=\"md-end-block md-heading\"><span class=\"md-plain\">Dicas de estilo sazonal<\/span><\/h3>\n<ul class=\"ul-list\" data-mark=\"-\">\n<li class=\"md-list-item\">\n<p class=\"md-end-block md-p\"><span class=\"md-plain\">primavera\/ver\u00e3o: Combinar com florais vintage e cal\u00e7as de ganga com desgaste<\/span><\/p>\n<\/li>\n<li class=\"md-list-item\">\n<p class=\"md-end-block md-p\"><span class=\"md-plain\">outono\/inverno: Camadas com couro e rendas rom\u00e2nticas<\/span><\/p>\n<\/li>\n<\/ul>\n<h2 class=\"md-end-block md-heading\"><span class=\"md-plain\">Conforto e seguran\u00e7a<\/span><\/h2>\n<p class=\"md-end-block md-p\"><span class=\"md-plain\">O <\/span><span class=\"md-pair-s\"><strong><span class=\"md-plain\">Lentes de Contacto Camden Rose-Grey<\/span><\/strong><\/span><span class=\"md-plain\"> t\u00eam certifica\u00e7\u00e3o CE e FDA e foram concebidas para proporcionar conforto durante as suas aventuras alternativas. A tecnologia avan\u00e7ada de humidade garante uma frescura duradoura durante as suas explora\u00e7\u00f5es em Camden.<\/span><\/p>\n<p class=\"md-end-block md-p md-focus\"><span class=\"md-plain\">Expresse o seu estilo \u00fanico com <\/span><span class=\"md-pair-s\"><strong><span class=\"md-plain\">Lentes de Contacto Camden Rose-Grey<\/span><\/strong><\/span><span class=\"md-plain md-expand\"> - Onde a cultura alternativa se encontra com o romance vintage!<\/span><\/p>","protected":false},"excerpt":{"rendered":"<p>Camden Rose-Grey Contact Lenses: Alternative Edge Meets British Romance \ud83c\udf39 Design Inspiration &amp; Color Story These Camden Rose-Grey Contact Lenses capture the essence of London&#8217;s most eclectic neighborhood. Each lens features a unique blend of dusty rose and industrial grey tones, inspired by Camden&#8217;s iconic market stalls and punk heritage. The design creates a perfect [&#8230;]\n","protected":false},"featured_media":2031,"comment_status":"open","ping_status":"closed","template":"","meta":[],"product_brand":[],"product_cat":[74,91,188,81,98],"product_tag":[],"class_list":{"0":"post-2029","1":"product","2":"type-product","3":"status-publish","4":"has-post-thumbnail","6":"product_cat-pink-contact-lenses","7":"product_cat-14-2-mm","8":"product_cat-dream-contacts","9":"product_cat-grey-contact-lenses","10":"product_cat-yearly-disposable","12":"first","13":"instock","14":"sale","15":"shipping-taxable","16":"purchasable","17":"product-type-variable","18":"has-default-attributes"},"_links":{"self":[{"href":"https:\/\/bqeye.com\/pt\/wp-json\/wp\/v2\/product\/2029","targetHints":{"allow":["GET"]}}],"collection":[{"href":"https:\/\/bqeye.com\/pt\/wp-json\/wp\/v2\/product"}],"about":[{"href":"https:\/\/bqeye.com\/pt\/wp-json\/wp\/v2\/types\/product"}],"replies":[{"embeddable":true,"href":"https:\/\/bqeye.com\/pt\/wp-json\/wp\/v2\/comments?post=2029"}],"wp:featuredmedia":[{"embeddable":true,"href":"https:\/\/bqeye.com\/pt\/wp-json\/wp\/v2\/media\/2031"}],"wp:attachment":[{"href":"https:\/\/bqeye.com\/pt\/wp-json\/wp\/v2\/media?parent=2029"}],"wp:term":[{"taxonomy":"product_brand","embeddable":true,"href":"https:\/\/bqeye.com\/pt\/wp-json\/wp\/v2\/product_brand?post=2029"},{"taxonomy":"product_cat","embeddable":true,"href":"https:\/\/bqeye.com\/pt\/wp-json\/wp\/v2\/product_cat?post=2029"},{"taxonomy":"product_tag","embeddable":true,"href":"https:\/\/bqeye.com\/pt\/wp-json\/wp\/v2\/product_tag?post=2029"}],"curies":[{"name":"wp","href":"https:\/\/api.w.org\/{rel}","templated":true}]}}