{"id":2032,"date":"2025-01-08T20:53:03","date_gmt":"2025-01-08T12:53:03","guid":{"rendered":"https:\/\/bqeye.com\/?post_type=product&#038;p=2032"},"modified":"2025-01-08T20:54:03","modified_gmt":"2025-01-08T12:54:03","slug":"frozen-sea-salt-blue-contact-lenses","status":"publish","type":"product","link":"https:\/\/bqeye.com\/pt\/frozen-sea-salt-blue-contact-lenses\/","title":{"rendered":"Lentes de Contacto Frozen Sea Salt Blue"},"content":{"rendered":"<h1 class=\"md-end-block md-heading\"><span class=\"md-plain md-expand\">Lentes de contacto azuis de sal marinho congeladas: O Brilho N\u00f3rdico Encontra a Eleg\u00e2ncia Mar\u00edtima \ud83c\udf0a<\/span><\/h1>\n<h2 class=\"md-end-block md-heading\"><span class=\"md-plain\">Inspira\u00e7\u00e3o de design e hist\u00f3ria de cores<\/span><\/h2>\n<p class=\"md-end-block md-p\"><span class=\"md-plain\">Estes <\/span><span class=\"md-pair-s\"><strong><span class=\"md-plain\">Lentes de Contacto Frozen Sea Salt Blue<\/span><\/strong><\/span><span class=\"md-plain\"> incorporam a beleza cristalina dos mares do norte. Cada lente combina artisticamente tons azuis gelados com reflexos perolados, inspirados nas \u00e1guas do \u00c1rtico e nos cristais de sal marinho. O design capta o equil\u00edbrio perfeito entre o gelo mar\u00edtimo e a sofistica\u00e7\u00e3o n\u00f3rdica, com subtis transi\u00e7\u00f5es de cor que reflectem as profundezas dos fiordes gelados.<\/span><\/p>\n<h2 class=\"md-end-block md-heading\"><span class=\"md-plain\">Avalia\u00e7\u00f5es de influenciadores<\/span><\/h2>\n<p class=\"md-end-block md-p\"><span class=\"md-plain\">@NordicStyle (1,1 milh\u00f5es de seguidores): \"Estes <\/span><span class=\"md-pair-s\"><strong><span class=\"md-plain\">Lentes de Contacto Frozen Sea Salt Blue<\/span><\/strong><\/span><span class=\"md-plain\"> transformam as minhas sess\u00f5es fotogr\u00e1ficas costeiras em pura magia! \u2744\ufe0f\"<\/span><\/p>\n<p class=\"md-end-block md-p\"><span class=\"md-plain\">@MaritimeChic (940K seguidores): \"O <\/span><span class=\"md-pair-s\"><strong><span class=\"md-plain\">Lentes de contacto Sea Salt Blue<\/span><\/strong><\/span><span class=\"md-plain\"> d\u00e1-me aquele brilho glacial perfeito para eventos \u00e0 beira-mar! \u2728\"<\/span><\/p>\n<p class=\"md-end-block md-p\"><span class=\"md-plain\">@ArcticGlam (820 mil seguidores): \"Para as minhas sess\u00f5es de fotos de inverno na praia, estes <\/span><span class=\"md-pair-s\"><strong><span class=\"md-plain\">Lentes Frozen Blue<\/span><\/strong><\/span><span class=\"md-plain\"> criar o efeito de rainha do gelo mais deslumbrante! \ud83c\udf0a\"<\/span><\/p>\n<h2 class=\"md-end-block md-heading\"><span class=\"md-plain\">Experi\u00eancias reais de clientes<\/span><\/h2>\n<p class=\"md-end-block md-p\"><span class=\"md-plain\">\"Estes <\/span><span class=\"md-pair-s\"><strong><span class=\"md-plain\">Lentes de Contacto Frozen Sea Salt Blue<\/span><\/strong><\/span><span class=\"md-plain\"> s\u00e3o deslumbrantes durante as minhas aventuras nas luzes do norte! \ud83c\udf0c\"<\/span><\/p>\n<p class=\"md-end-block md-p\"><span class=\"md-plain\">O <\/span><span class=\"md-pair-s\"><strong><span class=\"md-plain\">Lentes de contacto Sea Salt Blue<\/span><\/strong><\/span><span class=\"md-plain\"> capta na perfei\u00e7\u00e3o a magia do inverno costeiro! \u2693\"<\/span><\/p>\n<p class=\"md-end-block md-p\"><span class=\"md-plain\">\"Adoro a forma como estes <\/span><span class=\"md-pair-s\"><strong><span class=\"md-plain\">Lentes Frozen Blue<\/span><\/strong><\/span><span class=\"md-plain\"> complementam os meus looks de inspira\u00e7\u00e3o mar\u00edtima! \ud83c\udf0a\"<\/span><\/p>\n<h2 class=\"md-end-block md-heading\"><span class=\"md-plain\">Ocasi\u00f5es perfeitas<\/span><\/h2>\n<h3 class=\"md-end-block md-heading\"><span class=\"md-plain\">Momentos do litoral<\/span><\/h3>\n<ul class=\"ul-list\" data-mark=\"-\">\n<li class=\"md-list-item\">\n<p class=\"md-end-block md-p\"><span class=\"md-plain\">Passeios na praia<\/span><\/p>\n<\/li>\n<li class=\"md-list-item\">\n<p class=\"md-end-block md-p\"><span class=\"md-plain\">Viagens \u00e0 vela<\/span><\/p>\n<\/li>\n<li class=\"md-list-item\">\n<p class=\"md-end-block md-p\"><span class=\"md-plain\">Eventos no porto<\/span><\/p>\n<\/li>\n<\/ul>\n<h3 class=\"md-end-block md-heading\"><span class=\"md-plain\">Aventuras urbanas<\/span><\/h3>\n<ul class=\"ul-list\" data-mark=\"-\">\n<li class=\"md-list-item\">\n<p class=\"md-end-block md-p\"><span class=\"md-plain\">Jantar \u00e0 beira-mar<\/span><\/p>\n<\/li>\n<li class=\"md-list-item\">\n<p class=\"md-end-block md-p\"><span class=\"md-plain\">Festivais de inverno<\/span><\/p>\n<\/li>\n<li class=\"md-list-item\">\n<p class=\"md-end-block md-p\"><span class=\"md-plain\">Galerias costeiras<\/span><\/p>\n<\/li>\n<\/ul>\n<h2 class=\"md-end-block md-heading\"><span class=\"md-plain\">Guia de combina\u00e7\u00e3o de maquilhagem<\/span><\/h2>\n<h3 class=\"md-end-block md-heading\"><span class=\"md-plain\">Look do dia<\/span><\/h3>\n<ul class=\"ul-list\" data-mark=\"-\">\n<li class=\"md-list-item\">\n<p class=\"md-end-block md-p\"><span class=\"md-plain\">Brilho fosco<\/span><\/p>\n<\/li>\n<li class=\"md-list-item\">\n<p class=\"md-end-block md-p\"><span class=\"md-plain\">Destaques da p\u00e9rola<\/span><\/p>\n<\/li>\n<li class=\"md-list-item\">\n<p class=\"md-end-block md-p\"><span class=\"md-plain\">Acentos em cristal<\/span><\/p>\n<\/li>\n<\/ul>\n<h3 class=\"md-end-block md-heading\"><span class=\"md-plain\">Estilo noite<\/span><\/h3>\n<ul class=\"ul-list\" data-mark=\"-\">\n<li class=\"md-list-item\">\n<p class=\"md-end-block md-p\"><span class=\"md-plain\">Acabamento Ice Queen<\/span><\/p>\n<\/li>\n<li class=\"md-list-item\">\n<p class=\"md-end-block md-p\"><span class=\"md-plain\">Olhos esfumados \u00e1rcticos<\/span><\/p>\n<\/li>\n<li class=\"md-list-item\">\n<p class=\"md-end-block md-p\"><span class=\"md-plain\">L\u00e1bios de gelo marinho<\/span><\/p>\n<\/li>\n<\/ul>\n<h2 class=\"md-end-block md-heading\"><span class=\"md-plain\">Coordena\u00e7\u00e3o de estilo<\/span><\/h2>\n<h3 class=\"md-end-block md-heading\"><span class=\"md-plain\">Cores de roupa<\/span><\/h3>\n<ul class=\"ul-list\" data-mark=\"-\">\n<li class=\"md-list-item\">\n<p class=\"md-end-block md-p\"><span class=\"md-plain\">Branco \u00e1rtico<\/span><\/p>\n<\/li>\n<li class=\"md-list-item\">\n<p class=\"md-end-block md-p\"><span class=\"md-plain\">Azul marinho<\/span><\/p>\n<\/li>\n<li class=\"md-list-item\">\n<p class=\"md-end-block md-p\"><span class=\"md-plain\">Cinzento glaciar<\/span><\/p>\n<\/li>\n<li class=\"md-list-item\">\n<p class=\"md-end-block md-p\"><span class=\"md-plain\">Prata p\u00e9rola<\/span><\/p>\n<\/li>\n<\/ul>\n<h3 class=\"md-end-block md-heading\"><span class=\"md-plain\">Acess\u00f3rios<\/span><\/h3>\n<ul class=\"ul-list\" data-mark=\"-\">\n<li class=\"md-list-item\">\n<p class=\"md-end-block md-p\"><span class=\"md-plain\">J\u00f3ias mar\u00edtimas<\/span><\/p>\n<\/li>\n<li class=\"md-list-item\">\n<p class=\"md-end-block md-p\"><span class=\"md-plain\">Detalhes em cristal<\/span><\/p>\n<\/li>\n<li class=\"md-list-item\">\n<p class=\"md-end-block md-p\"><span class=\"md-plain\">Acabamentos perolados<\/span><\/p>\n<\/li>\n<\/ul>\n<h3 class=\"md-end-block md-heading\"><span class=\"md-plain\">Dicas de estilo sazonal<\/span><\/h3>\n<ul class=\"ul-list\" data-mark=\"-\">\n<li class=\"md-list-item\">\n<p class=\"md-end-block md-p\"><span class=\"md-plain\">primavera\/ver\u00e3o: Combinar com pe\u00e7as n\u00e1uticas leves<\/span><\/p>\n<\/li>\n<li class=\"md-list-item\">\n<p class=\"md-end-block md-p\"><span class=\"md-plain\">outono\/inverno: Camadas com malhas n\u00f3rdicas e texturas geladas<\/span><\/p>\n<\/li>\n<\/ul>\n<h2 class=\"md-end-block md-heading\"><span class=\"md-plain\">Conforto e seguran\u00e7a<\/span><\/h2>\n<p class=\"md-end-block md-p\"><span class=\"md-plain\">O <\/span><span class=\"md-pair-s\"><strong><span class=\"md-plain\">Lentes de Contacto Frozen Sea Salt Blue<\/span><\/strong><\/span><span class=\"md-plain\"> t\u00eam certifica\u00e7\u00e3o CE e FDA e foram concebidas para proporcionar conforto durante as suas aventuras mar\u00edtimas. A tecnologia de humidade avan\u00e7ada garante uma frescura duradoura durante as suas explora\u00e7\u00f5es costeiras.<\/span><\/p>\n<p class=\"md-end-block md-p md-focus\"><span class=\"md-plain\">Expresse a sua eleg\u00e2ncia mar\u00edtima com <\/span><span class=\"md-pair-s\"><strong><span class=\"md-plain\">Lentes de Contacto Frozen Sea Salt Blue<\/span><\/strong><\/span><span class=\"md-plain md-expand\"> - Onde o frio n\u00f3rdico se encontra com a sofistica\u00e7\u00e3o \u00e0 beira-mar!<\/span><\/p>","protected":false},"excerpt":{"rendered":"<p>Frozen Sea Salt Blue Contact Lenses: Nordic Brilliance Meets Maritime Elegance \ud83c\udf0a Design Inspiration &amp; Color Story These Frozen Sea Salt Blue Contact Lenses embody the crystalline beauty of northern seas. Each lens artfully combines icy blue tones with pearlescent highlights, inspired by Arctic waters and sea salt crystals. The design captures the perfect balance [&#8230;]\n","protected":false},"featured_media":2034,"comment_status":"open","ping_status":"closed","template":"","meta":[],"product_brand":[],"product_cat":[75,92,188,98],"product_tag":[],"class_list":{"0":"post-2032","1":"product","2":"type-product","3":"status-publish","4":"has-post-thumbnail","6":"product_cat-blue-contact-lenses","7":"product_cat-14-5-mm","8":"product_cat-dream-contacts","9":"product_cat-yearly-disposable","11":"first","12":"instock","13":"sale","14":"shipping-taxable","15":"purchasable","16":"product-type-variable","17":"has-default-attributes"},"_links":{"self":[{"href":"https:\/\/bqeye.com\/pt\/wp-json\/wp\/v2\/product\/2032","targetHints":{"allow":["GET"]}}],"collection":[{"href":"https:\/\/bqeye.com\/pt\/wp-json\/wp\/v2\/product"}],"about":[{"href":"https:\/\/bqeye.com\/pt\/wp-json\/wp\/v2\/types\/product"}],"replies":[{"embeddable":true,"href":"https:\/\/bqeye.com\/pt\/wp-json\/wp\/v2\/comments?post=2032"}],"wp:featuredmedia":[{"embeddable":true,"href":"https:\/\/bqeye.com\/pt\/wp-json\/wp\/v2\/media\/2034"}],"wp:attachment":[{"href":"https:\/\/bqeye.com\/pt\/wp-json\/wp\/v2\/media?parent=2032"}],"wp:term":[{"taxonomy":"product_brand","embeddable":true,"href":"https:\/\/bqeye.com\/pt\/wp-json\/wp\/v2\/product_brand?post=2032"},{"taxonomy":"product_cat","embeddable":true,"href":"https:\/\/bqeye.com\/pt\/wp-json\/wp\/v2\/product_cat?post=2032"},{"taxonomy":"product_tag","embeddable":true,"href":"https:\/\/bqeye.com\/pt\/wp-json\/wp\/v2\/product_tag?post=2032"}],"curies":[{"name":"wp","href":"https:\/\/api.w.org\/{rel}","templated":true}]}}