{"id":2038,"date":"2025-01-08T21:20:25","date_gmt":"2025-01-08T13:20:25","guid":{"rendered":"https:\/\/bqeye.com\/?post_type=product&#038;p=2038"},"modified":"2025-01-08T21:21:39","modified_gmt":"2025-01-08T13:21:39","slug":"milky-coffee-amber-contact-lenses","status":"publish","type":"product","link":"https:\/\/bqeye.com\/pt\/milky-coffee-amber-contact-lenses\/","title":{"rendered":"Lentes de Contacto Milky Coffee Amber"},"content":{"rendered":"<h1 class=\"md-end-block md-heading\"><span class=\"md-plain md-expand\">Lentes de contacto caf\u00e9 com leite e \u00e2mbar: Melhoria do olhar encantador \u2727<\/span><\/h1>\n<h2 class=\"md-end-block md-heading\"><span class=\"md-plain\">Inspira\u00e7\u00e3o de design e simbolismo das cores<\/span><\/h2>\n<p class=\"md-end-block md-p\"><span class=\"md-plain\">O <\/span><span class=\"md-pair-s\"><strong><span class=\"md-plain\">Lentes de Contacto Milky Coffee Amber<\/span><\/strong><\/span><span class=\"md-plain\"> inspiram-se na arte da cultura do caf\u00e9 de alta qualidade e no calor do p\u00f4r do sol \u00e2mbar. O design capta o momento hipnotizante em que o expresso rico se encontra com o leite cremoso, criando redemoinhos perfeitos de arte do caf\u00e9. Esta mistura sofisticada representa a harmonia entre a for\u00e7a e a suavidade.<\/span><\/p>\n<p class=\"md-end-block md-p\"><span class=\"md-plain\">O anel castanho profundo exterior ecoa a intensidade dos gr\u00e3os de caf\u00e9 acabados de torrar, enquanto os tons \u00e2mbar interiores reflectem o abra\u00e7o quente da hora dourada. Esta dualidade cria uma profundidade cativante que alarga os olhos naturalmente. As intrincadas transi\u00e7\u00f5es de cor reflectem as camadas encontradas na arte latte perfeitamente trabalhada, onde cada anel conta a sua pr\u00f3pria hist\u00f3ria.<\/span><\/p>\n<p class=\"md-end-block md-p\"><span class=\"md-plain\">Estas lentes representam o equil\u00edbrio perfeito entre o impacto dram\u00e1tico e a beleza natural. O anel exterior, inspirado no caf\u00e9, n\u00e3o s\u00f3 cria um efeito de amplia\u00e7\u00e3o, como tamb\u00e9m confere uma profundidade misteriosa ao olhar. Entretanto, os tons \u00e2mbar conferem calor e dimens\u00e3o, tornando os olhos mais vivos e expressivos.<\/span><\/p>\n<p class=\"md-end-block md-p\"><span class=\"md-plain\">A filosofia de design celebra o poder transformador da cultura do caf\u00e9 - como algo t\u00e3o simples como caf\u00e9 e leite pode criar uma beleza extraordin\u00e1ria. Este conceito traduz-se num realce do olhar que \u00e9 simultaneamente luxuoso e natural sem esfor\u00e7o.<\/span><\/p>\n<h2 class=\"md-end-block md-heading\"><span class=\"md-plain\">Avalia\u00e7\u00f5es de influenciadores<\/span><\/h2>\n<p class=\"md-end-block md-p\"><span class=\"md-plain\">@CoffeeBeautyQueen (1,2 milh\u00f5es de seguidores): \"Estas lentes s\u00e3o a minha arma secreta para a cria\u00e7\u00e3o de conte\u00fados! O efeito ampliado \u00e9 t\u00e3o natural e os tons caf\u00e9-\u00e2mbar fazem com que os meus olhos se destaquem em qualquer ilumina\u00e7\u00e3o. Perfeitas para os meus v\u00eddeos de an\u00e1lise de caf\u00e9s! \u2615\ufe0f\u2728\"<\/span><\/p>\n<p class=\"md-end-block md-p\"><span class=\"md-plain\">@StyleSiren (890 mil seguidores): \"O anel exterior escuro d\u00e1-me aquele efeito perfeito de aumento dos olhos que sempre quis. Usei-os na Semana da Moda e toda a gente perguntou sobre os meus olhos hipnotizantes! \ud83d\udc40\"<\/span><\/p>\n<p class=\"md-end-block md-p\"><span class=\"md-plain\">@BeautyInsider (750 mil seguidores): \"Finalmente encontrei as minhas lentes de contacto do Santo Graal! Os tons de caf\u00e9 com leite combinam na perfei\u00e7\u00e3o com a cor natural dos meus olhos, enquanto o anel exterior faz com que os meus olhos pare\u00e7am dramaticamente maiores. O meu favorito para todos os meus tutoriais de beleza agora! \ud83d\udcab\"<\/span><\/p>\n<h2 class=\"md-end-block md-heading\"><span class=\"md-plain\">Experi\u00eancias do utilizador<\/span><\/h2>\n<p class=\"md-end-block md-p\"><span class=\"md-plain\">\"O efeito aumentado \u00e9 deslumbrante, mas natural. Os meus colegas n\u00e3o param de elogiar os meus olhos durante as reuni\u00f5es, sem se aperceberem que estou a usar lentes de contacto! \ud83d\ude0a\"<\/span><\/p>\n<p class=\"md-end-block md-p\"><span class=\"md-plain\">\"Adoro a forma como estes \u00f3culos fazem os meus olhos parecerem muito maiores sem serem \u00f3bvios. Perfeito para uso di\u00e1rio, especialmente durante os meus turnos de barista quando preciso de parecer fresca e natural! \u2728\"<\/span><\/p>\n<p class=\"md-end-block md-p\"><span class=\"md-plain\">\"Estas lentes transformaram completamente o meu visual! O anel exterior escuro faz realmente sobressair os meus olhos, enquanto os tons \u00e2mbar acrescentam um calor t\u00e3o bonito. Essenciais para as minhas sess\u00f5es fotogr\u00e1ficas! \ud83d\udc95\"<\/span><\/p>\n<h2 class=\"md-end-block md-heading\"><span class=\"md-plain\">Ocasi\u00f5es perfeitas<\/span><\/h2>\n<h3 class=\"md-end-block md-heading\"><span class=\"md-plain\">Uso di\u00e1rio<\/span><\/h3>\n<ul class=\"ul-list\" data-mark=\"-\">\n<li class=\"md-list-item\">\n<p class=\"md-end-block md-p\"><span class=\"md-plain\">Encontros em caf\u00e9s<\/span><\/p>\n<\/li>\n<li class=\"md-list-item\">\n<p class=\"md-end-block md-p\"><span class=\"md-plain\">Reuni\u00f5es de neg\u00f3cios<\/span><\/p>\n<\/li>\n<li class=\"md-list-item\">\n<p class=\"md-end-block md-p\"><span class=\"md-plain\">Viagens de compras<\/span><\/p>\n<\/li>\n<li class=\"md-list-item\">\n<p class=\"md-end-block md-p\"><span class=\"md-plain\">Passeios casuais<\/span><\/p>\n<\/li>\n<\/ul>\n<h3 class=\"md-end-block md-heading\"><span class=\"md-plain\">Eventos especiais<\/span><\/h3>\n<ul class=\"ul-list\" data-mark=\"-\">\n<li class=\"md-list-item\">\n<p class=\"md-end-block md-p\"><span class=\"md-plain\">Sess\u00f5es fotogr\u00e1ficas<\/span><\/p>\n<\/li>\n<li class=\"md-list-item\">\n<p class=\"md-end-block md-p\"><span class=\"md-plain\">Reuni\u00f5es sociais<\/span><\/p>\n<\/li>\n<li class=\"md-list-item\">\n<p class=\"md-end-block md-p\"><span class=\"md-plain\">Apresenta\u00e7\u00f5es profissionais<\/span><\/p>\n<\/li>\n<li class=\"md-list-item\">\n<p class=\"md-end-block md-p\"><span class=\"md-plain\">Eventos noturnos<\/span><\/p>\n<\/li>\n<\/ul>\n<h2 class=\"md-end-block md-heading\"><span class=\"md-plain\">Guia de estilo<\/span><\/h2>\n<h3 class=\"md-end-block md-heading\"><span class=\"md-plain\">Combina\u00e7\u00e3o de maquilhagem<\/span><\/h3>\n<ul class=\"ul-list\" data-mark=\"-\">\n<li class=\"md-list-item\">\n<p class=\"md-end-block md-p\"><span class=\"md-plain\">Look natural: Sombras castanhas suaves<\/span><\/p>\n<\/li>\n<li class=\"md-list-item\">\n<p class=\"md-end-block md-p\"><span class=\"md-plain\">Estilo dram\u00e1tico: Olho esfumado dourado<\/span><\/p>\n<\/li>\n<li class=\"md-list-item\">\n<p class=\"md-end-block md-p\"><span class=\"md-plain\">Casual chique: Tons neutros quentes<\/span><\/p>\n<\/li>\n<\/ul>\n<h3 class=\"md-end-block md-heading\"><span class=\"md-plain\">Coordena\u00e7\u00e3o de moda<\/span><\/h3>\n<ul class=\"ul-list\" data-mark=\"-\">\n<li class=\"md-list-item\">\n<p class=\"md-end-block md-p\"><span class=\"md-plain\">Tons de terra<\/span><\/p>\n<\/li>\n<li class=\"md-list-item\">\n<p class=\"md-end-block md-p\"><span class=\"md-plain\">Neutros quentes<\/span><\/p>\n<\/li>\n<li class=\"md-list-item\">\n<p class=\"md-end-block md-p\"><span class=\"md-plain\">Cores inspiradas no caf\u00e9<\/span><\/p>\n<\/li>\n<li class=\"md-list-item\">\n<p class=\"md-end-block md-p\"><span class=\"md-plain\">Acentos em \u00e2mbar e dourado<\/span><\/p>\n<\/li>\n<\/ul>\n<h3 class=\"md-end-block md-heading\"><span class=\"md-plain\">Dicas de estilo sazonal<\/span><\/h3>\n<ul class=\"ul-list\" data-mark=\"-\">\n<li class=\"md-list-item\">\n<p class=\"md-end-block md-p\"><span class=\"md-plain\">primavera\/ver\u00e3o: Tecidos leves e arejados<\/span><\/p>\n<\/li>\n<li class=\"md-list-item\">\n<p class=\"md-end-block md-p\"><span class=\"md-plain\">outono\/inverno: Texturas ricas e quentes<\/span><\/p>\n<\/li>\n<\/ul>\n<p class=\"md-end-block md-p md-focus\"><span class=\"md-plain\">Transforme o seu olhar com <\/span><span class=\"md-pair-s\"><strong><span class=\"md-plain\">Lentes de Contacto Milky Coffee Amber<\/span><\/strong><\/span><span class=\"md-plain md-expand\"> - Onde a eleg\u00e2ncia inspirada no caf\u00e9 se encontra com o realce natural dos olhos! \u2727<\/span><\/p>","protected":false},"excerpt":{"rendered":"<p>Milky Coffee Amber Contact Lenses: Enchanting Gaze Enhancement \u2727 Design Inspiration &amp; Color Symbolism The Milky Coffee Amber Contact Lenses draw their inspiration from the artistry of high-end coffee culture and the warmth of amber sunsets. The design captures the mesmerizing moment when rich espresso meets creamy milk, creating perfect coffee art swirls. This sophisticated [&#8230;]\n","protected":false},"featured_media":2040,"comment_status":"open","ping_status":"closed","template":"","meta":[],"product_brand":[],"product_cat":[80,92,188,158,98],"product_tag":[],"class_list":{"0":"post-2038","1":"product","2":"type-product","3":"status-publish","4":"has-post-thumbnail","6":"product_cat-brown-contact-lenses","7":"product_cat-14-5-mm","8":"product_cat-dream-contacts","9":"product_cat-enlarge-contacts","10":"product_cat-yearly-disposable","12":"first","13":"instock","14":"sale","15":"shipping-taxable","16":"purchasable","17":"product-type-variable","18":"has-default-attributes"},"_links":{"self":[{"href":"https:\/\/bqeye.com\/pt\/wp-json\/wp\/v2\/product\/2038","targetHints":{"allow":["GET"]}}],"collection":[{"href":"https:\/\/bqeye.com\/pt\/wp-json\/wp\/v2\/product"}],"about":[{"href":"https:\/\/bqeye.com\/pt\/wp-json\/wp\/v2\/types\/product"}],"replies":[{"embeddable":true,"href":"https:\/\/bqeye.com\/pt\/wp-json\/wp\/v2\/comments?post=2038"}],"wp:featuredmedia":[{"embeddable":true,"href":"https:\/\/bqeye.com\/pt\/wp-json\/wp\/v2\/media\/2040"}],"wp:attachment":[{"href":"https:\/\/bqeye.com\/pt\/wp-json\/wp\/v2\/media?parent=2038"}],"wp:term":[{"taxonomy":"product_brand","embeddable":true,"href":"https:\/\/bqeye.com\/pt\/wp-json\/wp\/v2\/product_brand?post=2038"},{"taxonomy":"product_cat","embeddable":true,"href":"https:\/\/bqeye.com\/pt\/wp-json\/wp\/v2\/product_cat?post=2038"},{"taxonomy":"product_tag","embeddable":true,"href":"https:\/\/bqeye.com\/pt\/wp-json\/wp\/v2\/product_tag?post=2038"}],"curies":[{"name":"wp","href":"https:\/\/api.w.org\/{rel}","templated":true}]}}