{"id":2098,"date":"2025-01-09T22:16:47","date_gmt":"2025-01-09T14:16:47","guid":{"rendered":"https:\/\/bqeye.com\/?post_type=product&#038;p=2098"},"modified":"2025-01-09T22:19:47","modified_gmt":"2025-01-09T14:19:47","slug":"fiji-glacier-blue-contact-lenses","status":"publish","type":"product","link":"https:\/\/bqeye.com\/pt\/fiji-glacier-blue-contact-lenses\/","title":{"rendered":"Lentes de Contacto Fiji Glacier Blue"},"content":{"rendered":"<h1 class=\"md-end-block md-heading\"><span class=\"md-plain md-expand\">Lentes de contacto Fiji Glacier Blue: Ocean Depths Fusion<\/span><\/h1>\n<h2 class=\"md-end-block md-heading\"><span class=\"md-plain\">Inspira\u00e7\u00e3o de design e hist\u00f3ria de cores<\/span><\/h2>\n<p class=\"md-end-block md-p\"><span class=\"md-plain\">Estas lentes de contacto Fiji Glacier Blue inspiram-se nos fen\u00f3menos mais deslumbrantes da natureza. O design capta a fus\u00e3o hipnotizante das lagoas cristalinas das Ilhas Fiji e dos glaciares \u00e1rcticos imaculados. A tecnologia exclusiva de gradiente de tr\u00eas camadas combina o calor tropical com a claridade do \u00c1rtico, criando uma profundidade de cor sem precedentes. O azul lagoa profundo do anel exterior real\u00e7a a defini\u00e7\u00e3o do olhar, enquanto a zona central dos glaciares cristalinos cria uma transpar\u00eancia pura e o n\u00facleo interior turquesa acrescenta uma dimens\u00e3o vibrante. Este design inovador n\u00e3o s\u00f3 faz com que os olhos pare\u00e7am maiores e mais cativantes, como tamb\u00e9m cria mudan\u00e7as de cor fascinantes em diferentes condi\u00e7\u00f5es de ilumina\u00e7\u00e3o, como se capturasse os mais belos milagres azuis da natureza no seu olhar.<\/span><\/p>\n<h2 class=\"md-end-block md-heading\"><span class=\"md-plain\">Notas do influenciador<\/span><\/h2>\n<ul class=\"ul-list\" data-mark=\"*\">\n<li class=\"md-list-item\">\n<p class=\"md-end-block md-p\"><span class=\"md-plain\">@OceanQueen (890 mil seguidores): \"Estes Fiji Glacier Blues s\u00e3o absolutamente de cortar a respira\u00e7\u00e3o! Durante as sess\u00f5es de fotos ao ar livre, meus olhos capturam todo o oceano - as fotos s\u00e3o incr\u00edveis e parecem completamente naturais! \ud83d\udc40\"<\/span><\/p>\n<\/li>\n<li class=\"md-list-item\">\n<p class=\"md-end-block md-p\"><span class=\"md-plain\">@TropicalGlow (925 mil seguidores): \"Como influenciadora de beleza, j\u00e1 experimentei in\u00fameras lentes, mas a Fiji Glacier Blue \u00e9 a minha favorita absoluta! Perfeita tanto para grandes eventos como para a cria\u00e7\u00e3o de conte\u00fados di\u00e1rios. Estas lentes foram a minha arma secreta na gala de ver\u00e3o! \ud83c\udf1f\"<\/span><\/p>\n<\/li>\n<li class=\"md-list-item\">\n<p class=\"md-end-block md-p\"><span class=\"md-plain\">@ArcticBeauty (885 mil seguidores): \"Ao usar o meu Fiji Glacier Blues no Universal Studios, toda a gente pensou que os meus olhos eram naturalmente t\u00e3o deslumbrantes! Eles fotografam lindamente em qualquer cen\u00e1rio - um must-have para criadores de conte\u00fado! \ud83d\udc95\"<\/span><\/p>\n<\/li>\n<\/ul>\n<h2 class=\"md-end-block md-heading\"><span class=\"md-plain\">Experi\u00eancias do utilizador<\/span><\/h2>\n<ul class=\"ul-list\" data-mark=\"*\">\n<li class=\"md-list-item\">\n<p class=\"md-end-block md-p\"><span class=\"md-plain\">\"Assim que calcei os Fiji Glacier Blue, fiquei maravilhada! Funcionam na perfei\u00e7\u00e3o tanto para reuni\u00f5es de neg\u00f3cios como para encontros casuais, acrescentando sofistica\u00e7\u00e3o sem serem demasiado pesados.\"<\/span><\/p>\n<\/li>\n<li class=\"md-list-item\">\n<p class=\"md-end-block md-p\"><span class=\"md-plain\">\"Estou a usar o Fiji Glacier Blue h\u00e1 tr\u00eas meses seguidos - a fazer compras ou a encontrar-me com amigos, as pessoas pensam sempre que \u00e9 a cor natural dos meus olhos! \ud83d\ude04\"<\/span><\/p>\n<\/li>\n<li class=\"md-list-item\">\n<p class=\"md-end-block md-p\"><span class=\"md-plain\">\"Estas lentes s\u00e3o perfeitas para uso di\u00e1rio! Confort\u00e1veis durante longas horas de escrit\u00f3rio, e fazem-me parecer mais energizada durante as chamadas de v\u00eddeo. \ud83d\udc4d\"<\/span><\/p>\n<\/li>\n<\/ul>\n<h2 class=\"md-end-block md-heading\"><span class=\"md-plain\">Perfeito para<\/span><\/h2>\n<h3 class=\"md-end-block md-heading\"><span class=\"md-plain\">Ocasi\u00f5es quotidianas<\/span><\/h3>\n<ul class=\"ul-list\" data-mark=\"*\">\n<li class=\"md-list-item\">\n<p class=\"md-end-block md-p\"><span class=\"md-plain\">Trabalho de escrit\u00f3rio<\/span><\/p>\n<\/li>\n<li class=\"md-list-item\">\n<p class=\"md-end-block md-p\"><span class=\"md-plain\">Vida no campus<\/span><\/p>\n<\/li>\n<li class=\"md-list-item\">\n<p class=\"md-end-block md-p\"><span class=\"md-plain\">Encontros casuais<\/span><\/p>\n<\/li>\n<li class=\"md-list-item\">\n<p class=\"md-end-block md-p\"><span class=\"md-plain\">Actividades ao ar livre<\/span><\/p>\n<\/li>\n<\/ul>\n<h3 class=\"md-end-block md-heading\"><span class=\"md-plain\">Eventos especiais<\/span><\/h3>\n<ul class=\"ul-list\" data-mark=\"*\">\n<li class=\"md-list-item\">\n<p class=\"md-end-block md-p\"><span class=\"md-plain\">Casamentos<\/span><\/p>\n<\/li>\n<li class=\"md-list-item\">\n<p class=\"md-end-block md-p\"><span class=\"md-plain\">Sess\u00f5es fotogr\u00e1ficas<\/span><\/p>\n<\/li>\n<li class=\"md-list-item\">\n<p class=\"md-end-block md-p\"><span class=\"md-plain\">Apresenta\u00e7\u00f5es<\/span><\/p>\n<\/li>\n<li class=\"md-list-item\">\n<p class=\"md-end-block md-p\"><span class=\"md-plain\">Reuni\u00f5es sociais<\/span><\/p>\n<\/li>\n<\/ul>\n<h3 class=\"md-end-block md-heading\"><span class=\"md-plain\">Dicas de maquilhagem<\/span><\/h3>\n<ul class=\"ul-list\" data-mark=\"*\">\n<li class=\"md-list-item\">\n<p class=\"md-end-block md-p\"><span class=\"md-plain\">Base h\u00famida<\/span><\/p>\n<\/li>\n<li class=\"md-list-item\">\n<p class=\"md-end-block md-p\"><span class=\"md-plain\">Sombra de olhos p\u00e9rola<\/span><\/p>\n<\/li>\n<li class=\"md-list-item\">\n<p class=\"md-end-block md-p\"><span class=\"md-plain\">Looks nude naturais<\/span><\/p>\n<\/li>\n<li class=\"md-list-item\">\n<p class=\"md-end-block md-p\"><span class=\"md-plain\">Maquilhagem de olhos suave em tons de azul<\/span><\/p>\n<\/li>\n<\/ul>\n<h2 class=\"md-end-block md-heading\"><span class=\"md-plain\">Guia de estilo<\/span><\/h2>\n<h3 class=\"md-end-block md-heading\"><span class=\"md-plain\">Cores do vestu\u00e1rio<\/span><\/h3>\n<ul class=\"ul-list\" data-mark=\"*\">\n<li class=\"md-list-item\">\n<p class=\"md-end-block md-p\"><span class=\"md-plain\">Azuis do oceano<\/span><\/p>\n<\/li>\n<li class=\"md-list-item\">\n<p class=\"md-end-block md-p\"><span class=\"md-plain\">Branco glaciar<\/span><\/p>\n<\/li>\n<li class=\"md-list-item\">\n<p class=\"md-end-block md-p\"><span class=\"md-plain\">Verde menta<\/span><\/p>\n<\/li>\n<li class=\"md-list-item\">\n<p class=\"md-end-block md-p\"><span class=\"md-plain\">Cinzento p\u00e9rola<\/span><\/p>\n<\/li>\n<li class=\"md-list-item\">\n<p class=\"md-end-block md-p\"><span class=\"md-plain\">Marfim<\/span><\/p>\n<\/li>\n<\/ul>\n<h3 class=\"md-end-block md-heading\"><span class=\"md-plain\">Acess\u00f3rios<\/span><\/h3>\n<ul class=\"ul-list\" data-mark=\"*\">\n<li class=\"md-list-item\">\n<p class=\"md-end-block md-p\"><span class=\"md-plain\">J\u00f3ias de cristal<\/span><\/p>\n<\/li>\n<li class=\"md-list-item\">\n<p class=\"md-end-block md-p\"><span class=\"md-plain\">Pe\u00e7as de prata<\/span><\/p>\n<\/li>\n<li class=\"md-list-item\">\n<p class=\"md-end-block md-p\"><span class=\"md-plain\">Acentos de p\u00e9rolas<\/span><\/p>\n<\/li>\n<li class=\"md-list-item\">\n<p class=\"md-end-block md-p\"><span class=\"md-plain\">Acess\u00f3rios transparentes<\/span><\/p>\n<\/li>\n<\/ul>\n<h3 class=\"md-end-block md-heading\"><span class=\"md-plain\">Estilo sazonal<\/span><\/h3>\n<ul class=\"ul-list\" data-mark=\"*\">\n<li class=\"md-list-item\">\n<p class=\"md-end-block md-p\"><span class=\"md-plain\">primavera: Past\u00e9is claros<\/span><\/p>\n<\/li>\n<li class=\"md-list-item\">\n<p class=\"md-end-block md-p\"><span class=\"md-plain\">ver\u00e3o: Roupa de balne\u00e1rio<\/span><\/p>\n<\/li>\n<li class=\"md-list-item\">\n<p class=\"md-end-block md-p\"><span class=\"md-plain\">outono: Neutros quentes<\/span><\/p>\n<\/li>\n<li class=\"md-list-item\">\n<p class=\"md-end-block md-p\"><span class=\"md-plain\">inverno: Pe\u00e7as inspiradas no gelo<\/span><\/p>\n<\/li>\n<\/ul>\n<h2 class=\"md-end-block md-heading\"><span class=\"md-plain\">Seguran\u00e7a e conforto<\/span><\/h2>\n<p class=\"md-end-block md-p\"><span class=\"md-plain\">Certificado para a sa\u00fade e seguran\u00e7a dos olhos. A tecnologia de hidrata\u00e7\u00e3o avan\u00e7ada assegura o conforto durante uma utiliza\u00e7\u00e3o prolongada.<\/span><\/p>\n<p class=\"md-end-block md-p md-focus\"><span class=\"md-plain md-expand\">Transforme o seu visual com as Lentes de Contacto Fiji Glacier Blue - Onde o calor tropical encontra o brilho \u00e1rtico \u2727<\/span><\/p>","protected":false},"excerpt":{"rendered":"<p>Fiji Glacier Blue Contact Lenses: Ocean Depths Fusion Design Inspiration &amp; Color Story These Fiji Glacier Blue Contact Lenses draw inspiration from nature&#8217;s most stunning phenomena. The design captures the mesmerizing fusion of Fiji&#8217;s crystalline lagoons and pristine arctic glaciers. The unique three-layer gradient technology combines tropical warmth with arctic clarity, creating an unprecedented depth [&#8230;]\n","protected":false},"featured_media":2100,"comment_status":"open","ping_status":"closed","template":"","meta":[],"product_brand":[],"product_cat":[75,92,188,158,98],"product_tag":[],"class_list":{"0":"post-2098","1":"product","2":"type-product","3":"status-publish","4":"has-post-thumbnail","6":"product_cat-blue-contact-lenses","7":"product_cat-14-5-mm","8":"product_cat-dream-contacts","9":"product_cat-enlarge-contacts","10":"product_cat-yearly-disposable","12":"first","13":"instock","14":"sale","15":"shipping-taxable","16":"purchasable","17":"product-type-variable","18":"has-default-attributes"},"_links":{"self":[{"href":"https:\/\/bqeye.com\/pt\/wp-json\/wp\/v2\/product\/2098","targetHints":{"allow":["GET"]}}],"collection":[{"href":"https:\/\/bqeye.com\/pt\/wp-json\/wp\/v2\/product"}],"about":[{"href":"https:\/\/bqeye.com\/pt\/wp-json\/wp\/v2\/types\/product"}],"replies":[{"embeddable":true,"href":"https:\/\/bqeye.com\/pt\/wp-json\/wp\/v2\/comments?post=2098"}],"wp:featuredmedia":[{"embeddable":true,"href":"https:\/\/bqeye.com\/pt\/wp-json\/wp\/v2\/media\/2100"}],"wp:attachment":[{"href":"https:\/\/bqeye.com\/pt\/wp-json\/wp\/v2\/media?parent=2098"}],"wp:term":[{"taxonomy":"product_brand","embeddable":true,"href":"https:\/\/bqeye.com\/pt\/wp-json\/wp\/v2\/product_brand?post=2098"},{"taxonomy":"product_cat","embeddable":true,"href":"https:\/\/bqeye.com\/pt\/wp-json\/wp\/v2\/product_cat?post=2098"},{"taxonomy":"product_tag","embeddable":true,"href":"https:\/\/bqeye.com\/pt\/wp-json\/wp\/v2\/product_tag?post=2098"}],"curies":[{"name":"wp","href":"https:\/\/api.w.org\/{rel}","templated":true}]}}