{"id":2107,"date":"2025-01-09T22:55:44","date_gmt":"2025-01-09T14:55:44","guid":{"rendered":"https:\/\/bqeye.com\/?post_type=product&#038;p=2107"},"modified":"2025-01-09T22:59:37","modified_gmt":"2025-01-09T14:59:37","slug":"deep-denim-contact-lenses","status":"publish","type":"product","link":"https:\/\/bqeye.com\/pt\/deep-denim-contact-lenses\/","title":{"rendered":"Lentes de Contacto Deep Denim"},"content":{"rendered":"<h1 class=\"md-end-block md-heading\"><span class=\"md-plain md-expand\">Lentes de contacto Deep Denim - Abrace a sua beleza inspirada no oceano<\/span><\/h1>\n<h2 class=\"md-end-block md-heading\"><span class=\"md-plain\">\ud83d\udcab Inspira\u00e7\u00e3o de design<\/span><\/h2>\n<p class=\"md-end-block md-p\"><span class=\"md-plain\">Inspiradas nas profundezas serenas do oceano, estas Lentes de Contacto Deep Denim captam a ess\u00eancia das \u00e1guas crepusculares. O design reflecte a sofisticada intera\u00e7\u00e3o dos tons de azul profundo que se encontram na ganga premium, criando um efeito hipnotizante que real\u00e7a a cor natural dos seus olhos, ao mesmo tempo que acrescenta profundidade e dimens\u00e3o ao seu olhar. Estas lentes n\u00e3o s\u00f3 fazem com que os seus olhos pare\u00e7am maiores e mais definidos, como tamb\u00e9m criam uma m\u00edstica irresist\u00edvel que \u00e9 perfeita para qualquer ocasi\u00e3o.<\/span><\/p>\n<h2 class=\"md-end-block md-heading\"><span class=\"md-plain\">\ud83d\udc41\ufe0f Coment\u00e1rios de influenciadores<\/span><\/h2>\n<ul class=\"ul-list\" data-mark=\"*\">\n<li class=\"md-list-item\">\n<p class=\"md-end-block md-p\"><span class=\"md-plain\">@StyleQueen (2,3 milh\u00f5es de seguidores): \"Estas lentes Deep Denim s\u00e3o a minha escolha absoluta para sess\u00f5es fotogr\u00e1ficas! Elas d\u00e3o aos meus olhos essa profundidade incr\u00edvel que fica incr\u00edvel tanto na luz natural do dia quanto na ilumina\u00e7\u00e3o do est\u00fadio. \ud83d\udc99\"<\/span><\/p>\n<\/li>\n<li class=\"md-list-item\">\n<p class=\"md-end-block md-p\"><span class=\"md-plain\">@BeautyInsider (897K seguidores): \"Encontrei o meu par perfeito! Quando os uso em reuni\u00f5es de trabalho, toda a gente elogia o seu aspeto profissional e, ao mesmo tempo, marcante. O tom azul profundo \u00e9 simplesmente lindo!\"<\/span><\/p>\n<\/li>\n<li class=\"md-list-item\">\n<p class=\"md-end-block md-p\"><span class=\"md-plain\">@FashionFable (1,2 milh\u00f5es de seguidores): \"OMG! Estas lentes s\u00e3o tudo! Fazem os meus olhos sobressa\u00edrem durante os meus Instagram Lives, e s\u00e3o t\u00e3o confort\u00e1veis que me esque\u00e7o que as estou a usar durante os meus eventos de moda de 12 horas! \ud83c\udf0a\"<\/span><\/p>\n<\/li>\n<\/ul>\n<h2 class=\"md-end-block md-heading\"><span class=\"md-plain\">\ud83d\udc8e Experi\u00eancias do utilizador<\/span><\/h2>\n<ul class=\"ul-list\" data-mark=\"*\">\n<li class=\"md-list-item\">\n<p class=\"md-end-block md-p\"><span class=\"md-plain\">\"As lentes Deep Denim s\u00e3o incrivelmente naturais. Uso-as durante as minhas reuni\u00f5es de trabalho e d\u00e3o-me muita confian\u00e7a sem serem demasiado dram\u00e1ticas.\"<\/span><\/p>\n<\/li>\n<li class=\"md-list-item\">\n<p class=\"md-end-block md-p\"><span class=\"md-plain\">\"Estas lentes s\u00e3o perfeitas para os meus brunches de fim de semana! Os meus amigos n\u00e3o conseguem acreditar como elas se misturam naturalmente com a minha cor original dos olhos. \ud83d\udc40\"<\/span><\/p>\n<\/li>\n<li class=\"md-list-item\">\n<p class=\"md-end-block md-p\"><span class=\"md-plain\">\"Usar estes sapatos no casamento da minha irm\u00e3 foi a melhor decis\u00e3o - fotografaram lindamente e mantiveram-se confort\u00e1veis durante toda a celebra\u00e7\u00e3o!\"<\/span><\/p>\n<\/li>\n<\/ul>\n<h2 class=\"md-end-block md-heading\"><span class=\"md-plain\">\ud83c\udfaf Ocasi\u00f5es perfeitas<\/span><\/h2>\n<ul class=\"ul-list\" data-mark=\"*\">\n<li class=\"md-list-item\">\n<p class=\"md-end-block md-p\"><span class=\"md-plain\">Utiliza\u00e7\u00e3o di\u00e1ria: Reuni\u00f5es no escrit\u00f3rio, passeios informais, idas \u00e0s compras<\/span><\/p>\n<\/li>\n<li class=\"md-list-item\">\n<p class=\"md-end-block md-p\"><span class=\"md-plain\">Eventos especiais: Casamentos, sess\u00f5es fotogr\u00e1ficas, reuni\u00f5es formais<\/span><\/p>\n<\/li>\n<li class=\"md-list-item\">\n<p class=\"md-end-block md-p\"><span class=\"md-plain\">Combina\u00e7\u00e3o de maquilhagem: Funciona lindamente com olhos esfumados neutros, looks bronzeados ou maquilhagem natural<\/span><\/p>\n<\/li>\n<\/ul>\n<h2 class=\"md-end-block md-heading\"><span class=\"md-plain\">\ud83d\udc54 Guia de estilo<\/span><\/h2>\n<h3 class=\"md-end-block md-heading\"><span class=\"md-plain\">Combina\u00e7\u00f5es de cores de vestu\u00e1rio<\/span><\/h3>\n<ul class=\"ul-list\" data-mark=\"*\">\n<li class=\"md-list-item\">\n<p class=\"md-end-block md-p\"><span class=\"md-plain\">Neutros: Branco, creme, bege, cinzento<\/span><\/p>\n<\/li>\n<li class=\"md-list-item\">\n<p class=\"md-end-block md-p\"><span class=\"md-plain\">Complementares: Marinho, borgonha, verde floresta<\/span><\/p>\n<\/li>\n<li class=\"md-list-item\">\n<p class=\"md-end-block md-p\"><span class=\"md-plain\">Acentos: Ouro, prata, cobre<\/span><\/p>\n<\/li>\n<\/ul>\n<h3 class=\"md-end-block md-heading\"><span class=\"md-plain\">Recomenda\u00e7\u00f5es de acess\u00f3rios<\/span><\/h3>\n<ul class=\"ul-list\" data-mark=\"*\">\n<li class=\"md-list-item\">\n<p class=\"md-end-block md-p\"><span class=\"md-plain\">J\u00f3ias de ouro para uma sofistica\u00e7\u00e3o calorosa<\/span><\/p>\n<\/li>\n<li class=\"md-list-item\">\n<p class=\"md-end-block md-p\"><span class=\"md-plain\">Pe\u00e7as em prata para uma eleg\u00e2ncia fresca<\/span><\/p>\n<\/li>\n<li class=\"md-list-item\">\n<p class=\"md-end-block md-p\"><span class=\"md-plain\">Acess\u00f3rios de p\u00e9rolas para um charme intemporal<\/span><\/p>\n<\/li>\n<\/ul>\n<h3 class=\"md-end-block md-heading\"><span class=\"md-plain\">Estilo sazonal<\/span><\/h3>\n<ul class=\"ul-list\" data-mark=\"*\">\n<li class=\"md-list-item\">\n<p class=\"md-end-block md-p\"><span class=\"md-plain\">primavera\/ver\u00e3o: Combinar com linhos claros e tons pastel<\/span><\/p>\n<\/li>\n<li class=\"md-list-item\">\n<p class=\"md-end-block md-p\"><span class=\"md-plain\">outono\/inverno: Perfeito com tecidos ricos e tons profundos<\/span><\/p>\n<\/li>\n<\/ul>\n<p class=\"md-end-block md-p md-focus\"><span class=\"md-plain md-expand\">Transforme o seu visual hoje com as Lentes de Contacto Deep Denim - onde a beleza inspirada no oceano encontra a eleg\u00e2ncia do dia a dia! \ud83c\udf0a<\/span><\/p>","protected":false},"excerpt":{"rendered":"<p>\u2728 Deep Denim Contact Lenses &#8211; Embrace Your Ocean-Inspired Beauty \ud83d\udcab Design Inspiration Drawing inspiration from the serene depths of the ocean, these Deep Denim Contact Lenses capture the essence of twilight waters. The design reflects the sophisticated interplay of deep blue hues found in premium denim, creating a mesmerizing effect that enhances your natural [&#8230;]\n","protected":false},"featured_media":2109,"comment_status":"open","ping_status":"closed","template":"","meta":[],"product_brand":[],"product_cat":[75,92,188,158,98],"product_tag":[],"class_list":{"0":"post-2107","1":"product","2":"type-product","3":"status-publish","4":"has-post-thumbnail","6":"product_cat-blue-contact-lenses","7":"product_cat-14-5-mm","8":"product_cat-dream-contacts","9":"product_cat-enlarge-contacts","10":"product_cat-yearly-disposable","12":"first","13":"instock","14":"sale","15":"shipping-taxable","16":"purchasable","17":"product-type-variable","18":"has-default-attributes"},"_links":{"self":[{"href":"https:\/\/bqeye.com\/pt\/wp-json\/wp\/v2\/product\/2107","targetHints":{"allow":["GET"]}}],"collection":[{"href":"https:\/\/bqeye.com\/pt\/wp-json\/wp\/v2\/product"}],"about":[{"href":"https:\/\/bqeye.com\/pt\/wp-json\/wp\/v2\/types\/product"}],"replies":[{"embeddable":true,"href":"https:\/\/bqeye.com\/pt\/wp-json\/wp\/v2\/comments?post=2107"}],"wp:featuredmedia":[{"embeddable":true,"href":"https:\/\/bqeye.com\/pt\/wp-json\/wp\/v2\/media\/2109"}],"wp:attachment":[{"href":"https:\/\/bqeye.com\/pt\/wp-json\/wp\/v2\/media?parent=2107"}],"wp:term":[{"taxonomy":"product_brand","embeddable":true,"href":"https:\/\/bqeye.com\/pt\/wp-json\/wp\/v2\/product_brand?post=2107"},{"taxonomy":"product_cat","embeddable":true,"href":"https:\/\/bqeye.com\/pt\/wp-json\/wp\/v2\/product_cat?post=2107"},{"taxonomy":"product_tag","embeddable":true,"href":"https:\/\/bqeye.com\/pt\/wp-json\/wp\/v2\/product_tag?post=2107"}],"curies":[{"name":"wp","href":"https:\/\/api.w.org\/{rel}","templated":true}]}}