{"id":2120,"date":"2025-01-10T11:36:52","date_gmt":"2025-01-10T03:36:52","guid":{"rendered":"https:\/\/bqeye.com\/?post_type=product&#038;p=2120"},"modified":"2025-01-10T11:38:16","modified_gmt":"2025-01-10T03:38:16","slug":"taylors-midnight-rain-contact-lenses","status":"publish","type":"product","link":"https:\/\/bqeye.com\/pt\/taylors-midnight-rain-contact-lenses\/","title":{"rendered":"Lentes de contacto Midnight Rain da Taylor's"},"content":{"rendered":"<h1 class=\"md-end-block md-heading\"><span class=\"md-plain md-expand\">Lentes de Contacto Taylor's Midnight Rain - Eleg\u00e2ncia Encantadora<\/span><\/h1>\n<h2 class=\"md-end-block md-heading\"><span class=\"md-plain\">Elementos de design<\/span><\/h2>\n<ul class=\"ul-list\" data-mark=\"*\">\n<li class=\"md-list-item\">\n<p class=\"md-end-block md-p\"><span class=\"md-plain\">Anel exterior: Aro de defini\u00e7\u00e3o preto profundo<\/span><\/p>\n<\/li>\n<li class=\"md-list-item\">\n<p class=\"md-end-block md-p\"><span class=\"md-plain\">Padr\u00e3o interior: Transi\u00e7\u00e3o de gradiente de preto para azul<\/span><\/p>\n<\/li>\n<li class=\"md-list-item\">\n<p class=\"md-end-block md-p\"><span class=\"md-plain\">Desenho do n\u00facleo: Delicado padr\u00e3o de malha de matriz de pontos<\/span><\/p>\n<\/li>\n<\/ul>\n<h2 class=\"md-end-block md-heading\"><span class=\"md-plain\">\ud83d\udc41\ufe0f Coment\u00e1rios profissionais<\/span><\/h2>\n<ul class=\"ul-list\" data-mark=\"*\">\n<li class=\"md-list-item\">\n<p class=\"md-end-block md-p\"><span class=\"md-plain\">\"Captura a ess\u00eancia da m\u00edstica da meia-noite\" - Especialista em vis\u00e3o, Style Academy<\/span><\/p>\n<\/li>\n<li class=\"md-list-item\">\n<p class=\"md-end-block md-p\"><span class=\"md-plain\">\"O padr\u00e3o de malha cria uma profundidade incrivelmente natural\" - Diretor de Cuidados Oculares, Instituto de Moda<\/span><\/p>\n<\/li>\n<li class=\"md-list-item\">\n<p class=\"md-end-block md-p\"><span class=\"md-plain\">\"Equil\u00edbrio perfeito entre drama e facilidade de utiliza\u00e7\u00e3o\" - Especialista em Optometria, Faculdade de Beleza<\/span><\/p>\n<\/li>\n<\/ul>\n<h2 class=\"md-end-block md-heading\"><span class=\"md-plain\">\ud83d\udc8e Experi\u00eancias do utilizador<\/span><\/h2>\n<ul class=\"ul-list\" data-mark=\"*\">\n<li class=\"md-list-item\">\n<p class=\"md-end-block md-p\"><span class=\"md-plain\">\"Como ter olhos naturalmente m\u00edsticos - subtis mas marcantes\"<\/span><\/p>\n<\/li>\n<li class=\"md-list-item\">\n<p class=\"md-end-block md-p\"><span class=\"md-plain\">\"O efeito gradiente \u00e9 absolutamente encantador\"<\/span><\/p>\n<\/li>\n<li class=\"md-list-item\">\n<p class=\"md-end-block md-p\"><span class=\"md-plain\">\"Perfeito para criar aquele visual m\u00edstico da meia-noite\"<\/span><\/p>\n<\/li>\n<\/ul>\n<h2 class=\"md-end-block md-heading\"><span class=\"md-plain\">\ud83c\udfaf Defini\u00e7\u00f5es perfeitas<\/span><\/h2>\n<ul class=\"ul-list\" data-mark=\"*\">\n<li class=\"md-list-item\">\n<p class=\"md-end-block md-p\"><span class=\"md-plain\">Eventos diurnos:<\/span><\/p>\n<ul class=\"ul-list\" data-mark=\"*\">\n<li class=\"md-list-item\">\n<p class=\"md-end-block md-p\"><span class=\"md-plain\">Datas de brunch<\/span><\/p>\n<\/li>\n<li class=\"md-list-item\">\n<p class=\"md-end-block md-p\"><span class=\"md-plain\">Viagens de compras<\/span><\/p>\n<\/li>\n<li class=\"md-list-item\">\n<p class=\"md-end-block md-p\"><span class=\"md-plain\">Encontros casuais<\/span><\/p>\n<\/li>\n<\/ul>\n<\/li>\n<li class=\"md-list-item\">\n<p class=\"md-end-block md-p\"><span class=\"md-plain\">Assuntos noturnos:<\/span><\/p>\n<ul class=\"ul-list\" data-mark=\"*\">\n<li class=\"md-list-item\">\n<p class=\"md-end-block md-p\"><span class=\"md-plain\">Noites de concerto<\/span><\/p>\n<\/li>\n<li class=\"md-list-item\">\n<p class=\"md-end-block md-p\"><span class=\"md-plain\">Jantares de festa<\/span><\/p>\n<\/li>\n<li class=\"md-list-item\">\n<p class=\"md-end-block md-p\"><span class=\"md-plain\">Festivais noturnos<\/span><\/p>\n<\/li>\n<\/ul>\n<\/li>\n<li class=\"md-list-item\">\n<p class=\"md-end-block md-p\"><span class=\"md-plain\">Ocasi\u00f5es especiais:<\/span><\/p>\n<ul class=\"ul-list\" data-mark=\"*\">\n<li class=\"md-list-item\">\n<p class=\"md-end-block md-p\"><span class=\"md-plain\">Sess\u00f5es fotogr\u00e1ficas<\/span><\/p>\n<\/li>\n<li class=\"md-list-item\">\n<p class=\"md-end-block md-p\"><span class=\"md-plain\">Eventos musicais<\/span><\/p>\n<\/li>\n<li class=\"md-list-item\">\n<p class=\"md-end-block md-p\"><span class=\"md-plain\">Encontros \u00e0 luz das estrelas<\/span><\/p>\n<\/li>\n<\/ul>\n<\/li>\n<\/ul>\n<h2 class=\"md-end-block md-heading\"><span class=\"md-plain\">\ud83d\udc54 Guia de estilo<\/span><\/h2>\n<h3 class=\"md-end-block md-heading\"><span class=\"md-plain\">Harmonias de cores<\/span><\/h3>\n<ul class=\"ul-list\" data-mark=\"*\">\n<li class=\"md-list-item\">\n<p class=\"md-end-block md-p\"><span class=\"md-plain\">Cores principais:<\/span><\/p>\n<ul class=\"ul-list\" data-mark=\"*\">\n<li class=\"md-list-item\">\n<p class=\"md-end-block md-p\"><span class=\"md-plain\">Preto meia-noite<\/span><\/p>\n<\/li>\n<li class=\"md-list-item\">\n<p class=\"md-end-block md-p\"><span class=\"md-plain\">Azul chuva<\/span><\/p>\n<\/li>\n<li class=\"md-list-item\">\n<p class=\"md-end-block md-p\"><span class=\"md-plain\">Cristalino<\/span><\/p>\n<\/li>\n<\/ul>\n<\/li>\n<li class=\"md-list-item\">\n<p class=\"md-end-block md-p\"><span class=\"md-plain\">Tons complementares:<\/span><\/p>\n<ul class=\"ul-list\" data-mark=\"*\">\n<li class=\"md-list-item\">\n<p class=\"md-end-block md-p\"><span class=\"md-plain\">Prata estrelada<\/span><\/p>\n<\/li>\n<li class=\"md-list-item\">\n<p class=\"md-end-block md-p\"><span class=\"md-plain\">Meia-noite marinho<\/span><\/p>\n<\/li>\n<li class=\"md-list-item\">\n<p class=\"md-end-block md-p\"><span class=\"md-plain\">P\u00farpura crepuscular<\/span><\/p>\n<\/li>\n<\/ul>\n<\/li>\n<\/ul>\n<h3 class=\"md-end-block md-heading\"><span class=\"md-plain\">Combina\u00e7\u00f5es de maquilhagem<\/span><\/h3>\n<ul class=\"ul-list\" data-mark=\"*\">\n<li class=\"md-list-item\">\n<p class=\"md-end-block md-p\"><span class=\"md-plain\">Magia diurna:<\/span><\/p>\n<ul class=\"ul-list\" data-mark=\"*\">\n<li class=\"md-list-item\">\n<p class=\"md-end-block md-p\"><span class=\"md-plain\">Sombras cintilantes<\/span><\/p>\n<\/li>\n<li class=\"md-list-item\">\n<p class=\"md-end-block md-p\"><span class=\"md-plain\">Forro macio<\/span><\/p>\n<\/li>\n<li class=\"md-list-item\">\n<p class=\"md-end-block md-p\"><span class=\"md-plain\">Brilho p\u00e9rola<\/span><\/p>\n<\/li>\n<\/ul>\n<\/li>\n<li class=\"md-list-item\">\n<p class=\"md-end-block md-p\"><span class=\"md-plain\">Encantamento noturno:<\/span><\/p>\n<ul class=\"ul-list\" data-mark=\"*\">\n<li class=\"md-list-item\">\n<p class=\"md-end-block md-p\"><span class=\"md-plain\">Acentos brilhantes<\/span><\/p>\n<\/li>\n<li class=\"md-list-item\">\n<p class=\"md-end-block md-p\"><span class=\"md-plain\">Revestimento da asa<\/span><\/p>\n<\/li>\n<li class=\"md-list-item\">\n<p class=\"md-end-block md-p\"><span class=\"md-plain\">L\u00e1bios de bagas<\/span><\/p>\n<\/li>\n<\/ul>\n<\/li>\n<\/ul>\n<h3 class=\"md-end-block md-heading\"><span class=\"md-plain\">Dicas de estilo<\/span><\/h3>\n<ul class=\"ul-list\" data-mark=\"*\">\n<li class=\"md-list-item\">\n<p class=\"md-end-block md-p\"><span class=\"md-plain\">Melhor com:<\/span><\/p>\n<ul class=\"ul-list\" data-mark=\"*\">\n<li class=\"md-list-item\">\n<p class=\"md-end-block md-p\"><span class=\"md-plain\">J\u00f3ias de prata<\/span><\/p>\n<\/li>\n<li class=\"md-list-item\">\n<p class=\"md-end-block md-p\"><span class=\"md-plain\">Blues da meia-noite<\/span><\/p>\n<\/li>\n<li class=\"md-list-item\">\n<p class=\"md-end-block md-p\"><span class=\"md-plain\">Acentos brilhantes<\/span><\/p>\n<\/li>\n<\/ul>\n<\/li>\n<\/ul>\n<p class=\"md-end-block md-p md-focus\"><span class=\"md-plain md-expand\">Experimente o fasc\u00ednio encantador de Taylor's Midnight Rain - Onde a magia da meia-noite encontra o estilo moderno! \ud83d\udc41\ufe0f<\/span><\/p>","protected":false},"excerpt":{"rendered":"<p>\u2728 Taylor&#8217;s Midnight Rain Contact Lenses &#8211; Enchanting Elegance \ud83d\udcab Design Elements Outer Ring: Deep black defining rim Inner Pattern: Black-to-blue gradient transition Core Design: Delicate dot matrix mesh pattern \ud83d\udc41\ufe0f Professional Reviews &#8220;Captures the essence of midnight mystique&#8221; &#8211; Vision Expert, Style Academy &#8220;The mesh pattern creates incredibly natural depth&#8221; &#8211; Eye Care Director, [&#8230;]\n","protected":false},"featured_media":2122,"comment_status":"open","ping_status":"closed","template":"","meta":[],"product_brand":[],"product_cat":[75,92,188,158,98],"product_tag":[],"class_list":{"0":"post-2120","1":"product","2":"type-product","3":"status-publish","4":"has-post-thumbnail","6":"product_cat-blue-contact-lenses","7":"product_cat-14-5-mm","8":"product_cat-dream-contacts","9":"product_cat-enlarge-contacts","10":"product_cat-yearly-disposable","12":"first","13":"instock","14":"sale","15":"shipping-taxable","16":"purchasable","17":"product-type-variable","18":"has-default-attributes"},"_links":{"self":[{"href":"https:\/\/bqeye.com\/pt\/wp-json\/wp\/v2\/product\/2120","targetHints":{"allow":["GET"]}}],"collection":[{"href":"https:\/\/bqeye.com\/pt\/wp-json\/wp\/v2\/product"}],"about":[{"href":"https:\/\/bqeye.com\/pt\/wp-json\/wp\/v2\/types\/product"}],"replies":[{"embeddable":true,"href":"https:\/\/bqeye.com\/pt\/wp-json\/wp\/v2\/comments?post=2120"}],"wp:featuredmedia":[{"embeddable":true,"href":"https:\/\/bqeye.com\/pt\/wp-json\/wp\/v2\/media\/2122"}],"wp:attachment":[{"href":"https:\/\/bqeye.com\/pt\/wp-json\/wp\/v2\/media?parent=2120"}],"wp:term":[{"taxonomy":"product_brand","embeddable":true,"href":"https:\/\/bqeye.com\/pt\/wp-json\/wp\/v2\/product_brand?post=2120"},{"taxonomy":"product_cat","embeddable":true,"href":"https:\/\/bqeye.com\/pt\/wp-json\/wp\/v2\/product_cat?post=2120"},{"taxonomy":"product_tag","embeddable":true,"href":"https:\/\/bqeye.com\/pt\/wp-json\/wp\/v2\/product_tag?post=2120"}],"curies":[{"name":"wp","href":"https:\/\/api.w.org\/{rel}","templated":true}]}}