{"id":2231,"date":"2025-01-15T22:02:58","date_gmt":"2025-01-15T14:02:58","guid":{"rendered":"https:\/\/bqeye.com\/?post_type=product&#038;p=2231"},"modified":"2025-01-15T22:04:20","modified_gmt":"2025-01-15T14:04:20","slug":"angeles-blue-contact-lenses","status":"publish","type":"product","link":"https:\/\/bqeye.com\/pt\/angeles-blue-contact-lenses\/","title":{"rendered":"Angeles Blue Lentes de Contacto"},"content":{"rendered":"<h1 class=\"md-end-block md-heading\"><span class=\"md-plain md-expand\">Lentes de contacto azuis Angeles - O seu bilhete para a beleza celestial \ud83c\udf0a<\/span><\/h1>\n<h2 class=\"md-end-block md-heading\"><span class=\"md-plain\">\u2728 Inspira\u00e7\u00e3o para o design celestial<\/span><\/h2>\n<p class=\"md-end-block md-p\"><span class=\"md-plain\">Mergulhe no mundo et\u00e9reo de Angeles Blue - onde as profundezas do Pac\u00edfico se encontram com a claridade dos c\u00e9us de ver\u00e3o. Estas lentes captam aquele momento m\u00e1gico em que a luz do sol beija as ondas do oceano, criando uma mistura hipnotizante de tons azuis e safira que far\u00e1 com que todos se perguntem se \u00e9 mesmo parte sereia.<\/span><\/p>\n<h2 class=\"md-end-block md-heading\"><span class=\"md-plain\">\ud83c\udf1f Buzz do criador<\/span><\/h2>\n<p class=\"md-end-block md-p\"><span class=\"md-plain\">@BeautyOracle (2,8 milh\u00f5es de seguidores)<\/span> <span class=\"md-plain\">\"Estes azuis s\u00e3o o m\u00e1ximo! Eles literalmente fazem meus olhos parecerem gemas do oceano! Os elogios s\u00e3o intermin\u00e1veis \ud83c\udf0a\"<\/span><\/p>\n<p class=\"md-end-block md-p\"><span class=\"md-plain\">@GlamGuide (1,7 milh\u00f5es de seguidores)<\/span> <span class=\"md-plain\">\"P\u00e1ra de percorrer o ecr\u00e3! Estas lentes de contacto est\u00e3o a dar energia \u00e0 personagem principal! As minhas DMs explodem sempre que as uso \u2728\"<\/span><\/p>\n<p class=\"md-end-block md-p\"><span class=\"md-plain\">@StyleSiren (940 mil seguidores)<\/span> <span class=\"md-plain\">\"As lentes de contacto azuis com o aspeto mais natural que j\u00e1 experimentei! Pura magia nos teus olhos \ud83d\udc99\"<\/span><\/p>\n<h2 class=\"md-end-block md-heading\"><span class=\"md-plain\">\ud83d\udcab Coment\u00e1rios reais de rainhas reais<\/span><\/h2>\n<p class=\"md-end-block md-p\"><span class=\"md-plain\">\"Senti-me como uma deusa durante a minha sess\u00e3o fotogr\u00e1fica na praia!\" - Sophia, 26 anos<\/span> <span class=\"md-plain\">\"Estes blues s\u00e3o suficientemente subtis para o trabalho, mas s\u00e3o muito populares na happy hour\" - Alex, 29 anos<\/span> <span class=\"md-plain\">\"A minha confian\u00e7a disparou no momento em que os calcei\" - Madison, 24 anos<\/span><\/p>\n<h2 class=\"md-end-block md-heading\"><span class=\"md-plain\">\ud83c\udfaf Arrase nestas ocasi\u00f5es<\/span><\/h2>\n<ul class=\"ul-list\" data-mark=\"*\">\n<li class=\"md-list-item\">\n<p class=\"md-end-block md-p\"><span class=\"md-plain\">Festas na praia<\/span><\/p>\n<\/li>\n<li class=\"md-list-item\">\n<p class=\"md-end-block md-p\"><span class=\"md-plain\">Casamentos de ver\u00e3o<\/span><\/p>\n<\/li>\n<li class=\"md-list-item\">\n<p class=\"md-end-block md-p\"><span class=\"md-plain\">Soir\u00e9es no terra\u00e7o<\/span><\/p>\n<\/li>\n<li class=\"md-list-item\">\n<p class=\"md-end-block md-p\"><span class=\"md-plain\">Aventuras em iates<\/span><\/p>\n<\/li>\n<li class=\"md-list-item\">\n<p class=\"md-end-block md-p\"><span class=\"md-plain\">\u00c9poca de festivais<\/span><\/p>\n<\/li>\n<li class=\"md-list-item\">\n<p class=\"md-end-block md-p\"><span class=\"md-plain\">Sess\u00e3o fotogr\u00e1fica ao p\u00f4r do sol<\/span><\/p>\n<\/li>\n<li class=\"md-list-item\">\n<p class=\"md-end-block md-p\"><span class=\"md-plain\">Brunches \u00e0 beira da piscina<\/span><\/p>\n<\/li>\n<\/ul>\n<h2 class=\"md-end-block md-heading\"><span class=\"md-plain\">\ud83d\udc57 Guia de estilo para servir looks<\/span><\/h2>\n<p class=\"md-end-block md-p\"><span class=\"md-pair-s\"><strong><span class=\"md-plain\">Magia do guarda-roupa:<\/span><\/strong><\/span><\/p>\n<ul class=\"ul-list\" data-mark=\"*\">\n<li class=\"md-list-item\">\n<p class=\"md-end-block md-p\"><span class=\"md-plain\">Brancos estaladi\u00e7os<\/span><\/p>\n<\/li>\n<li class=\"md-list-item\">\n<p class=\"md-end-block md-p\"><span class=\"md-plain\">Neutros arenosos<\/span><\/p>\n<\/li>\n<li class=\"md-list-item\">\n<p class=\"md-end-block md-p\"><span class=\"md-plain\">Ganga lavada \u00e0 beira-mar<\/span><\/p>\n<\/li>\n<li class=\"md-list-item\">\n<p class=\"md-end-block md-p\"><span class=\"md-plain\">Met\u00e1licos prateados<\/span><\/p>\n<\/li>\n<li class=\"md-list-item\">\n<p class=\"md-end-block md-p\"><span class=\"md-plain\">Estampados costeiros<\/span><\/p>\n<\/li>\n<li class=\"md-list-item\">\n<p class=\"md-end-block md-p\"><span class=\"md-plain\">Brancos de deusa grega<\/span><\/p>\n<\/li>\n<li class=\"md-list-item\">\n<p class=\"md-end-block md-p\"><span class=\"md-plain\">Acess\u00f3rios de p\u00e9rolas<\/span><\/p>\n<\/li>\n<\/ul>\n<p class=\"md-end-block md-p\"><span class=\"md-pair-s\"><strong><span class=\"md-plain\">Maquilhagem indispens\u00e1vel:<\/span><\/strong><\/span><\/p>\n<ul class=\"ul-list\" data-mark=\"*\">\n<li class=\"md-list-item\">\n<p class=\"md-end-block md-p\"><span class=\"md-plain\">Pele fresca<\/span><\/p>\n<\/li>\n<li class=\"md-list-item\">\n<p class=\"md-end-block md-p\"><span class=\"md-plain\">P\u00e1lpebras cintilantes<\/span><\/p>\n<\/li>\n<li class=\"md-list-item\">\n<p class=\"md-end-block md-p\"><span class=\"md-plain\">Cantos interiores iluminados<\/span><\/p>\n<\/li>\n<li class=\"md-list-item\">\n<p class=\"md-end-block md-p\"><span class=\"md-plain\">Pestanas fofas<\/span><\/p>\n<\/li>\n<li class=\"md-list-item\">\n<p class=\"md-end-block md-p\"><span class=\"md-plain\">L\u00e1bios brilhantes<\/span><\/p>\n<\/li>\n<\/ul>\n<h2 class=\"md-end-block md-heading\"><span class=\"md-plain\">\ud83c\udf0a Porque \u00e9 que s\u00e3o tudo<\/span><\/h2>\n<ul class=\"ul-list\" data-mark=\"*\">\n<li class=\"md-list-item\">\n<p class=\"md-end-block md-p\"><span class=\"md-plain\">Vis\u00e3o cristalina<\/span><\/p>\n<\/li>\n<li class=\"md-list-item\">\n<p class=\"md-end-block md-p\"><span class=\"md-plain\">Bloqueio da humidade durante todo o dia<\/span><\/p>\n<\/li>\n<li class=\"md-list-item\">\n<p class=\"md-end-block md-p\"><span class=\"md-plain\">Sens\u00edvel aos olhos<\/span><\/p>\n<\/li>\n<li class=\"md-list-item\">\n<p class=\"md-end-block md-p\"><span class=\"md-plain\">Ultra-respir\u00e1vel<\/span><\/p>\n<\/li>\n<li class=\"md-list-item\">\n<p class=\"md-end-block md-p\"><span class=\"md-plain\">Brilho pronto para a c\u00e2mara<\/span><\/p>\n<\/li>\n<\/ul>\n<h2 class=\"md-end-block md-heading\"><span class=\"md-plain\">O momento \u00e9 teu<\/span><\/h2>\n<p class=\"md-end-block md-p\"><span class=\"md-plain\">Pronta para se transformar na deusa et\u00e9rea que est\u00e1 destinada a ser? As lentes de contacto Angeles Blue n\u00e3o s\u00e3o apenas lentes de contacto - s\u00e3o o seu passaporte para a energia da personagem principal. Quer esteja a servir looks na praia ou a arrasar naquele casamento de ver\u00e3o, estas lentes v\u00e3o fazer com que os seus olhos sejam a conversa da cidade.<\/span><\/p>\n<p class=\"md-end-block md-p\"><span class=\"md-plain\">Est\u00e1 na altura de fazer ondas, querida! Os teus olhos do oceano est\u00e3o \u00e0 espera. \ud83c\udf0a<\/span><\/p>\n<p class=\"md-end-block md-p\"><span class=\"md-plain\">#AngelesBlue #ContactLenses #OceanVibes #BeautyGoals<\/span><\/p>\n<p class=\"md-end-block md-p md-focus\"><span class=\"md-pair-s md-expand\"><em><span class=\"md-plain\">Nota de seguran\u00e7a: Aprovado para olhos sens\u00edveis e dermatologicamente testado. Porque at\u00e9 as sereias precisam do seu sono de beleza!<\/span><\/em><\/span><\/p>","protected":false},"excerpt":{"rendered":"<p>Angeles Blue Contact Lenses &#8211; Your Ticket to Celestial Beauty \ud83c\udf0a \u2728 Heavenly Design Inspiration Dive into the ethereal world of Angeles Blue &#8211; where the depths of the Pacific meet the clarity of summer skies. These lenses capture that magical moment when sunlight kisses ocean waves, creating a mesmerizing blend of azure and sapphire [&#8230;]\n","protected":false},"featured_media":2235,"comment_status":"open","ping_status":"closed","template":"","meta":[],"product_brand":[],"product_cat":[75,91,188,158,98],"product_tag":[],"class_list":{"0":"post-2231","1":"product","2":"type-product","3":"status-publish","4":"has-post-thumbnail","6":"product_cat-blue-contact-lenses","7":"product_cat-14-2-mm","8":"product_cat-dream-contacts","9":"product_cat-enlarge-contacts","10":"product_cat-yearly-disposable","12":"first","13":"instock","14":"sale","15":"shipping-taxable","16":"purchasable","17":"product-type-variable","18":"has-default-attributes"},"_links":{"self":[{"href":"https:\/\/bqeye.com\/pt\/wp-json\/wp\/v2\/product\/2231","targetHints":{"allow":["GET"]}}],"collection":[{"href":"https:\/\/bqeye.com\/pt\/wp-json\/wp\/v2\/product"}],"about":[{"href":"https:\/\/bqeye.com\/pt\/wp-json\/wp\/v2\/types\/product"}],"replies":[{"embeddable":true,"href":"https:\/\/bqeye.com\/pt\/wp-json\/wp\/v2\/comments?post=2231"}],"wp:featuredmedia":[{"embeddable":true,"href":"https:\/\/bqeye.com\/pt\/wp-json\/wp\/v2\/media\/2235"}],"wp:attachment":[{"href":"https:\/\/bqeye.com\/pt\/wp-json\/wp\/v2\/media?parent=2231"}],"wp:term":[{"taxonomy":"product_brand","embeddable":true,"href":"https:\/\/bqeye.com\/pt\/wp-json\/wp\/v2\/product_brand?post=2231"},{"taxonomy":"product_cat","embeddable":true,"href":"https:\/\/bqeye.com\/pt\/wp-json\/wp\/v2\/product_cat?post=2231"},{"taxonomy":"product_tag","embeddable":true,"href":"https:\/\/bqeye.com\/pt\/wp-json\/wp\/v2\/product_tag?post=2231"}],"curies":[{"name":"wp","href":"https:\/\/api.w.org\/{rel}","templated":true}]}}