{"id":2324,"date":"2025-02-12T21:32:26","date_gmt":"2025-02-12T13:32:26","guid":{"rendered":"https:\/\/bqeye.com\/?post_type=product&#038;p=2324"},"modified":"2025-02-12T21:35:05","modified_gmt":"2025-02-12T13:35:05","slug":"stardust-mirage-grey-contact-lenses","status":"publish","type":"product","link":"https:\/\/bqeye.com\/pt\/stardust-mirage-grey-contact-lenses\/","title":{"rendered":"Stardust Mirage Grey Lentes de Contacto"},"content":{"rendered":"<h1 class=\"md-end-block md-heading\"><span class=\"md-plain md-expand\">Lentes de contacto Stardust Mirage Grey: Crie a sua pr\u00f3pria gal\u00e1xia de beleza \u2728<\/span><\/h1>\n<p class=\"md-end-block md-p\"><span class=\"md-plain\">Prepare-se para melhorar o seu jogo de olhos! Estas lentes de contacto cinzentas Stardust Mirage n\u00e3o s\u00e3o apenas mais um acess\u00f3rio de beleza - s\u00e3o o seu bilhete para aquele olhar viral e de outro mundo de que todos falam!<\/span><\/p>\n<h2 class=\"md-end-block md-heading\"><span class=\"md-plain\">Design Magic &amp; Color Story<\/span><\/h2>\n<p class=\"md-end-block md-p\"><span class=\"md-plain\">Feche os olhos e imagine a gal\u00e1xia mais encantadora que alguma vez viu - \u00e9 a\u00ed que estas m\u00e1gicas lentes de contacto oculares cinzentas se inspiram! Os designers pegaram na dan\u00e7a hipnotizante da poeira das estrelas no c\u00e9u noturno e transformaram-na em arte us\u00e1vel. O resultado? Uma lente de contacto revolucion\u00e1ria de cor cinzenta que est\u00e1 literalmente a fazer ondas nas redes sociais!<\/span><\/p>\n<p class=\"md-end-block md-p\"><span class=\"md-plain\">A genialidade reside no padr\u00e3o intrincado que imita os fen\u00f3menos c\u00f3smicos. Imagine isto: uma base de cinzento claro et\u00e9reo que se transforma em tons mais profundos e misteriosos, criando uma ilus\u00e3o de profundidade infinita. O padr\u00e3o \u00fanico Stardust Mirage apresenta elementos iridescentes subtis que captam e reflectem a luz, tal como a verdadeira poeira estelar espalhada pelo c\u00e9u noturno. Cada lente de contacto cinzenta \u00e9 cuidadosamente trabalhada com um efeito multidimensional que faz com que os seus olhos pare\u00e7am conter universos inteiros!<\/span><\/p>\n<p class=\"md-end-block md-p\"><span class=\"md-plain\">O que distingue estas lentes de contacto oculares cinzentas \u00e9 a sua capacidade de criar efeitos diferentes \u00e0 medida que se move. \u00c0 luz natural, emitem um brilho suave e sonhador. Sob ilumina\u00e7\u00e3o artificial, transformam-se em algo mais dram\u00e1tico - como ver as estrelas a ganhar vida no c\u00e9u noturno. O padr\u00e3o funciona harmoniosamente com o padr\u00e3o natural da sua \u00edris, criando uma apar\u00eancia que \u00e9 simultaneamente dram\u00e1tica e de uma beleza cred\u00edvel.<\/span><\/p>\n<h2 class=\"md-end-block md-heading\"><span class=\"md-plain\">\u2b50 Raves de influenciadores<\/span><\/h2>\n<p class=\"md-end-block md-p\"><span class=\"md-plain\">@CosmicBeauty (1,7 milh\u00f5es de seguidores)<\/span><\/p>\n<blockquote>\n<p class=\"md-end-block md-p\"><span class=\"md-plain\">\"Estas lentes de contacto cinzentas Stardust Mirage s\u00e3o TUDO! D\u00e3o-me aquela vibra\u00e7\u00e3o et\u00e9rea que sempre quis. O meu noivado duplicou literalmente desde que comecei a us\u00e1-las! \ud83c\udf1f\"<\/span><\/p>\n<\/blockquote>\n<p class=\"md-end-block md-p\"><span class=\"md-plain\">@GalaxyGlam (980 mil seguidores)<\/span><\/p>\n<blockquote>\n<p class=\"md-end-block md-p\"><span class=\"md-plain\">\"Encontrei o meu look de olhos de assinatura! Estas lentes de contacto cinzentas s\u00e3o perfeitas tanto para o uso di\u00e1rio como para aqueles momentos especiais de rainha c\u00f3smica! \u2728\"<\/span><\/p>\n<\/blockquote>\n<p class=\"md-end-block md-p\"><span class=\"md-plain\">@StardustQueen (850 mil seguidores)<\/span><\/p>\n<blockquote>\n<p class=\"md-end-block md-p\"><span class=\"md-plain\">\"A forma como estas lentes de contacto oculares cinzentas captam a luz \u00e9 INCR\u00cdVEL! Os meus seguidores est\u00e3o obcecados, e eu tamb\u00e9m! \ud83d\udcab\"<\/span><\/p>\n<\/blockquote>\n<h2 class=\"md-end-block md-heading\"><span class=\"md-plain\">\ud83d\udc40 Hist\u00f3rias reais de amantes da poeira estelar<\/span><\/h2>\n<p class=\"md-end-block md-p\"><span class=\"md-plain\">\"Estas objectivas transformaram as minhas sess\u00f5es editoriais! As mudan\u00e7as subtis nos tons de cinzento criam uma profundidade incr\u00edvel nas fotografias.\"<\/span><\/p>\n<ul class=\"ul-list\" data-mark=\"-\">\n<li class=\"md-list-item\">\n<p class=\"md-end-block md-p\"><span class=\"md-plain\">Luna Park, Fot\u00f3grafo de moda<\/span><\/p>\n<\/li>\n<\/ul>\n<p class=\"md-end-block md-p\"><span class=\"md-plain\">\"Perfeitos para o meu conte\u00fado de tem\u00e1tica celestial! S\u00e3o suficientemente confort\u00e1veis para longas sess\u00f5es de filmagem e t\u00eam um aspeto fant\u00e1stico na c\u00e2mara.\"<\/span><\/p>\n<ul class=\"ul-list\" data-mark=\"-\">\n<li class=\"md-list-item\">\n<p class=\"md-end-block md-p\"><span class=\"md-plain\">Stella Chen, criadora de conte\u00fados<\/span><\/p>\n<\/li>\n<\/ul>\n<p class=\"md-end-block md-p\"><span class=\"md-plain\">\"Estes d\u00e3o-me aquela mistura perfeita de misterioso e elegante. Recebo elogios em todo o lado onde vou!\"<\/span><\/p>\n<ul class=\"ul-list\" data-mark=\"-\">\n<li class=\"md-list-item\">\n<p class=\"md-end-block md-p\"><span class=\"md-plain\">Aurora James, maquilhadora<\/span><\/p>\n<\/li>\n<\/ul>\n<h2 class=\"md-end-block md-heading\"><span class=\"md-plain\">\ud83c\udf1f Conforto que \u00e9 fora deste mundo<\/span><\/h2>\n<p class=\"md-end-block md-p\"><span class=\"md-plain\">Sabemos que os seus olhos s\u00e3o preciosos! Estas lentes possuem todas as certifica\u00e7\u00f5es de seguran\u00e7a necess\u00e1rias e s\u00e3o concebidas com uma tecnologia de conforto avan\u00e7ada. Os bordos ultra-suaves garantem uma utiliza\u00e7\u00e3o confort\u00e1vel desde o amanhecer at\u00e9 ao anoitecer!<\/span><\/p>\n<h2 class=\"md-end-block md-heading\"><span class=\"md-plain\">Perfeito para todas as ocasi\u00f5es<\/span><\/h2>\n<p class=\"md-end-block md-p\"><span class=\"md-plain\">Use estas lentes de contacto cinzentas Stardust Mirage para:<\/span><\/p>\n<ul class=\"ul-list\" data-mark=\"-\">\n<li class=\"md-list-item\">\n<p class=\"md-end-block md-p\"><span class=\"md-plain\">Cria\u00e7\u00e3o de conte\u00fados para as redes sociais<\/span><\/p>\n<\/li>\n<li class=\"md-list-item\">\n<p class=\"md-end-block md-p\"><span class=\"md-plain\">Eventos especiais e festas<\/span><\/p>\n<\/li>\n<li class=\"md-list-item\">\n<p class=\"md-end-block md-p\"><span class=\"md-plain\">Sess\u00f5es fotogr\u00e1ficas profissionais<\/span><\/p>\n<\/li>\n<li class=\"md-list-item\">\n<p class=\"md-end-block md-p\"><span class=\"md-plain\">Looks di\u00e1rios encantadores<\/span><\/p>\n<\/li>\n<li class=\"md-list-item\">\n<p class=\"md-end-block md-p\"><span class=\"md-plain\">Glamour noturno<\/span><\/p>\n<\/li>\n<li class=\"md-list-item\">\n<p class=\"md-end-block md-p\"><span class=\"md-plain\">Projectos criativos<\/span><\/p>\n<\/li>\n<\/ul>\n<h2 class=\"md-end-block md-heading\"><span class=\"md-plain\">A Experi\u00eancia Stardust<\/span><\/h2>\n<p class=\"md-end-block md-p\"><span class=\"md-plain\">Transforme o seu visual com:<\/span><\/p>\n<ul class=\"ul-list\" data-mark=\"-\">\n<li class=\"md-list-item\">\n<p class=\"md-end-block md-p\"><span class=\"md-plain\">Efeitos et\u00e9reos de capta\u00e7\u00e3o de luz<\/span><\/p>\n<\/li>\n<li class=\"md-list-item\">\n<p class=\"md-end-block md-p\"><span class=\"md-plain\">Melhoria de aspeto natural<\/span><\/p>\n<\/li>\n<li class=\"md-list-item\">\n<p class=\"md-end-block md-p\"><span class=\"md-plain\">Conforto de utiliza\u00e7\u00e3o durante todo o dia<\/span><\/p>\n<\/li>\n<li class=\"md-list-item\">\n<p class=\"md-end-block md-p\"><span class=\"md-plain\">Potencial de estilo vers\u00e1til<\/span><\/p>\n<\/li>\n<li class=\"md-list-item\">\n<p class=\"md-end-block md-p\"><span class=\"md-plain\">Rotina de manuten\u00e7\u00e3o f\u00e1cil<\/span><\/p>\n<\/li>\n<\/ul>\n<h2 class=\"md-end-block md-heading\"><span class=\"md-plain\">\ud83c\udf20 Porque \u00e9 que precisas disto na tua vida<\/span><\/h2>\n<ul class=\"ul-list\" data-mark=\"-\">\n<li class=\"md-list-item\">\n<p class=\"md-end-block md-p\"><span class=\"md-plain\">Cria um efeito dram\u00e1tico instant\u00e2neo nos olhos<\/span><\/p>\n<\/li>\n<li class=\"md-list-item\">\n<p class=\"md-end-block md-p\"><span class=\"md-plain\">Fotografias magn\u00edficas<\/span><\/p>\n<\/li>\n<li class=\"md-list-item\">\n<p class=\"md-end-block md-p\"><span class=\"md-plain\">Utiliza\u00e7\u00e3o confort\u00e1vel a longo prazo<\/span><\/p>\n<\/li>\n<li class=\"md-list-item\">\n<p class=\"md-end-block md-p\"><span class=\"md-plain\">Combina com qualquer tipo de maquilhagem<\/span><\/p>\n<\/li>\n<li class=\"md-list-item\">\n<p class=\"md-end-block md-p\"><span class=\"md-plain\">Perfeito para qualquer ilumina\u00e7\u00e3o<\/span><\/p>\n<\/li>\n<\/ul>\n<p class=\"md-end-block md-p\"><span class=\"md-plain\">Pronta para se tornar a beleza celestial que est\u00e1 destinada a ser? Estas lentes de contacto cinzentas Stardust Mirage s\u00e3o o seu portal para essa transforma\u00e7\u00e3o m\u00e1gica! Quer esteja a criar conte\u00fado, a participar em eventos ou apenas queira sentir-se como uma estrela na sua vida quotidiana, estas lentes v\u00e3o ajud\u00e1-la a brilhar! \u2728<\/span><\/p>\n<p class=\"md-end-block md-p md-focus\">#<span class=\"md-plain md-expand\">StardustMirageLenses #GreyContactLenses #GreyEyeContacts #BeautyTransformation #EyesOnFleek<\/span><\/p>","protected":false},"excerpt":{"rendered":"<p>Stardust Mirage Grey Contact Lenses: Create Your Own Galaxy of Beauty \u2728 Get ready to level up your eye game! These Stardust Mirage grey contact lenses aren&#8217;t just another beauty accessory &#8211; they&#8217;re your ticket to that viral, otherworldly look everyone&#8217;s talking about! \ud83c\udf0c Design Magic &amp; Color Story Close your eyes and imagine the [&#8230;]\n","protected":false},"featured_media":2326,"comment_status":"open","ping_status":"closed","template":"","meta":[],"product_brand":[],"product_cat":[81,92,188,158,204,98],"product_tag":[],"class_list":{"0":"post-2324","1":"product","2":"type-product","3":"status-publish","4":"has-post-thumbnail","6":"product_cat-grey-contact-lenses","7":"product_cat-14-5-mm","8":"product_cat-dream-contacts","9":"product_cat-enlarge-contacts","10":"product_cat-party-contacts","11":"product_cat-yearly-disposable","13":"first","14":"instock","15":"sale","16":"shipping-taxable","17":"purchasable","18":"product-type-variable","19":"has-default-attributes"},"_links":{"self":[{"href":"https:\/\/bqeye.com\/pt\/wp-json\/wp\/v2\/product\/2324","targetHints":{"allow":["GET"]}}],"collection":[{"href":"https:\/\/bqeye.com\/pt\/wp-json\/wp\/v2\/product"}],"about":[{"href":"https:\/\/bqeye.com\/pt\/wp-json\/wp\/v2\/types\/product"}],"replies":[{"embeddable":true,"href":"https:\/\/bqeye.com\/pt\/wp-json\/wp\/v2\/comments?post=2324"}],"wp:featuredmedia":[{"embeddable":true,"href":"https:\/\/bqeye.com\/pt\/wp-json\/wp\/v2\/media\/2326"}],"wp:attachment":[{"href":"https:\/\/bqeye.com\/pt\/wp-json\/wp\/v2\/media?parent=2324"}],"wp:term":[{"taxonomy":"product_brand","embeddable":true,"href":"https:\/\/bqeye.com\/pt\/wp-json\/wp\/v2\/product_brand?post=2324"},{"taxonomy":"product_cat","embeddable":true,"href":"https:\/\/bqeye.com\/pt\/wp-json\/wp\/v2\/product_cat?post=2324"},{"taxonomy":"product_tag","embeddable":true,"href":"https:\/\/bqeye.com\/pt\/wp-json\/wp\/v2\/product_tag?post=2324"}],"curies":[{"name":"wp","href":"https:\/\/api.w.org\/{rel}","templated":true}]}}