{"id":2413,"date":"2025-02-18T21:24:04","date_gmt":"2025-02-18T13:24:04","guid":{"rendered":"https:\/\/bqeye.com\/?post_type=product&#038;p=2413"},"modified":"2025-02-18T21:29:45","modified_gmt":"2025-02-18T13:29:45","slug":"mermaid-coral-pink-contact-lenses","status":"publish","type":"product","link":"https:\/\/bqeye.com\/pt\/mermaid-coral-pink-contact-lenses\/","title":{"rendered":"Lentes de contacto Mermaid Coral Pink (10 PCS)"},"content":{"rendered":"<h1>Lentes de contacto sereia cor de rosa: Liberte a sua sereia interior do mar<\/h1>\n<p><em>Onde os pores-do-sol tropicais se encontram com os sonhos do oceano<\/em><\/p>\n<h2>\ud83c\udf0a O efeito coral encantador<\/h2>\n<p>Entre num mundo onde os recifes de coral dan\u00e7am com a luz dourada do sol atrav\u00e9s das lentes de contacto Mermaid Coral Pink - uma fus\u00e3o deslumbrante de delicadas tonalidades cor-de-rosa e tons quentes de coral que captam a ess\u00eancia do para\u00edso tropical.<\/p>\n<p>Em olhos escuros, estas lentes criam uma explos\u00e3o hipnotizante de calor coral, como preciosos jardins subaqu\u00e1ticos que apanham o brilho do p\u00f4r do sol. O tom rosa coral \u00fanico acrescenta uma dimens\u00e3o m\u00e1gica que transforma o seu olhar numa janela de raros tesouros oce\u00e2nicos. Em olhos claros, criam um efeito et\u00e9reo que lembra as \u00e1guas beijadas pelo amanhecer, preservando a sua luminesc\u00eancia natural e acrescentando um encantador brilho coral rosado.<\/p>\n<p>Imagine o suave rubor dos recifes de coral ex\u00f3ticos, o brilho suave do nascer do sol no oceano e o brilho rom\u00e2ntico das \u00e1guas tropicais - tudo refletido no seu olhar. Estas lentes n\u00e3o mudam apenas a cor dos seus olhos; elas contam uma hist\u00f3ria de mares ensolarados e beleza marinha m\u00edstica.<\/p>\n<h2>Influencer Magic<\/h2>\n<p>@CoralQueen (1,1 milh\u00f5es de seguidores)<\/p>\n<blockquote><p>\"Estas lentes cor-de-rosa coral s\u00e3o pura magia! \u00c9 como ter um p\u00f4r do sol tropical nos olhos!\"<\/p><\/blockquote>\n<p>@MermaidGlow (895K seguidores)<\/p>\n<blockquote><p>\"A mistura perfeita de cor-de-rosa e coral - os meus seguidores n\u00e3o conseguem parar de perguntar sobre elas!\"<\/p><\/blockquote>\n<p>@TropicalBeauty (750 mil seguidores)<\/p>\n<blockquote><p>\"Finalmente encontrei as lentes cor-de-rosa coral perfeitas! \u00c9 como usar o para\u00edso!\"<\/p><\/blockquote>\n<h2>\ud83d\udc40 Experi\u00eancias Encantadas<\/h2>\n<p>Rose (Vlogger de beleza)<\/p>\n<blockquote><p>\"Estas lentes fazem com que cada selfie pare\u00e7a ter sido tirada num para\u00edso tropical!\"<\/p><\/blockquote>\n<p>Dawn (Maquilhadora)<\/p>\n<blockquote><p>\"A forma como captam a luz cria o mais belo efeito rosa-coral!\"<\/p><\/blockquote>\n<p>Flora (influenciadora de moda)<\/p>\n<blockquote><p>\"Perfeito para criar aquele visual de sereia rom\u00e2ntico e sonhador!\"<\/p><\/blockquote>\n<h2>Perfeito para<\/h2>\n<ul>\n<li>Casamentos na praia<\/li>\n<li>Sess\u00e3o fotogr\u00e1fica ao p\u00f4r do sol<\/li>\n<li>Festas tropicais<\/li>\n<li>Fatos de sereia<\/li>\n<li>Eventos rom\u00e2nticos<\/li>\n<li>Festivais de ver\u00e3o<\/li>\n<li>Fotografia subaqu\u00e1tica<\/li>\n<li>Encantamento di\u00e1rio<\/li>\n<\/ul>\n<h2>\ud83c\udf1f Conforto e seguran\u00e7a<\/h2>\n<p>O seu conforto \u00e9 a nossa prioridade:<\/p>\n<ul>\n<li>Dermatologicamente aprovado<\/li>\n<li>Desgaste suave<\/li>\n<li>Design rico em humidade<\/li>\n<li>Material amigo dos olhos<\/li>\n<li>Sensa\u00e7\u00e3o natural<\/li>\n<li>Conforto duradouro<\/li>\n<\/ul>\n<h2>\ud83d\udcab Revis\u00f5es m\u00e1gicas<\/h2>\n<p>Coral (Blogger de estilo)<\/p>\n<blockquote><p>\"\u00c9 como ter um peda\u00e7o de para\u00edso tropical nos olhos - absolutamente deslumbrante!\"<\/p><\/blockquote>\n<p>Pearl (modelo profissional)<\/p>\n<blockquote><p>\"Estes criam o efeito coral suave mais bonito que alguma vez vi!\"<\/p><\/blockquote>\n<p>Marina (Fot\u00f3grafa de Casamento)<\/p>\n<blockquote><p>\"Perfeito para noivas de praia que querem aquele brilho coral m\u00e1gico!\"<\/p><\/blockquote>\n<h2>Pareceres de peritos<\/h2>\n<p>Sunset (Especialista em beleza)<\/p>\n<blockquote><p>\"O tom rosa coral \u00e9 perfeitamente equilibrado - nem demasiado ousado, nem demasiado subtil!\"<\/p><\/blockquote>\n<p>Ocean (maquilhadora)<\/p>\n<blockquote><p>\"Cria a cor de olhos mais bonita para sess\u00f5es fotogr\u00e1ficas rom\u00e2nticas!\"<\/p><\/blockquote>\n<p>Reef (Designer de moda)<\/p>\n<blockquote><p>\"Estas lentes captam a cor exacta dos preciosos recifes de coral!\"<\/p><\/blockquote>\n<p>#CoralPinkLenses #MermaidContacts #CoralEyes #TropicalBeauty<\/p>\n<p><em>\u00c9 necess\u00e1ria uma prova profissional. Dispon\u00edvel em boutiques \u00f3pticas selecionadas.<\/em><\/p>\n<p>Pronta para se transformar numa deusa do mar tropical? Experimente a magia das lentes de contacto Mermaid Coral Pink! \u2728<\/p>\n<p><em>Marque hoje a sua prova profissional e descubra a sua sereia tropical interior!<\/em><\/p>\n<hr \/>\n<p><em>Nota: \u00c9 necess\u00e1ria uma consulta profissional para uma utiliza\u00e7\u00e3o segura e confort\u00e1vel.<\/em><\/p>","protected":false},"excerpt":{"rendered":"<p>\u2728 Mermaid Coral Pink Contact Lenses: Unleash Your Inner Sea Siren Where Tropical Sunsets Meet Ocean Dreams \ud83c\udf0a The Enchanting Coral Effect Step into a world where coral reefs dance with golden sunlight through the Mermaid Coral Pink contact lenses &#8211; a stunning fusion of delicate pink hues and warm coral undertones that capture the [&#8230;]\n","protected":false},"featured_media":2415,"comment_status":"open","ping_status":"closed","template":"","meta":[],"product_brand":[382],"product_cat":[383,92,72,100,204,74],"product_tag":[],"class_list":{"0":"post-2413","1":"product","2":"type-product","3":"status-publish","4":"has-post-thumbnail","6":"product_brand-bqeye","7":"product_cat-mermaid","8":"product_cat-14-5-mm","9":"product_cat-contact-lenses-by-color","10":"product_cat-daily-disposable","11":"product_cat-party-contacts","12":"product_cat-pink-contact-lenses","14":"first","15":"instock","16":"sale","17":"shipping-taxable","18":"purchasable","19":"product-type-variable","20":"has-default-attributes"},"_links":{"self":[{"href":"https:\/\/bqeye.com\/pt\/wp-json\/wp\/v2\/product\/2413","targetHints":{"allow":["GET"]}}],"collection":[{"href":"https:\/\/bqeye.com\/pt\/wp-json\/wp\/v2\/product"}],"about":[{"href":"https:\/\/bqeye.com\/pt\/wp-json\/wp\/v2\/types\/product"}],"replies":[{"embeddable":true,"href":"https:\/\/bqeye.com\/pt\/wp-json\/wp\/v2\/comments?post=2413"}],"wp:featuredmedia":[{"embeddable":true,"href":"https:\/\/bqeye.com\/pt\/wp-json\/wp\/v2\/media\/2415"}],"wp:attachment":[{"href":"https:\/\/bqeye.com\/pt\/wp-json\/wp\/v2\/media?parent=2413"}],"wp:term":[{"taxonomy":"product_brand","embeddable":true,"href":"https:\/\/bqeye.com\/pt\/wp-json\/wp\/v2\/product_brand?post=2413"},{"taxonomy":"product_cat","embeddable":true,"href":"https:\/\/bqeye.com\/pt\/wp-json\/wp\/v2\/product_cat?post=2413"},{"taxonomy":"product_tag","embeddable":true,"href":"https:\/\/bqeye.com\/pt\/wp-json\/wp\/v2\/product_tag?post=2413"}],"curies":[{"name":"wp","href":"https:\/\/api.w.org\/{rel}","templated":true}]}}