{"id":2476,"date":"2025-03-05T16:03:08","date_gmt":"2025-03-05T08:03:08","guid":{"rendered":"https:\/\/bqeye.com\/?post_type=product&#038;p=2476"},"modified":"2025-03-05T16:13:31","modified_gmt":"2025-03-05T08:13:31","slug":"mystic-iris-purple-contact-lenses","status":"publish","type":"product","link":"https:\/\/bqeye.com\/pt\/mystic-iris-purple-contact-lenses\/","title":{"rendered":"Mystic Iris Purple Lentes de Contacto (10 PCS)"},"content":{"rendered":"<h1>Liberte o seu lado m\u00edstico interior com as deslumbrantes lentes de contacto Purple Iris<\/h1>\n<h2>O encanto enigm\u00e1tico da cor p\u00farpura: Inspira\u00e7\u00e3o e significado<\/h2>\n<p>Descubra uma nova dimens\u00e3o de express\u00e3o pessoal com as nossas lentes de contacto Mystic Iris Purple! Estas n\u00e3o s\u00e3o lentes de contacto coloridas comuns - s\u00e3o portais para uma vers\u00e3o mais fascinante de si mesma. Os ricos e multifacetados tons de p\u00farpura criam uma profundidade cativante que atrai as pessoas e prende a sua aten\u00e7\u00e3o. O roxo tem sido venerado por todas as civiliza\u00e7\u00f5es como uma cor de intui\u00e7\u00e3o, criatividade e liga\u00e7\u00e3o divina - e agora pode canalizar estas qualidades poderosas atrav\u00e9s do seu olhar com estas extraordin\u00e1rias lentes de contacto roxas.<\/p>\n<p>A verdadeira magia destas lentes de contacto roxas \u00e9 a sua not\u00e1vel versatilidade em diferentes cores naturais de olhos. Para quem tem olhos de tons mais profundos, estas lentes de contacto p\u00farpura criam uma transforma\u00e7\u00e3o subtil, mas marcante, que acrescenta uma dimens\u00e3o misteriosa ao seu olhar. Se tem olhos mais claros, as lentes de contacto roxas Mystic Iris real\u00e7am a sua luminosidade natural, acrescentando-lhe aquele inesquec\u00edvel fasc\u00ednio violeta que torna a sua presen\u00e7a imposs\u00edvel de ignorar. Cada momento torna-se uma oportunidade para fascinar, cada intera\u00e7\u00e3o \u00e9 imbu\u00edda de um ar de intriga. Estas lentes de contacto roxas n\u00e3o se limitam a ficar na sua \u00edris - revelam a pessoa cativante que sempre soube ser.<\/p>\n<h2>O que os influenciadores est\u00e3o a dizer sobre as nossas lentes de contacto roxas<\/h2>\n<p>@FashionForward_Taylor (2,5 milh\u00f5es de seguidores): \"Estas lentes de contacto roxas mudaram literalmente a minha est\u00e9tica! A cor \u00e9 ricamente pigmentada, mas tem um aspeto surpreendentemente natural nas fotografias.\"<\/p>\n<p>@BeautyMaven_Jordan (3,3 milh\u00f5es de seguidores): \"J\u00e1 fiz parcerias com muitas marcas de lentes de contacto, mas estas lentes roxas Mystic Iris t\u00eam o equil\u00edbrio perfeito entre conforto e impacto visual.\"<\/p>\n<p>@TrendHunter_Alex (1,9 milh\u00f5es de seguidores): \"Os meus seguidores n\u00e3o param de perguntar sobre estas lentes de contacto roxas para os olhos! Fotografam lindamente tanto com luz natural como artificial.\"<\/p>\n<h2>Experi\u00eancias reais de clientes<\/h2>\n<p>\"Estas lentes de contacto roxas fizeram-me sentir como uma personagem da minha s\u00e9rie de fantasia favorita! Confort\u00e1veis o suficiente para usar o dia todo na conven\u00e7\u00e3o.\" - Morgan K.<\/p>\n<p>\"J\u00e1 experimentei muitas lentes de contacto de cor, mas estas proporcionam realmente a tonalidade p\u00farpura apresentada nas fotografias. Valem cada c\u00eantimo!\" - Dakota L.<\/p>\n<p>\"Nem os meus amigos c\u00e9pticos acreditaram na naturalidade com que estas lentes de contacto roxas me ficaram. Agora est\u00e3o a encomendar os seus pr\u00f3prios pares!\" - Skyler W.<\/p>\n<h2>Combina\u00e7\u00f5es perfeitas de maquilhagem e ocasi\u00f5es<\/h2>\n<p>Quer maximizar o impacto das suas lentes de contacto Mystic Iris Purple? Estas deslumbrantes lentes de contacto p\u00farpura complementam sombras bronze quentes para uma vibra\u00e7\u00e3o m\u00edstica outonal, ou combinam lindamente com prateados frios para um efeito et\u00e9reo de deusa do inverno. Para um uso quotidiano subtil, experimente tons neutros com um toque de luz no canto interior para fazer brilhar verdadeiramente as lentes de contacto p\u00farpura.<\/p>\n<p>Estas lentes de contacto p\u00farpura s\u00e3o suficientemente vers\u00e1teis para in\u00fameras ocasi\u00f5es: actua\u00e7\u00f5es art\u00edsticas em que \u00e9 necess\u00e1rio comandar o palco, celebra\u00e7\u00f5es especiais em que se quer sentir extraordin\u00e1rio, eventos tem\u00e1ticos em que se encarna uma personagem sobrenatural, ou simplesmente dias em que se quer dar um toque de magia \u00e0 sua rotina regular.<\/p>\n<p>Pronta para experimentar a transforma\u00e7\u00e3o? Estas lentes de contacto Mystic Iris Purple n\u00e3o mudam apenas a sua apar\u00eancia - libertam o potencial extraordin\u00e1rio que sempre existiu dentro de si. Abrace o mist\u00e9rio, irradie confian\u00e7a e prepare-se para ser o centro das aten\u00e7\u00f5es onde quer que a sua viagem a leve!<\/p>","protected":false},"excerpt":{"rendered":"<p>Unleash Your Inner Mystic with Stunning Purple Iris Contact Lenses The Enigmatic Charm of Purple: Inspiration &amp; Meaning Discover a new dimension of personal expression with our Mystic Iris Purple Contact Lenses! These aren&#8217;t ordinary colored contacts \u2013 they&#8217;re portals to a more fascinating version of yourself. The rich, multifaceted purple tones create a captivating [&#8230;]\n","protected":false},"featured_media":2479,"comment_status":"open","ping_status":"closed","template":"","meta":[],"product_brand":[382],"product_cat":[385,92,72,100,204,82],"product_tag":[],"class_list":{"0":"post-2476","1":"product","2":"type-product","3":"status-publish","4":"has-post-thumbnail","6":"product_brand-bqeye","7":"product_cat-mystic-iris","8":"product_cat-14-5-mm","9":"product_cat-contact-lenses-by-color","10":"product_cat-daily-disposable","11":"product_cat-party-contacts","12":"product_cat-purple-contact-lenses","14":"first","15":"instock","16":"sale","17":"shipping-taxable","18":"purchasable","19":"product-type-variable","20":"has-default-attributes"},"_links":{"self":[{"href":"https:\/\/bqeye.com\/pt\/wp-json\/wp\/v2\/product\/2476","targetHints":{"allow":["GET"]}}],"collection":[{"href":"https:\/\/bqeye.com\/pt\/wp-json\/wp\/v2\/product"}],"about":[{"href":"https:\/\/bqeye.com\/pt\/wp-json\/wp\/v2\/types\/product"}],"replies":[{"embeddable":true,"href":"https:\/\/bqeye.com\/pt\/wp-json\/wp\/v2\/comments?post=2476"}],"wp:featuredmedia":[{"embeddable":true,"href":"https:\/\/bqeye.com\/pt\/wp-json\/wp\/v2\/media\/2479"}],"wp:attachment":[{"href":"https:\/\/bqeye.com\/pt\/wp-json\/wp\/v2\/media?parent=2476"}],"wp:term":[{"taxonomy":"product_brand","embeddable":true,"href":"https:\/\/bqeye.com\/pt\/wp-json\/wp\/v2\/product_brand?post=2476"},{"taxonomy":"product_cat","embeddable":true,"href":"https:\/\/bqeye.com\/pt\/wp-json\/wp\/v2\/product_cat?post=2476"},{"taxonomy":"product_tag","embeddable":true,"href":"https:\/\/bqeye.com\/pt\/wp-json\/wp\/v2\/product_tag?post=2476"}],"curies":[{"name":"wp","href":"https:\/\/api.w.org\/{rel}","templated":true}]}}