{"id":2483,"date":"2025-03-05T16:38:40","date_gmt":"2025-03-05T08:38:40","guid":{"rendered":"https:\/\/bqeye.com\/?post_type=product&#038;p=2483"},"modified":"2025-03-05T16:44:37","modified_gmt":"2025-03-05T08:44:37","slug":"mystic-iris-brown-contact-lenses","status":"publish","type":"product","link":"https:\/\/bqeye.com\/pt\/mystic-iris-brown-contact-lenses\/","title":{"rendered":"Mystic Iris Brown Lentes de Contacto (10 PCS)"},"content":{"rendered":"<h1>D\u00ea um toque especial ao seu visual com as Lentes de Contacto Mystic Iris Brown<\/h1>\n<h2>O fasc\u00ednio do castanho: Inspira\u00e7\u00e3o de design e simbolismo da cor<\/h2>\n<p>Prepare-se para ser transformada pelo fasc\u00ednio subtil das nossas Lentes de Contacto Castanhas Mystic Iris! Estas extraordin\u00e1rias lentes de contacto castanhas n\u00e3o mudam apenas a cor dos seus olhos - elas infundem toda a sua presen\u00e7a com um ar de misticismo e calor naturais. Os tons multidimensionais de \u00e2mbar e chocolate criam um efeito hipn\u00f3tico que \u00e9 simultaneamente sofisticado e acess\u00edvel. O castanho tem representado historicamente estabilidade, fiabilidade e sabedoria natural - qualidades que incorporar\u00e1 sem esfor\u00e7o quando usar estas not\u00e1veis lentes de contacto castanhas.<\/p>\n<p>A beleza destas lentes de contacto castanhas reside no seu apelo universal. Nos olhos mais claros, estas lentes de contacto castanhas criam uma transforma\u00e7\u00e3o encantadora que \u00e9 dram\u00e1tica mas cred\u00edvel, acrescentando profundidade e car\u00e1cter ao seu olhar natural. Para quem tem olhos naturalmente mais escuros, as lentes de contacto castanhas Mystic Iris amplificam a sua riqueza natural, acrescentando-lhe aquelas mudan\u00e7as de dimens\u00e3o inesquec\u00edveis que melhoram as conversas e as liga\u00e7\u00f5es. Com cada olhar, transmitir\u00e1 calor; com cada olhar, deixar\u00e1 uma impress\u00e3o de charme aut\u00eantico que perdura muito depois de ter sa\u00eddo da sala. Estas lentes de contacto castanhas para os olhos n\u00e3o s\u00e3o apenas um acess\u00f3rio - s\u00e3o uma declara\u00e7\u00e3o sobre quem \u00e9 e sobre a confian\u00e7a natural que personifica.<\/p>\n<h2>O que os influenciadores est\u00e3o a dizer sobre as nossas lentes de contacto castanhas<\/h2>\n<p>@GlamLifeGuru (4,2 milh\u00f5es de seguidores): \"H\u00e1 anos que uso lentes de contacto coloridas, mas estas lentes castanhas Mystic Iris s\u00e3o de outro n\u00edvel - o conforto \u00e9 inigual\u00e1vel e a cor \u00e9 INCR\u00cdVEL e natural.\"<\/p>\n<p>@StyleInsider_Morgan (2,3 milh\u00f5es de seguidores): \"Estas lentes de contacto castanhas fotografam lindamente em todas as luzes! Real\u00e7am as minhas carater\u00edsticas naturais sem parecerem artificiais de todo.\"<\/p>\n<p>@BeautyTruth_Casey (1,6 milh\u00f5es de seguidores): \"A qualidade destas lentes de contacto oculares castanhas \u00e9 excecional - a grada\u00e7\u00e3o da cor \u00e9 sofisticada e parece completamente cred\u00edvel. Absolutamente revolucion\u00e1rio!\"<\/p>\n<h2>Experi\u00eancias reais de clientes<\/h2>\n<p>\"Estas lentes de contacto castanhas transformaram completamente a minha apar\u00eancia profissional. Sinto-me mais elegante e arrumada quando as uso!\" - Avery J.<\/p>\n<p>O conforto \u00e9 incr\u00edvel - esque\u00e7o-me que estou a usar lentes de contacto, mas recebo elogios sobre a cor \"natural\" dos meus olhos durante todo o dia!\" - Cameron D.<\/p>\n<p>\"Perfeitas para o meu look do dia a dia - queria algo subtil mas que real\u00e7asse, e estas lentes castanhas proporcionam exatamente isso!\" - Quinn P.<\/p>\n<h2>Combina\u00e7\u00f5es perfeitas de maquilhagem e ocasi\u00f5es<\/h2>\n<p>Quer maximizar o impacto das suas Lentes de Contacto Mystic Iris Brown? Estas lentes de contacto castanhas deslumbrantes criam magia quando combinadas com sombras verdes terrosas para um look inspirado na natureza, ou com tons quentes de borgonha para uma vibra\u00e7\u00e3o intensa e sofisticada. Para uma eleg\u00e2ncia diurna, experimente os brilhantes champanhe que permitem que as lentes de contacto castanhas acrescentem profundidade, mantendo uma apar\u00eancia natural.<\/p>\n<p>Estas lentes de contacto castanhas s\u00e3o suficientemente vers\u00e1teis para in\u00fameras ocasi\u00f5es: entrevistas de emprego em que se pretende transmitir confian\u00e7a e simpatia, ambientes profissionais quotidianos em que um subtil realce faz a diferen\u00e7a, encontros informais em que se pretende parecer naturalmente polido, ou mesmo noites de encontro em que se pretende transmitir uma confian\u00e7a acess\u00edvel.<\/p>\n<p>Pronta para experimentar a transforma\u00e7\u00e3o? Estas lentes de contacto Mystic Iris Brown n\u00e3o s\u00e3o apenas um acess\u00f3rio - s\u00e3o uma poderosa forma de auto-express\u00e3o que revela a pessoa naturalmente sofisticada que realmente \u00e9. Abrace o calor, conecte-se autenticamente e veja como as oportunidades se revelam diante dos seus olhos castanhos rec\u00e9m-aprimorados!<\/p>","protected":false},"excerpt":{"rendered":"<p>Elevate Your Look with Spellbinding Mystic Iris Brown Contact Lenses The Brown Allure: Design Inspiration &amp; Color Symbolism Prepare to be transformed by the subtle allure of our Mystic Iris Brown Contact Lenses! These extraordinary brown contact lenses don&#8217;t just change your eye color \u2013 they infuse your entire presence with an air of natural [&#8230;]\n","protected":false},"featured_media":2486,"comment_status":"open","ping_status":"closed","template":"","meta":[],"product_brand":[382],"product_cat":[385,91,80,72,100,204],"product_tag":[],"class_list":{"0":"post-2483","1":"product","2":"type-product","3":"status-publish","4":"has-post-thumbnail","6":"product_brand-bqeye","7":"product_cat-mystic-iris","8":"product_cat-14-2-mm","9":"product_cat-brown-contact-lenses","10":"product_cat-contact-lenses-by-color","11":"product_cat-daily-disposable","12":"product_cat-party-contacts","14":"first","15":"instock","16":"sale","17":"shipping-taxable","18":"purchasable","19":"product-type-variable","20":"has-default-attributes"},"_links":{"self":[{"href":"https:\/\/bqeye.com\/pt\/wp-json\/wp\/v2\/product\/2483","targetHints":{"allow":["GET"]}}],"collection":[{"href":"https:\/\/bqeye.com\/pt\/wp-json\/wp\/v2\/product"}],"about":[{"href":"https:\/\/bqeye.com\/pt\/wp-json\/wp\/v2\/types\/product"}],"replies":[{"embeddable":true,"href":"https:\/\/bqeye.com\/pt\/wp-json\/wp\/v2\/comments?post=2483"}],"wp:featuredmedia":[{"embeddable":true,"href":"https:\/\/bqeye.com\/pt\/wp-json\/wp\/v2\/media\/2486"}],"wp:attachment":[{"href":"https:\/\/bqeye.com\/pt\/wp-json\/wp\/v2\/media?parent=2483"}],"wp:term":[{"taxonomy":"product_brand","embeddable":true,"href":"https:\/\/bqeye.com\/pt\/wp-json\/wp\/v2\/product_brand?post=2483"},{"taxonomy":"product_cat","embeddable":true,"href":"https:\/\/bqeye.com\/pt\/wp-json\/wp\/v2\/product_cat?post=2483"},{"taxonomy":"product_tag","embeddable":true,"href":"https:\/\/bqeye.com\/pt\/wp-json\/wp\/v2\/product_tag?post=2483"}],"curies":[{"name":"wp","href":"https:\/\/api.w.org\/{rel}","templated":true}]}}