{"id":2490,"date":"2025-03-05T20:02:05","date_gmt":"2025-03-05T12:02:05","guid":{"rendered":"https:\/\/bqeye.com\/?post_type=product&#038;p=2490"},"modified":"2025-03-05T20:19:48","modified_gmt":"2025-03-05T12:19:48","slug":"infinite-forest-green-contact-lenses","status":"publish","type":"product","link":"https:\/\/bqeye.com\/pt\/infinite-forest-green-contact-lenses\/","title":{"rendered":"Lentes de Contacto Verde Floresta Infinita (10 PCS)"},"content":{"rendered":"<h1>Liberte o seu esp\u00edrito natural interior com as deslumbrantes lentes de contacto verde floresta infinita<\/h1>\n<h2>O charme encantador do verde floresta: Inspira\u00e7\u00e3o e significado<\/h2>\n<p>Descubra uma nova dimens\u00e3o de express\u00e3o natural com as nossas Lentes de Contacto Verde Floresta Infinita! Estas n\u00e3o s\u00e3o lentes de contacto coloridas comuns - s\u00e3o portais para uma vers\u00e3o mais harmoniosa e ligada \u00e0 natureza. Os ricos e multifacetados tons de verde floresta criam uma profundidade cativante que atrai as pessoas e prende a sua aten\u00e7\u00e3o com o poder silencioso de um santu\u00e1rio florestal. O verde floresta tem sido reverenciado em todas as culturas como uma cor de crescimento, renova\u00e7\u00e3o e sabedoria natural - e agora pode canalizar estas qualidades vitais atrav\u00e9s do seu olhar com estas extraordin\u00e1rias lentes de contacto verde floresta.<\/p>\n<p>A verdadeira magia destas lentes de contacto verde floresta \u00e9 a sua not\u00e1vel versatilidade em diferentes cores naturais de olhos. Para quem tem olhos de tons mais profundos, estas lentes de contacto verde floresta criam uma transforma\u00e7\u00e3o subtil, mas marcante, que acrescenta uma dimens\u00e3o natural de mist\u00e9rio florestal ao seu olhar. Se tem olhos mais claros, as lentes de contacto verde floresta Infinite real\u00e7am a sua luminosidade natural, acrescentando-lhe aquele inesquec\u00edvel fasc\u00ednio esmeralda que torna a sua presen\u00e7a imposs\u00edvel de ignorar. Cada momento torna-se uma oportunidade para se ligar naturalmente, cada intera\u00e7\u00e3o imbu\u00edda de um ar de autenticidade terrena. Estas lentes de contacto oculares verde floresta n\u00e3o se limitam a ficar na sua \u00edris - revelam a pessoa naturalmente cativante que sempre soube ser.<\/p>\n<h2>O que os influenciadores est\u00e3o a dizer sobre as nossas lentes de contacto verde floresta<\/h2>\n<p>@FashionForward_Taylor (2,5 milh\u00f5es de seguidores): \"Estas lentes de contacto verde floresta transformaram literalmente a minha liga\u00e7\u00e3o \u00e0 beleza natural! A cor \u00e9 ricamente dimensional, mas parece surpreendentemente aut\u00eantica nas fotografias.\"<\/p>\n<p>@BeautyMaven_Jordan (3,3 milh\u00f5es de seguidores): \"J\u00e1 fiz parcerias com muitas marcas de lentes de contacto, mas estas lentes Infinite Forest Green t\u00eam o equil\u00edbrio perfeito entre o realce natural e a profundidade da floresta.\"<\/p>\n<p>@TrendHunter_Alex (1,9 milh\u00f5es de seguidores): \"Os meus seguidores n\u00e3o param de perguntar sobre estas lentes de contacto verde floresta! Fotografam lindamente tanto com luz natural como artificial, mantendo o seu aut\u00eantico encanto florestal.\"<\/p>\n<h2>Experi\u00eancias reais de clientes<\/h2>\n<p>\"Estas lentes de contacto verde floresta fizeram-me sentir como se tivesse sa\u00eddo diretamente de uma floresta encantada! Suficientemente confort\u00e1veis para usar durante todo o dia em caminhadas.\" - Morgan K.<\/p>\n<p>\"J\u00e1 experimentei muitas lentes de contacto de cor, mas estas proporcionam realmente a tonalidade verde floresta mostrada nas fotografias - natural mas m\u00e1gica. Valem cada c\u00eantimo!\" - Dakota L.<\/p>\n<p>\"Nem os meus amigos c\u00e9pticos acreditaram na naturalidade com que estas lentes de contacto verde floresta me ficaram. Agora est\u00e3o a encomendar os seus pr\u00f3prios pares!\" - Skyler W.<\/p>\n<h2>Combina\u00e7\u00f5es perfeitas de maquilhagem e ocasi\u00f5es<\/h2>\n<p>Quer maximizar o impacto das suas lentes de contacto Infinite Forest Green? Estas deslumbrantes lentes de contacto verde floresta complementam sombras \u00e2mbar quentes para um ambiente de floresta outonal, ou combinam lindamente com tons frios de musgo para um efeito misterioso de floresta. Para um uso quotidiano subtil, experimente tons neutros de terra com um toque de dourado no canto interior para fazer com que as lentes de contacto verde floresta brilhem verdadeiramente como a luz do sol atrav\u00e9s das folhas.<\/p>\n<p>Estas lentes de contacto verde floresta s\u00e3o suficientemente vers\u00e1teis para in\u00fameras ocasi\u00f5es: casamentos ao ar livre onde se pretende harmonizar com cen\u00e1rios naturais, celebra\u00e7\u00f5es com temas da terra onde se celebra a beleza natural, actua\u00e7\u00f5es art\u00edsticas onde se encarna uma personagem da floresta, ou simplesmente dias em que se pretende infundir a sua rotina regular com um toque de magia da floresta.<\/p>\n<p>Pronta para experimentar a transforma\u00e7\u00e3o? Estas Lentes de Contacto Infinite Forest Green n\u00e3o mudam apenas a sua apar\u00eancia - elas revelam a extraordin\u00e1ria liga\u00e7\u00e3o \u00e0 natureza que sempre existiu dentro de si. Abrace o encanto da floresta, irradie confian\u00e7a natural e prepare-se para cativar os outros com as profundezas infinitas do seu olhar florestal!<\/p>","protected":false},"excerpt":{"rendered":"<p>Unleash Your Inner Nature Spirit with Stunning Infinite Forest Green Contact Lenses The Enchanting Charm of Forest Green: Inspiration &amp; Meaning Discover a new dimension of natural expression with our Infinite Forest Green Contact Lenses! These aren&#8217;t ordinary colored contacts \u2013 they&#8217;re portals to a more harmonious, nature-connected version of yourself. The rich, multifaceted forest [&#8230;]\n","protected":false},"featured_media":2492,"comment_status":"open","ping_status":"closed","template":"","meta":[],"product_brand":[382],"product_cat":[385,92,72,100,77,204],"product_tag":[],"class_list":{"0":"post-2490","1":"product","2":"type-product","3":"status-publish","4":"has-post-thumbnail","6":"product_brand-bqeye","7":"product_cat-mystic-iris","8":"product_cat-14-5-mm","9":"product_cat-contact-lenses-by-color","10":"product_cat-daily-disposable","11":"product_cat-green-contact-lenses","12":"product_cat-party-contacts","14":"first","15":"instock","16":"sale","17":"shipping-taxable","18":"purchasable","19":"product-type-variable","20":"has-default-attributes"},"_links":{"self":[{"href":"https:\/\/bqeye.com\/pt\/wp-json\/wp\/v2\/product\/2490","targetHints":{"allow":["GET"]}}],"collection":[{"href":"https:\/\/bqeye.com\/pt\/wp-json\/wp\/v2\/product"}],"about":[{"href":"https:\/\/bqeye.com\/pt\/wp-json\/wp\/v2\/types\/product"}],"replies":[{"embeddable":true,"href":"https:\/\/bqeye.com\/pt\/wp-json\/wp\/v2\/comments?post=2490"}],"wp:featuredmedia":[{"embeddable":true,"href":"https:\/\/bqeye.com\/pt\/wp-json\/wp\/v2\/media\/2492"}],"wp:attachment":[{"href":"https:\/\/bqeye.com\/pt\/wp-json\/wp\/v2\/media?parent=2490"}],"wp:term":[{"taxonomy":"product_brand","embeddable":true,"href":"https:\/\/bqeye.com\/pt\/wp-json\/wp\/v2\/product_brand?post=2490"},{"taxonomy":"product_cat","embeddable":true,"href":"https:\/\/bqeye.com\/pt\/wp-json\/wp\/v2\/product_cat?post=2490"},{"taxonomy":"product_tag","embeddable":true,"href":"https:\/\/bqeye.com\/pt\/wp-json\/wp\/v2\/product_tag?post=2490"}],"curies":[{"name":"wp","href":"https:\/\/api.w.org\/{rel}","templated":true}]}}