{"id":2497,"date":"2025-03-05T20:55:28","date_gmt":"2025-03-05T12:55:28","guid":{"rendered":"https:\/\/bqeye.com\/?post_type=product&#038;p=2497"},"modified":"2025-03-05T20:59:39","modified_gmt":"2025-03-05T12:59:39","slug":"scarlet-soul-red-contact-lenses","status":"publish","type":"product","link":"https:\/\/bqeye.com\/pt\/scarlet-soul-red-contact-lenses\/","title":{"rendered":"Scarlet Soul Red Lentes de Contacto (10 PCS)"},"content":{"rendered":"<h1>Liberte o seu esp\u00edrito apaixonado com as impressionantes lentes de contacto Scarlet Soul Red<\/h1>\n<h2>O poder cativante do vermelho com alma: inspira\u00e7\u00e3o e significado<\/h2>\n<p>Descubra uma nova dimens\u00e3o de express\u00e3o emocional com as nossas lentes de contacto Scarlet Soul Red! Estas n\u00e3o s\u00e3o lentes de contacto coloridas comuns - s\u00e3o portais para uma vers\u00e3o mais apaixonada e emocionalmente expressiva de si mesma. Os ricos e multifacetados tons escarlates criam uma profundidade cativante que atrai as pessoas com uma qualidade quase magn\u00e9tica. O vermelho tem sido celebrado em todas as culturas como uma cor de paix\u00e3o, intensidade e emo\u00e7\u00e3o profunda - e agora pode canalizar estas qualidades poderosas atrav\u00e9s do seu olhar com estas extraordin\u00e1rias lentes de contacto escarlates.<\/p>\n<p>O verdadeiro impacto destas lentes de contacto escarlate \u00e9 a sua not\u00e1vel capacidade de transformar o seu potencial expressivo. Quer se trate de um espet\u00e1culo art\u00edstico, de fotografia ou de ocasi\u00f5es especiais, estas lentes de contacto vermelhas criam um efeito emocional impressionante que acrescenta profundidade e intensidade aut\u00eanticas \u00e0 sua express\u00e3o pessoal. Cada olhar torna-se carregado de uma energia apaixonada, cada intera\u00e7\u00e3o \u00e9 imbu\u00edda de um ar de intensidade emotiva. Estas lentes de contacto escarlate n\u00e3o se limitam a ficar na sua \u00edris - revelam a pessoa apaixonada e emocionalmente rica que \u00e9 no seu \u00e2mago.<\/p>\n<h2>O que os influenciadores est\u00e3o a dizer sobre as nossas lentes de contacto vermelho-escarlate<\/h2>\n<p>@EmotiveArtist_Taylor (2,5 milh\u00f5es de seguidores): \"Estas lentes de contacto escarlates transformaram literalmente a minha fotografia art\u00edstica! A cor \u00e9 profundamente pigmentada e cria aquele impacto emocional perfeito nos retratos.\"<\/p>\n<p>@PerformanceMaven_Jordan (3,3 milh\u00f5es de seguidores): \"Fiz parcerias com muitas marcas de lentes de contacto para o trabalho de personagem, mas estas lentes Scarlet Soul t\u00eam o equil\u00edbrio perfeito entre intensidade emocional e conforto de utiliza\u00e7\u00e3o.\"<\/p>\n<p>@VisualStoryteller_Alex (1,9 milh\u00f5es de seguidores): \"Os meus seguidores n\u00e3o param de perguntar sobre estas lentes de contacto oculares escarlates! Fotografam lindamente tanto com luz natural como dram\u00e1tica, ao mesmo tempo que transmitem uma profundidade emocional t\u00e3o aut\u00eantica.\"<\/p>\n<h2>Experi\u00eancias reais de clientes<\/h2>\n<p>\"Estas lentes de contacto escarlates fizeram com que o meu desempenho teatral atingisse novos patamares emocionais! Confort\u00e1veis o suficiente para serem usadas sob as luzes do palco e o efeito foi absolutamente transformador.\" - Morgan K.<\/p>\n<p>\"J\u00e1 experimentei muitas objectivas vermelhas para fotografia de retrato, mas estas proporcionam realmente a tonalidade escarlate comovente mostrada nas fotografias. Vale cada c\u00eantimo para artistas e int\u00e9rpretes s\u00e9rios!\" - Dakota L.<\/p>\n<p>\"At\u00e9 os meus clientes fot\u00f3grafos ficaram espantados com a forma como estas lentes de contacto escarlates elevaram o impacto emocional da nossa sess\u00e3o de retratos. Criam profundidade e paix\u00e3o instant\u00e2neas!\" - Skyler W.<\/p>\n<h2>Combina\u00e7\u00f5es perfeitas de maquilhagem e ocasi\u00f5es<\/h2>\n<p>Quer maximizar o impacto das suas lentes de contacto Scarlet Soul Red? Estas impressionantes lentes de contacto escarlate complementam sombras mate profundas para um look classicamente intenso, ou combinam dramaticamente com tons met\u00e1licos de bronze para um efeito ardente e apaixonado. Para um impacto emocional m\u00e1ximo, combine-as com bochechas naturalmente coradas e tra\u00e7os definidos para real\u00e7ar a transforma\u00e7\u00e3o apaixonada que estas lentes de contacto proporcionam.<\/p>\n<p>Estas lentes de contacto vermelho-escarlate s\u00e3o perfeitas para in\u00fameras ocasi\u00f5es criativas: actua\u00e7\u00f5es teatrais em que a express\u00e3o emocional \u00e9 primordial, sess\u00f5es fotogr\u00e1ficas de moda em que \u00e9 necess\u00e1ria uma camada extra de intensidade, noites rom\u00e2nticas especiais em que \u00e9 importante causar uma impress\u00e3o apaixonada, ou eventos art\u00edsticos em que a autenticidade emocional \u00e9 valorizada.<\/p>\n<p>Pronta para experimentar a transforma\u00e7\u00e3o? Estas lentes de contacto Scarlet Soul Red n\u00e3o mudam apenas a sua apar\u00eancia - elas libertam o extraordin\u00e1rio potencial de express\u00e3o emocional que existe dentro de si. Abrace o poder da paix\u00e3o, transmita uma profundidade que mexe com a alma e prepare-se para se ligar mais autenticamente aos outros atrav\u00e9s do seu olhar infundido de escarlate!<\/p>","protected":false},"excerpt":{"rendered":"<p>Unleash Your Passionate Spirit with Striking Scarlet Soul Red Contact Lenses The Captivating Power of Soulful Red: Inspiration &amp; Meaning Discover a new dimension of emotional expression with our Scarlet Soul Red Contact Lenses! These aren&#8217;t ordinary colored contacts \u2013 they&#8217;re portals to a more passionate, emotionally expressive version of yourself. The rich, multifaceted scarlet [&#8230;]\n","protected":false},"featured_media":2499,"comment_status":"open","ping_status":"closed","template":"","meta":[],"product_brand":[382],"product_cat":[385,92,72,100,204,78],"product_tag":[],"class_list":{"0":"post-2497","1":"product","2":"type-product","3":"status-publish","4":"has-post-thumbnail","6":"product_brand-bqeye","7":"product_cat-mystic-iris","8":"product_cat-14-5-mm","9":"product_cat-contact-lenses-by-color","10":"product_cat-daily-disposable","11":"product_cat-party-contacts","12":"product_cat-red-contact-lenses","14":"first","15":"instock","16":"sale","17":"shipping-taxable","18":"purchasable","19":"product-type-variable","20":"has-default-attributes"},"_links":{"self":[{"href":"https:\/\/bqeye.com\/pt\/wp-json\/wp\/v2\/product\/2497","targetHints":{"allow":["GET"]}}],"collection":[{"href":"https:\/\/bqeye.com\/pt\/wp-json\/wp\/v2\/product"}],"about":[{"href":"https:\/\/bqeye.com\/pt\/wp-json\/wp\/v2\/types\/product"}],"replies":[{"embeddable":true,"href":"https:\/\/bqeye.com\/pt\/wp-json\/wp\/v2\/comments?post=2497"}],"wp:featuredmedia":[{"embeddable":true,"href":"https:\/\/bqeye.com\/pt\/wp-json\/wp\/v2\/media\/2499"}],"wp:attachment":[{"href":"https:\/\/bqeye.com\/pt\/wp-json\/wp\/v2\/media?parent=2497"}],"wp:term":[{"taxonomy":"product_brand","embeddable":true,"href":"https:\/\/bqeye.com\/pt\/wp-json\/wp\/v2\/product_brand?post=2497"},{"taxonomy":"product_cat","embeddable":true,"href":"https:\/\/bqeye.com\/pt\/wp-json\/wp\/v2\/product_cat?post=2497"},{"taxonomy":"product_tag","embeddable":true,"href":"https:\/\/bqeye.com\/pt\/wp-json\/wp\/v2\/product_tag?post=2497"}],"curies":[{"name":"wp","href":"https:\/\/api.w.org\/{rel}","templated":true}]}}