{"id":2500,"date":"2025-03-05T21:06:31","date_gmt":"2025-03-05T13:06:31","guid":{"rendered":"https:\/\/bqeye.com\/?post_type=product&#038;p=2500"},"modified":"2025-03-05T21:11:52","modified_gmt":"2025-03-05T13:11:52","slug":"twilight-ombre-purple-contact-lenses","status":"publish","type":"product","link":"https:\/\/bqeye.com\/pt\/twilight-ombre-purple-contact-lenses\/","title":{"rendered":"Lentes de Contacto Twilight Ombre Purple (10 PCS)"},"content":{"rendered":"<h1>Eleve o seu visual com as lentes de contacto Spellbinding Twilight Ombre Purple<\/h1>\n<h2>O fasc\u00ednio et\u00e9reo: Inspira\u00e7\u00e3o de design e simbolismo de cores<\/h2>\n<p>Prepare-se para ser transformada pelo fasc\u00ednio m\u00edstico das nossas Lentes de Contacto Twilight Ombre Purple! Estas extraordin\u00e1rias lentes de contacto p\u00farpura n\u00e3o mudam apenas a cor dos seus olhos - elas infundem toda a sua presen\u00e7a com um ar de encantamento crepuscular e mist\u00e9rio celestial. O efeito ombre multidimensional transita sem problemas do violeta profundo na borda externa para o lavanda suave perto da pupila, criando um gradiente hipn\u00f3tico de crep\u00fasculo que \u00e9 ao mesmo tempo et\u00e9reo e cativante. A cor p\u00farpura tem representado historicamente a magia, a intui\u00e7\u00e3o e a sabedoria m\u00edstica - qualidades que ir\u00e1 incorporar sem esfor\u00e7o quando colocar estas not\u00e1veis lentes de contacto oculares ombre p\u00farpura.<\/p>\n<p>A beleza destas lentes de contacto ombre roxas reside na sua magia crepuscular. Tanto nas cores naturais escuras como claras dos olhos, estas lentes de contacto ombre criam uma transforma\u00e7\u00e3o encantadora que \u00e9 imposs\u00edvel de ignorar, acrescentando profundidade m\u00edstica e fasc\u00ednio c\u00f3smico ao seu olhar natural. Com cada olhar, transmitir\u00e1 o encanto do crep\u00fasculo; com cada olhar, deixar\u00e1 uma impress\u00e3o de mist\u00e9rio do outro mundo que perdura muito depois de ter sa\u00eddo da sala. Estas lentes de contacto roxas ombre n\u00e3o s\u00e3o apenas um acess\u00f3rio - s\u00e3o uma declara\u00e7\u00e3o sobre a sua profundidade espiritual e a sua liga\u00e7\u00e3o ao reino m\u00e1gico do crep\u00fasculo entre os mundos.<\/p>\n<h2>O que os influenciadores est\u00e3o a dizer sobre as nossas lentes de contacto Purple Ombre<\/h2>\n<p>@GlamLifeGuru (4,2 milh\u00f5es de seguidores): \"H\u00e1 anos que uso lentes de contacto coloridas, mas estas lentes Twilight Ombre s\u00e3o o pr\u00f3ximo n\u00edvel para vibra\u00e7\u00f5es m\u00edsticas - o conforto \u00e9 incompar\u00e1vel e a transi\u00e7\u00e3o de cores \u00e9 ETERNAMENTE bonita.\"<\/p>\n<p>@StyleInsider_Morgan (2,3 milh\u00f5es de seguidores): \"Estas lentes de contacto ombre roxas fotografam lindamente em todas as luzes! O efeito crepuscular que criam nos retratos \u00e9 absolutamente de cortar a respira\u00e7\u00e3o.\"<\/p>\n<p>@BeautyTruth_Casey (1,6 milh\u00f5es de seguidores): \"A qualidade destas lentes de contacto oculares ombre roxas \u00e9 excecional - a grada\u00e7\u00e3o da cor \u00e9 sofisticada e cria uma profundidade m\u00e1gica. Absolutamente revolucion\u00e1rio para looks inspirados na fantasia!\"<\/p>\n<h2>Experi\u00eancias reais de clientes<\/h2>\n<p>\"Estas lentes de contacto ombre crepusculares transformaram completamente a minha sess\u00e3o fotogr\u00e1fica de fantasia. Senti-me como se tivesse entrado noutro reino no momento em que as coloquei!\" - Avery J.<\/p>\n<p>\"O conforto \u00e9 incr\u00edvel - consegui us\u00e1-los durante um festival celestial inteiro sem qualquer distra\u00e7\u00e3o, ao mesmo tempo que recebia in\u00fameros elogios pelos meus olhos m\u00edsticos!\" - Cameron D.<\/p>\n<p>\"Perfeito para a minha personagem de feiticeira - o ombre roxo acrescentou exatamente a camada de magia crepuscular que eu procurava expressar!\" - Quinn P.<\/p>\n<h2>Combina\u00e7\u00f5es perfeitas de maquilhagem e ocasi\u00f5es<\/h2>\n<p>Quer maximizar o impacto das suas lentes de contacto Twilight Ombre Purple? Estas deslumbrantes lentes de contacto p\u00farpura ombre criam magia m\u00edstica quando combinadas com sombras c\u00f3smicas prateadas e p\u00e9rola starlight para um look et\u00e9reo e celestial, ou com tons mais profundos de ametista e azul-marinho para uma intensa vibra\u00e7\u00e3o de gal\u00e1xia crepuscular. Para eventos inspirados na fantasia, experimente complementar com um destaque cintilante nos pontos altos do seu rosto para real\u00e7ar a transforma\u00e7\u00e3o et\u00e9rea que estas lentes de contacto proporcionam.<\/p>\n<p>Estas lentes de contacto ombre p\u00farpura s\u00e3o suficientemente vers\u00e1teis para in\u00fameras ocasi\u00f5es: celebra\u00e7\u00f5es m\u00edsticas em que se pretende encarnar a energia c\u00f3smica, galas nocturnas em que se deseja um ar de encantamento, sess\u00f5es fotogr\u00e1ficas criativas em que a beleza et\u00e9rea \u00e9 o foco, ou eventos de fantasia em que se pretende expressar a sua liga\u00e7\u00e3o \u00e0 magia do crep\u00fasculo.<\/p>\n<p>Pronta para experimentar a transforma\u00e7\u00e3o? Estas lentes de contacto Twilight Ombre Purple n\u00e3o s\u00e3o apenas um acess\u00f3rio - s\u00e3o um poderoso portal de auto-express\u00e3o que revela o esp\u00edrito m\u00edstico e crepuscular que habita em si. Abrace o encanto, irradie fasc\u00ednio c\u00f3smico e veja como as oportunidades de liga\u00e7\u00e3o m\u00e1gica se revelam perante os seus novos olhos ombre!<\/p>","protected":false},"excerpt":{"rendered":"<p>Elevate Your Look with Spellbinding Twilight Ombre Purple Contact Lenses The Ethereal Allure: Design Inspiration &amp; Color Symbolism Prepare to be transformed by the mystical allure of our Twilight Ombre Purple Contact Lenses! These extraordinary purple contact lenses don&#8217;t just change your eye color \u2013 they infuse your entire presence with an air of twilight [&#8230;]\n","protected":false},"featured_media":2502,"comment_status":"open","ping_status":"closed","template":"","meta":[],"product_brand":[382],"product_cat":[385,92,72,100,204,82],"product_tag":[],"class_list":{"0":"post-2500","1":"product","2":"type-product","3":"status-publish","4":"has-post-thumbnail","6":"product_brand-bqeye","7":"product_cat-mystic-iris","8":"product_cat-14-5-mm","9":"product_cat-contact-lenses-by-color","10":"product_cat-daily-disposable","11":"product_cat-party-contacts","12":"product_cat-purple-contact-lenses","14":"first","15":"instock","16":"sale","17":"shipping-taxable","18":"purchasable","19":"product-type-variable","20":"has-default-attributes"},"_links":{"self":[{"href":"https:\/\/bqeye.com\/pt\/wp-json\/wp\/v2\/product\/2500","targetHints":{"allow":["GET"]}}],"collection":[{"href":"https:\/\/bqeye.com\/pt\/wp-json\/wp\/v2\/product"}],"about":[{"href":"https:\/\/bqeye.com\/pt\/wp-json\/wp\/v2\/types\/product"}],"replies":[{"embeddable":true,"href":"https:\/\/bqeye.com\/pt\/wp-json\/wp\/v2\/comments?post=2500"}],"wp:featuredmedia":[{"embeddable":true,"href":"https:\/\/bqeye.com\/pt\/wp-json\/wp\/v2\/media\/2502"}],"wp:attachment":[{"href":"https:\/\/bqeye.com\/pt\/wp-json\/wp\/v2\/media?parent=2500"}],"wp:term":[{"taxonomy":"product_brand","embeddable":true,"href":"https:\/\/bqeye.com\/pt\/wp-json\/wp\/v2\/product_brand?post=2500"},{"taxonomy":"product_cat","embeddable":true,"href":"https:\/\/bqeye.com\/pt\/wp-json\/wp\/v2\/product_cat?post=2500"},{"taxonomy":"product_tag","embeddable":true,"href":"https:\/\/bqeye.com\/pt\/wp-json\/wp\/v2\/product_tag?post=2500"}],"curies":[{"name":"wp","href":"https:\/\/api.w.org\/{rel}","templated":true}]}}