{"id":2518,"date":"2025-03-18T22:31:33","date_gmt":"2025-03-18T14:31:33","guid":{"rendered":"https:\/\/bqeye.com\/?post_type=product&#038;p=2518"},"modified":"2025-03-18T22:32:53","modified_gmt":"2025-03-18T14:32:53","slug":"nocturnal-spirit-gray-contact-lenses","status":"publish","type":"product","link":"https:\/\/bqeye.com\/pt\/nocturnal-spirit-gray-contact-lenses\/","title":{"rendered":"Noturnal Spirit Gray Lentes de Contacto (Embalagem com 10),Noturnal Spirit Green Lentes de Contacto (Embalagem com 10),Noturnal Spirit Brown Lentes de Contacto (Embalagem com 10),Noturnal Spirit Gray Lentes de Contacto,Noturnal Spirit Green Lentes de Contacto,Noturnal Spirit Brown Lentes de Contacto"},"content":{"rendered":"<p>OMG, pessoal, nem consigo explicar como estas Lentes de Contacto Cinzentas Noturnal Spirit transformaram COMPLETAMENTE toda a minha vibra\u00e7\u00e3o!!! J\u00e1 experimentei imensas lentes de contacto coloridas, mas estas est\u00e3o num OUTRO N\u00cdVEL de magia misteriosa!!!<\/p>\n<p>Primeiro, podemos falar da embalagem? Chegou numa caixa azul meia-noite absolutamente deslumbrante, com fases da lua enevoadas em prata e s\u00edmbolos m\u00edsticos gravados, que me fizeram sentir como se estivesse a abrir algo de um antigo reino m\u00e1gico em vez de apenas contactos! Cada um dos 10 pares vem selado individualmente no seu pr\u00f3prio compartimento protetor, o que n\u00e3o s\u00f3 \u00e9 super higi\u00e9nico como faz com que toda a experi\u00eancia pare\u00e7a t\u00e3o premium e especial!<\/p>\n<p>Mas a cor. Estou literalmente obcecada!!! \u00c9 um cinzento profundo, tipo nuvem de tempestade, com subtons prateados e azuis subtis que captam a luz da forma mais hipn\u00f3tica poss\u00edvel. N\u00e3o \u00e9 aquele cinzento plano, obviamente falso, que parece que se est\u00e1 a esfor\u00e7ar demasiado! Estes t\u00eam esta qualidade multidimensional que parece surpreendentemente natural, ao mesmo tempo que d\u00e3o uma grande energia de esp\u00edrito de inverno com poderes antigos. Nos meus olhos naturalmente castanhos, criaram esta profundidade cativante de outro mundo que fez com que estranhos me parassem literalmente para perguntar sobre os meus olhos!!!<\/p>\n<p>No primeiro dia em que os usei na exposi\u00e7\u00e3o de arte do meu amigo, TR\u00caS pessoas diferentes vieram comentar especificamente sobre os meus olhos! Um cara literalmente disse que eles pareciam \"nuvens de tempestade com rel\u00e2mpagos presos dentro\", que \u00e9 EXATAMENTE a vibra\u00e7\u00e3o que eu estava indo para!!! No terceiro dia de uso, as minhas selfies do Instagram estavam a ter 50% mais envolvimento. N\u00c3O ESTOU A EXAGERAR!!!<\/p>\n<p>S\u00e3o absolutamente perfeitos para sess\u00f5es fotogr\u00e1ficas de inverno com mau humor - fiz uma sess\u00e3o espont\u00e2nea de manh\u00e3 cheia de nevoeiro no parque e a minha amiga fot\u00f3grafa ficou chocada com a forma como o cinzento captou a luz enevoada. Mas sinceramente? Tamb\u00e9m os tenho usado para encontros normais de caf\u00e9 e reuni\u00f5es de trabalho, porque me fazem sentir como esta poderosa e misteriosa vers\u00e3o deusa da tempestade de mim mesma, em que estou um pouco viciada.<\/p>\n<p>A embalagem de 10 unidades \u00e9 perfeita porque pode guard\u00e1-las para ocasi\u00f5es especiais ou simplesmente tornar-se num ser m\u00edstico durante uma semana e meia, como eu fiz. De qualquer forma, prepara-te para as pessoas ficarem completamente MESMERIZADAS com o teu olhar. Sem querer ser dram\u00e1tica, mas acho que estas lentes de contacto podem conter algum tipo de encantamento??? Toda a minha vida subiu de n\u00edvel desde que comecei a us\u00e1-las!!!<\/p>","protected":false},"excerpt":{"rendered":"<p>OMG you guys, I can&#8217;t even begin to explain how these Nocturnal Spirit Gray Contact Lenses have COMPLETELY transformed my entire vibe!!! I&#8217;ve tried tons of colored contacts before but these are on a WHOLE OTHER LEVEL of mysterious magic!!! First, can we talk about the packaging?? It arrived in this absolutely stunning midnight blue [&#8230;]\n","protected":false},"featured_media":2520,"comment_status":"open","ping_status":"closed","template":"","meta":[],"product_brand":[382],"product_cat":[81,91,72,100,129,101],"product_tag":[],"class_list":{"0":"post-2518","1":"product","2":"type-product","3":"status-publish","4":"has-post-thumbnail","6":"product_brand-bqeye","7":"product_cat-grey-contact-lenses","8":"product_cat-14-2-mm","9":"product_cat-contact-lenses-by-color","10":"product_cat-daily-disposable","11":"product_cat-fresh-contacts","12":"product_cat-natural-contacts","14":"first","15":"instock","16":"sale","17":"shipping-taxable","18":"purchasable","19":"product-type-variable","20":"has-default-attributes"},"_links":{"self":[{"href":"https:\/\/bqeye.com\/pt\/wp-json\/wp\/v2\/product\/2518","targetHints":{"allow":["GET"]}}],"collection":[{"href":"https:\/\/bqeye.com\/pt\/wp-json\/wp\/v2\/product"}],"about":[{"href":"https:\/\/bqeye.com\/pt\/wp-json\/wp\/v2\/types\/product"}],"replies":[{"embeddable":true,"href":"https:\/\/bqeye.com\/pt\/wp-json\/wp\/v2\/comments?post=2518"}],"wp:featuredmedia":[{"embeddable":true,"href":"https:\/\/bqeye.com\/pt\/wp-json\/wp\/v2\/media\/2520"}],"wp:attachment":[{"href":"https:\/\/bqeye.com\/pt\/wp-json\/wp\/v2\/media?parent=2518"}],"wp:term":[{"taxonomy":"product_brand","embeddable":true,"href":"https:\/\/bqeye.com\/pt\/wp-json\/wp\/v2\/product_brand?post=2518"},{"taxonomy":"product_cat","embeddable":true,"href":"https:\/\/bqeye.com\/pt\/wp-json\/wp\/v2\/product_cat?post=2518"},{"taxonomy":"product_tag","embeddable":true,"href":"https:\/\/bqeye.com\/pt\/wp-json\/wp\/v2\/product_tag?post=2518"}],"curies":[{"name":"wp","href":"https:\/\/api.w.org\/{rel}","templated":true}]}}