{"id":2533,"date":"2025-05-19T20:09:32","date_gmt":"2025-05-19T12:09:32","guid":{"rendered":"https:\/\/bqeye.com\/?post_type=product&#038;p=2533"},"modified":"2025-05-19T20:34:35","modified_gmt":"2025-05-19T12:34:35","slug":"lucifer-celestial-blue-contact-lenses","status":"publish","type":"product","link":"https:\/\/bqeye.com\/pt\/lucifer-celestial-blue-contact-lenses\/","title":{"rendered":"Lucifer Celestial Blue Lentes de Contacto (10 PCS)"},"content":{"rendered":"<h1>Lentes de contacto Lucifer Celestial Blue de cortar a respira\u00e7\u00e3o: Revela o teu olhar celestial!<\/h1>\n<h2>A magia divina das lentes de contacto Celestial Blue<\/h2>\n<p>Experimente a transforma\u00e7\u00e3o c\u00f3smica com o nosso extraordin\u00e1rio <strong>Lentes de Contacto Celestial Blue<\/strong>! Estes mundos de outro mundo <strong>Lentes de Contacto Celestial Blue<\/strong> criam um olhar t\u00e3o cativante que \u00e9 como se usasse o pr\u00f3prio c\u00e9u nos seus olhos. A tonalidade azul transcendente funciona milagrosamente tanto em olhos escuros como claros, criando um efeito et\u00e9reo que \u00e9 simultaneamente impressionante e sofisticado. Quando a luz capta estes <strong>Lentes de contacto Celestial Blue<\/strong>Os teus olhos brilham com uma profundidade multidimensional que parece conter o universo inteiro.<\/p>\n<p>A tonalidade sublime destas lentes inspira-se nos c\u00e9us crepusculares e nas nebulosas distantes, misturando um azul profundo com toques de brilho celestial. Em olhos mais escuros, criam uma transforma\u00e7\u00e3o dram\u00e1tica que acrescenta luminosidade e profundidade sobrenaturais. Para olhos mais claros, estes <strong>Celestial Blue Lentes de contacto para olhos<\/strong> real\u00e7a a sua cor natural com uma luminosidade quase m\u00edstica que atrai as pessoas para a sua \u00f3rbita! N\u00e3o se trata apenas de uma mudan\u00e7a de cor - \u00e9 todo um estado de esp\u00edrito que eleva a sua presen\u00e7a a algo verdadeiramente estelar.<\/p>\n<h2>As estrelas influenciadoras adoram as nossas lentes azuis celestiais<\/h2>\n<p><strong>CosmicBeauty<\/strong> (1,7 milh\u00f5es de seguidores): \"Estas lentes Celestial Blue revolucionaram o meu conte\u00fado! A cor \u00e9 deslumbrante em fotos e v\u00eddeos!\"<\/p>\n<p><strong>EstiloNebula<\/strong> (920K seguidores): \"Os meus seguidores perguntam constantemente sobre estas lentes de contacto azuis m\u00e1gicas! S\u00e3o a minha arma secreta para criar looks inesquec\u00edveis.\"<\/p>\n<p><strong>BeautyOrbit<\/strong> (2,4 milh\u00f5es de seguidores): \"Depois de experimentar dezenas de lentes coloridas, estas Celestial Blue tornaram-se a minha assinatura. O conforto e a cor s\u00e3o inigual\u00e1veis!\"<\/p>\n<h2>Experi\u00eancias estelares dos clientes<\/h2>\n<p>\"Usei estes sapatos num evento especial e senti-me uma verdadeira deusa! O azul celeste \u00e9 subtil mas m\u00e1gico.\" - Sophia, 29 anos<\/p>\n<p>\"Estava preocupado que as lentes de contacto coloridas parecessem falsas nos meus olhos escuros, mas estas misturam-se lindamente, criando um efeito fant\u00e1stico!\" - Marcus, 31 anos<\/p>\n<p>\"Perfeito para usar no dia a dia - confort\u00e1vel durante todo o dia e o azul celeste acrescenta algo especial ao meu visual.\" - Ol\u00edvia, 26 anos<\/p>\n<p>\"Estas lentes transformaram a minha sess\u00e3o fotogr\u00e1fica! O azul \u00fanico capta lindamente a luz na c\u00e2mara.\" - Tiago, 28 anos<\/p>\n<h2>D\u00ea estilo \u00e0s suas lentes de contacto Celestial Blue<\/h2>\n<p>O seu <strong>Lucifer Celestial Blue Lentes de Contacto<\/strong> real\u00e7am sem esfor\u00e7o in\u00fameros looks! Para uma eleg\u00e2ncia diurna, combine-os com uma maquilhagem neutra suave - apenas um toque de r\u00edmel e blush cor de p\u00eassego permite que o azul celeste se torne a sua carater\u00edstica de afirma\u00e7\u00e3o de aspeto natural.<\/p>\n<p>Para um encanto noturno, estes <strong>Celestial Blue Lentes de contacto para olhos<\/strong> criam magia quando combinados com maquilhagem de inspira\u00e7\u00e3o c\u00f3smica. Experimente sombras com brilho subtil em prateado, lavanda ou azul-marinho para complementar o tema celestial. Acrescente um toque de luz nos cantos interiores para criar um efeito verdadeiramente estrelado que \u00e9 perfeito para festas, ocasi\u00f5es especiais ou sempre que quiser deixar uma impress\u00e3o duradoura!<\/p>\n<p>Estas lentes brilham intensamente para eventos formais, encontros para observar as estrelas, festivais de ver\u00e3o e celebra\u00e7\u00f5es tem\u00e1ticas. Imagine o brilho celestial a complementar uma roupa de noite elegante ou a criar um contraste dram\u00e1tico com tons de terra quentes! Os fot\u00f3grafos profissionais adoram a forma como estas <strong>Lentes de Contacto Celestial Blue<\/strong> criam retratos com profundidade e dimens\u00e3o que parecem ter uma beleza quase sobrenatural.<\/p>\n<h2>Abrace a sua beleza celestial hoje mesmo!<\/h2>\n<p>Porqu\u00ea contentar-se com olhos terrestres quando pode captar a majestade do cosmos com <strong>Lentes de Contacto Celestial Blue<\/strong>? O seu uso confort\u00e1vel, a cor deslumbrante e o potencial de estilo vers\u00e1til tornam-nas perfeitas para quem procura elevar o seu visual com uma beleza celestial.<\/p>\n<p>Quer seja para melhorar a sua apar\u00eancia quotidiana, para se preparar para uma ocasi\u00e3o especial ou para completar um conjunto de inspira\u00e7\u00e3o celestial, estes <strong>Lentes de contacto Celestial Blue<\/strong> proporcionam o equil\u00edbrio perfeito entre a magia et\u00e9rea e a eleg\u00e2ncia que se pode usar. Sinta a confian\u00e7a que surge quando o seu olhar det\u00e9m a beleza de estrelas distantes!<\/p>\n<p>Pronta para experimentar a sensa\u00e7\u00e3o celestial? Transforme o seu visual hoje e descubra porque \u00e9 que estas cativantes <strong>Lentes de Contacto Celestial Blue<\/strong> tornaram-se o segredo essencial para criar impress\u00f5es verdadeiramente inesquec\u00edveis. Os seus olhos merecem nada menos do que esta transforma\u00e7\u00e3o celestial!<\/p>","protected":false},"excerpt":{"rendered":"<p>Breathtaking Lucifer Celestial Blue Contact Lenses: Unveil Your Heavenly Gaze! The Divine Magic of Celestial Blue Contact Lenses Experience cosmic transformation with our extraordinary Celestial Blue Contact Lenses! These otherworldly Celestial Blue Contact Lenses create a gaze so captivating, it&#8217;s like wearing the sky itself in your eyes. The transcendent blue hue works miraculously on [&#8230;]\n","protected":false},"featured_media":2535,"comment_status":"open","ping_status":"closed","template":"","meta":[],"product_brand":[382],"product_cat":[75,91,72,100,386,101],"product_tag":[],"class_list":{"0":"post-2533","1":"product","2":"type-product","3":"status-publish","4":"has-post-thumbnail","6":"product_brand-bqeye","7":"product_cat-blue-contact-lenses","8":"product_cat-14-2-mm","9":"product_cat-contact-lenses-by-color","10":"product_cat-daily-disposable","11":"product_cat-lucifer","12":"product_cat-natural-contacts","14":"first","15":"instock","16":"sale","17":"shipping-taxable","18":"purchasable","19":"product-type-variable","20":"has-default-attributes"},"_links":{"self":[{"href":"https:\/\/bqeye.com\/pt\/wp-json\/wp\/v2\/product\/2533","targetHints":{"allow":["GET"]}}],"collection":[{"href":"https:\/\/bqeye.com\/pt\/wp-json\/wp\/v2\/product"}],"about":[{"href":"https:\/\/bqeye.com\/pt\/wp-json\/wp\/v2\/types\/product"}],"replies":[{"embeddable":true,"href":"https:\/\/bqeye.com\/pt\/wp-json\/wp\/v2\/comments?post=2533"}],"wp:featuredmedia":[{"embeddable":true,"href":"https:\/\/bqeye.com\/pt\/wp-json\/wp\/v2\/media\/2535"}],"wp:attachment":[{"href":"https:\/\/bqeye.com\/pt\/wp-json\/wp\/v2\/media?parent=2533"}],"wp:term":[{"taxonomy":"product_brand","embeddable":true,"href":"https:\/\/bqeye.com\/pt\/wp-json\/wp\/v2\/product_brand?post=2533"},{"taxonomy":"product_cat","embeddable":true,"href":"https:\/\/bqeye.com\/pt\/wp-json\/wp\/v2\/product_cat?post=2533"},{"taxonomy":"product_tag","embeddable":true,"href":"https:\/\/bqeye.com\/pt\/wp-json\/wp\/v2\/product_tag?post=2533"}],"curies":[{"name":"wp","href":"https:\/\/api.w.org\/{rel}","templated":true}]}}