{"id":2536,"date":"2025-05-19T20:48:11","date_gmt":"2025-05-19T12:48:11","guid":{"rendered":"https:\/\/bqeye.com\/?post_type=product&#038;p=2536"},"modified":"2025-05-19T20:49:11","modified_gmt":"2025-05-19T12:49:11","slug":"american-fascinating-blue-contact-lenses","status":"publish","type":"product","link":"https:\/\/bqeye.com\/pt\/american-fascinating-blue-contact-lenses\/","title":{"rendered":"American Fascinating Blue Lentes de Contacto (10 PCS)"},"content":{"rendered":"<h1>Lentes de contacto azuis fascinantes americanas: Cativar todas as divis\u00f5es!<\/h1>\n<h2>O Poder Hipn\u00f3tico das Fascinantes Lentes de Contacto Azuis<\/h2>\n<p>Entre num mundo de charme irresist\u00edvel com a nossa <strong>Fascinantes Lentes de Contacto Azuis<\/strong>! Estes extraordin\u00e1rios <strong>Fascinantes Lentes de Contacto Azuis<\/strong> transformam o seu olhar em algo verdadeiramente fascinante que funciona magnificamente em todas as cores de olhos. O azul vibrante e sofisticado cria um efeito que \u00e9 simultaneamente impressionante e surpreendentemente natural. Quando estiver a usar estes <strong>Fascinantes lentes de contacto para olhos azuis<\/strong>Os seus olhos tornam-se a sua carater\u00edstica mais atraente - atraindo a admira\u00e7\u00e3o com um azul multidimensional que muda e brilha com cada movimento seu.<\/p>\n<p>A tonalidade encantadora destas lentes capta a ess\u00eancia dos tesouros profundos do oceano e dos c\u00e9us americanos sem limites. Nos olhos mais escuros, criam uma transforma\u00e7\u00e3o dram\u00e1tica que confere uma profundidade incr\u00edvel e uma intensidade luminosa. Para os olhos mais claros, estas <strong>Fascinantes Lentes de Contacto Azuis para os Olhos<\/strong> real\u00e7a a sua cor natural com uma vibra\u00e7\u00e3o brilhante que torna o seu olhar absolutamente magn\u00e9tico! O resultado \u00e9 perfeitamente equilibrado - suficientemente percet\u00edvel para chamar a aten\u00e7\u00e3o e suficientemente natural para suscitar elogios genu\u00ednos.<\/p>\n<h2>Obsess\u00f5es dos influenciadores<\/h2>\n<p><strong>BeautyMaven<\/strong> (1,7 milh\u00f5es de seguidores): \"Estas lentes Fascinating Blue revolucionaram o meu conte\u00fado! A cor \u00e9 absolutamente deslumbrante em fotos e v\u00eddeos!\"<\/p>\n<p><strong>TrendSetter<\/strong> (920 mil seguidores): \"Os meus seguidores perguntam constantemente sobre os meus olhos quando uso estas lentes de contacto. S\u00e3o a minha arma secreta para o envolvimento!\"<\/p>\n<p><strong>GlamGuru<\/strong> (2,3 milh\u00f5es de seguidores): \"Depois de experimentar in\u00fameras lentes coloridas, estas Fascinating Blue tornaram-se a minha imagem de marca. O conforto e a cor s\u00e3o inigual\u00e1veis!\"<\/p>\n<h2>Experi\u00eancias de clientes<\/h2>\n<p>\"Estas lentes azuis transformaram completamente o meu visual! Sinto-me mais confiante e recebo elogios em todo o lado onde vou!\" - Jessica, 29 anos<\/p>\n<p>\"Como algu\u00e9m com olhos sens\u00edveis, estava nervoso, mas a sensa\u00e7\u00e3o \u00e9 fant\u00e1stica e a cor azul fica incrivelmente natural nos meus olhos castanhos!\" - Michael, 31 anos<\/p>\n<p>\"Perfeito para usar no dia a dia - confort\u00e1vel de manh\u00e3 \u00e0 noite e o azul fascinante acrescenta algo especial ao meu visual.\" - Amanda, 26 anos<\/p>\n<p>\"Estas objectivas elevaram a minha sess\u00e3o fotogr\u00e1fica a outro n\u00edvel! O azul fotografa lindamente em todas as condi\u00e7\u00f5es de ilumina\u00e7\u00e3o.\" - David, 30 anos<\/p>\n<h2>Estilize as suas fascinantes lentes de contacto azuis<\/h2>\n<p>O seu <strong>Lentes de Contacto Americanas Fascinating Blue<\/strong> s\u00e3o vers\u00e1teis e permitem melhorar o estilo de in\u00fameros looks! Para uma eleg\u00e2ncia diurna, combine-os com uma maquilhagem suave e neutra - apenas r\u00edmel e um toque de blush permitem que o azul fascinante se torne a sua carater\u00edstica de assinatura sem parecer exagerado.<\/p>\n<p>Para um encanto noturno, estes <strong>Fascinantes Lentes de Contacto Azuis para os Olhos<\/strong> criam magia quando combinados com subtis olhos esfumados em tons de bronze ou champanhe. O contraste entre a maquilhagem quente e o azul frio cria um visual equilibrado que \u00e9 perfeito para jantares, eventos especiais ou sempre que quiser causar uma impress\u00e3o inesquec\u00edvel!<\/p>\n<p>Estas lentes s\u00e3o particularmente impressionantes para sess\u00f5es fotogr\u00e1ficas profissionais, reuni\u00f5es sociais e eventos ao ar livre. Imagine como o azul vibrante complementar\u00e1 o vestu\u00e1rio de ver\u00e3o ou criar\u00e1 um contraste impressionante com as cores outonais! Os fot\u00f3grafos adoram o facto de estas <strong>Fascinantes Lentes de Contacto Azuis<\/strong> criam retratos com uma profundidade e dimens\u00e3o incr\u00edveis, assegurando que os seus olhos se tornam o ponto focal ineg\u00e1vel de cada imagem.<\/p>\n<h2>Experimente hoje a fascinante magia azul!<\/h2>\n<p>Porqu\u00ea misturar-se quando os seus olhos podem destacar-se com <strong>Fascinantes Lentes de Contacto Azuis<\/strong>? O seu toque confort\u00e1vel, a cor deslumbrante e o potencial de estilo vers\u00e1til tornam-nas perfeitas para quem procura real\u00e7ar a sua beleza natural com um toque de fasc\u00ednio.<\/p>\n<p>Quer esteja a refrescar o seu estilo quotidiano, a preparar-se para uma ocasi\u00e3o especial ou simplesmente a querer experimentar o impulso de confian\u00e7a de uns olhos azuis cativantes, estes <strong>Fascinantes lentes de contacto para olhos azuis<\/strong> proporcionam o equil\u00edbrio perfeito entre impacto e facilidade de utiliza\u00e7\u00e3o. Sinta a diferen\u00e7a quando o seu olhar chama a aten\u00e7\u00e3o em todas as intera\u00e7\u00f5es!<\/p>\n<p>Pronto para experimentar a fascinante transforma\u00e7\u00e3o azul? Eleve o seu visual hoje e descubra porque \u00e9 que estes cativantes <strong>Fascinantes Lentes de Contacto Azuis<\/strong> tornaram-se o segredo essencial para criar impress\u00f5es verdadeiramente memor\u00e1veis. Os seus olhos merecem este toque de magia fascinante!<\/p>","protected":false},"excerpt":{"rendered":"<p>Mesmerizing American Fascinating Blue Contact Lenses: Captivate Every Room! The Hypnotic Power of Fascinating Blue Contact Lenses Step into a world of irresistible charm with our Fascinating Blue Contact Lenses! These extraordinary Fascinating Blue Contact Lenses transform your gaze into something truly spellbinding that works magnificently on every eye color. The vibrant yet sophisticated blue [&#8230;]\n","protected":false},"featured_media":2538,"comment_status":"open","ping_status":"closed","template":"","meta":[],"product_brand":[382],"product_cat":[75,91,72,100,386,101],"product_tag":[],"class_list":{"0":"post-2536","1":"product","2":"type-product","3":"status-publish","4":"has-post-thumbnail","6":"product_brand-bqeye","7":"product_cat-blue-contact-lenses","8":"product_cat-14-2-mm","9":"product_cat-contact-lenses-by-color","10":"product_cat-daily-disposable","11":"product_cat-lucifer","12":"product_cat-natural-contacts","14":"first","15":"instock","16":"sale","17":"shipping-taxable","18":"purchasable","19":"product-type-variable","20":"has-default-attributes"},"_links":{"self":[{"href":"https:\/\/bqeye.com\/pt\/wp-json\/wp\/v2\/product\/2536","targetHints":{"allow":["GET"]}}],"collection":[{"href":"https:\/\/bqeye.com\/pt\/wp-json\/wp\/v2\/product"}],"about":[{"href":"https:\/\/bqeye.com\/pt\/wp-json\/wp\/v2\/types\/product"}],"replies":[{"embeddable":true,"href":"https:\/\/bqeye.com\/pt\/wp-json\/wp\/v2\/comments?post=2536"}],"wp:featuredmedia":[{"embeddable":true,"href":"https:\/\/bqeye.com\/pt\/wp-json\/wp\/v2\/media\/2538"}],"wp:attachment":[{"href":"https:\/\/bqeye.com\/pt\/wp-json\/wp\/v2\/media?parent=2536"}],"wp:term":[{"taxonomy":"product_brand","embeddable":true,"href":"https:\/\/bqeye.com\/pt\/wp-json\/wp\/v2\/product_brand?post=2536"},{"taxonomy":"product_cat","embeddable":true,"href":"https:\/\/bqeye.com\/pt\/wp-json\/wp\/v2\/product_cat?post=2536"},{"taxonomy":"product_tag","embeddable":true,"href":"https:\/\/bqeye.com\/pt\/wp-json\/wp\/v2\/product_tag?post=2536"}],"curies":[{"name":"wp","href":"https:\/\/api.w.org\/{rel}","templated":true}]}}