{"id":2539,"date":"2025-05-19T21:02:43","date_gmt":"2025-05-19T13:02:43","guid":{"rendered":"https:\/\/bqeye.com\/?post_type=product&#038;p=2539"},"modified":"2025-05-19T21:07:04","modified_gmt":"2025-05-19T13:07:04","slug":"solo-hazel-brown-contact-lenses","status":"publish","type":"product","link":"https:\/\/bqeye.com\/pt\/solo-hazel-brown-contact-lenses\/","title":{"rendered":"Solo Hazel Castanho Lentes de Contacto (10 PCS)"},"content":{"rendered":"<h1>Lentes de Contacto Solo Hazel Castanhas Encantadoras: Revela a tua m\u00edstica natural!<\/h1>\n<h2>O Encanto Cativante das Lentes de Contacto Castanhas Avel\u00e3<\/h2>\n<p>Descubra uma transforma\u00e7\u00e3o subtil com a nossa <strong>Solo Hazel Brown Lentes de Contacto<\/strong>! Estes not\u00e1veis <strong>Lentes de Contacto Castanhas Avel\u00e3<\/strong> real\u00e7a o seu olhar com uma mistura multidimensional de tons quentes de castanho e verde-dourado que funcionam lindamente com todas as cores de olhos. O castanho avel\u00e3 de aspeto natural cria um efeito que \u00e9 subtilmente marcante e intrigantemente \u00fanico. Ao usar estas <strong>Lentes de contacto para olhos castanho-avel\u00e3<\/strong>Os seus olhos ganham vida com uma complexidade rica - captando a luz com manchas douradas e uma profundidade terrosa que torna o seu olhar imposs\u00edvel de esquecer.<\/p>\n<p>A tonalidade deslumbrante destas lentes evoca as florestas de outono, com a luz do sol a filtrar-se atrav\u00e9s das folhas. Em olhos mais escuros, criam uma transforma\u00e7\u00e3o suave que acrescenta uma dimens\u00e3o fascinante e um calor dourado. Para os olhos mais claros, estas <strong>Lentes de contacto para olhos castanhos avel\u00e3<\/strong> real\u00e7a a sua cor natural com uma profundidade multifacetada que torna o seu olhar mais expressivo e cativante! O resultado \u00e9 perfeitamente equilibrado - suficientemente natural para parecer aut\u00eantico, suficientemente \u00fanico para atrair elogios genu\u00ednos.<\/p>\n<h2>Favoritos dos influenciadores<\/h2>\n<p><strong>NaturalGlow<\/strong> (1,3 milh\u00f5es de seguidores): \"Estas lentes Solo Hazel Brown s\u00e3o incr\u00edveis para criar conte\u00fados que parecem genu\u00ednos mas elevados! A dimens\u00e3o da cor fotografa lindamente!\"<\/p>\n<p><strong>TerraEleg\u00e2ncia<\/strong> (760 mil seguidores): \"O meu p\u00fablico pergunta constantemente sobre os meus olhos quando uso estas lentes de contacto cor de avel\u00e3. T\u00eam um aspeto completamente natural, ao mesmo tempo que acrescentam aquele toque especial!\"<\/p>\n<p><strong>SubtleBeauty<\/strong> (1,8 milh\u00f5es de seguidores): \"Depois de experimentar in\u00fameras lentes de cor, estas Hazel Brown tornaram-se o meu essencial para o dia a dia. O conforto e a cor multidimensional s\u00e3o inigual\u00e1veis!\"<\/p>\n<h2>Experi\u00eancias de clientes<\/h2>\n<p>\"Estas lentes cor de avel\u00e3 deram aos meus olhos castanhos o realce subtil perfeito! As manchas douradas captam a luz lindamente!\" - Sophia, 27 anos<\/p>\n<p>\"Estava \u00e0 procura de algo que real\u00e7asse os meus olhos verdes sem parecer falso. Estas lentes castanhas avel\u00e3 s\u00e3o a perfei\u00e7\u00e3o absoluta!\" - Tiago, 31 anos<\/p>\n<p>\"Como algu\u00e9m que aprecia uma beleza discreta, estas lentes s\u00e3o o complemento ideal para o meu estilo natural.\" - Emma, 29 anos<\/p>\n<p>\"Estas lentes foram perfeitas para as minhas fotografias de noivado - real\u00e7aram os meus olhos com uma dimens\u00e3o bonita sem parecerem artificiais.\" - Michael, 32 anos<\/p>\n<h2>Estilize as suas Lentes de Contacto Castanhas Avel\u00e3<\/h2>\n<p>O seu <strong>Solo Hazel Brown Lentes de Contacto<\/strong> s\u00e3o vers\u00e1teis para melhorar o estilo de in\u00fameros looks! Para uma sofistica\u00e7\u00e3o quotidiana, combine-os com uma maquilhagem m\u00ednima - apenas r\u00edmel e um toque de blush permitem que os tons de avel\u00e3 multidimensionais se tornem a sua carater\u00edstica subtil.<\/p>\n<p>Para uma eleg\u00e2ncia nocturna, estes <strong>Lentes de contacto para olhos castanhos avel\u00e3<\/strong> criam magia quando combinadas com sombras de tons quentes em cobre, bronze ou azeitona que complementam a sua colora\u00e7\u00e3o complexa. A harmonia entre a sua maquilhagem e o castanho avel\u00e3 cria um visual coeso que \u00e9 perfeito para jantares rom\u00e2nticos, reuni\u00f5es de outono ou sempre que quiser uma apar\u00eancia naturalmente real\u00e7ada!<\/p>\n<p>Estas lentes s\u00e3o particularmente impressionantes para fotografia de exterior, moda de outono e est\u00e9tica natural. Imagine como a rica cor avel\u00e3 complementar\u00e1 as roupas em tons de terra ou criar\u00e1 uma bela dimens\u00e3o contra roupas em tons de j\u00f3ias! Os fot\u00f3grafos apreciam o facto de estas <strong>Lentes de Contacto Castanhas Avel\u00e3<\/strong> criam retratos com uma complexidade e profundidade aut\u00eanticas, real\u00e7ando as suas carater\u00edsticas naturais e acrescentando uma dimens\u00e3o fascinante.<\/p>\n<h2>Experimente a Transforma\u00e7\u00e3o Hazel Brown Hoje!<\/h2>\n<p>Porqu\u00ea escolher entre o subtil e o marcante quando os seus olhos podem incorporar ambos com <strong>Lentes de Contacto Castanhas Avel\u00e3<\/strong>? O seu toque confort\u00e1vel, a cor multidimensional e o potencial vers\u00e1til de cria\u00e7\u00e3o de penteados tornam-nas perfeitas para quem procura real\u00e7ar a sua beleza natural com um toque de complexidade avel\u00e3.<\/p>\n<p>Quer esteja a refinar a sua apar\u00eancia quotidiana, a preparar-se para uma fotografia especial ou simplesmente a querer experimentar o aumento de confian\u00e7a de uns olhos castanhos avel\u00e3 melhorados, estes <strong>Lentes de contacto para olhos castanho-avel\u00e3<\/strong> proporcionam o equil\u00edbrio perfeito entre realce e autenticidade. Sinta a diferen\u00e7a quando o seu olhar transmite profundidade e intriga em cada intera\u00e7\u00e3o!<\/p>\n<p>Pronta para experimentar a transforma\u00e7\u00e3o do castanho avel\u00e3? Eleve o seu visual hoje e descubra porque \u00e9 que estas encantadoras <strong>Solo Hazel Brown Lentes de Contacto<\/strong> tornaram-se a escolha essencial para criar impress\u00f5es verdadeiramente cativantes e naturais. Os seus olhos merecem este toque de eleg\u00e2ncia multidimensional!<\/p>","protected":false},"excerpt":{"rendered":"<p>Enchanting Solo Hazel Brown Contact Lenses: Reveal Your Natural Mystique! The Captivating Charm of Hazel Brown Contact Lenses Discover subtle transformation with our Solo Hazel Brown Contact Lenses! These remarkable Hazel Brown Contact Lenses enhance your gaze with a multidimensional blend of warm brown and golden-green undertones that work beautifully with every eye color. The [&#8230;]\n","protected":false},"featured_media":2541,"comment_status":"open","ping_status":"closed","template":"","meta":[],"product_brand":[382],"product_cat":[158,92,80,72,100,101],"product_tag":[],"class_list":{"0":"post-2539","1":"product","2":"type-product","3":"status-publish","4":"has-post-thumbnail","6":"product_brand-bqeye","7":"product_cat-enlarge-contacts","8":"product_cat-14-5-mm","9":"product_cat-brown-contact-lenses","10":"product_cat-contact-lenses-by-color","11":"product_cat-daily-disposable","12":"product_cat-natural-contacts","14":"first","15":"instock","16":"sale","17":"shipping-taxable","18":"purchasable","19":"product-type-variable","20":"has-default-attributes"},"_links":{"self":[{"href":"https:\/\/bqeye.com\/pt\/wp-json\/wp\/v2\/product\/2539","targetHints":{"allow":["GET"]}}],"collection":[{"href":"https:\/\/bqeye.com\/pt\/wp-json\/wp\/v2\/product"}],"about":[{"href":"https:\/\/bqeye.com\/pt\/wp-json\/wp\/v2\/types\/product"}],"replies":[{"embeddable":true,"href":"https:\/\/bqeye.com\/pt\/wp-json\/wp\/v2\/comments?post=2539"}],"wp:featuredmedia":[{"embeddable":true,"href":"https:\/\/bqeye.com\/pt\/wp-json\/wp\/v2\/media\/2541"}],"wp:attachment":[{"href":"https:\/\/bqeye.com\/pt\/wp-json\/wp\/v2\/media?parent=2539"}],"wp:term":[{"taxonomy":"product_brand","embeddable":true,"href":"https:\/\/bqeye.com\/pt\/wp-json\/wp\/v2\/product_brand?post=2539"},{"taxonomy":"product_cat","embeddable":true,"href":"https:\/\/bqeye.com\/pt\/wp-json\/wp\/v2\/product_cat?post=2539"},{"taxonomy":"product_tag","embeddable":true,"href":"https:\/\/bqeye.com\/pt\/wp-json\/wp\/v2\/product_tag?post=2539"}],"curies":[{"name":"wp","href":"https:\/\/api.w.org\/{rel}","templated":true}]}}