{"id":2542,"date":"2025-05-19T21:45:24","date_gmt":"2025-05-19T13:45:24","guid":{"rendered":"https:\/\/bqeye.com\/?post_type=product&#038;p=2542"},"modified":"2025-05-19T21:48:06","modified_gmt":"2025-05-19T13:48:06","slug":"forest-herb-light-brown-contact-lenses","status":"publish","type":"product","link":"https:\/\/bqeye.com\/pt\/forest-herb-light-brown-contact-lenses\/","title":{"rendered":"Lentes de Contacto Castanho Claro Forest Herb (10 PCS)"},"content":{"rendered":"<h1>Lentes de Contacto Encantadoras Forest Herb Castanho Claro: Abrace a eleg\u00e2ncia bot\u00e2nica!<\/h1>\n<h2>O encanto natural das lentes de contacto castanhas claras Herb<\/h2>\n<p>Descubra a beleza bot\u00e2nica com a nossa <strong>Lentes de Contacto Forest Herb Light Brown<\/strong>! Estes extraordin\u00e1rios <strong>Lentes de Contacto Herb Light Brown<\/strong> Transforme o seu olhar com um castanho claro \u00fanico, com subtons verdes herb\u00e1ceos subtis que evocam a tranquilidade da floresta. O castanho-claro herb\u00e1ceo distinto cria um efeito que \u00e9 naturalmente sofisticado e refrescantemente \u00fanico. Ao usar estes <strong>Lentes de contacto para olhos castanho claro Herb<\/strong>Os seus olhos irradiam um calor multidimensional, captando a luz com profundidades herb\u00e1ceas cativantes que atraem as pessoas com o seu encanto terroso e bot\u00e2nico.<\/p>\n<p>A tonalidade especial destas lentes capta a ess\u00eancia da luz do sol atrav\u00e9s das copas das \u00e1rvores e dos solos florestais ricos em ervas. Em olhos mais escuros, criam uma transforma\u00e7\u00e3o subtil mas distinta que acrescenta uma dimens\u00e3o e um car\u00e1cter not\u00e1veis. Para os olhos naturalmente claros, estas <strong>Lentes de Contacto para Olhos Herb Castanho Claro<\/strong> real\u00e7a a sua cor com uma profundidade fascinante que torna o seu olhar mais expressivo e singularmente intrigante! O resultado \u00e9 uma harmonia perfeita - suficientemente distinta para despertar a curiosidade e suficientemente natural para parecer autenticamente sua.<\/p>\n<h2>Aprecia\u00e7\u00e3o do influenciador<\/h2>\n<p><strong>Beleza Bot\u00e2nica<\/strong> (1,4 milh\u00f5es de seguidores): \"Estas lentes Forest Herb Light Brown s\u00e3o o meu segredo para conte\u00fados que se relacionam com a natureza! A dimens\u00e3o da cor \u00e9 de uma beleza \u00fanica e de um aspeto completamente natural!\"<\/p>\n<p><strong>Estilo Terrestre<\/strong> (850 mil seguidores): \"O meu p\u00fablico pergunta constantemente pelos meus olhos quando uso estas lentes de contacto castanhas claras herb\u00e1ceas. Criam um efeito t\u00e3o distinto mas t\u00e3o cred\u00edvel!\"<\/p>\n<p><strong>FlorestaAest\u00e9tica<\/strong> (2,0 milh\u00f5es de seguidores): \"Depois de experimentar in\u00fameras lentes coloridas, estas Herb Light Brown tornaram-se a minha imagem de marca. O conforto e a cor bot\u00e2nica natural s\u00e3o incompar\u00e1veis!\"<\/p>\n<h2>Experi\u00eancias de clientes<\/h2>\n<p>\"Estas lentes castanhas claras herb\u00e1ceas deram aos meus olhos escuros uma bela dimens\u00e3o, com subtis tons verdes que os tornam excecionalmente expressivos!\" - Sophia, 27 anos<\/p>\n<p>\"Estava \u00e0 procura de algo diferente que n\u00e3o parecesse artificial. Estas s\u00e3o perfeitas - o tom castanho-claro da erva \u00e9 t\u00e3o naturalmente distinto!\" - Ethan, 32 anos<\/p>\n<p>\"Como algu\u00e9m que adora um estilo inspirado na floresta, estas lentes s\u00e3o o complemento ideal para a minha est\u00e9tica natural.\" - Ol\u00edvia, 29 anos<\/p>\n<p>\"Estas lentes foram perfeitas para as fotografias do meu casamento na floresta - real\u00e7aram os meus olhos com uma dimens\u00e3o bonita que complementou na perfei\u00e7\u00e3o o nosso cen\u00e1rio florestal.\" - Noah, 31 anos<\/p>\n<h2>D\u00ea estilo \u00e0s suas lentes de contacto castanhas claras Herb<\/h2>\n<p>O seu <strong>Lentes de Contacto Forest Herb Light Brown<\/strong> s\u00e3o um estilo vers\u00e1til para in\u00fameros looks! Para uma apar\u00eancia natural no dia a dia, combine-os com uma maquilhagem m\u00ednima - apenas r\u00edmel e uma tez fresca permitem que o castanho-claro herb\u00e1ceo \u00fanico se torne a sua carater\u00edstica de assinatura.<\/p>\n<p>Para uma sofistica\u00e7\u00e3o nocturna, estes <strong>Lentes de Contacto para Olhos Herb Castanho Claro<\/strong> criam magia quando combinadas com sombras verde salva, bronze ou taupe que complementam os seus tons bot\u00e2nicos. A harmonia entre a sua maquilhagem e o castanho-claro herb\u00e1ceo cria um visual coeso que \u00e9 perfeito para festas no jardim, retiros na floresta ou sempre que pretender uma apar\u00eancia naturalmente distinta!<\/p>\n<p>Estas objectivas s\u00e3o particularmente impressionantes para fotografia ao ar livre, jardins bot\u00e2nicos e moda inspirada na natureza. Imagine como o castanho claro rico em ervas complementar\u00e1 o vestu\u00e1rio em tons de terra e os tecidos naturais! Os fot\u00f3grafos apreciam o facto de estas <strong>Lentes de Contacto Herb Light Brown<\/strong> criam retratos com uma profundidade e dimens\u00e3o fascinantes, real\u00e7ando as suas carater\u00edsticas naturais com um calor bot\u00e2nico que permanece completamente cred\u00edvel.<\/p>\n<h2>Experimente hoje a transforma\u00e7\u00e3o do castanho-claro Herb!<\/h2>\n<p>Porqu\u00ea escolher cores vulgares quando os seus olhos podem incorporar a beleza bot\u00e2nica natural com <strong>Lentes de Contacto Herb Light Brown<\/strong>? O seu toque confort\u00e1vel, a cor distinta mas natural e o potencial de estilo vers\u00e1til tornam-nas perfeitas para quem procura real\u00e7ar a sua beleza inata com um toque de eleg\u00e2ncia inspirada na floresta.<\/p>\n<p>Quer esteja a refrescar a sua apar\u00eancia quotidiana, a preparar-se para fotografar a natureza ou simplesmente a querer experimentar o aumento de confian\u00e7a de uns olhos excecionalmente melhorados, estes <strong>Lentes de contacto para olhos castanho claro Herb<\/strong> oferecem o equil\u00edbrio perfeito entre car\u00e1cter distinto e autenticidade natural. Sinta a diferen\u00e7a quando o seu olhar transmite o calor sereno da beleza da floresta em cada intera\u00e7\u00e3o!<\/p>\n<p>Pronta para experimentar a transforma\u00e7\u00e3o do castanho-claro herb\u00e1ceo? Eleve o seu visual hoje e descubra porque \u00e9 que estes sofisticados <strong>Lentes de Contacto Forest Herb Light Brown<\/strong> tornaram-se a escolha essencial para criar impress\u00f5es verdadeiramente distintas e naturalmente belas. Os seus olhos merecem este toque de eleg\u00e2ncia bot\u00e2nica!<\/p>","protected":false},"excerpt":{"rendered":"<p>Enchanting Forest Herb Light Brown Contact Lenses: Embrace Botanical Elegance! The Natural Allure of Herb Light Brown Contact Lenses Discover botanical beauty with our Forest Herb Light Brown Contact Lenses! These extraordinary Herb Light Brown Contact Lenses transform your gaze with a unique light brown infused with subtle herbal green undertones that evoke woodland tranquility. [&#8230;]\n","protected":false},"featured_media":2544,"comment_status":"open","ping_status":"closed","template":"","meta":[],"product_brand":[382],"product_cat":[188,91,80,72,100,101],"product_tag":[],"class_list":{"0":"post-2542","1":"product","2":"type-product","3":"status-publish","4":"has-post-thumbnail","6":"product_brand-bqeye","7":"product_cat-dream-contacts","8":"product_cat-14-2-mm","9":"product_cat-brown-contact-lenses","10":"product_cat-contact-lenses-by-color","11":"product_cat-daily-disposable","12":"product_cat-natural-contacts","14":"first","15":"instock","16":"sale","17":"shipping-taxable","18":"purchasable","19":"product-type-variable","20":"has-default-attributes"},"_links":{"self":[{"href":"https:\/\/bqeye.com\/pt\/wp-json\/wp\/v2\/product\/2542","targetHints":{"allow":["GET"]}}],"collection":[{"href":"https:\/\/bqeye.com\/pt\/wp-json\/wp\/v2\/product"}],"about":[{"href":"https:\/\/bqeye.com\/pt\/wp-json\/wp\/v2\/types\/product"}],"replies":[{"embeddable":true,"href":"https:\/\/bqeye.com\/pt\/wp-json\/wp\/v2\/comments?post=2542"}],"wp:featuredmedia":[{"embeddable":true,"href":"https:\/\/bqeye.com\/pt\/wp-json\/wp\/v2\/media\/2544"}],"wp:attachment":[{"href":"https:\/\/bqeye.com\/pt\/wp-json\/wp\/v2\/media?parent=2542"}],"wp:term":[{"taxonomy":"product_brand","embeddable":true,"href":"https:\/\/bqeye.com\/pt\/wp-json\/wp\/v2\/product_brand?post=2542"},{"taxonomy":"product_cat","embeddable":true,"href":"https:\/\/bqeye.com\/pt\/wp-json\/wp\/v2\/product_cat?post=2542"},{"taxonomy":"product_tag","embeddable":true,"href":"https:\/\/bqeye.com\/pt\/wp-json\/wp\/v2\/product_tag?post=2542"}],"curies":[{"name":"wp","href":"https:\/\/api.w.org\/{rel}","templated":true}]}}