{"id":2558,"date":"2025-06-15T14:22:21","date_gmt":"2025-06-15T06:22:21","guid":{"rendered":"https:\/\/bqeye.com\/?post_type=product&#038;p=2558"},"modified":"2025-06-15T14:29:11","modified_gmt":"2025-06-15T06:29:11","slug":"aurora-mirror-brown-colored-contacts","status":"publish","type":"product","link":"https:\/\/bqeye.com\/pt\/aurora-mirror-brown-colored-contacts\/","title":{"rendered":"Aurora Mirror Brown Colored Contacts"},"content":{"rendered":"<h1>Aurora Mirror Brown Colored Contacts<\/h1>\n<h2>Olhos castanhos-\u00e2mbar reflectores cativantes para uma transforma\u00e7\u00e3o espantosa!<\/h2>\n<p>Experimente o poder hipnotizante de <strong>Aurora Mirror Brown Colored Contacts<\/strong> Concebido para quem procura um olhar quente e encantador! Estas lentes de qualidade superior apresentam uma tonalidade castanho-\u00e2mbar perfeita com uma tecnologia de reflexo espelhado distinta que cria um efeito dimensional fascinante \u00e0 medida que a luz atravessa os seus olhos. O exclusivo Aurora mirror-brown combina ricos tons de chocolate com uma subtil profundidade de reflexo dourado que capta a aten\u00e7\u00e3o em qualquer ambiente. Ao usar estas <strong>Lentes Aurora Mirror Castanhas<\/strong>O seu visual atinge uma sofistica\u00e7\u00e3o espantosa - o seu olhar torna-se a carater\u00edstica definidora que eleva toda a sua apar\u00eancia!<\/p>\n<p>Estas lentes de qualidade superior proporcionam um not\u00e1vel reflexo castanho-\u00e2mbar que fotografa lindamente em v\u00e1rias condi\u00e7\u00f5es de ilumina\u00e7\u00e3o, criando efeitos dram\u00e1ticos \u00e0 luz do dia, \u00e0 noite e em sess\u00f5es fotogr\u00e1ficas profissionais. Para conseguir aquele olhar perfeito que vira a cabe\u00e7a e mistura calor com um toque de mist\u00e9rio - estas <strong>Aurora Mirror Brown Contacts<\/strong> criam exatamente a apar\u00eancia necess\u00e1ria para impress\u00f5es inesquec\u00edveis!<\/p>\n<h2>Endossos de influenciadores de beleza<\/h2>\n<p><strong>GlamourGaze<\/strong> (1,6 milh\u00f5es de seguidores): \"Estas lentes castanhas espelhadas Aurora s\u00e3o essenciais para os meus looks editoriais! O tom \u00e2mbar refletor cria o calor perfeito para as minhas sess\u00f5es fotogr\u00e1ficas!\"<\/p>\n<p><strong>BeautyTransformer<\/strong> (920 mil seguidores): \"Os meus seguidores perguntam constantemente sobre os meus olhos quando uso estas lentes castanhas espelhadas. O reflexo dimensional cria um efeito t\u00e3o \u00fanico!\"<\/p>\n<p><strong>EyeAesthetic<\/strong> (2,1 milh\u00f5es de seguidores): \"Utilizo exclusivamente estas objectivas para os meus conte\u00fados de alta moda. O conforto durante longas filmagens combinado com uma precis\u00e3o de reflexo perfeita \u00e9 inigual\u00e1vel!\"<\/p>\n<h2>Experi\u00eancias de clientes<\/h2>\n<p>\"Estas lentes castanhas espelhadas transformaram completamente o meu visual! A qualidade do reflexo \u00e9 suficientemente subtil para o uso di\u00e1rio, mas suficientemente dram\u00e1tica para marcar uma posi\u00e7\u00e3o.\" - Alex, 24 anos<\/p>\n<p>\"Usei-os para uma sess\u00e3o fotogr\u00e1fica de um dia inteiro e nem queria acreditar no conforto. O castanho manteve-se vibrante e refletor durante horas de fotografia com diferentes tipos de ilumina\u00e7\u00e3o!\" - Jamie, 27 anos<\/p>\n<p>\"Estas lentes proporcionam exatamente o reflexo castanho quente que eu procurava. A aten\u00e7\u00e3o aos pormenores \u00e9 not\u00e1vel.\" - Taylor, 25 anos<\/p>\n<p>\"As lentes castanhas espelhadas Aurora foram o que fez com que a minha maquilhagem ficasse verdadeiramente excecional - todos notaram especificamente como os meus olhos ficaram cativantes nas fotografias.\" - Morgan, 26 anos<\/p>\n<h2>Maximize o seu visual Aurora Mirror Brown<\/h2>\n<p>Para um impacto de estilo excecional, combine o seu <strong>Lentes Aurora Mirror Castanhas<\/strong> com maquilhagem complementar! Aperfei\u00e7oe a sua tez e realce as suas pestanas para complementar a qualidade reflectora perfeita das suas lentes.<\/p>\n<p>Para um visual deslumbrante e moderno, estas lentes criam magia quando combinadas com vestu\u00e1rio em tons de terra, dourado ou cobre. A harmonia entre a sua est\u00e9tica geral e os olhos castanhos espelhados cria um look sofisticado, ideal para ocasi\u00f5es especiais, sess\u00f5es fotogr\u00e1ficas e para causar impress\u00f5es inesquec\u00edveis!<\/p>\n<p>Os fot\u00f3grafos apreciam a forma como estes <strong>Lentes Aurora Mirror Castanhas<\/strong> crie retratos com uma profundidade incr\u00edvel, real\u00e7ando a sua beleza natural com detalhes oculares de qualidade profissional que captam todas as nuances de luz e sombra na superf\u00edcie reflectora.<\/p>\n<h2>Experimente a transforma\u00e7\u00e3o hoje!<\/h2>\n<p>Porqu\u00ea contentar-se com o normal quando os seus olhos podem alcan\u00e7ar um impacto extraordin\u00e1rio com <strong>Aurora Mirror Brown Colored Contacts<\/strong>? O seu conforto superior, a extraordin\u00e1ria cor reflectora e a qualidade inigual\u00e1vel tornam-nas essenciais para quem exige perfei\u00e7\u00e3o na sua est\u00e9tica.<\/p>\n<p>Pronta para conseguir a derradeira transforma\u00e7\u00e3o do olhar? Eleve o seu visual hoje mesmo e descubra porque \u00e9 que estes produtos premium <strong>Aurora Mirror Brown Colored Contacts<\/strong> tornaram-se a escolha exclusiva para aqueles que procuram causar uma impress\u00e3o inesquec\u00edvel!<\/p>","protected":false},"excerpt":{"rendered":"<p>Aurora Mirror Brown Colored Contacts Captivating Reflective Amber-Brown Eyes for Stunning Transformation! Experience the mesmerizing power of Aurora Mirror Brown Colored Contacts designed for those seeking a warm, enchanting gaze! These premium lenses feature a perfect amber-brown hue with distinctive mirror reflection technology that creates a fascinating dimensional effect as light plays across your eyes. [&#8230;]\n","protected":false},"featured_media":2555,"comment_status":"open","ping_status":"closed","template":"","meta":[],"product_brand":[382],"product_cat":[387,92,80,72,158,98],"product_tag":[],"class_list":{"0":"post-2558","1":"product","2":"type-product","3":"status-publish","4":"has-post-thumbnail","6":"product_brand-bqeye","7":"product_cat-aurora-mirror","8":"product_cat-14-5-mm","9":"product_cat-brown-contact-lenses","10":"product_cat-contact-lenses-by-color","11":"product_cat-enlarge-contacts","12":"product_cat-yearly-disposable","14":"first","15":"instock","16":"sale","17":"shipping-taxable","18":"purchasable","19":"product-type-variable","20":"has-default-attributes"},"_links":{"self":[{"href":"https:\/\/bqeye.com\/pt\/wp-json\/wp\/v2\/product\/2558","targetHints":{"allow":["GET"]}}],"collection":[{"href":"https:\/\/bqeye.com\/pt\/wp-json\/wp\/v2\/product"}],"about":[{"href":"https:\/\/bqeye.com\/pt\/wp-json\/wp\/v2\/types\/product"}],"replies":[{"embeddable":true,"href":"https:\/\/bqeye.com\/pt\/wp-json\/wp\/v2\/comments?post=2558"}],"wp:featuredmedia":[{"embeddable":true,"href":"https:\/\/bqeye.com\/pt\/wp-json\/wp\/v2\/media\/2555"}],"wp:attachment":[{"href":"https:\/\/bqeye.com\/pt\/wp-json\/wp\/v2\/media?parent=2558"}],"wp:term":[{"taxonomy":"product_brand","embeddable":true,"href":"https:\/\/bqeye.com\/pt\/wp-json\/wp\/v2\/product_brand?post=2558"},{"taxonomy":"product_cat","embeddable":true,"href":"https:\/\/bqeye.com\/pt\/wp-json\/wp\/v2\/product_cat?post=2558"},{"taxonomy":"product_tag","embeddable":true,"href":"https:\/\/bqeye.com\/pt\/wp-json\/wp\/v2\/product_tag?post=2558"}],"curies":[{"name":"wp","href":"https:\/\/api.w.org\/{rel}","templated":true}]}}