{"id":549,"date":"2023-09-09T11:06:18","date_gmt":"2023-09-09T11:06:18","guid":{"rendered":"https:\/\/bqeye.com\/?post_type=product&#038;p=549"},"modified":"2024-04-18T02:23:19","modified_gmt":"2024-04-18T02:23:19","slug":"bqeye-himalaya-blue-colored-contact-lenses","status":"publish","type":"product","link":"https:\/\/bqeye.com\/pt\/bqeye-himalaya-blue-colored-contact-lenses\/","title":{"rendered":"Lentes de contato coloridas azuis BQeye Himalaya"},"content":{"rendered":"<div>Encontre a sua calma interior com as Lentes de Contacto Coloridas BQeye Himalaya Blue.<\/div>\n<div><\/div>\n<div>Inspiradas nas tonalidades vivas e suaves do c\u00e9u dos Himalaias, as nossas lentes de contacto Himalaya Blue abrem os seus olhos para um mundo de tranquilidade. Uma luxuosa tonalidade azul-acinzentada real\u00e7a o azul das suas \u00edris para um efeito et\u00e9reo, semelhante ao de um spa.<\/div>\n<div><\/div>\n<div>Fabricadas a partir de um material de silicone-hidrogel hipoalerg\u00e9nico, as lentes BQeye s\u00e3o excecionalmente bem toleradas. O material macio e flex\u00edvel move-se com os seus olhos, fazendo com que se esque\u00e7a que est\u00e1 a usar lentes de contacto. Uma f\u00f3rmula avan\u00e7ada de equil\u00edbrio da humidade mant\u00e9m os seus olhos frescos durante todo o dia.<\/div>\n<div><\/div>\n<div>Quer anseie por um o\u00e1sis de calma ou deseje transportar-se para os picos dos Himalaias, Himalaya Blue d\u00e1 um toque subtil de serenidade onde quer que o seu dia o leve.<\/div>\n<div><\/div>\n<div>Exclusivamente dispon\u00edvel no pacote Sapphire Circle da BQeye, o Himalaya Blue cria uma aur\u00e9ola de azul curativo \u00e0 volta da sua \u00edris. Adornadas com b\u00ean\u00e7\u00e3os s\u00e2nscritas para a paz, estas lentes v\u00e3o certamente elevar o seu esp\u00edrito.<\/div>\n<div><\/div>\n<div>Satisfa\u00e7a a necessidade de tranquilidade da sua alma com as lentes de contacto BQeye Himalaya Blue. Sinta a tens\u00e3o dissolver-se \u00e0 medida que as sombras dos altos Himalaias acalmam a sua mente, corpo e esp\u00edrito de dentro para fora.<\/div>","protected":false},"excerpt":{"rendered":"<p>Find your inner calm with BQeye Himalaya Blue Colored Contact Lenses. Inspired by the vivid yet soothing shades of the Himalayan sky, our Himalaya Blue contact lenses open your eyes to a world of tranquility. A luxuriouslite blue-gray tint brings out the azure in your irises for an ethereal, spa-like effect. Made from hypoallergenic silicone-hydrogelmaterial, [&#8230;]\n","protected":false},"featured_media":554,"comment_status":"open","ping_status":"closed","template":"","meta":[],"product_brand":[],"product_cat":[102,91,75,96,98],"product_tag":[],"class_list":{"0":"post-549","1":"product","2":"type-product","3":"status-publish","4":"has-post-thumbnail","6":"product_cat-himalaya","7":"product_cat-14-2-mm","8":"product_cat-blue-contact-lenses","9":"product_cat-non-prescription","10":"product_cat-yearly-disposable","12":"first","13":"instock","14":"sale","15":"shipping-taxable","16":"purchasable","17":"product-type-variable","18":"has-default-attributes"},"_links":{"self":[{"href":"https:\/\/bqeye.com\/pt\/wp-json\/wp\/v2\/product\/549","targetHints":{"allow":["GET"]}}],"collection":[{"href":"https:\/\/bqeye.com\/pt\/wp-json\/wp\/v2\/product"}],"about":[{"href":"https:\/\/bqeye.com\/pt\/wp-json\/wp\/v2\/types\/product"}],"replies":[{"embeddable":true,"href":"https:\/\/bqeye.com\/pt\/wp-json\/wp\/v2\/comments?post=549"}],"wp:featuredmedia":[{"embeddable":true,"href":"https:\/\/bqeye.com\/pt\/wp-json\/wp\/v2\/media\/554"}],"wp:attachment":[{"href":"https:\/\/bqeye.com\/pt\/wp-json\/wp\/v2\/media?parent=549"}],"wp:term":[{"taxonomy":"product_brand","embeddable":true,"href":"https:\/\/bqeye.com\/pt\/wp-json\/wp\/v2\/product_brand?post=549"},{"taxonomy":"product_cat","embeddable":true,"href":"https:\/\/bqeye.com\/pt\/wp-json\/wp\/v2\/product_cat?post=549"},{"taxonomy":"product_tag","embeddable":true,"href":"https:\/\/bqeye.com\/pt\/wp-json\/wp\/v2\/product_tag?post=549"}],"curies":[{"name":"wp","href":"https:\/\/api.w.org\/{rel}","templated":true}]}}