{"id":591,"date":"2023-09-10T03:39:28","date_gmt":"2023-09-10T03:39:28","guid":{"rendered":"https:\/\/bqeye.com\/?post_type=product&#038;p=591"},"modified":"2024-04-18T02:23:16","modified_gmt":"2024-04-18T02:23:16","slug":"bqeye-himalaya-green-colored-contact-lenses","status":"publish","type":"product","link":"https:\/\/bqeye.com\/pt\/bqeye-himalaya-green-colored-contact-lenses\/","title":{"rendered":"BQeye Himalaya Green Colored Lentes de Contacto"},"content":{"rendered":"<p>Como maquilhadora, o meu objetivo \u00e9 ajudar as mulheres a expressarem-se atrav\u00e9s da beleza. Procuro sempre selecionar os produtos mais recentes que refor\u00e7am a auto-confian\u00e7a de dentro para fora. \u00c9 por isso que estou entusiasmada por apresentar as Lentes de Contacto Coloridas BQeye Himalaya Green aos meus clientes.<\/p>\n<p>Estas lentes inovadoras foram concebidas n\u00e3o s\u00f3 para transformar a cor dos olhos, mas tamb\u00e9m para melhorar o estado de esp\u00edrito. Extra\u00edda das paisagens restauradoras dos Himalaias, esta tonalidade verde vibrante ilumina os olhos cansados com uma onda de cromoterapia. Quer se opte por real\u00e7ar a \u00edris natural de uma pessoa ou por uma tonalidade mais arrojada, a Himalaya Green proporciona um brilho refrescante de manh\u00e3 \u00e0 noite.<\/p>\n<p>Fabricadas com gel de silicone hidratante e refor\u00e7os aqu\u00e1ticos ricos em antioxidantes, as lentes hidratam os olhos cansados sem irrita\u00e7\u00e3o. Mesmo os clientes com sensibilidades elogiaram o seu conforto calmante durante todo o dia. Entretanto, a sua f\u00f3rmula hipoalerg\u00e9nica evita a vermelhid\u00e3o inest\u00e9tica que pode diminuir a confian\u00e7a.<\/p>\n<p>Durante os ensaios, o feedback foi extremamente positivo. V\u00e1rias mulheres comentaram que sentiram energias motivadoras e uma serenidade zen pelo simples facto de usarem estas lentes. Uma mudan\u00e7a subtil na cor dos olhos criou efeitos de bem-estar palp\u00e1veis.<\/p>\n<p>Como artista, nada me d\u00e1 mais satisfa\u00e7\u00e3o do que ver como a maquilhagem transforma tanto a apar\u00eancia como a atitude. A BQeye Himalaya Green prova que a beleza vem verdadeiramente do interior, estilizando os olhos e elevando o esp\u00edrito. Tenho orgulho em oferecer aos meus clientes esta lente inovadora que fortalece o interior e o exterior.<\/p>","protected":false},"excerpt":{"rendered":"<p>As a makeup artist, my goal is to help women express themselves through beauty. I&#8217;m always looking to curate the latest products that empower self-confidence from the inside out. That&#8217;s why I&#8217;m excited to introduce BQeye Himalaya Green Colored Contact Lenses to my clients. These innovative lenses were designed not only to transform eye color, [&#8230;]\n","protected":false},"featured_media":597,"comment_status":"open","ping_status":"closed","template":"","meta":[],"product_brand":[],"product_cat":[102,91,77,96,98],"product_tag":[],"class_list":{"0":"post-591","1":"product","2":"type-product","3":"status-publish","4":"has-post-thumbnail","6":"product_cat-himalaya","7":"product_cat-14-2-mm","8":"product_cat-green-contact-lenses","9":"product_cat-non-prescription","10":"product_cat-yearly-disposable","12":"first","13":"instock","14":"sale","15":"shipping-taxable","16":"purchasable","17":"product-type-variable","18":"has-default-attributes"},"_links":{"self":[{"href":"https:\/\/bqeye.com\/pt\/wp-json\/wp\/v2\/product\/591","targetHints":{"allow":["GET"]}}],"collection":[{"href":"https:\/\/bqeye.com\/pt\/wp-json\/wp\/v2\/product"}],"about":[{"href":"https:\/\/bqeye.com\/pt\/wp-json\/wp\/v2\/types\/product"}],"replies":[{"embeddable":true,"href":"https:\/\/bqeye.com\/pt\/wp-json\/wp\/v2\/comments?post=591"}],"wp:featuredmedia":[{"embeddable":true,"href":"https:\/\/bqeye.com\/pt\/wp-json\/wp\/v2\/media\/597"}],"wp:attachment":[{"href":"https:\/\/bqeye.com\/pt\/wp-json\/wp\/v2\/media?parent=591"}],"wp:term":[{"taxonomy":"product_brand","embeddable":true,"href":"https:\/\/bqeye.com\/pt\/wp-json\/wp\/v2\/product_brand?post=591"},{"taxonomy":"product_cat","embeddable":true,"href":"https:\/\/bqeye.com\/pt\/wp-json\/wp\/v2\/product_cat?post=591"},{"taxonomy":"product_tag","embeddable":true,"href":"https:\/\/bqeye.com\/pt\/wp-json\/wp\/v2\/product_tag?post=591"}],"curies":[{"name":"wp","href":"https:\/\/api.w.org\/{rel}","templated":true}]}}