{"id":636,"date":"2023-09-10T09:04:32","date_gmt":"2023-09-10T09:04:32","guid":{"rendered":"https:\/\/bqeye.com\/?post_type=product&#038;p=636"},"modified":"2024-04-18T02:23:13","modified_gmt":"2024-04-18T02:23:13","slug":"bqeye-himalaya-brown-colored-contact-lenses","status":"publish","type":"product","link":"https:\/\/bqeye.com\/pt\/bqeye-himalaya-brown-colored-contact-lenses\/","title":{"rendered":"BQeye Himalaya Brown Colored Lentes de Contacto"},"content":{"rendered":"<div>Como profissional de maquilhagem, o meu objetivo \u00e9 ajudar as mulheres n\u00e3o s\u00f3 a real\u00e7ar a sua beleza natural, mas tamb\u00e9m a sentirem-se confiantes de dentro para fora. \u00c9 por isso que estou t\u00e3o entusiasmada com o mais recente produto da BQeye - as Lentes de Contacto de Cor Castanha dos Himalaias.<\/div>\n<div><\/div>\n<div>Esta rica tonalidade chocolate foi criada para canalizar as energias restauradoras das majestosas cordilheiras dos Himalaias. Quer se opte por real\u00e7ar os tons quentes da \u00edris ou por uma transforma\u00e7\u00e3o apelativa, o Castanho Himalaia envolve os olhos numa aura calmante e de spa.<\/div>\n<div><\/div>\n<div>Durante os testes, fiquei impressionada com a forma como levantou e definiu os olhos de todas as formas e feitios de rosto. Ao mesmo tempo, as suas propriedades hipoalerg\u00e9nicas evitam o aparecimento de manchas que, de outra forma, poderiam prejudicar o humor.<\/div>\n<div><\/div>\n<div>Muitas mulheres notaram que sentiam uma calma centrada simplesmente por usarem esta lente. A cromoterapia subtil que proporciona criou um impacto real no bem-estar, aumentando a confian\u00e7a a partir do interior.<\/div>\n<div><\/div>\n<div>Como artista, ver como uma coisa t\u00e3o simples como a cor dos olhos alterava o comportamento foi inspirador. A BQeye Himalaya Brown prova que a beleza pode tanto estilizar a apar\u00eancia como levantar o \u00e2nimo. Estou entusiasmada por oferecer esta lente inovadora que d\u00e1 \u00e0s mulheres a possibilidade de se sentirem e parecerem no seu melhor.<\/div>","protected":false},"excerpt":{"rendered":"<p>As a makeup professional, my goal is to help women not only enhance their natural beauty, but feel confident from the inside out. That&#8217;s why I&#8217;m so excited about BQeye&#8217;s latest product &#8211; the Himalaya Brown Colored Contact Lenses. This rich chocolate hue was crafted to channel the restorative energies of the majestic Himalayan ranges. [&#8230;]\n","protected":false},"featured_media":642,"comment_status":"open","ping_status":"closed","template":"","meta":[],"product_brand":[],"product_cat":[102,91,80,96,98],"product_tag":[],"class_list":{"0":"post-636","1":"product","2":"type-product","3":"status-publish","4":"has-post-thumbnail","6":"product_cat-himalaya","7":"product_cat-14-2-mm","8":"product_cat-brown-contact-lenses","9":"product_cat-non-prescription","10":"product_cat-yearly-disposable","12":"first","13":"instock","14":"sale","15":"shipping-taxable","16":"purchasable","17":"product-type-variable","18":"has-default-attributes"},"_links":{"self":[{"href":"https:\/\/bqeye.com\/pt\/wp-json\/wp\/v2\/product\/636","targetHints":{"allow":["GET"]}}],"collection":[{"href":"https:\/\/bqeye.com\/pt\/wp-json\/wp\/v2\/product"}],"about":[{"href":"https:\/\/bqeye.com\/pt\/wp-json\/wp\/v2\/types\/product"}],"replies":[{"embeddable":true,"href":"https:\/\/bqeye.com\/pt\/wp-json\/wp\/v2\/comments?post=636"}],"wp:featuredmedia":[{"embeddable":true,"href":"https:\/\/bqeye.com\/pt\/wp-json\/wp\/v2\/media\/642"}],"wp:attachment":[{"href":"https:\/\/bqeye.com\/pt\/wp-json\/wp\/v2\/media?parent=636"}],"wp:term":[{"taxonomy":"product_brand","embeddable":true,"href":"https:\/\/bqeye.com\/pt\/wp-json\/wp\/v2\/product_brand?post=636"},{"taxonomy":"product_cat","embeddable":true,"href":"https:\/\/bqeye.com\/pt\/wp-json\/wp\/v2\/product_cat?post=636"},{"taxonomy":"product_tag","embeddable":true,"href":"https:\/\/bqeye.com\/pt\/wp-json\/wp\/v2\/product_tag?post=636"}],"curies":[{"name":"wp","href":"https:\/\/api.w.org\/{rel}","templated":true}]}}