{"id":644,"date":"2023-09-10T09:45:11","date_gmt":"2023-09-10T09:45:11","guid":{"rendered":"https:\/\/bqeye.com\/?post_type=product&#038;p=644"},"modified":"2024-04-18T02:23:09","modified_gmt":"2024-04-18T02:23:09","slug":"bqeye-himalaya-grey-colored-contact-lenses","status":"publish","type":"product","link":"https:\/\/bqeye.com\/pt\/bqeye-himalaya-grey-colored-contact-lenses\/","title":{"rendered":"BQeye Himalaya Grey Colored Lentes de Contacto"},"content":{"rendered":"<p>Abrace a beleza minimalista com as Lentes de Contacto Coloridas BQeye Himalaya Grey. Inspirada nas cores subtis mas marcantes dos c\u00e9us dos Himalaias, esta suave tonalidade cinzenta confere um ar de requinte ao olhar.<\/p>\n<p>Quer se trate de real\u00e7ar os tons frios da sua \u00edris natural ou de optar por uma mudan\u00e7a mais dram\u00e1tica, Himalaya Grey confere aos olhos uma aura elegante e zen. O material de silicone hidrogel superconfort\u00e1vel move-se na tangente dos seus olhos, fazendo com que se esque\u00e7a que est\u00e1 a usar lentes.<\/p>\n<p>Hipoalerg\u00e9nico e infundido com elementos essenciais que ret\u00eam a humidade, Himalaya Grey Contacts cuida at\u00e9 dos olhos mais sens\u00edveis. Os utilizadores desfrutam de uma vis\u00e3o fresca e revitalizada sem vermelhid\u00e3o ou desconforto ao longo do dia.<\/p>\n<p>Durante os testes, os clientes elogiaram o facto de a lente proporcionar uma sensa\u00e7\u00e3o de paz calmante ao seu olhar e \u00e0 sua perspetiva geral. Ao mesmo tempo, o cinzento sublime da lente coloca o foco nos olhos de uma forma marcante e serena.<\/p>\n<p>Decore os seus olhos com uma eleg\u00e2ncia discreta atrav\u00e9s da BQeye Himalaya Grey. Subtil mas poderosa, esta lente permite que a tranquilidade interior brilhe atrav\u00e9s da simples mudan\u00e7a de cor dos olhos.<\/p>","protected":false},"excerpt":{"rendered":"<p>Embrace minimalist beauty with the BQeye Himalaya Grey Colored Contact Lenses. Drawing inspiration from the subtle yet striking colors of the Himalayan skies, this soft grey hue adds an air of refinement to one&#8217;s gaze. Whether playing up cool undertones in your natural iris or opting for a more dramatic shift, Himalaya Grey lends an [&#8230;]\n","protected":false},"featured_media":652,"comment_status":"open","ping_status":"closed","template":"","meta":[],"product_brand":[],"product_cat":[102,91,81,96,98],"product_tag":[],"class_list":{"0":"post-644","1":"product","2":"type-product","3":"status-publish","4":"has-post-thumbnail","6":"product_cat-himalaya","7":"product_cat-14-2-mm","8":"product_cat-grey-contact-lenses","9":"product_cat-non-prescription","10":"product_cat-yearly-disposable","12":"first","13":"instock","14":"sale","15":"shipping-taxable","16":"purchasable","17":"product-type-variable","18":"has-default-attributes"},"_links":{"self":[{"href":"https:\/\/bqeye.com\/pt\/wp-json\/wp\/v2\/product\/644","targetHints":{"allow":["GET"]}}],"collection":[{"href":"https:\/\/bqeye.com\/pt\/wp-json\/wp\/v2\/product"}],"about":[{"href":"https:\/\/bqeye.com\/pt\/wp-json\/wp\/v2\/types\/product"}],"replies":[{"embeddable":true,"href":"https:\/\/bqeye.com\/pt\/wp-json\/wp\/v2\/comments?post=644"}],"wp:featuredmedia":[{"embeddable":true,"href":"https:\/\/bqeye.com\/pt\/wp-json\/wp\/v2\/media\/652"}],"wp:attachment":[{"href":"https:\/\/bqeye.com\/pt\/wp-json\/wp\/v2\/media?parent=644"}],"wp:term":[{"taxonomy":"product_brand","embeddable":true,"href":"https:\/\/bqeye.com\/pt\/wp-json\/wp\/v2\/product_brand?post=644"},{"taxonomy":"product_cat","embeddable":true,"href":"https:\/\/bqeye.com\/pt\/wp-json\/wp\/v2\/product_cat?post=644"},{"taxonomy":"product_tag","embeddable":true,"href":"https:\/\/bqeye.com\/pt\/wp-json\/wp\/v2\/product_tag?post=644"}],"curies":[{"name":"wp","href":"https:\/\/api.w.org\/{rel}","templated":true}]}}