{"id":719,"date":"2023-09-11T08:13:12","date_gmt":"2023-09-11T08:13:12","guid":{"rendered":"https:\/\/bqeye.com\/?post_type=product&#038;p=719"},"modified":"2024-04-18T02:23:02","modified_gmt":"2024-04-18T02:23:02","slug":"bqeye-polar-lights-yellow-green-colored-contact-lenses","status":"publish","type":"product","link":"https:\/\/bqeye.com\/pt\/bqeye-polar-lights-yellow-green-colored-contact-lenses\/","title":{"rendered":"BQeye Polar Lights Lentes de Contacto Coloridas Amarelo Verde"},"content":{"rendered":"<p>Canalize os tons cativantes da Aurora Boreal com as lentes de contacto coloridas Polar Lights Yellow Green da BQeye.<\/p>\n<p>Inspirada na radiante Aurora Boreal, esta viva tonalidade verde-amarela imita as cores vivas e dan\u00e7antes que iluminam os c\u00e9us do \u00c1rtico. Quer se trate de uma tonalidade mais quente ou de uma transforma\u00e7\u00e3o apelativa, as lentes de contacto coloridas Polar Lights Yellow Green mergulham os olhos num brilho luminoso.<\/p>\n<p>Criadas a partir do nosso material especializado Hydralens, estas lentes de contacto proporcionam uma ilus\u00e3o de vibra\u00e7\u00e3o durante todo o dia que \u00e9 t\u00e3o impressionante como confort\u00e1vel. A f\u00f3rmula inovadora tamb\u00e9m protege os olhos da secura ou irrita\u00e7\u00e3o, para que os utilizadores se possam concentrar no seu novo olhar hipnotizante.<\/p>\n<p>Durante os testes, os elogios sobre a \"beleza de outro mundo\" que os olhos cativantes agora tinham foram abundantes. Os utilizadores falaram de se sentirem misteriosamente encantadores - t\u00e3o animados como as pr\u00f3prias Luzes do Norte.<\/p>\n<p>Deixe que as lentes de contacto BQeye Polar Lights Yellow Green Colored a transportem para novas e vivas dimens\u00f5es de cor todos os dias. Adicione um toque de fasc\u00ednio m\u00e1gico a cada look com lentes t\u00e3o deslumbrantes e inesquec\u00edveis como o maior espet\u00e1culo da Natureza.<\/p>","protected":false},"excerpt":{"rendered":"<p>Channel the captivating hues of the Northern Lights with BQeye&#8217;s Polar Lights Yellow Green colored contact lenses. Drawing from the radiant Aurora Borealis displays, this lively yellow-green shade mimics the vivid dancing colors that illuminate Arctic skies. Whether playing up warmer undertones or opting for an eye-catching transformation, Polar Lights Yellow Green colored contact lenses [&#8230;]\n","protected":false},"featured_media":726,"comment_status":"open","ping_status":"closed","template":"","meta":[],"product_brand":[],"product_cat":[106,91,77,96,98],"product_tag":[],"class_list":{"0":"post-719","1":"product","2":"type-product","3":"status-publish","4":"has-post-thumbnail","6":"product_cat-polar-lights","7":"product_cat-14-2-mm","8":"product_cat-green-contact-lenses","9":"product_cat-non-prescription","10":"product_cat-yearly-disposable","12":"first","13":"instock","14":"sale","15":"shipping-taxable","16":"purchasable","17":"product-type-variable","18":"has-default-attributes"},"_links":{"self":[{"href":"https:\/\/bqeye.com\/pt\/wp-json\/wp\/v2\/product\/719","targetHints":{"allow":["GET"]}}],"collection":[{"href":"https:\/\/bqeye.com\/pt\/wp-json\/wp\/v2\/product"}],"about":[{"href":"https:\/\/bqeye.com\/pt\/wp-json\/wp\/v2\/types\/product"}],"replies":[{"embeddable":true,"href":"https:\/\/bqeye.com\/pt\/wp-json\/wp\/v2\/comments?post=719"}],"wp:featuredmedia":[{"embeddable":true,"href":"https:\/\/bqeye.com\/pt\/wp-json\/wp\/v2\/media\/726"}],"wp:attachment":[{"href":"https:\/\/bqeye.com\/pt\/wp-json\/wp\/v2\/media?parent=719"}],"wp:term":[{"taxonomy":"product_brand","embeddable":true,"href":"https:\/\/bqeye.com\/pt\/wp-json\/wp\/v2\/product_brand?post=719"},{"taxonomy":"product_cat","embeddable":true,"href":"https:\/\/bqeye.com\/pt\/wp-json\/wp\/v2\/product_cat?post=719"},{"taxonomy":"product_tag","embeddable":true,"href":"https:\/\/bqeye.com\/pt\/wp-json\/wp\/v2\/product_tag?post=719"}],"curies":[{"name":"wp","href":"https:\/\/api.w.org\/{rel}","templated":true}]}}