{"id":777,"date":"2023-09-11T14:05:27","date_gmt":"2023-09-11T14:05:27","guid":{"rendered":"https:\/\/bqeye.com\/?post_type=product&#038;p=777"},"modified":"2024-04-18T02:22:45","modified_gmt":"2024-04-18T02:22:45","slug":"bqeye-cocktail-blue-margarita-colored-contact-lenses","status":"publish","type":"product","link":"https:\/\/bqeye.com\/pt\/bqeye-cocktail-blue-margarita-colored-contact-lenses\/","title":{"rendered":"BQeye Cocktail Blue Margarita Lentes de Contacto Coloridas"},"content":{"rendered":"<div>D\u00ea vida ao seu estilo com um toque de cor Cocktail Blue Margarita da BQeye.<\/div>\n<div><\/div>\n<div>Inspiradas nos azuis gelados do cl\u00e1ssico cocktail de tequila, estas lentes de contacto coloridas conferem aos olhos uma tonalidade n\u00edtida e refrescante. Quer complementem os tons naturais ou optem por uma transforma\u00e7\u00e3o deslumbrante, Cocktail Blue Margarita envolve os olhos num olhar que grita \" \u00a1Viva la fiesta!\"<\/div>\n<div><\/div>\n<div>Fabricadas a partir de um material HEMA leve, as lentes mant\u00eam uma ilus\u00e3o de cores vibrantes, dando prioridade \u00e0 respirabilidade e ao conforto durante todo o dia. A sua f\u00f3rmula avan\u00e7ada tamb\u00e9m protege os olhos delicados dos irritantes ambientais, para que os utilizadores possam festejar com abandono durante toda a noite.<\/div>\n<div><\/div>\n<div>Durante os testes do produto, os elogios real\u00e7aram o \"fasc\u00ednio picante e ao mesmo tempo refrescante\" que os olhos agora tinham. Os utilizadores referiram sentir-se maravilhosamente animados - t\u00e3o animados e com apetite como a pr\u00f3pria bebida de assinatura.<\/div>\n<div><\/div>\n<div>Deixe que as lentes de contacto coloridas BQeye Cocktail Blue Margarita a transportem para um lugar de divers\u00e3o de ver\u00e3o todos os dias. D\u00ea um toque de cocktail a cada look com lentes t\u00e3o vibrantes e efervescentes como o licor e as limas. \u00a1Salud!<\/div>","protected":false},"excerpt":{"rendered":"<p>Spark your style with a splash of Cocktail Blue Margarita color from BQeye. Inspired by the icy blues of the classic tequila cocktail, these colored contact lenses infuse eyes with a crisp and refreshing hue. Whether complementing natural tones or opting for a dazzling transformation, Cocktail Blue Margarita wraps the eyes in a look that [&#8230;]\n","protected":false},"featured_media":782,"comment_status":"open","ping_status":"closed","template":"","meta":[],"product_brand":[],"product_cat":[137,91,75,96,98],"product_tag":[],"class_list":{"0":"post-777","1":"product","2":"type-product","3":"status-publish","4":"has-post-thumbnail","6":"product_cat-cocktail","7":"product_cat-14-2-mm","8":"product_cat-blue-contact-lenses","9":"product_cat-non-prescription","10":"product_cat-yearly-disposable","12":"first","13":"instock","14":"sale","15":"shipping-taxable","16":"purchasable","17":"product-type-variable","18":"has-default-attributes"},"_links":{"self":[{"href":"https:\/\/bqeye.com\/pt\/wp-json\/wp\/v2\/product\/777","targetHints":{"allow":["GET"]}}],"collection":[{"href":"https:\/\/bqeye.com\/pt\/wp-json\/wp\/v2\/product"}],"about":[{"href":"https:\/\/bqeye.com\/pt\/wp-json\/wp\/v2\/types\/product"}],"replies":[{"embeddable":true,"href":"https:\/\/bqeye.com\/pt\/wp-json\/wp\/v2\/comments?post=777"}],"wp:featuredmedia":[{"embeddable":true,"href":"https:\/\/bqeye.com\/pt\/wp-json\/wp\/v2\/media\/782"}],"wp:attachment":[{"href":"https:\/\/bqeye.com\/pt\/wp-json\/wp\/v2\/media?parent=777"}],"wp:term":[{"taxonomy":"product_brand","embeddable":true,"href":"https:\/\/bqeye.com\/pt\/wp-json\/wp\/v2\/product_brand?post=777"},{"taxonomy":"product_cat","embeddable":true,"href":"https:\/\/bqeye.com\/pt\/wp-json\/wp\/v2\/product_cat?post=777"},{"taxonomy":"product_tag","embeddable":true,"href":"https:\/\/bqeye.com\/pt\/wp-json\/wp\/v2\/product_tag?post=777"}],"curies":[{"name":"wp","href":"https:\/\/api.w.org\/{rel}","templated":true}]}}