{"id":785,"date":"2023-09-11T14:22:37","date_gmt":"2023-09-11T14:22:37","guid":{"rendered":"https:\/\/bqeye.com\/?post_type=product&#038;p=785"},"modified":"2024-04-18T02:22:42","modified_gmt":"2024-04-18T02:22:42","slug":"bqeye-cocktail-chocolate-martini-colored-contact-lenses","status":"publish","type":"product","link":"https:\/\/bqeye.com\/pt\/bqeye-cocktail-chocolate-martini-colored-contact-lenses\/","title":{"rendered":"BQeye Cocktail Chocolate Martini Lentes de Contacto Coloridas"},"content":{"rendered":"<p>Delicie os seus olhos com a riqueza do chocolate com as lentes de contacto coloridas Cocktail Chocolate Martini da BQeye.<\/p>\n<p>Inspiradas nos tons suaves e escuros do cocktail favorito de todos, estas lentes envolvem os olhos num look t\u00e3o decadente quanto ousado. Quer acentue os tons castanhos naturais ou opte por uma transforma\u00e7\u00e3o completa, Cocktail Chocolate Martini confere aos olhos um olhar intensamente luxuoso.<\/p>\n<p>Fabricadas a partir de hidrogel que ret\u00e9m a humidade, as lentes proporcionam hidrata\u00e7\u00e3o e conforto, juntamente com uma mudan\u00e7a de cor fascinante. A sua f\u00f3rmula avan\u00e7ada tamb\u00e9m protege os olhos do stress ambiental, para que os utilizadores possam mergulhar numa rica indulg\u00eancia durante todo o dia.<\/p>\n<p>Durante os testes com os consumidores, os elogios flu\u00edram sobre o fasc\u00ednio \"pecaminosamente sumptuoso\" que agora se sente nos olhos. Os utilizadores referiram sentir-se luxuosamente cativantes - t\u00e3o decadentes e irresist\u00edveis como o pr\u00f3prio cocktail cl\u00e1ssico.<\/p>\n<p>Delicie-se com o seu gosto por doces e com o seu estilo com as lentes de contacto coloridas BQeye Cocktail Chocolate Martini. D\u00ea um toque ex\u00f3tico e delicioso aos seus looks com lentes de contacto t\u00e3o ricas e tentadoras como a del\u00edcia de chocolate que lhe d\u00e1 nome. Delicioso!<\/p>","protected":false},"excerpt":{"rendered":"<p>Indulge your eyes in the richness of chocolate with BQeye&#8217;s Cocktail Chocolate Martini colored contact lenses. Taking inspiration from the smooth, dark tones of everyone&#8217;s favorite cocktail confection, these lenses wrap eyes in a look that is as decadent as it is daring. Whether accentuating natural brown hues or opting for a full transformation, Cocktail [&#8230;]\n","protected":false},"featured_media":793,"comment_status":"open","ping_status":"closed","template":"","meta":[],"product_brand":[],"product_cat":[137,91,80,96,98],"product_tag":[],"class_list":{"0":"post-785","1":"product","2":"type-product","3":"status-publish","4":"has-post-thumbnail","6":"product_cat-cocktail","7":"product_cat-14-2-mm","8":"product_cat-brown-contact-lenses","9":"product_cat-non-prescription","10":"product_cat-yearly-disposable","12":"first","13":"instock","14":"sale","15":"shipping-taxable","16":"purchasable","17":"product-type-variable","18":"has-default-attributes"},"_links":{"self":[{"href":"https:\/\/bqeye.com\/pt\/wp-json\/wp\/v2\/product\/785","targetHints":{"allow":["GET"]}}],"collection":[{"href":"https:\/\/bqeye.com\/pt\/wp-json\/wp\/v2\/product"}],"about":[{"href":"https:\/\/bqeye.com\/pt\/wp-json\/wp\/v2\/types\/product"}],"replies":[{"embeddable":true,"href":"https:\/\/bqeye.com\/pt\/wp-json\/wp\/v2\/comments?post=785"}],"wp:featuredmedia":[{"embeddable":true,"href":"https:\/\/bqeye.com\/pt\/wp-json\/wp\/v2\/media\/793"}],"wp:attachment":[{"href":"https:\/\/bqeye.com\/pt\/wp-json\/wp\/v2\/media?parent=785"}],"wp:term":[{"taxonomy":"product_brand","embeddable":true,"href":"https:\/\/bqeye.com\/pt\/wp-json\/wp\/v2\/product_brand?post=785"},{"taxonomy":"product_cat","embeddable":true,"href":"https:\/\/bqeye.com\/pt\/wp-json\/wp\/v2\/product_cat?post=785"},{"taxonomy":"product_tag","embeddable":true,"href":"https:\/\/bqeye.com\/pt\/wp-json\/wp\/v2\/product_tag?post=785"}],"curies":[{"name":"wp","href":"https:\/\/api.w.org\/{rel}","templated":true}]}}