{"id":803,"date":"2023-09-11T14:57:59","date_gmt":"2023-09-11T14:57:59","guid":{"rendered":"https:\/\/bqeye.com\/?post_type=product&#038;p=803"},"modified":"2024-04-18T02:22:36","modified_gmt":"2024-04-18T02:22:36","slug":"bqeye-dna-taylor-purple-colored-contact-lenses","status":"publish","type":"product","link":"https:\/\/bqeye.com\/pt\/bqeye-dna-taylor-purple-colored-contact-lenses\/","title":{"rendered":"BQeye DNA Taylor Purple Lentes de Contacto Coloridas"},"content":{"rendered":"<div>Canalize os tons reais com as lentes de contacto coloridas DNA Taylor Purple da BQeye.<\/div>\n<div><\/div>\n<div>Inspirado na hipn\u00f3tica paleta de sombras lavanda da maquilhadora Pat McGrath, este olhar violeta cativante seduz com um sabor aristocr\u00e1tico. Quer seja para real\u00e7ar os tons naturais ou optar por uma realeza vistosa, a DNA Taylor Purple coroa os olhos com um visual digno de prestigiadas carpetes vermelhas.<\/div>\n<div><\/div>\n<div>Fabricadas a partir de HEMA hidratado, as lentes de contacto coloridas mant\u00eam a cor personalizada 24 horas por dia, com todo o conforto. A sua f\u00f3rmula revolucion\u00e1ria tamb\u00e9m protege os olhos dos insultos ambientais, para que a m\u00edstica reine suprema.<\/div>\n<div><\/div>\n<div>Durante os testes de mercado, os admiradores chamaram ao novo olhar \"p\u00farpura majestoso\" nada menos do que \"obras de arte\". Os utilizadores referiram sentir-se sumptuosamente poderosos - t\u00e3o extravagantemente cativantes como o lend\u00e1rio olhar do artista ic\u00f3nico.<\/div>\n<div><\/div>\n<div>Domine as passerelles e as passadeiras vermelhas com as lentes de contacto coloridas BQeye DNA Taylor Purple. Coloque os c\u00edrculos mais exclusivos de Hollywood sob o seu hipn\u00f3tico feiti\u00e7o violeta atrav\u00e9s de cores t\u00e3o luminosas quanto luxuosas. Fa\u00e7a j\u00e1 a sua encomenda para fazer uma grande entrada em qualquer evento, digna dos mais prestigiados reinados p\u00farpura do mundo.<\/div>","protected":false},"excerpt":{"rendered":"<p>Channel royal tones with BQeye&#8217;s DNA Taylor Purple colored contact lenses. Inspired by makeup artist Pat McGrath&#8217;s hypnotic lavender eyeshadow palette, this arresting violet gaze seduces with aristocratic flavor. Whether playing up natural tones or opting for eye-catching royalty, DNA Taylor Purple crowns eyes with a look fit for prestigious red carpets. Crafted from moisture-infused [&#8230;]\n","protected":false},"featured_media":813,"comment_status":"open","ping_status":"closed","template":"","meta":[],"product_brand":[],"product_cat":[178,91,96,82,98],"product_tag":[],"class_list":{"0":"post-803","1":"product","2":"type-product","3":"status-publish","4":"has-post-thumbnail","6":"product_cat-dna-taylor","7":"product_cat-14-2-mm","8":"product_cat-non-prescription","9":"product_cat-purple-contact-lenses","10":"product_cat-yearly-disposable","12":"first","13":"instock","14":"sale","15":"shipping-taxable","16":"purchasable","17":"product-type-variable","18":"has-default-attributes"},"_links":{"self":[{"href":"https:\/\/bqeye.com\/pt\/wp-json\/wp\/v2\/product\/803","targetHints":{"allow":["GET"]}}],"collection":[{"href":"https:\/\/bqeye.com\/pt\/wp-json\/wp\/v2\/product"}],"about":[{"href":"https:\/\/bqeye.com\/pt\/wp-json\/wp\/v2\/types\/product"}],"replies":[{"embeddable":true,"href":"https:\/\/bqeye.com\/pt\/wp-json\/wp\/v2\/comments?post=803"}],"wp:featuredmedia":[{"embeddable":true,"href":"https:\/\/bqeye.com\/pt\/wp-json\/wp\/v2\/media\/813"}],"wp:attachment":[{"href":"https:\/\/bqeye.com\/pt\/wp-json\/wp\/v2\/media?parent=803"}],"wp:term":[{"taxonomy":"product_brand","embeddable":true,"href":"https:\/\/bqeye.com\/pt\/wp-json\/wp\/v2\/product_brand?post=803"},{"taxonomy":"product_cat","embeddable":true,"href":"https:\/\/bqeye.com\/pt\/wp-json\/wp\/v2\/product_cat?post=803"},{"taxonomy":"product_tag","embeddable":true,"href":"https:\/\/bqeye.com\/pt\/wp-json\/wp\/v2\/product_tag?post=803"}],"curies":[{"name":"wp","href":"https:\/\/api.w.org\/{rel}","templated":true}]}}