{"id":884,"date":"2023-09-12T06:52:53","date_gmt":"2023-09-12T06:52:53","guid":{"rendered":"https:\/\/bqeye.com\/?post_type=product&#038;p=884"},"modified":"2024-04-18T02:22:12","modified_gmt":"2024-04-18T02:22:12","slug":"bqeye-mystery-red-colored-contact-lenses","status":"publish","type":"product","link":"https:\/\/bqeye.com\/pt\/bqeye-mystery-red-colored-contact-lenses\/","title":{"rendered":"Lentes de Contacto Coloridas BQeye Mystery Red"},"content":{"rendered":"<p>As nossas mais recentes lentes de contacto coloridas captam um olhar carmesim enigm\u00e1tico atrav\u00e9s de uma bela mistura de tons escarlate e borgonha. Ao contr\u00e1rio dos vermelhos prim\u00e1rios, Mystery Red cria uma intriga elegante que amplifica a beleza natural quando se usam estas lentes de contacto coloridas.<\/p>\n<p>Como l\u00edder em lentes de contacto coloridas, a BQeye dedica-se \u00e0 cria\u00e7\u00e3o de lentes inovadoras que se misturam perfeitamente com a cor dos seus olhos. Mystery Red acentua subtilmente a sua \u00edris para um efeito marcante mas suave. A nossa f\u00f3rmula de \u00faltima gera\u00e7\u00e3o, que absorve a humidade, evita o desconforto, para que possa desfrutar do seu novo visual cativante durante todo o dia com estas lentes de contacto coloridas.<\/p>\n<p>Quer pretenda libertar a sua confian\u00e7a ou simplesmente experimentar novos estilos, as lentes de contacto coloridas BQeye permitem a sua auto-express\u00e3o. Mystery Red \u00e9 uma escolha de topo para quem procura uma nova tonalidade sedutora que desperte a intriga. Tal como acontece com todas as nossas lentes de contacto coloridas, o conforto \u00e9 fundamental para que s\u00f3 repare nos elogios!<\/p>\n<p>Descubra a magia das lentes de contacto Mystery Red da BQeye. Ajud\u00e1mos in\u00fameros clientes a encontrar as lentes de contacto coloridas perfeitas para real\u00e7ar o seu brilho natural. Compre hoje mesmo a nossa vasta gama de lentes de contacto coloridas de alto desempenho!<\/p>","protected":false},"excerpt":{"rendered":"<p>Our latest colored contact lenses capture an enigmatic crimson gaze through a beautiful blend of scarlet and burgundy hues. Unlike stark primary reds, Mystery Red creates an elegant intrigue that amplifies natural beauty when wearing these colored contacts. As a leader in colored contacts, BQeye is devoted to crafting innovative lenses that seamlessly blend with [&#8230;]\n","protected":false},"featured_media":893,"comment_status":"open","ping_status":"closed","template":"","meta":[],"product_brand":[],"product_cat":[216,92,96,78,98],"product_tag":[],"class_list":{"0":"post-884","1":"product","2":"type-product","3":"status-publish","4":"has-post-thumbnail","6":"product_cat-mystery","7":"product_cat-14-5-mm","8":"product_cat-non-prescription","9":"product_cat-red-contact-lenses","10":"product_cat-yearly-disposable","12":"first","13":"instock","14":"sale","15":"shipping-taxable","16":"purchasable","17":"product-type-variable","18":"has-default-attributes"},"_links":{"self":[{"href":"https:\/\/bqeye.com\/pt\/wp-json\/wp\/v2\/product\/884","targetHints":{"allow":["GET"]}}],"collection":[{"href":"https:\/\/bqeye.com\/pt\/wp-json\/wp\/v2\/product"}],"about":[{"href":"https:\/\/bqeye.com\/pt\/wp-json\/wp\/v2\/types\/product"}],"replies":[{"embeddable":true,"href":"https:\/\/bqeye.com\/pt\/wp-json\/wp\/v2\/comments?post=884"}],"wp:featuredmedia":[{"embeddable":true,"href":"https:\/\/bqeye.com\/pt\/wp-json\/wp\/v2\/media\/893"}],"wp:attachment":[{"href":"https:\/\/bqeye.com\/pt\/wp-json\/wp\/v2\/media?parent=884"}],"wp:term":[{"taxonomy":"product_brand","embeddable":true,"href":"https:\/\/bqeye.com\/pt\/wp-json\/wp\/v2\/product_brand?post=884"},{"taxonomy":"product_cat","embeddable":true,"href":"https:\/\/bqeye.com\/pt\/wp-json\/wp\/v2\/product_cat?post=884"},{"taxonomy":"product_tag","embeddable":true,"href":"https:\/\/bqeye.com\/pt\/wp-json\/wp\/v2\/product_tag?post=884"}],"curies":[{"name":"wp","href":"https:\/\/api.w.org\/{rel}","templated":true}]}}