{"id":943,"date":"2023-09-12T08:39:25","date_gmt":"2023-09-12T08:39:25","guid":{"rendered":"https:\/\/bqeye.com\/?post_type=product&#038;p=943"},"modified":"2024-04-18T02:21:52","modified_gmt":"2024-04-18T02:21:52","slug":"bqeye-elf-purple-colored-contact-lenses","status":"publish","type":"product","link":"https:\/\/bqeye.com\/pt\/bqeye-elf-purple-colored-contact-lenses\/","title":{"rendered":"BQeye ELF Purple Colored Lentes de Contacto"},"content":{"rendered":"<p>Lance um olhar fascinante com as encantadoras lentes de contacto coloridas ELF Purple da BQeye. A nossa mistura luminosa de ametista e ameixa desperta os olhos com um fasc\u00ednio de outro mundo.<\/p>\n<p>Mais do que um simples p\u00farpura, a ELF d\u00e1-lhe um toque de p\u00eassego e tons rosados para um efeito m\u00e1gico multidimensional. Tal como as luzes das fadas que dan\u00e7am no meio do crep\u00fasculo, estas lentes de contacto coloridas real\u00e7am a beleza natural a partir do interior.<\/p>\n<p>Criada pelos nossos mestres das lentes de contacto de cor, ELF Purple move-se impercetivelmente sobre os olhos. A tecnologia HydraMatrixTM mant\u00e9m os olhos ultra-hidratados para que possa lan\u00e7ar o seu feiti\u00e7o durante todo o dia com todo o conforto. Agora, os segredos da floresta s\u00e3o seus para os descobrir.<\/p>\n<p>Deixe a ELF elevar o seu charme com um novo visual arrebatador. Os acess\u00f3rios especializados da BQeye garantem um ajuste perfeito para acentuar o seu brilho m\u00edstico. Quer sejam arrojadas ou subtis, estas lentes permitem uma verdadeira express\u00e3o pessoal.<\/p>\n<p>Liberte a sua fada interior com as lentes de contacto coloridas BQeye ELF Purple. Descubra como a nossa famosa cole\u00e7\u00e3o de lentes pode fazer sobressair a sua ess\u00eancia carism\u00e1tica. Est\u00e1 na altura de iluminar o pr\u00f3ximo encantamento do destino atrav\u00e9s de olhos de fada cor-de-rosa. A magia est\u00e1 apenas a come\u00e7ar.<\/p>","protected":false},"excerpt":{"rendered":"<p>Cast a spellbinding gaze with BQeye&#8217;s enchanting ELF Purple colored contact lenses. Ourluminous amethyst and plum blend awakens eyes with an otherworldly allure. More than a simple purple, ELF imbues peachy highlights and pinky undertones for a magical multi-dimensional effect. Like catching faerie lights dancing amidst the dusk, these colorful contact lenses enhance natural beauty [&#8230;]\n","protected":false},"featured_media":951,"comment_status":"open","ping_status":"closed","template":"","meta":[],"product_brand":[],"product_cat":[217,92,96,82,98],"product_tag":[],"class_list":{"0":"post-943","1":"product","2":"type-product","3":"status-publish","4":"has-post-thumbnail","6":"product_cat-elf","7":"product_cat-14-5-mm","8":"product_cat-non-prescription","9":"product_cat-purple-contact-lenses","10":"product_cat-yearly-disposable","12":"first","13":"instock","14":"sale","15":"shipping-taxable","16":"purchasable","17":"product-type-variable","18":"has-default-attributes"},"_links":{"self":[{"href":"https:\/\/bqeye.com\/pt\/wp-json\/wp\/v2\/product\/943","targetHints":{"allow":["GET"]}}],"collection":[{"href":"https:\/\/bqeye.com\/pt\/wp-json\/wp\/v2\/product"}],"about":[{"href":"https:\/\/bqeye.com\/pt\/wp-json\/wp\/v2\/types\/product"}],"replies":[{"embeddable":true,"href":"https:\/\/bqeye.com\/pt\/wp-json\/wp\/v2\/comments?post=943"}],"wp:featuredmedia":[{"embeddable":true,"href":"https:\/\/bqeye.com\/pt\/wp-json\/wp\/v2\/media\/951"}],"wp:attachment":[{"href":"https:\/\/bqeye.com\/pt\/wp-json\/wp\/v2\/media?parent=943"}],"wp:term":[{"taxonomy":"product_brand","embeddable":true,"href":"https:\/\/bqeye.com\/pt\/wp-json\/wp\/v2\/product_brand?post=943"},{"taxonomy":"product_cat","embeddable":true,"href":"https:\/\/bqeye.com\/pt\/wp-json\/wp\/v2\/product_cat?post=943"},{"taxonomy":"product_tag","embeddable":true,"href":"https:\/\/bqeye.com\/pt\/wp-json\/wp\/v2\/product_tag?post=943"}],"curies":[{"name":"wp","href":"https:\/\/api.w.org\/{rel}","templated":true}]}}