{"id":981,"date":"2023-09-12T11:06:10","date_gmt":"2023-09-12T11:06:10","guid":{"rendered":"https:\/\/bqeye.com\/?post_type=product&#038;p=981"},"modified":"2024-04-18T02:21:39","modified_gmt":"2024-04-18T02:21:39","slug":"bqeye-magnificent-sahara-brown-colored-contact-lenses","status":"publish","type":"product","link":"https:\/\/bqeye.com\/pt\/bqeye-magnificent-sahara-brown-colored-contact-lenses\/","title":{"rendered":"BQeye Magnificent Sahara Brown Lentes de Contacto Coloridas"},"content":{"rendered":"<p>Deixe os seus olhos quentes com as lentes de contacto coloridas Magnificent Sahara Brown da BQeye. A nossa mistura de areia, cacau e s\u00e9pia, aben\u00e7oada pelo sol, desperta as \u00f3rbitas como as dunas do deserto acariciadas ao anoitecer.<\/p>\n<p>Mais do que um mero castanho, Magnificent acende tons ardentes - sugest\u00f5es de dourado \u00e0 medida que o sol se esconde nas sombras de siena. Estas lentes de contacto coloridas especializadas real\u00e7am a beleza natural a partir do seu v\u00e9u em tons de p\u00f4r do sol.<\/p>\n<p>Criado por artes\u00e3os da lente, Magnificent move-se \u00e0 medida que sorri, pestaneja e ri durante todo o dia. A f\u00f3rmula HEMA mant\u00e9m estas esferas do p\u00f4r do sol hidratadas, quer esteja a andar de camelo ou a observar as estrelas no meio de c\u00e9us infinitamente magn\u00edficos. Agora, os fogos interiores e as percep\u00e7\u00f5es ocultas podem emergir para serem contemplados.<\/p>\n<p>Deixe Magnificent elevar o seu brilho com uma cor ricamente luminosa. A experi\u00eancia da BQeye garante uma suavidade amanteigada para real\u00e7ar o magnetismo fulgurante, quer seja corajosamente flamejante ou subtilmente real\u00e7ado pelos ventos quentes do deserto. Novas hist\u00f3rias de fasc\u00ednio aben\u00e7oado pelo sol brilham agora para todos verem.<\/p>\n<p>Acenda o seu espl\u00eandido destino com lentes de contacto coloridas t\u00e3o ricas e variadas como as pr\u00f3prias dunas. \u00c9 tempo de descobrir olhos que brilham como areias ardentes que se movem ao entardecer, vislumbrados atrav\u00e9s do v\u00e9u magnificamente aquecido da melhor cria\u00e7\u00e3o da BQeye. As suas infinitas possibilidades est\u00e3o apenas a come\u00e7ar.<\/p>","protected":false},"excerpt":{"rendered":"<p>Bask your eyes in warmth with BQeye&#8217;s Magnificent Sahara Brown colored contact lenses. Our sun-blessed blend of sand, cocoa and sepia awakens orbs aglow like desert dunes caressed at dusk. More than mere brown, Magnificent ignites fiery undertones\u2014hints of gold as the sun sinks into sienna shadows. These specialized colored contacts enhance natural beauty from [&#8230;]\n","protected":false},"featured_media":988,"comment_status":"open","ping_status":"closed","template":"","meta":[],"product_brand":[],"product_cat":[207,91,80,96,98],"product_tag":[],"class_list":{"0":"post-981","1":"product","2":"type-product","3":"status-publish","4":"has-post-thumbnail","6":"product_cat-magnificent","7":"product_cat-14-2-mm","8":"product_cat-brown-contact-lenses","9":"product_cat-non-prescription","10":"product_cat-yearly-disposable","12":"first","13":"instock","14":"sale","15":"shipping-taxable","16":"purchasable","17":"product-type-variable","18":"has-default-attributes"},"_links":{"self":[{"href":"https:\/\/bqeye.com\/pt\/wp-json\/wp\/v2\/product\/981","targetHints":{"allow":["GET"]}}],"collection":[{"href":"https:\/\/bqeye.com\/pt\/wp-json\/wp\/v2\/product"}],"about":[{"href":"https:\/\/bqeye.com\/pt\/wp-json\/wp\/v2\/types\/product"}],"replies":[{"embeddable":true,"href":"https:\/\/bqeye.com\/pt\/wp-json\/wp\/v2\/comments?post=981"}],"wp:featuredmedia":[{"embeddable":true,"href":"https:\/\/bqeye.com\/pt\/wp-json\/wp\/v2\/media\/988"}],"wp:attachment":[{"href":"https:\/\/bqeye.com\/pt\/wp-json\/wp\/v2\/media?parent=981"}],"wp:term":[{"taxonomy":"product_brand","embeddable":true,"href":"https:\/\/bqeye.com\/pt\/wp-json\/wp\/v2\/product_brand?post=981"},{"taxonomy":"product_cat","embeddable":true,"href":"https:\/\/bqeye.com\/pt\/wp-json\/wp\/v2\/product_cat?post=981"},{"taxonomy":"product_tag","embeddable":true,"href":"https:\/\/bqeye.com\/pt\/wp-json\/wp\/v2\/product_tag?post=981"}],"curies":[{"name":"wp","href":"https:\/\/api.w.org\/{rel}","templated":true}]}}