{"id":993,"date":"2023-09-12T11:36:34","date_gmt":"2023-09-12T11:36:34","guid":{"rendered":"https:\/\/bqeye.com\/?post_type=product&#038;p=993"},"modified":"2024-04-18T02:21:35","modified_gmt":"2024-04-18T02:21:35","slug":"bqeye-magnificent-amazonia-green-colored-contact-lenses","status":"publish","type":"product","link":"https:\/\/bqeye.com\/pt\/bqeye-magnificent-amazonia-green-colored-contact-lenses\/","title":{"rendered":"Lentes de contato de cor verde BQeye Magnificent Amazonia"},"content":{"rendered":"<p>Liberte os olhos da floresta tropical com as lentes de contacto coloridas Magnificent Amazonia Green da BQeye. A nossa mistura verdejante de esmeralda, musgo e folhas de palmeira desperta as \u00f3rbitas vivas com o vigor indom\u00e1vel da natureza.<\/p>\n<p>Para al\u00e9m do verde, Magnificent acende tons de azul-petr\u00f3leo e \u00e1gua - flashes de asas de papagaio no meio do balan\u00e7o da copa das \u00e1rvores. Estas lentes de contacto coloridas especializadas real\u00e7am a beleza natural do interior do seu exuberante v\u00e9u da selva.<\/p>\n<p>Criadas por artes\u00e3os mergulhados na magia da floresta tropical, Magnificent move-se com uma vitalidade sem limites. A HEMA mant\u00e9m estas esferas verdejantes frescas, quer explorem grutas escondidas ou subam a picos imponentes. Agora, os segredos da floresta podem ser vislumbrados, se tiveres os olhos para ver.<\/p>\n<p>Deixe que Magnificent amplifique o brilho vibrante com uma rica cor verde. A precis\u00e3o da BQeye garante uma utiliza\u00e7\u00e3o flex\u00edvel para real\u00e7ar o encanto inato, quer flores\u00e7a no meio de uma folhagem densa ou seja observado com uma inten\u00e7\u00e3o tranquila. Novos contos de encanto da floresta tropical brilham agora.<\/p>\n<p>Desperte a sua alma selvagem com lentes t\u00e3o pr\u00f3speras e variadas como a pr\u00f3pria Amaz\u00f3nia. \u00c9 tempo de descobrir olhos brilhantes com o impulso da natureza sem restri\u00e7\u00f5es, vislumbrados atrav\u00e9s do v\u00e9u de esmeralda encantador da Magnificent. A sua viagem pelas infinitas descobertas da vida est\u00e1 apenas a come\u00e7ar.<\/p>","protected":false},"excerpt":{"rendered":"<p>Unleash rainforest eyes aglow with BQeye&#8217;s Magnificent Amazonia Green colored contact lenses. Our verdant blend of emerald, moss and palm fronds awakens orbs alive with nature\u2019s untamed vigor. Beyond mere green, Magnificent ignites undertones of teal and aqua \u2014 flashes of parrot wings amid the canopy&#8217;s sway. These specialized colored contact lenses enhance natural beauty [&#8230;]\n","protected":false},"featured_media":1000,"comment_status":"open","ping_status":"closed","template":"","meta":[],"product_brand":[],"product_cat":[207,91,77,96,98],"product_tag":[],"class_list":{"0":"post-993","1":"product","2":"type-product","3":"status-publish","4":"has-post-thumbnail","6":"product_cat-magnificent","7":"product_cat-14-2-mm","8":"product_cat-green-contact-lenses","9":"product_cat-non-prescription","10":"product_cat-yearly-disposable","12":"first","13":"instock","14":"sale","15":"shipping-taxable","16":"purchasable","17":"product-type-variable","18":"has-default-attributes"},"_links":{"self":[{"href":"https:\/\/bqeye.com\/pt\/wp-json\/wp\/v2\/product\/993","targetHints":{"allow":["GET"]}}],"collection":[{"href":"https:\/\/bqeye.com\/pt\/wp-json\/wp\/v2\/product"}],"about":[{"href":"https:\/\/bqeye.com\/pt\/wp-json\/wp\/v2\/types\/product"}],"replies":[{"embeddable":true,"href":"https:\/\/bqeye.com\/pt\/wp-json\/wp\/v2\/comments?post=993"}],"wp:featuredmedia":[{"embeddable":true,"href":"https:\/\/bqeye.com\/pt\/wp-json\/wp\/v2\/media\/1000"}],"wp:attachment":[{"href":"https:\/\/bqeye.com\/pt\/wp-json\/wp\/v2\/media?parent=993"}],"wp:term":[{"taxonomy":"product_brand","embeddable":true,"href":"https:\/\/bqeye.com\/pt\/wp-json\/wp\/v2\/product_brand?post=993"},{"taxonomy":"product_cat","embeddable":true,"href":"https:\/\/bqeye.com\/pt\/wp-json\/wp\/v2\/product_cat?post=993"},{"taxonomy":"product_tag","embeddable":true,"href":"https:\/\/bqeye.com\/pt\/wp-json\/wp\/v2\/product_tag?post=993"}],"curies":[{"name":"wp","href":"https:\/\/api.w.org\/{rel}","templated":true}]}}