{"id":2625,"date":"2026-01-20T10:05:34","date_gmt":"2026-01-20T02:05:34","guid":{"rendered":"https:\/\/bqeye.com\/maintenance-page\/"},"modified":"2026-01-20T10:13:22","modified_gmt":"2026-01-20T02:13:22","slug":"maintenance-page","status":"publish","type":"page","link":"https:\/\/bqeye.com\/ro\/maintenance-page\/","title":{"rendered":"Pagina de \u00eentre\u021binere"},"content":{"rendered":"<div id=\"wp-block-themeisle-blocks-advanced-columns-38fdf81c\" class=\"wp-block-themeisle-blocks-advanced-columns alignfull has-2-columns has-desktop-equal-layout has-tablet-collapsedRows-layout has-mobile-collapsedRows-layout has-vertical-center\">\r\n<div class=\"wp-block-themeisle-blocks-advanced-columns-overlay\">\u00a0<\/div>\r\n<div class=\"innerblocks-wrap\">\r\n<div id=\"wp-block-themeisle-blocks-advanced-column-0a1b5b8c\" class=\"wp-block-themeisle-blocks-advanced-column\">\r\n<figure class=\"wp-block-image size-full is-resized\"><img decoding=\"async\" class=\"wp-image-388 lazyload\" data-src=\"https:\/\/demosites.io\/otter\/wp-content\/uploads\/sites\/664\/2022\/09\/placeholder-img-21-1.png\" alt=\"BQEYE Colored Contact Lenses -\" width=\"522\" height=\"360\" title=\"\" src=\"data:image\/svg+xml;base64,PHN2ZyB3aWR0aD0iMSIgaGVpZ2h0PSIxIiB4bWxucz0iaHR0cDovL3d3dy53My5vcmcvMjAwMC9zdmciPjwvc3ZnPg==\" style=\"--smush-placeholder-width: 522px; --smush-placeholder-aspect-ratio: 522\/360;\"><\/figure>\r\n<\/div>\r\n\r\n\r\n\r\n<div id=\"wp-block-themeisle-blocks-advanced-column-efa311e1\" class=\"wp-block-themeisle-blocks-advanced-column\">\r\n<h1 id=\"wp-block-themeisle-blocks-advanced-heading-341a26ad\" class=\"wp-block-themeisle-blocks-advanced-heading wp-block-themeisle-blocks-advanced-heading-341a26ad\">Site \u00een curs de \u00eentre\u021binere<\/h1>\r\n\r\n\r\n\r\n<p dir=\"auto\"><span style=\"color: #ffffff;\"><strong>Dragi clien\u021bi valoro\u0219i BQEYE,<\/strong><\/span><\/p>\r\n<div><span style=\"color: #e8e8e8;\">Efectu\u0103m \u00eentre\u021binerea programat\u0103 a site-ului nostru web pentru a v\u0103 \u00eembun\u0103t\u0103\u021bi experien\u021ba general\u0103 de cump\u0103r\u0103turi \u0219i pentru a ne asigura c\u0103 totul merge \u0219i mai bine.<\/span><\/div>\r\n<div>\u00a0<\/div>\r\n<div><span style=\"color: #e8e8e8;\">Site-ul va fi temporar indisponibil timp de aproximativ 6 ore.<\/span><\/div>\r\n<div>\u00a0<\/div>\r\n<div><span style=\"color: #e8e8e8;\">Ne cerem sincer scuze pentru orice inconvenient pe care acest lucru \u00eel poate cauza \u0219i apreciem cu adev\u0103rat r\u0103bdarea \u0219i \u00een\u021belegerea dumneavoastr\u0103. Lentilele dvs. colorate \u0219i aspectul perfect al ochilor merit\u0103 scurta a\u0219teptare!<\/span><\/div>\r\n<div>\u00a0<\/div>\r\n<div><span style=\"color: #e8e8e8;\">Vom fi din nou online c\u00e2t mai cur\u00e2nd posibil. V\u0103 mul\u021bumim pentru c\u0103 face\u021bi parte din familia BQEYE.<\/span><\/div>\r\n<div>\u00a0<\/div>\r\n<div><span style=\"color: #e8e8e8;\">Ne vedem \u00een cur\u00e2nd cu vibra\u021bii mai proaspete! Echipa BQEYE \ud83d\udc99<\/span><\/div>\r\n<p dir=\"auto\">\u00a0<\/p>\r\n\r\n\r\n\r\n\r\n<\/div>\r\n<\/div>\r\n<\/div>","protected":false},"excerpt":{"rendered":"","protected":false},"author":1,"featured_media":0,"parent":0,"menu_order":0,"comment_status":"closed","ping_status":"closed","template":"templates\/wpmm-page-template.php","meta":{"footnotes":""},"class_list":["post-2625","page","type-page","status-publish","hentry"],"_links":{"self":[{"href":"https:\/\/bqeye.com\/ro\/wp-json\/wp\/v2\/pages\/2625","targetHints":{"allow":["GET"]}}],"collection":[{"href":"https:\/\/bqeye.com\/ro\/wp-json\/wp\/v2\/pages"}],"about":[{"href":"https:\/\/bqeye.com\/ro\/wp-json\/wp\/v2\/types\/page"}],"author":[{"embeddable":true,"href":"https:\/\/bqeye.com\/ro\/wp-json\/wp\/v2\/users\/1"}],"replies":[{"embeddable":true,"href":"https:\/\/bqeye.com\/ro\/wp-json\/wp\/v2\/comments?post=2625"}],"version-history":[{"count":7,"href":"https:\/\/bqeye.com\/ro\/wp-json\/wp\/v2\/pages\/2625\/revisions"}],"predecessor-version":[{"id":2632,"href":"https:\/\/bqeye.com\/ro\/wp-json\/wp\/v2\/pages\/2625\/revisions\/2632"}],"wp:attachment":[{"href":"https:\/\/bqeye.com\/ro\/wp-json\/wp\/v2\/media?parent=2625"}],"curies":[{"name":"wp","href":"https:\/\/api.w.org\/{rel}","templated":true}]}}