{"id":2660,"date":"2026-01-20T10:44:21","date_gmt":"2026-01-20T02:44:21","guid":{"rendered":"https:\/\/bqeye.com\/about\/"},"modified":"2026-01-20T10:44:21","modified_gmt":"2026-01-20T02:44:21","slug":"about","status":"publish","type":"page","link":"https:\/\/bqeye.com\/ro\/about\/","title":{"rendered":"Despre"},"content":{"rendered":"<h1>Despre<\/h1>\n<h5>V\u0103 ajut\u0103m s\u0103 ar\u0103ta\u021bi bine<\/h5>\n<h3 data-elementor-setting-key=\"\\\"infocard_title\\\"\" data-elementor-inline-editing-toolbar=\"\\\"basic\\\"\">S\u0103 vorbim despre frumuse\u021be<\/h3>\n<p>\t\t\t\t\tLorem ipsum dolor sit amet, consectetur adipiscing elit, sed do eiusmod tempor incididunt ut labore et dolore magna aliqua. Ut enim ad minim veniam, quis nostrud exercitation ullamco laboris nisi ut aliquip ex ea commodo consequat. Duis aute irure dolor in reprehenderit in voluptate velit esse cillum dolore.\t\t\t\t<\/p>\n<p>Aenean sollicitudin, lorem quis bibendum auctor, nisi elit consequat ipsum, nec sagittis sem nibh id elit vulputate cursus a sit amet mauris.<\/p>\n<h5>Caracteristici ale produselor noastre<\/h5>\n<ul>\n<li>\n\t\t\t\t\t\t\t\t\t\tDuis aute irure dolor\n\t\t\t\t\t\t\t\t\t<\/li>\n<li>\n\t\t\t\t\t\t\t\t\t\tSed do eius mod\n\t\t\t\t\t\t\t\t\t<\/li>\n<li>\n\t\t\t\t\t\t\t\t\t\tLaboris nisi ut aliquip\n\t\t\t\t\t\t\t\t\t<\/li>\n<\/ul>\n<ul>\n<li>\n\t\t\t\t\t\t\t\t\t\tDuis aute irure dolor\n\t\t\t\t\t\t\t\t\t<\/li>\n<li>\n\t\t\t\t\t\t\t\t\t\tSed do eius mod\n\t\t\t\t\t\t\t\t\t<\/li>\n<li>\n\t\t\t\t\t\t\t\t\t\tLaboris nisi ut aliquip\n\t\t\t\t\t\t\t\t\t<\/li>\n<\/ul>\n<p>\t\t\t\t\t\t\t\t\t\t\t\t\t\t\t<img width=\"\\\"1000\\\"\" height=\"\\\"1419\\\"\" src=\"\\\"https:>\t\t\t\t\t\t\t\t\t\t\t\t\t\t\t<\/p>\n<figure><img src=\"\\\"https:><\/figure>\n<figure><img src=\"\\\"https:><\/figure>\n<h4>\n\t\t\t\t\t\t\tV\u00e2nzare de sezon<br \/>\n\t\t\t\t\t<\/h4>\n<p>\n\t\t\t\t\t\tLorem ipsum dolor sit amet, consectetur adipiscing elit. Ut elit tellus, luctus nec ullamcorper mattis.\t\t\t\t\t<\/p>\n<h4>\n\t\t\t\t\t\t\tTransport gratuit<br \/>\n\t\t\t\t\t<\/h4>\n<p>\n\t\t\t\t\t\tLorem ipsum dolor sit amet, consectetur adipiscing elit. Ut elit tellus, luctus nec ullamcorper mattis.\t\t\t\t\t<\/p>\n<h4>\n\t\t\t\t\t\t\tGaran\u021bie de bani \u00eenapoi<br \/>\n\t\t\t\t\t<\/h4>\n<p>\n\t\t\t\t\t\tLorem ipsum dolor sit amet, consectetur adipiscing elit. Ut elit tellus, luctus nec ullamcorper mattis.\t\t\t\t\t<\/p>\n<figure><img src=\"\\\"https:><\/figure>\n<figure><img src=\"\\\"https:><\/figure>\n<figure><img src=\"\\\"https:><\/figure>\n<figure><img src=\"\\\"https:><\/figure>\n<figure><img src=\"\\\"https:><\/figure>","protected":false},"excerpt":{"rendered":"<p>About Helping You Look Good Let\\&#8217;s Talk about Beauty Lorem ipsum dolor sit amet, consectetur adipiscing elit, sed do eiusmod tempor incididunt ut labore et dolore magna aliqua. Ut enim ad minim veniam, quis nostrud exercitation ullamco laboris nisi ut aliquip ex ea commodo consequat. Duis aute irure dolor in reprehenderit in voluptate velit esse [&#8230;]\n","protected":false},"author":1,"featured_media":0,"parent":0,"menu_order":0,"comment_status":"closed","ping_status":"closed","template":"","meta":{"footnotes":""},"class_list":["post-2660","page","type-page","status-publish","hentry"],"_links":{"self":[{"href":"https:\/\/bqeye.com\/ro\/wp-json\/wp\/v2\/pages\/2660","targetHints":{"allow":["GET"]}}],"collection":[{"href":"https:\/\/bqeye.com\/ro\/wp-json\/wp\/v2\/pages"}],"about":[{"href":"https:\/\/bqeye.com\/ro\/wp-json\/wp\/v2\/types\/page"}],"author":[{"embeddable":true,"href":"https:\/\/bqeye.com\/ro\/wp-json\/wp\/v2\/users\/1"}],"replies":[{"embeddable":true,"href":"https:\/\/bqeye.com\/ro\/wp-json\/wp\/v2\/comments?post=2660"}],"version-history":[{"count":0,"href":"https:\/\/bqeye.com\/ro\/wp-json\/wp\/v2\/pages\/2660\/revisions"}],"wp:attachment":[{"href":"https:\/\/bqeye.com\/ro\/wp-json\/wp\/v2\/media?parent=2660"}],"curies":[{"name":"wp","href":"https:\/\/api.w.org\/{rel}","templated":true}]}}