{"id":328,"date":"2023-09-07T12:23:58","date_gmt":"2023-09-07T12:23:58","guid":{"rendered":"https:\/\/bqeye.com\/?page_id=328"},"modified":"2023-12-10T06:22:04","modified_gmt":"2023-12-10T06:22:04","slug":"about-us","status":"publish","type":"page","link":"https:\/\/bqeye.com\/ro\/about-us\/","title":{"rendered":"Despre noi"},"content":{"rendered":"<h3 class=\"md-end-block md-heading\"><span class=\"md-plain md-expand\">Povestea noastr\u0103<\/span><\/h3>\n<p class=\"md-end-block md-p md-focus\"><span class=\"md-plain md-expand\">Se spune c\u0103 ochii sunt fereastra c\u0103tre suflet. Dar pentru prea mult timp, companiile produc\u0103toare de lentile de contact au limitat ceea ce putem vedea prin aceste ferestre. Marii juc\u0103tori domin\u0103 industria, supratax\u00e2nd lentilele transparente de baz\u0103 \u0219i ignor\u00e2nd cererea consumatorilor pentru mai multe op\u021biuni. Ei au transformat lentilele de contact \u00eentr-o marf\u0103 fad\u0103, mai degrab\u0103 dec\u00e2t \u00eentr-o \u0219ans\u0103 interesant\u0103 de exprimare personal\u0103.<\/span><\/p>\n<p class=\"md-end-block md-p\"><span class=\"md-plain\">Ne-am \u00eenfiin\u021bat compania pentru a sparge acele ferestre p\u0103tate \u0219i pentru a aduce pu\u021bin\u0103 culoare \u00een lumea lentilelor de contact.<\/span><\/p>\n<h3 class=\"md-end-block md-heading\"><span class=\"md-plain\">Cine suntem<\/span><\/h3>\n<p class=\"md-end-block md-p\"><span class=\"md-plain\">Eu sunt Alex \u0219i eu sunt Alice. Suntem fra\u021bi, antreprenori \u0219i, mai presus de toate, optimi\u0219ti neobosi\u021bi.<\/span><\/p>\n<p class=\"md-end-block md-p\"><span class=\"md-plain\">\u00cen copil\u0103rie, am\u00e2ndoi ne-am confruntat cu probleme de vedere care ne-au obligat s\u0103 purt\u0103m ochelari sau lentile de contact de la o v\u00e2rst\u0103 fraged\u0103. \u00cen adolescen\u021b\u0103, am economisit bani pentru a ne cump\u0103ra lentile de contact colorate care ne permiteau s\u0103 ne schimb\u0103m culoarea ochilor pentru distrac\u021bie. Am realizat atunci c\u00e2t de transformator este s\u0103 schimbi chiar \u0219i un mic detaliu al aspectului nostru.<\/span><\/p>\n<p class=\"md-end-block md-p\"><span class=\"md-plain\">Mai t\u00e2rziu, \u00een timpul facult\u0103\u021bii, vorbeam adesea despre \u00eenfiin\u021barea unei companii \u00eempreun\u0103 \u00eentr-o zi. \u00centr-o sear\u0103, la cin\u0103, am avut sc\u00e2nteia care a dus la aventura noastr\u0103 actual\u0103. Ne pl\u00e2ngeam de costurile \u00een cre\u0219tere ale lentilelor de contact \u0219i de lipsa de inova\u021bie a marilor produc\u0103tori. Atunci ne-a venit ideea: s\u0103 lans\u0103m o companie de lentile de contact colorate \u0219i accesibile, care s\u0103 le permit\u0103 oamenilor s\u0103 fac\u0103 o declara\u021bie, nu doar s\u0103 \u00ee\u0219i corecteze vederea.<\/span><\/p>\n<p class=\"md-end-block md-p\"><span class=\"md-plain\">\u0218tiam c\u0103 nu va fi u\u0219or s\u0103 p\u0103trundem \u00een oligopolul din industria lentilelor de contact. Dar am fost hot\u0103r\u00e2\u021bi s\u0103 aducem schimb\u0103ri, creativitate \u0219i economii de costuri pentru consumatori. A\u0219a c\u0103 am dezvoltat un plan, am contactat parteneri de produc\u021bie \u0219i am f\u0103cut saltul \u00een antreprenoriat.<\/span><\/p>\n<h3 class=\"md-end-block md-heading\"><span class=\"md-plain\">De ce lentile colorate?<\/span><\/h3>\n<p class=\"md-end-block md-p\"><span class=\"md-plain\">Lentilele de contact colorate v\u0103 permit s\u0103 v\u0103 transforma\u021bi aspectul \u00eentr-o clip\u0103. Dori\u021bi s\u0103 \u00eencerca\u021bi o schimbare dramatic\u0103 a culorii ochilor? Trece\u021bi de la maro la albastru \u00eentr-o clip\u0103. Sim\u021bi\u021bi nevoia s\u0103 purta\u021bi ochi de pisic\u0103 pentru o petrecere costumat\u0103? Acum pute\u021bi cu ajutorul lentilelor colorate.<\/span><\/p>\n<p class=\"md-end-block md-p\"><span class=\"md-plain\">Dincolo de factorul distrac\u021bie, lentilele de contact colorate sunt, de asemenea, atractive pentru cei care caut\u0103 o \u00eembun\u0103t\u0103\u021bire subtil\u0103 a culorii naturale a ochilor lor. De exemplu, luminarea unui brun \u00eenchis la un ton de miere sau ad\u0103ugarea unui inel limbal pentru a face ochii alba\u0219tri s\u0103 ias\u0103 \u00een eviden\u021b\u0103.<\/span><\/p>\n<p class=\"md-end-block md-p\"><span class=\"md-plain\">Cazurile de utilizare dep\u0103\u0219esc cu mult atrac\u021bia cosmetic\u0103. Lentilele de contact colorate permit aplica\u021bii medicale, cum ar fi protezele oculare. De asemenea, ele pot oferi protec\u021bie ocular\u0103 \u00eempotriva razelor UV atunci c\u00e2nd sunt formulate cu filtre de protec\u021bie.<\/span><\/p>\n<p class=\"md-end-block md-p\"><span class=\"md-plain\">\u00cen general, op\u021biunile de culoare a lentilelor de contact permit exprimarea personal\u0103, sporesc \u00eencrederea \u00een sine, r\u0103spund nevoilor medicale \u0219i extind defini\u021bia frumuse\u021bii. Posibilit\u0103\u021bile sunt infinite atunci c\u00e2nd privi\u021bi lentilele de contact ca pe un accesoriu cosmetic, nu doar ca pe un dispozitiv medical.<\/span><\/p>\n<h3 class=\"md-end-block md-heading\"><span class=\"md-plain\">De ce acum?<\/span><\/h3>\n<p class=\"md-end-block md-p\"><span class=\"md-plain\">Progresele \u00een tehnologia \u0219i fabricarea lentilelor de contact fac ca acesta s\u0103 fie momentul perfect pentru a lansa viziunea noastr\u0103 colorat\u0103.<\/span><\/p>\n<p class=\"md-end-block md-p\"><span class=\"md-plain\">C\u00e2nd am \u00eenceput s\u0103 cercet\u0103m industria lentilelor de contact, am descoperit un spa\u021biu gol pe pia\u021b\u0103. Produsele disponibile erau \u00eenvechite \u0219i neinspirate. Lentilele de corec\u021bie a vederii clare domin\u0103 pia\u021ba, \u00een timp ce lentilele de contact colorate sunt tratate ca o noutate de ni\u0219\u0103.<\/span><\/p>\n<p class=\"md-end-block md-p\"><span class=\"md-plain\">Dar cererea de culoare \u0219i de autoexprimare este puternic\u0103. \u00centr-un sondaj pe care l-am realizat \u00een r\u00e2ndul tinerilor cu v\u00e2rste cuprinse \u00eentre 18 \u0219i 35 de ani, peste 85% au declarat c\u0103 ar fi interesa\u021bi de lentile de contact colorate dac\u0103 costul ar fi comparabil cu cel al celor transparente. \u00cen plus, 72% au dorit op\u021biuni de culoare mai dramatice, dincolo de simpla \u00eembun\u0103t\u0103\u021bire a culorii naturale a ochilor lor.<\/span><\/p>\n<p class=\"md-end-block md-p\"><span class=\"md-plain\">Aceast\u0103 neconcordan\u021b\u0103 \u00eentre cererea consumatorilor \u0219i lipsa lentilelor colorate de calitate, la pre\u021buri accesibile, reprezint\u0103 o oportunitate uria\u0219\u0103. Datorit\u0103 progreselor recente \u00een domeniul \u0219tiin\u021bei materialelor \u0219i al metodelor de fabricare a lentilelor, acum putem oferi lentile colorate durabile \u0219i vibrante direct consumatorilor la pre\u021buri de nerefuzat. Tehnologia a ajuns \u00een sf\u00e2r\u0219it din urm\u0103 la nivelul dorin\u021belor oamenilor.<\/span><\/p>\n<h3 class=\"md-end-block md-heading\"><span class=\"md-plain\">Viziunea noastr\u0103<\/span><\/h3>\n<p class=\"md-end-block md-p\"><span class=\"md-plain\">Ne imagin\u0103m un viitor \u00een care lentilele de contact colorate sunt o modalitate distractiv\u0103 \u0219i accesibil\u0103 de a-\u021bi transforma aspectul, nu un articol de specialitate rar folosit.<\/span><\/p>\n<p class=\"md-end-block md-p\"><span class=\"md-plain\">Aproape ca un machiaj pentru ochi, lentilele noastre de contact de culoare v\u0103 vor permite s\u0103 v\u0103 exprima\u021bi \u0219i s\u0103 explora\u021bi. Vrem s\u0103 v\u0103 ajut\u0103m s\u0103 v\u0103 sim\u021bi\u021bi \u00eencrez\u0103tori \u0219i s\u0103 v\u0103 sim\u021bi\u021bi confortabil \u00eencerc\u00e2nd culori noi, \u0219tiind c\u0103 lentilele noastre sunt de \u00eenalt\u0103 calitate \u0219i accesibile.<\/span><\/p>\n<p class=\"md-end-block md-p\"><span class=\"md-plain\">Fie c\u0103 dori\u021bi s\u0103 face\u021bi o schimbare subtil\u0103 sau s\u0103 ie\u0219i\u021bi \u00een eviden\u021b\u0103 \u00een mul\u021bime, lentilele noastre v\u0103 permit totul. Oferim cea mai larg\u0103 selec\u021bie de culori de pe pia\u021b\u0103, cu op\u021biuni exotice care dep\u0103\u0219esc cu mult maronii, albastrii, verzuile \u0219i griurile obi\u0219nuite. Vorbim de modele metalice bogate, pastelate \u0219i chiar cu modele.<\/span><\/p>\n<p class=\"md-end-block md-p\"><span class=\"md-plain\">\u00cen timp ce extindem paleta de culori, inten\u021bion\u0103m, de asemenea, s\u0103 reducem dramatic costurile. Modelul nostru de afaceri direct la consumator ofer\u0103 economii de p\u00e2n\u0103 la 75% fa\u021b\u0103 de m\u0103rcile tradi\u021bionale de lentile de contact. Ne imagin\u0103m o zi \u00een care lentilele de contact de culori interesante vor costa aproximativ la fel ca o lentil\u0103 transparent\u0103 obi\u0219nuit\u0103 - ceea ce le va face o achizi\u021bie u\u0219oar\u0103 \u0219i regulat\u0103, mai degrab\u0103 dec\u00e2t o risip\u0103.<\/span><\/p>\n<p class=\"md-end-block md-p\"><span class=\"md-plain\">Pe tot parcursul cre\u0219terii noastre rapide, nu vom pierde niciodat\u0103 din vedere angajamentul nostru fa\u021b\u0103 de calitate. Toate lentilele noastre sunt fabricate \u00een instala\u021bii de ultim\u0103 genera\u021bie \u0219i sunt supuse unor teste de siguran\u021b\u0103 riguroase. Pentru c\u0103 s\u0103n\u0103tatea ochilor nu ar trebui niciodat\u0103 sacrificat\u0103 \u00een c\u0103utarea stilului.<\/span><\/p>\n<p class=\"md-end-block md-p\"><span class=\"md-plain\">Pe scurt, viziunea noastr\u0103 este o lume \u00een care lentilele de contact colorate sunt:<\/span><\/p>\n<p class=\"md-end-block md-p\">-<span class=\"md-plain\"> Accesibil - pre\u021buri accesibile, comenzi online u\u0219oare<\/span><\/p>\n<p class=\"md-end-block md-p\">-<span class=\"md-plain\"> De \u00eenalt\u0103 calitate - testate riguros pentru siguran\u021b\u0103 \u0219i durabilitate<\/span><\/p>\n<p class=\"md-end-block md-p\">-<span class=\"md-plain\"> On Trend - stiluri care anticipeaz\u0103 \u0219i conduc pie\u021bele<\/span><\/p>\n<p class=\"md-end-block md-p\">-<span class=\"md-plain\"> \u00cemputernicire - o modalitate distractiv\u0103 de a-\u021bi transforma aspectul \u00een func\u021bie de condi\u021biile tale<\/span><\/p>\n<p class=\"md-end-block md-p\"><span class=\"md-plain\">Progresul nostru de p\u00e2n\u0103 acum<\/span><\/p>\n<p class=\"md-end-block md-p\"><span class=\"md-plain\">\u00cen ultimii doi ani, am lucrat neobosit pentru a ne transforma viziunea \u00een realitate:<\/span><\/p>\n<p class=\"md-end-block md-p\">-<span class=\"md-plain\"> Ne-am asociat cu produc\u0103tori de lentile de contact de top la nivel mondial pentru a produce portofoliul nostru de lentile zilnice de unic\u0103 folosin\u021b\u0103, lentile pentru mai multe s\u0103pt\u0103m\u00e2ni \u0219i lentile protetice cu efecte speciale.<\/span><\/p>\n<p class=\"md-end-block md-p\">-<span class=\"md-plain\"> Am recrutat oftalmologi \u0219i ingineri de produs renumi\u021bi pentru a ne consulta cu privire la formul\u0103rile lentilelor noastre, la testele de siguran\u021b\u0103 \u0219i la produc\u021bie.<\/span><\/p>\n<p class=\"md-end-block md-p\">-<span class=\"md-plain\"> Ne-am aprovizionat cu materiale de \u00eenalt\u0103 calitate, cum ar fi polimeri patenta\u021bi care \u00ee\u0219i schimb\u0103 culoarea \u0219i pigmen\u021bi de culoare personaliza\u021bi pentru culori vibrante \u0219i durabile.<\/span><\/p>\n<p class=\"md-end-block md-p\">-<span class=\"md-plain\"> Ne-am perfec\u021bionat opera\u021biunile de comer\u021b electronic direct la consumator, permi\u021b\u00e2nd clien\u021bilor s\u0103 selecteze, s\u0103 personalizeze \u0219i s\u0103 comande cu u\u0219urin\u021b\u0103 lentilele online.<\/span><\/p>\n<p class=\"md-end-block md-p\">-<span class=\"md-plain\"> Am dezvoltat tehnici revolu\u021bionare pentru a fabrica rapid \u0219i eficient loturi mici de noi modele de culori, ca r\u0103spuns la reac\u021biile consumatorilor. Aceast\u0103 agilitate ne men\u021bine stilurile proaspete \u0219i interesante.<\/span><\/p>\n<p class=\"md-end-block md-p\">-<span class=\"md-plain\"> Am \u00eenfiin\u021bat un centru de \u00eendeplinire de clas\u0103 mondial\u0103 pentru a expedia lentilele direct c\u0103tre clien\u021bi \u00eentr-un timp minim.<\/span><\/p>\n<p class=\"md-end-block md-p\">-<span class=\"md-plain\"> Ne-am m\u0103rit echipa la peste 50 de angaja\u021bi pasiona\u021bi de tehnologie, marketing, opera\u021biuni \u0219i implicare \u00een comunitate.<\/span><\/p>\n<p class=\"md-end-block md-p\">-<span class=\"md-plain\"> Am \u00eencheiat cu succes o rund\u0103 de finan\u021bare de $7 milioane de euro din seria A pentru a ne alimenta planurile de expansiune.<\/span><\/p>\n<p class=\"md-end-block md-p\">-<span class=\"md-plain\"> Cel mai important, am lansat magazinul nostru online \u00een urm\u0103 cu 6 luni. De atunci, peste 20.000 de clien\u021bi au descoperit bucuria, \u00eencrederea \u0219i libertatea pe care le ofer\u0103 lentilele noastre de contact colorate.<\/span><\/p>\n<p class=\"md-end-block md-p\"><span class=\"md-plain\">Acesta este doar \u00eenceputul. \u00cen urm\u0103toarea faz\u0103 de cre\u0219tere, vom:<\/span><\/p>\n<p class=\"md-end-block md-p\">-<span class=\"md-plain\"> Cre\u0219terea portofoliului nostru de culori de la 100 de op\u021biuni la peste 500<\/span><\/p>\n<p class=\"md-end-block md-p\">-<span class=\"md-plain\"> Extinderea la nivel interna\u021bional pentru a deservi clien\u021bi din peste 15 \u021b\u0103ri<\/span><\/p>\n<p class=\"md-end-block md-p\">-<span class=\"md-plain\"> Cre\u0219terea comunit\u0103\u021bii noastre la peste 500.000 de clien\u021bi de lentile de contact colorate<\/span><\/p>\n<p class=\"md-end-block md-p\">-<span class=\"md-plain\"> Reducerea costurilor cu \u00eenc\u0103 20%, transfer\u00e2nd economiile c\u0103tre clien\u021bi<\/span><\/p>\n<p class=\"md-end-block md-p\">-<span class=\"md-plain\"> S\u0103 ne perfec\u021bion\u0103m capacit\u0103\u021bile de date \u0219i analiz\u0103 pentru a \u00een\u021belege comportamentul \u0219i preferin\u021bele cump\u0103r\u0103torilor<\/span><\/p>\n<p class=\"md-end-block md-p\">-<span class=\"md-plain\"> Investi\u021bi \u00een noi tehnologii, cum ar fi realitatea augmentat\u0103, pentru a \u00eembun\u0103t\u0103\u021bi experien\u021ba de cump\u0103rare online<\/span><\/p>\n<p class=\"md-end-block md-p\">-<span class=\"md-plain\"> S\u0103 ne men\u021binem angajamentul fa\u021b\u0103 de sustenabilitate prin ambalaje \u0219i produc\u021bie ecologice<\/span><\/p>\n<p class=\"md-end-block md-p\"><span class=\"md-plain\">Cu sprijinul dumneavoastr\u0103, \u0219tim c\u0103 vom transforma industria lentilelor de contact \u0219i vom aduce \u00een prim plan vibra\u021bia \u0219i expresia de sine. V\u0103 rug\u0103m s\u0103 v\u0103 al\u0103tura\u021bi nou\u0103 \u00een aceast\u0103 c\u0103l\u0103torie!<\/span><\/p>\n<h3 class=\"md-end-block md-heading\"><span class=\"md-plain\">Echipa noastr\u0103<\/span><\/h3>\n<p class=\"md-end-block md-p\"><span class=\"md-plain\">\u00cen timp ce Alex \u0219i cu mine am fondat compania, acum avem o echip\u0103 incredibil\u0103 de 50 de angaja\u021bi care ne \u00eemp\u0103rt\u0103\u0219esc viziunea \u0219i aduc o energie \u0219i o expertiz\u0103 nepre\u021buite.<\/span><\/p>\n<p class=\"md-end-block md-p\"><span class=\"md-plain\">Personalul nostru include:<\/span><\/p>\n<ul class=\"ul-list\" data-mark=\"-\">\n<li class=\"md-list-item\">\n<p class=\"md-end-block md-p\">-<span class=\"md-plain\"> Oftalmologi \u0219i optometri\u0219ti: Asigurarea faptului c\u0103 lentilele noastre corespund sau dep\u0103\u0219esc standardele de siguran\u021b\u0103 din industrie<\/span><\/p>\n<\/li>\n<li class=\"md-list-item\">\n<p class=\"md-end-block md-p\">-<span class=\"md-plain\"> Farmaci\u0219ti pentru lentile de contact: Dezvoltarea de materiale \u0219i acoperiri de ultim\u0103 genera\u021bie pentru confort \u0219i durabilitate<\/span><\/p>\n<\/li>\n<li class=\"md-list-item\">\n<p class=\"md-end-block md-p\">-<span class=\"md-plain\"> Inginerii de produc\u021bie: Supravegheaz\u0103 procesele de produc\u021bie \u0219i controlul calit\u0103\u021bii<\/span><\/p>\n<\/li>\n<li class=\"md-list-item\">\n<p class=\"md-end-block md-p\">-<span class=\"md-plain\"> guru ai comer\u021bului electronic: Gestionarea magazinului nostru online \u0219i a experien\u021bei clientului de la un cap\u0103t la altul<\/span><\/p>\n<\/li>\n<li class=\"md-list-item\">\n<p class=\"md-end-block md-p\">-<span class=\"md-plain\"> Designeri grafici: Conceptualizarea modelelor \u0219i efectelor de culoare \u00een tendin\u021be<\/span><\/p>\n<\/li>\n<li class=\"md-list-item\">\n<p class=\"md-end-block md-p\">-<span class=\"md-plain\"> Vr\u0103jitori de marketing: Construirea comunit\u0103\u021bii noastre \u0219i promovarea misiunii noastre<\/span><\/p>\n<\/li>\n<li class=\"md-list-item\">\n<p class=\"md-end-block md-p\">-<span class=\"md-plain\"> Ninja ai \u00eemplinirii: Asigurarea unei logistici rapide de livrare a comenzilor<\/span><\/p>\n<\/li>\n<li class=\"md-list-item\">\n<p class=\"md-end-block md-p\">-<span class=\"md-plain\"> Sus\u021bin\u0103tori ai asisten\u021bei clien\u021bilor: Oferirea unui suport excep\u021bional \u00eenainte \u0219i dup\u0103 cump\u0103rare<\/span><\/p>\n<\/li>\n<li class=\"md-list-item\">\n<p class=\"md-end-block md-p\">-<span class=\"md-plain\"> Profesioni\u0219ti \u00een opera\u021biuni de afaceri: Conducerea func\u021biilor financiare, de resurse umane, juridice \u0219i a altor func\u021bii opera\u021bionale<\/span><\/p>\n<\/li>\n<\/ul>\n<p class=\"md-end-block md-p\"><span class=\"md-plain\">De asemenea, am \u00eencheiat parteneriate cu influenceri \u0219i medici oftalmologi la nivel global pentru a ne promova produsele \u0219i pentru a ajuta la educarea cu privire la utilizarea \u00een siguran\u021b\u0103 a lentilelor de contact colorate.<\/span><\/p>\n<p class=\"md-end-block md-p\"><span class=\"md-plain\">Aceast\u0103 echip\u0103 talentat\u0103 ne permite s\u0103 continu\u0103m s\u0103 inov\u0103m \u00een timp ce ne dezvolt\u0103m \u00een mod responsabil. Suntem foarte recunosc\u0103tori pentru pasiunea \u0219i talentul lor.<\/span><\/p>\n<h3 class=\"md-end-block md-heading\"><span class=\"md-plain\">Partenerii no\u0219tri de produc\u021bie<\/span><\/h3>\n<p class=\"md-end-block md-p\"><span class=\"md-plain\">Pentru a produce lentilele noastre de contact color de ultim\u0103 genera\u021bie, am colaborat cu trei parteneri de produc\u021bie de top din SUA, Europa \u0219i Asia.<\/span><\/p>\n<p class=\"md-end-block md-p\"><span class=\"md-plain\">Ace\u0219ti parteneri ofer\u0103 acces la instala\u021bii de ultim\u0103 genera\u021bie, laboratoare de testare a siguran\u021bei \u0219i expertiz\u0103 tehnic\u0103. Amprenta lor global\u0103 ne permite s\u0103 livr\u0103m \u00een mod eficient lentile clien\u021bilor din \u00eentreaga lume.<\/span><\/p>\n<p class=\"md-end-block md-p\"><span class=\"md-plain\">Men\u021binem o supraveghere strict\u0103 a \u00eentregului proces de fabrica\u021bie prin inspec\u021bii de calitate la fa\u021ba locului, audituri de siguran\u021b\u0103 \u0219i prin alocarea de personal la fiecare unitate. Aceast\u0103 abordare practic\u0103 asigur\u0103 c\u0103 toate lentilele \u00eendeplinesc standardele noastre riguroase.<\/span><\/p>\n<p class=\"md-end-block md-p\"><span class=\"md-plain\">Rela\u021biile noastre de produc\u021bie ne permit, de asemenea, s\u0103 dezvolt\u0103m cu agilitate noi culori \u0219i s\u0103 gestion\u0103m cre\u0219terile de cerere. Putem accelera rapid produc\u021bia \u00een diferite zone geografice. Aceast\u0103 flexibilitate ne ajut\u0103 s\u0103 r\u0103m\u00e2nem \u00een fruntea tendin\u021belor \u00een materie de lentile de contact colorate.<\/span><\/p>\n<p class=\"md-end-block md-p\"><span class=\"md-plain\">\u00cen timp ce unii concuren\u021bi \u00eencearc\u0103 s\u0103 \u00ee\u0219i ascund\u0103 partenerii de produc\u021bie, noi \u00eemp\u0103rt\u0103\u0219im cu m\u00e2ndrie aceste colabor\u0103ri. Clien\u021bii no\u0219tri merit\u0103 s\u0103 \u0219tie cine le produce lentilele \u0219i unde. Ne respect\u0103m pe noi \u0219i pe partenerii no\u0219tri la cele mai \u00eenalte standarde de etic\u0103, calitate \u0219i transparen\u021b\u0103.<\/span><\/p>\n<h3 class=\"md-end-block md-heading\"><span class=\"md-plain\">Drumul de urmat<\/span><\/h3>\n<p class=\"md-end-block md-p\"><span class=\"md-plain\">Am f\u0103cut progrese extraordinare de la \u00eenfiin\u021barea noastr\u0103, acum doi ani. Dar am zg\u00e2riat doar suprafa\u021ba a ceea ce este posibil.<\/span><\/p>\n<p class=\"md-end-block md-p\"><span class=\"md-plain md-expand\">Privind spre viitor,<\/span><\/p>","protected":false},"excerpt":{"rendered":"<p>Our Story They say eyes are the window to the soul. But for too long, contact lens companies have limited what we can see through those windows. The big players dominate the industry, overcharging for basic clear lenses while ignoring consumer demand for more options. They\u2019ve turned contact lenses into a bland commodity, rather than [&#8230;]\n","protected":false},"author":1,"featured_media":0,"parent":0,"menu_order":0,"comment_status":"closed","ping_status":"closed","template":"","meta":{"footnotes":""},"class_list":["post-328","page","type-page","status-publish","hentry"],"_links":{"self":[{"href":"https:\/\/bqeye.com\/ro\/wp-json\/wp\/v2\/pages\/328","targetHints":{"allow":["GET"]}}],"collection":[{"href":"https:\/\/bqeye.com\/ro\/wp-json\/wp\/v2\/pages"}],"about":[{"href":"https:\/\/bqeye.com\/ro\/wp-json\/wp\/v2\/types\/page"}],"author":[{"embeddable":true,"href":"https:\/\/bqeye.com\/ro\/wp-json\/wp\/v2\/users\/1"}],"replies":[{"embeddable":true,"href":"https:\/\/bqeye.com\/ro\/wp-json\/wp\/v2\/comments?post=328"}],"version-history":[{"count":0,"href":"https:\/\/bqeye.com\/ro\/wp-json\/wp\/v2\/pages\/328\/revisions"}],"wp:attachment":[{"href":"https:\/\/bqeye.com\/ro\/wp-json\/wp\/v2\/media?parent=328"}],"curies":[{"name":"wp","href":"https:\/\/api.w.org\/{rel}","templated":true}]}}