{"id":525,"date":"2023-09-09T06:52:33","date_gmt":"2023-09-09T06:52:33","guid":{"rendered":"https:\/\/bqeye.com\/?page_id=525"},"modified":"2023-09-09T06:52:33","modified_gmt":"2023-09-09T06:52:33","slug":"track-my-order","status":"publish","type":"page","link":"https:\/\/bqeye.com\/ro\/track-my-order\/","title":{"rendered":"Urm\u0103re\u0219te-mi comanda"},"content":{"rendered":"<p>&nbsp;<\/p>\n<ol>\n<li>Verifica\u021bi num\u0103rul de urm\u0103rire din cutia po\u0219tal\u0103 trimis\u0103 de <strong><span style=\"color: #003366;\"><a style=\"color: #003366;\" href=\"mailto:service@bqeye.com\">service@bqeye.com<\/a><\/span><\/strong> , verifica\u021bi, de asemenea, c\u0103su\u021ba de gunoi sau de spam.<\/li>\n<li>Vizita\u021bi <strong><span style=\"color: #d83131;\"><em><a style=\"color: #d83131;\" href=\"https:\/\/724track.com\" target=\"_blank\" rel=\"noopener sponsored\">https:\/\/724track.com<\/a><\/em><\/span> <\/strong>\u0219i introduce\u021bi num\u0103rul de urm\u0103rire pentru a v\u0103 urm\u0103ri comanda.<\/li>\n<\/ol>\n<p>Dac\u0103 tot nu g\u0103si\u021bi nici un mail sau cod de urm\u0103rire, trimite\u021bi un mail la adresa<strong> <a href=\"mailto:service@bqeye.com\"><span style=\"color: #003366;\">service@bqeye.com<\/span><\/a> <\/strong>cu num\u0103rul de comand\u0103 sau adresa dvs. de e-mail, echipa noastr\u0103 de service v\u0103 va ajuta s\u0103 c\u0103uta\u021bi \u0219i s\u0103 primi\u021bi feedback cu link-ul de urm\u0103rire. mul\u021bumesc!<\/p>\n<p style=\"text-align: center;\"><a href=\"https:\/\/724track.com\" target=\"_blank\" class=\"button success\" rel=\"noopener\" style=\"border-radius:10px;\">\n\t\t<span>Urm\u0103re\u0219te-mi comanda<\/span>\n\t<i class=\"icon-search\" aria-hidden=\"true\"><\/i><\/a>\n\n<p>&nbsp;<\/p>","protected":false},"excerpt":{"rendered":"<p>&nbsp; Check your tracking number from mailbox send by service@bqeye.com , also check Junk box or spam box. Visit https:\/\/724track.com and input your tracking number to track your order. If you still can&#8217;t find any mail or tracking code, just send mail to service@bqeye.com with your order number or your mail address, our service team [&#8230;]\n","protected":false},"author":1,"featured_media":0,"parent":0,"menu_order":0,"comment_status":"closed","ping_status":"closed","template":"","meta":{"footnotes":""},"class_list":["post-525","page","type-page","status-publish","hentry"],"_links":{"self":[{"href":"https:\/\/bqeye.com\/ro\/wp-json\/wp\/v2\/pages\/525","targetHints":{"allow":["GET"]}}],"collection":[{"href":"https:\/\/bqeye.com\/ro\/wp-json\/wp\/v2\/pages"}],"about":[{"href":"https:\/\/bqeye.com\/ro\/wp-json\/wp\/v2\/types\/page"}],"author":[{"embeddable":true,"href":"https:\/\/bqeye.com\/ro\/wp-json\/wp\/v2\/users\/1"}],"replies":[{"embeddable":true,"href":"https:\/\/bqeye.com\/ro\/wp-json\/wp\/v2\/comments?post=525"}],"version-history":[{"count":0,"href":"https:\/\/bqeye.com\/ro\/wp-json\/wp\/v2\/pages\/525\/revisions"}],"wp:attachment":[{"href":"https:\/\/bqeye.com\/ro\/wp-json\/wp\/v2\/media?parent=525"}],"curies":[{"name":"wp","href":"https:\/\/api.w.org\/{rel}","templated":true}]}}